{"id":652,"date":"2024-06-14T09:29:57","date_gmt":"2024-06-14T07:29:57","guid":{"rendered":"https:\/\/semmelweis.hu\/amerikaiut\/?page_id=652"},"modified":"2024-09-11T11:40:09","modified_gmt":"2024-09-11T09:40:09","slug":"klinikai-neurofiziologiai-laboratorium","status":"publish","type":"page","link":"https:\/\/semmelweis.hu\/amerikaiut\/gyogyitas\/jarobeteg-osztalyok\/klinikai-neurofiziologiai-laboratorium\/","title":{"rendered":"Klinikai neurofiziol\u00f3giai Laborat\u00f3rium"},"content":{"rendered":"<h3>EEG:<\/h3>\n<p>El\u0151jegyz\u00e9s: <br \/>\nMunkanapokon (H\u00e9tf\u0151t\u0151l-P\u00e9ntekig) 09.00 \u2013 12.00 \u00f3ra k\u00f6z\u00f6tt a +36\/1\/467-9300 \/239 mell\u00e9k<\/p>\n<p>Rendel\u00e9s helye: <br \/>\nSzakambulancia \u2013 \u00faj \u00e9p\u00fclet 2. emelet, 202. vizsg\u00e1l\u00f3<\/p>\n<hr \/>\n<h3>EMG, ENG, kiv\u00e1ltott v\u00e1lasz vizsg\u00e1latok:<\/h3>\n<p>El\u0151jegyz\u00e9s: <br \/>\nMunkanapokon (H\u00e9tf\u0151t\u0151l-P\u00e9ntekig) 09.00 \u2013 12.00 \u00f3ra k\u00f6z\u00f6tt &#8211; +36\/1\/467-9329<\/p>\n<p>Rendel\u00e9s helye: <br \/>\nSzakambulancia \u2013 \u00faj \u00e9p\u00fclet 2. emelet, 205. vizsg\u00e1l\u00f3<\/p>\n<p>Sikertelen h\u00edv\u00e1s eset\u00e9n k\u00e9rj\u00fck h\u00edvja az Ambulancia +36\/1\/467-9314 -es sz\u00e1m\u00e1t.<\/p>\n<hr \/>\n<h2>R\u00e9szletes inform\u00e1ci\u00f3k<\/h2>\n<p style=\"text-align: justify\">A laborat\u00f3riumban az agyi elektromos tev\u00e9kenys\u00e9g regisztr\u00e1l\u00e1s\u00e1ra (EEG, \u00e9s kiv\u00e1ltott v\u00e1lasz vizsg\u00e1latok \u2013 VEP, BAEP, SEP), a perif\u00e9ri\u00e1s idegek \u00e9s az izmok m\u0171k\u00f6d\u00e9s\u00e9nek (ENG\/EMG) vizsg\u00e1lat\u00e1ra van lehet\u0151s\u00e9g. Sz\u00fcks\u00e9g eset\u00e9n az EEG vizsg\u00e1latot video felv\u00e9tellel lehet kieg\u00e9sz\u00edteni, melynek nagy jelent\u0151s\u00e9ge van az epilepszi\u00e1s rohamok differenci\u00e1l diagnosztik\u00e1j\u00e1ban. A laborat\u00f3rium specialit\u00e1sa az intraoperat\u00edv neurofiziol\u00f3giai vizsg\u00e1lat, melynek seg\u00edts\u00e9g\u00e9vel idegseb\u00e9szeti m\u0171t\u00e9tek k\u00f6zben a beteg \u00e1llapota monitoriz\u00e1lhat\u00f3.<\/p>\n<p style=\"text-align: justify\">A laborat\u00f3rium munkat\u00e1rsai r\u00e9sztvev\u0151i t\u00f6bb klinikai gy\u00f3gyszervizsg\u00e1latnak, rendszeresen oktatnak a Semmelweis Egyetem \u00e1ltal\u00e1nos orvoskar\u00e1n \u00e9s eg\u00e9szs\u00e9gtudom\u00e1nyi kar\u00e1n mind a gradu\u00e1lis mind a posztgradu\u00e1lis elm\u00e9leti \u00e9s gyakorlati k\u00e9pz\u00e9sben.<\/p>\n","protected":false},"excerpt":{"rendered":"<p>EEG: El\u0151jegyz\u00e9s: Munkanapokon (H\u00e9tf\u0151t\u0151l-P\u00e9ntekig) 09.00 \u2013 12.00 \u00f3ra k\u00f6z\u00f6tt a +36\/1\/467-9300 \/239 mell\u00e9k Rendel\u00e9s helye: Szakambulancia \u2013 \u00faj \u00e9p\u00fclet 2. emelet, 202. vizsg\u00e1l\u00f3 EMG, ENG, kiv\u00e1ltott v\u00e1lasz vizsg\u00e1latok: El\u0151jegyz\u00e9s: Munkanapokon (H\u00e9tf\u0151t\u0151l-P\u00e9ntekig) 09.00 \u2013 12.00 \u00f3ra k\u00f6z\u00f6tt &#8211; +36\/1\/467-9329 Rendel\u00e9s helye: Szakambulancia \u2013 \u00faj \u00e9p\u00fclet 2. emelet, 205. vizsg\u00e1l\u00f3 Sikertelen h\u00edv\u00e1s eset\u00e9n k\u00e9rj\u00fck h\u00edvja az Ambulancia &hellip;<\/p>\n","protected":false},"author":102360,"featured_media":0,"parent":489,"menu_order":0,"comment_status":"closed","ping_status":"closed","template":"","meta":{"_acf_changed":false,"footnotes":""},"categories":[10,8],"tags":[],"class_list":["post-652","page","type-page","status-publish","hentry","category-jarobeteg","category-osztaly"],"acf":[],"_links":{"self":[{"href":"https:\/\/semmelweis.hu\/amerikaiut\/wp-json\/wp\/v2\/pages\/652","targetHints":{"allow":["GET"]}}],"collection":[{"href":"https:\/\/semmelweis.hu\/amerikaiut\/wp-json\/wp\/v2\/pages"}],"about":[{"href":"https:\/\/semmelweis.hu\/amerikaiut\/wp-json\/wp\/v2\/types\/page"}],"author":[{"embeddable":true,"href":"https:\/\/semmelweis.hu\/amerikaiut\/wp-json\/wp\/v2\/users\/102360"}],"replies":[{"embeddable":true,"href":"https:\/\/semmelweis.hu\/amerikaiut\/wp-json\/wp\/v2\/comments?post=652"}],"version-history":[{"count":5,"href":"https:\/\/semmelweis.hu\/amerikaiut\/wp-json\/wp\/v2\/pages\/652\/revisions"}],"predecessor-version":[{"id":824,"href":"https:\/\/semmelweis.hu\/amerikaiut\/wp-json\/wp\/v2\/pages\/652\/revisions\/824"}],"up":[{"embeddable":true,"href":"https:\/\/semmelweis.hu\/amerikaiut\/wp-json\/wp\/v2\/pages\/489"}],"wp:attachment":[{"href":"https:\/\/semmelweis.hu\/amerikaiut\/wp-json\/wp\/v2\/media?parent=652"}],"wp:term":[{"taxonomy":"category","embeddable":true,"href":"https:\/\/semmelweis.hu\/amerikaiut\/wp-json\/wp\/v2\/categories?post=652"},{"taxonomy":"post_tag","embeddable":true,"href":"https:\/\/semmelweis.hu\/amerikaiut\/wp-json\/wp\/v2\/tags?post=652"}],"curies":[{"name":"wp","href":"https:\/\/api.w.org\/{rel}","templated":true}]}}