{"id":640,"date":"2024-06-14T09:24:36","date_gmt":"2024-06-14T07:24:36","guid":{"rendered":"https:\/\/semmelweis.hu\/amerikaiut\/?page_id=640"},"modified":"2025-09-04T12:11:58","modified_gmt":"2025-09-04T10:11:58","slug":"gyermek-idegsebeszet","status":"publish","type":"page","link":"https:\/\/semmelweis.hu\/amerikaiut\/gyogyitas\/jarobeteg-osztalyok\/gyermek-idegsebeszet\/","title":{"rendered":"Gyermek idegseb\u00e9szet"},"content":{"rendered":"<h3>Felt\u00e9telek:<\/h3>\n<p>Beutal\u00f3 \u00e9s el\u0151jegyz\u00e9s sz\u00fcks\u00e9ges<\/p>\n<hr \/>\n<h3>El\u0151jegyz\u00e9s:<\/h3>\n<ul>\n<li>Dr. Markia Bal\u00e1zs<br \/>\n(06-1) 467 9300 \/ 290<\/li>\n<li>Dr. P\u00e1lmafy Beatrix<br \/>\n(06-1) 467 9300 \/ 102 vagy 290<\/li>\n<\/ul>\n<hr \/>\n<h3>K\u00e9rj\u00fck hozza mag\u00e1val:<\/h3>\n<ul>\n<li>TAJ k\u00e1rtya,<\/li>\n<li>Szem\u00e9lyi igazolv\u00e1ny<\/li>\n<li>Lakc\u00edmk\u00e1rtya<\/li>\n<li>Kor\u00e1bbi orvosi leletek, illetve z\u00e1r\u00f3jelent\u00e9sek<\/li>\n<\/ul>\n<hr \/>\n<h3>A rendel\u00e9sen r\u00e9sztvev\u0151 orvosok:<\/h3>\n<ul>\n<li>Dr. Markia Bal\u00e1zs<\/li>\n<li>Dr. P\u00e1lmafy Beatrix<\/li>\n<li>Dr. habil. Nagy G\u00e1bor PhD egyetemi docens, idegseb\u00e9sz f\u0151orvos<\/li>\n<li>Dr. L\u00e1z\u00e1r Eszter<\/li>\n<\/ul>\n","protected":false},"excerpt":{"rendered":"<p>Felt\u00e9telek: Beutal\u00f3 \u00e9s el\u0151jegyz\u00e9s sz\u00fcks\u00e9ges El\u0151jegyz\u00e9s: Dr. Markia Bal\u00e1zs (06-1) 467 9300 \/ 290 Dr. P\u00e1lmafy Beatrix (06-1) 467 9300 \/ 102 vagy 290 K\u00e9rj\u00fck hozza mag\u00e1val: TAJ k\u00e1rtya, Szem\u00e9lyi igazolv\u00e1ny Lakc\u00edmk\u00e1rtya Kor\u00e1bbi orvosi leletek, illetve z\u00e1r\u00f3jelent\u00e9sek A rendel\u00e9sen r\u00e9sztvev\u0151 orvosok: Dr. Markia Bal\u00e1zs Dr. P\u00e1lmafy Beatrix Dr. habil. Nagy G\u00e1bor PhD egyetemi docens, idegseb\u00e9sz &hellip;<\/p>\n","protected":false},"author":102360,"featured_media":0,"parent":489,"menu_order":0,"comment_status":"closed","ping_status":"closed","template":"","meta":{"_acf_changed":false,"footnotes":""},"categories":[10,8],"tags":[],"class_list":["post-640","page","type-page","status-publish","hentry","category-jarobeteg","category-osztaly"],"acf":[],"_links":{"self":[{"href":"https:\/\/semmelweis.hu\/amerikaiut\/wp-json\/wp\/v2\/pages\/640","targetHints":{"allow":["GET"]}}],"collection":[{"href":"https:\/\/semmelweis.hu\/amerikaiut\/wp-json\/wp\/v2\/pages"}],"about":[{"href":"https:\/\/semmelweis.hu\/amerikaiut\/wp-json\/wp\/v2\/types\/page"}],"author":[{"embeddable":true,"href":"https:\/\/semmelweis.hu\/amerikaiut\/wp-json\/wp\/v2\/users\/102360"}],"replies":[{"embeddable":true,"href":"https:\/\/semmelweis.hu\/amerikaiut\/wp-json\/wp\/v2\/comments?post=640"}],"version-history":[{"count":10,"href":"https:\/\/semmelweis.hu\/amerikaiut\/wp-json\/wp\/v2\/pages\/640\/revisions"}],"predecessor-version":[{"id":1048,"href":"https:\/\/semmelweis.hu\/amerikaiut\/wp-json\/wp\/v2\/pages\/640\/revisions\/1048"}],"up":[{"embeddable":true,"href":"https:\/\/semmelweis.hu\/amerikaiut\/wp-json\/wp\/v2\/pages\/489"}],"wp:attachment":[{"href":"https:\/\/semmelweis.hu\/amerikaiut\/wp-json\/wp\/v2\/media?parent=640"}],"wp:term":[{"taxonomy":"category","embeddable":true,"href":"https:\/\/semmelweis.hu\/amerikaiut\/wp-json\/wp\/v2\/categories?post=640"},{"taxonomy":"post_tag","embeddable":true,"href":"https:\/\/semmelweis.hu\/amerikaiut\/wp-json\/wp\/v2\/tags?post=640"}],"curies":[{"name":"wp","href":"https:\/\/api.w.org\/{rel}","templated":true}]}}