{"id":638,"date":"2024-06-14T09:23:49","date_gmt":"2024-06-14T07:23:49","guid":{"rendered":"https:\/\/semmelweis.hu\/amerikaiut\/?page_id=638"},"modified":"2024-11-14T09:51:01","modified_gmt":"2024-11-14T08:51:01","slug":"gerincsebeszeti-ambulancia","status":"publish","type":"page","link":"https:\/\/semmelweis.hu\/amerikaiut\/gyogyitas\/jarobeteg-osztalyok\/gerincsebeszeti-ambulancia\/","title":{"rendered":"Gerincseb\u00e9szeti ambulancia"},"content":{"rendered":"<h3>Felt\u00e9telek:<\/h3>\n<p>Beutal\u00f3 \u00e9s el\u0151jegyz\u00e9s sz\u00fcks\u00e9ges<\/p>\n<hr \/>\n<h3>El\u0151jegyz\u00e9s:<\/h3>\n<p>+36\/1\/467-9314<\/p>\n<hr \/>\n<h3>K\u00e9rj\u00fck hozza mag\u00e1val:<\/h3>\n<ul>\n<li>TAJ k\u00e1rtya,<\/li>\n<li>Szem\u00e9lyi igazolv\u00e1ny<\/li>\n<li>Lakc\u00edmk\u00e1rtya<\/li>\n<li>Kor\u00e1bbi orvosi leletek, illetve z\u00e1r\u00f3jelent\u00e9sek<\/li>\n<\/ul>\n<hr \/>\n<h3>A rendel\u00e9sen r\u00e9sztvev\u0151 orvosok:<\/h3>\n<ul>\n<li>\n<p>Prof. Dr. Banczerowski P\u00e9ter<br \/>\nKedd 8:30-12:00<\/p>\n<\/li>\n<li>\n<p>Dr. Papp Zolt\u00e1n Attila<br \/>\nSzerda 8:30-12:30<\/p>\n<\/li>\n<li>\n<p>Dr. Pad\u00e1nyi Csaba<br \/>\nH\u00e9tf\u0151 8:30-14:30<\/p>\n<\/li>\n<li>\n<p>Dr. Balogh Attila<br \/>\nCs\u00fct\u00f6rt\u00f6k 8:30-13:00<\/p>\n<\/li>\n<li>\n<p>Dr. Lekka Norbert<br \/>\nP\u00e9ntek 8:30-14:30<\/p>\n<\/li>\n<\/ul>\n","protected":false},"excerpt":{"rendered":"<p>Felt\u00e9telek:<br \/>\nBeutal\u00f3 \u00e9s el\u0151jegyz\u00e9s sz\u00fcks\u00e9ges<\/p>\n<p>El\u0151jegyz\u00e9s:<br \/>\n+36\/1\/467-9314<\/p>\n<p>K\u00e9rj\u00fck hozza mag\u00e1val:<\/p>\n<p>TAJ k\u00e1rtya,<br \/>\nSzem\u00e9lyi igazolv\u00e1ny<br \/>\nLakc\u00edmk\u00e1rtya<br \/>\nKor\u00e1bbi orvosi leletek, illetve z\u00e1r\u00f3jelent\u00e9sek<\/p>\n<p>A rendel\u00e9sen r\u00e9sztvev\u0151 orvosok:<\/p>\n<p>Prof. Dr. Banczerowski P\u00e9ter<br \/>\nKedd 8:30-12:00<\/p>\n<p>Dr. Papp Zolt\u00e1n Attila<br \/>\nSzerda 8:30-12:30<\/p>\n<p>Dr. Pad\u00e1nyi Csaba<br \/>\nH\u00e9tf\u0151 8:30-14:30<\/p>\n<p>Dr. Balogh Attila<br \/>\nCs\u00fct\u00f6rt\u00f6k 8:30-13:00<\/p>\n<p>Dr. Lekka Norbert<br \/>\nP\u00e9ntek 8:30-14:30<\/p>\n","protected":false},"author":102360,"featured_media":0,"parent":489,"menu_order":0,"comment_status":"closed","ping_status":"closed","template":"","meta":{"_acf_changed":false,"footnotes":""},"categories":[10,8],"tags":[],"class_list":["post-638","page","type-page","status-publish","hentry","category-jarobeteg","category-osztaly"],"acf":[],"_links":{"self":[{"href":"https:\/\/semmelweis.hu\/amerikaiut\/wp-json\/wp\/v2\/pages\/638","targetHints":{"allow":["GET"]}}],"collection":[{"href":"https:\/\/semmelweis.hu\/amerikaiut\/wp-json\/wp\/v2\/pages"}],"about":[{"href":"https:\/\/semmelweis.hu\/amerikaiut\/wp-json\/wp\/v2\/types\/page"}],"author":[{"embeddable":true,"href":"https:\/\/semmelweis.hu\/amerikaiut\/wp-json\/wp\/v2\/users\/102360"}],"replies":[{"embeddable":true,"href":"https:\/\/semmelweis.hu\/amerikaiut\/wp-json\/wp\/v2\/comments?post=638"}],"version-history":[{"count":6,"href":"https:\/\/semmelweis.hu\/amerikaiut\/wp-json\/wp\/v2\/pages\/638\/revisions"}],"predecessor-version":[{"id":940,"href":"https:\/\/semmelweis.hu\/amerikaiut\/wp-json\/wp\/v2\/pages\/638\/revisions\/940"}],"up":[{"embeddable":true,"href":"https:\/\/semmelweis.hu\/amerikaiut\/wp-json\/wp\/v2\/pages\/489"}],"wp:attachment":[{"href":"https:\/\/semmelweis.hu\/amerikaiut\/wp-json\/wp\/v2\/media?parent=638"}],"wp:term":[{"taxonomy":"category","embeddable":true,"href":"https:\/\/semmelweis.hu\/amerikaiut\/wp-json\/wp\/v2\/categories?post=638"},{"taxonomy":"post_tag","embeddable":true,"href":"https:\/\/semmelweis.hu\/amerikaiut\/wp-json\/wp\/v2\/tags?post=638"}],"curies":[{"name":"wp","href":"https:\/\/api.w.org\/{rel}","templated":true}]}}