{"id":634,"date":"2024-06-14T09:19:51","date_gmt":"2024-06-14T07:19:51","guid":{"rendered":"https:\/\/semmelweis.hu\/amerikaiut\/?page_id=634"},"modified":"2025-04-02T11:46:32","modified_gmt":"2025-04-02T09:46:32","slug":"felnott-idegsebeszeti-ambulancia","status":"publish","type":"page","link":"https:\/\/semmelweis.hu\/amerikaiut\/gyogyitas\/jarobeteg-osztalyok\/felnott-idegsebeszeti-ambulancia\/","title":{"rendered":"Feln\u0151tt idegseb\u00e9szeti ambulancia"},"content":{"rendered":"<h3>Felt\u00e9telek:<\/h3>\n<p>Beutal\u00f3 \u00e9s el\u0151jegyz\u00e9s sz\u00fcks\u00e9ges<\/p>\n<hr \/>\n<h3>El\u0151jegyz\u00e9s:<\/h3>\n<p>+36\/1\/467-9314<\/p>\n<hr \/>\n<h3>K\u00e9rj\u00fck hozza mag\u00e1val:<\/h3>\n<ul>\n<li>TAJ k\u00e1rtya,<\/li>\n<li>Szem\u00e9lyi igazolv\u00e1ny<\/li>\n<li>Lakc\u00edmk\u00e1rtya<\/li>\n<li>Kor\u00e1bbi orvosi leletek, illetve z\u00e1r\u00f3jelent\u00e9sek<\/li>\n<\/ul>\n<hr \/>\n<h3>A rendel\u00e9sen r\u00e9sztvev\u0151 orvosok:<\/h3>\n<ul>\n<li>Dr \u00c1fra Judit <br \/>\nFeln\u0151tt idegseb\u00e9szet\/neurol\u00f3gia \u00e9s fejf\u00e1j\u00e1s ambulancia<\/li>\n<li>Dr Salomv\u00e1ry Bernadett <br \/>\nszem\u00e9szet<\/li>\n<li>Dr S\u00f3lyom Andr\u00e1s <br \/>\nEEG, EMG \u00e9s epilepszia<\/li>\n<li>Dr Tak\u00e1cs Katalin<br \/>\nFoglalkoz\u00e1seg\u00e9szs\u00e9g\u00fcgy<\/li>\n<li>Dr V\u00e9gs\u0151 P\u00e9ter<br \/>\nF\u00fcl\u00e9szet, otoneurol\u00f3gia<\/li>\n<\/ul>\n","protected":false},"excerpt":{"rendered":"<p>Felt\u00e9telek:<br \/>\nBeutal\u00f3 \u00e9s el\u0151jegyz\u00e9s sz\u00fcks\u00e9ges<\/p>\n<p>El\u0151jegyz\u00e9s:<br \/>\n+36\/1\/467-9314<\/p>\n<p>K\u00e9rj\u00fck hozza mag\u00e1val:<\/p>\n<p>TAJ k\u00e1rtya,<br \/>\nSzem\u00e9lyi igazolv\u00e1ny<br \/>\nLakc\u00edmk\u00e1rtya<br \/>\nKor\u00e1bbi orvosi leletek, illetve z\u00e1r\u00f3jelent\u00e9sek<\/p>\n<p>A rendel\u00e9sen r\u00e9sztvev\u0151 orvosok:<\/p>\n<p>Dr \u00c1fra Judit<br \/>\nFeln\u0151tt idegseb\u00e9szet\/neurol\u00f3gia \u00e9s fejf\u00e1j\u00e1s ambulancia<br \/>\nDr Salomv\u00e1ry Bernadett<br \/>\nszem\u00e9szet<br \/>\nDr S\u00f3lyom Andr\u00e1s<br \/>\nEEG, EMG \u00e9s epilepszia<br \/>\nDr Tak\u00e1cs Katalin<br \/>\nFoglalkoz\u00e1seg\u00e9szs\u00e9g\u00fcgy<br \/>\nDr V\u00e9gs\u0151 P\u00e9ter<br \/>\nF\u00fcl\u00e9szet, otoneurol\u00f3gia<\/p>\n","protected":false},"author":102360,"featured_media":0,"parent":489,"menu_order":0,"comment_status":"closed","ping_status":"closed","template":"","meta":{"_acf_changed":false,"footnotes":""},"categories":[10,8],"tags":[],"class_list":["post-634","page","type-page","status-publish","hentry","category-jarobeteg","category-osztaly"],"acf":[],"_links":{"self":[{"href":"https:\/\/semmelweis.hu\/amerikaiut\/wp-json\/wp\/v2\/pages\/634","targetHints":{"allow":["GET"]}}],"collection":[{"href":"https:\/\/semmelweis.hu\/amerikaiut\/wp-json\/wp\/v2\/pages"}],"about":[{"href":"https:\/\/semmelweis.hu\/amerikaiut\/wp-json\/wp\/v2\/types\/page"}],"author":[{"embeddable":true,"href":"https:\/\/semmelweis.hu\/amerikaiut\/wp-json\/wp\/v2\/users\/102360"}],"replies":[{"embeddable":true,"href":"https:\/\/semmelweis.hu\/amerikaiut\/wp-json\/wp\/v2\/comments?post=634"}],"version-history":[{"count":6,"href":"https:\/\/semmelweis.hu\/amerikaiut\/wp-json\/wp\/v2\/pages\/634\/revisions"}],"predecessor-version":[{"id":1008,"href":"https:\/\/semmelweis.hu\/amerikaiut\/wp-json\/wp\/v2\/pages\/634\/revisions\/1008"}],"up":[{"embeddable":true,"href":"https:\/\/semmelweis.hu\/amerikaiut\/wp-json\/wp\/v2\/pages\/489"}],"wp:attachment":[{"href":"https:\/\/semmelweis.hu\/amerikaiut\/wp-json\/wp\/v2\/media?parent=634"}],"wp:term":[{"taxonomy":"category","embeddable":true,"href":"https:\/\/semmelweis.hu\/amerikaiut\/wp-json\/wp\/v2\/categories?post=634"},{"taxonomy":"post_tag","embeddable":true,"href":"https:\/\/semmelweis.hu\/amerikaiut\/wp-json\/wp\/v2\/tags?post=634"}],"curies":[{"name":"wp","href":"https:\/\/api.w.org\/{rel}","templated":true}]}}