{"id":630,"date":"2024-06-14T09:17:50","date_gmt":"2024-06-14T07:17:50","guid":{"rendered":"https:\/\/semmelweis.hu\/amerikaiut\/?page_id=630"},"modified":"2025-09-04T12:26:49","modified_gmt":"2025-09-04T10:26:49","slug":"fajdalomterapia","status":"publish","type":"page","link":"https:\/\/semmelweis.hu\/amerikaiut\/gyogyitas\/jarobeteg-osztalyok\/fajdalomterapia\/","title":{"rendered":"F\u00e1jdalomter\u00e1pia"},"content":{"rendered":"<h3>Felt\u00e9telek:<\/h3>\n<p>Beutal\u00f3 \u00e9s el\u0151jegyz\u00e9s sz\u00fcks\u00e9ges<\/p>\n<hr \/>\n<h3>El\u0151jegyz\u00e9s:<\/h3>\n<p>+36\/30\/689-4249 vagy +36\/1\/467-9314<\/p>\n<hr \/>\n<h3>K\u00e9rj\u00fck hozza mag\u00e1val:<\/h3>\n<ul>\n<li>TAJ k\u00e1rtya,<\/li>\n<li>Szem\u00e9lyi igazolv\u00e1ny<\/li>\n<li>Lakc\u00edmk\u00e1rtya<\/li>\n<li>Kor\u00e1bbi orvosi leletek, illetve z\u00e1r\u00f3jelent\u00e9sek<\/li>\n<\/ul>\n<hr \/>\n<h3>A rendel\u00e9sen r\u00e9sztvev\u0151 orvosok:<\/h3>\n<ul>\n<li>Prof. Dr. Er\u0151ss Lor\u00e1nd klinikaigazgat\u00f3, egyetemi tan\u00e1r<br \/>\nCs\u00fct\u00f6rt\u00f6k 9:00-15:30<\/li>\n<li>Dr. Hal\u00e1sz L\u00e1szl\u00f3<br \/>\nCs\u00fct\u00f6rt\u00f6k 9:00-15:30<\/li>\n<\/ul>\n","protected":false},"excerpt":{"rendered":"<p>Felt\u00e9telek:<br \/>\nBeutal\u00f3 \u00e9s el\u0151jegyz\u00e9s sz\u00fcks\u00e9ges<\/p>\n<p>El\u0151jegyz\u00e9s:<br \/>\n+36\/30\/689-4249 vagy +36\/1\/467-9314<\/p>\n<p>K\u00e9rj\u00fck hozza mag\u00e1val:<\/p>\n<p>TAJ k\u00e1rtya,<br \/>\nSzem\u00e9lyi igazolv\u00e1ny<br \/>\nLakc\u00edmk\u00e1rtya<br \/>\nKor\u00e1bbi orvosi leletek, illetve z\u00e1r\u00f3jelent\u00e9sek<\/p>\n<p>A rendel\u00e9sen r\u00e9sztvev\u0151 orvosok:<\/p>\n<p>Prof. Dr. Er\u0151ss Lor\u00e1nd klinikaigazgat\u00f3, egyetemi tan\u00e1r<br \/>\nCs\u00fct\u00f6rt\u00f6k 9:00-15:30<br \/>\nDr. Hal\u00e1sz L\u00e1szl\u00f3<br \/>\nCs\u00fct\u00f6rt\u00f6k 9:00-15:30<\/p>\n","protected":false},"author":102360,"featured_media":0,"parent":489,"menu_order":0,"comment_status":"closed","ping_status":"closed","template":"","meta":{"_acf_changed":false,"footnotes":""},"categories":[10,8],"tags":[],"class_list":["post-630","page","type-page","status-publish","hentry","category-jarobeteg","category-osztaly"],"acf":[],"_links":{"self":[{"href":"https:\/\/semmelweis.hu\/amerikaiut\/wp-json\/wp\/v2\/pages\/630","targetHints":{"allow":["GET"]}}],"collection":[{"href":"https:\/\/semmelweis.hu\/amerikaiut\/wp-json\/wp\/v2\/pages"}],"about":[{"href":"https:\/\/semmelweis.hu\/amerikaiut\/wp-json\/wp\/v2\/types\/page"}],"author":[{"embeddable":true,"href":"https:\/\/semmelweis.hu\/amerikaiut\/wp-json\/wp\/v2\/users\/102360"}],"replies":[{"embeddable":true,"href":"https:\/\/semmelweis.hu\/amerikaiut\/wp-json\/wp\/v2\/comments?post=630"}],"version-history":[{"count":7,"href":"https:\/\/semmelweis.hu\/amerikaiut\/wp-json\/wp\/v2\/pages\/630\/revisions"}],"predecessor-version":[{"id":1054,"href":"https:\/\/semmelweis.hu\/amerikaiut\/wp-json\/wp\/v2\/pages\/630\/revisions\/1054"}],"up":[{"embeddable":true,"href":"https:\/\/semmelweis.hu\/amerikaiut\/wp-json\/wp\/v2\/pages\/489"}],"wp:attachment":[{"href":"https:\/\/semmelweis.hu\/amerikaiut\/wp-json\/wp\/v2\/media?parent=630"}],"wp:term":[{"taxonomy":"category","embeddable":true,"href":"https:\/\/semmelweis.hu\/amerikaiut\/wp-json\/wp\/v2\/categories?post=630"},{"taxonomy":"post_tag","embeddable":true,"href":"https:\/\/semmelweis.hu\/amerikaiut\/wp-json\/wp\/v2\/tags?post=630"}],"curies":[{"name":"wp","href":"https:\/\/api.w.org\/{rel}","templated":true}]}}