{"id":612,"date":"2024-05-30T14:53:37","date_gmt":"2024-05-30T12:53:37","guid":{"rendered":"https:\/\/semmelweis.hu\/amerikaiut\/?page_id=612"},"modified":"2025-04-02T11:25:16","modified_gmt":"2025-04-02T09:25:16","slug":"neurointervencios-osztaly","status":"publish","type":"page","link":"https:\/\/semmelweis.hu\/amerikaiut\/gyogyitas\/fekvobeteg-osztalyok\/neurointervencios-osztaly\/","title":{"rendered":"Neurointervenci\u00f3s Oszt\u00e1ly"},"content":{"rendered":"<h2 style=\"text-align: justify\">R\u00f6vid Ismertet\u0151<\/h2>\n<p style=\"text-align: justify\">Az oszt\u00e1ly f\u0151 tev\u00e9kenys\u00e9ge egyr\u00e9szt a nyak, koponya \u00e9s a gerinccsatorna \u00e9rrendszer\u00e9nek sz\u0171k\u00fcletes, elz\u00e1r\u00f3d\u00e1sos, v\u00e9rz\u00e9ses, vagy fejl\u0151d\u00e9si zavarb\u00f3l sz\u00e1rmaz\u00f3 betegs\u00e9geinek minim\u00e1lisan invaziv diagnosztik\u00e1ja \u00e9s kezel\u00e9se. M\u00e1sr\u00e9szt a nyitott seb\u00e9szi beavatkoz\u00e1st nem ig\u00e9nyl\u0151 csigolyat\u00f6r\u00e9sek minim\u00e1lisan invaz\u00edv kezel\u00e9se.<\/p>\n<hr \/>\n<h2 style=\"text-align: justify\">Tudnival\u00f3k betegeknek<\/h2>\n<p style=\"text-align: justify\">Az Int\u00e9zet az oszt\u00e1ly profilj\u00e1ban s\u00fcrg\u0151ss\u00e9gi ell\u00e1t\u00e1st biztos\u00edt a h\u00e9t nap 24 \u00f3r\u00e1j\u00e1ban folyamatosan.<\/p>\n<p style=\"text-align: justify\">Konziliumot illetve j\u00e1r\u00f3beteg vizsg\u00e1latot szakorvosi vagy h\u00e1ziorvosi beutal\u00f3val lehet k\u00e9rni. Tervezett beavatkoz\u00e1sra id\u0151pontot az oszt\u00e1ly orvos munkat\u00e1rsai a j\u00e1r\u00f3beteg rendel\u00e9sen vagy konzilium alapj\u00e1n adnak \u00edr\u00e1sban.<\/p>\n<hr \/>\n<h2 style=\"text-align: justify\">L\u00e1togat\u00e1si id\u0151<\/h2>\n<p style=\"text-align: justify\">H\u00e9tk\u00f6znap: du: 16-18h<br \/>\nH\u00e9tv\u00e9g\u00e9n: de: 11-13h, du: 16-17h<\/p>\n<p style=\"text-align: justify\">K\u00f3rterem: max. 2 f\u0151<br \/>\nK\u00f6z\u00f6s t\u00e9r: max. 3 f\u0151<br \/>\nUdvar: max. 3 f\u0151<\/p>\n<hr \/>\n<h2 style=\"text-align: justify\">Tudnival\u00f3k l\u00e1togat\u00f3knak<\/h2>\n<p style=\"text-align: justify\">Kritikus \u00e1llapot\u00fa beteg l\u00e1togat\u00e1sa a nap b\u00e1rmely szak\u00e1ban lehets\u00e9ges az oszt\u00e1lyvezet\u0151 f\u0151orvos enged\u00e9ly\u00e9vel.<br \/>\nFennj\u00e1r\u00f3 beteg eset\u00e9ben, amennyiben a felt\u00e9telek adottak \u00e9s relev\u00e1ns az oszt\u00e1ly jelleg\u00e9b\u0151l ad\u00f3d\u00f3an, a l\u00e1togat\u00f3t lehet\u0151leg a k\u00f3rtermen k\u00edv\u00fcl, a k\u00f6z\u00f6s t\u00e9rben vagy az udvaron fogadja a p\u00e1ciens.<\/p>\n<p style=\"text-align: justify\">Gondoz\u00e1s: gondoz\u00e1sban seg\u00edthet<\/p>\n<hr \/>\n<h2 style=\"text-align: justify\">R\u00e9szletes inform\u00e1ci\u00f3k<\/h2>\n<p style=\"text-align: justify\">A Neurointervenci\u00f3 k\u00fcl\u00f6nb\u00f6z\u0151 idegrendszeri \u00e9rbetegs\u00e9gek \u00e9s egyes gerincbetegs\u00e9gek minim\u00e1lisan invaziv kezel\u00e9s\u00e9vel foglalkozik. E tev\u00e9kenys\u00e9g \u00e1ltal\u00e1nos jellemz\u0151je, hogy Rtg sug\u00e1r seg\u00edts\u00e9g\u00e9vel az \u00e9rrendszeren, vagy k\u00f6zvetlen\u00fcl a test felsz\u00ednen kereszt\u00fcl de seb\u00e9szi felt\u00e1r\u00e1s n\u00e9lk\u00fcl k\u00e9pes a betegs\u00e9get megk\u00f6zel\u00edteni \u00e9s kezelni. Azokban az esetekben ahol erre m\u00f3d ny\u00edlik, e m\u00f3dszerek seg\u00edts\u00e9g\u00e9vel elker\u00fclhet\u0151 a koponya vagy gerinc megnyit\u00e1sa, r\u00f6vid\u00fcl a kezel\u00e9si id\u0151, \u00e9s sz\u00e1mos sz\u00f6v\u0151dm\u00e9ny kik\u00fcsz\u00f6b\u00f6lhet\u0151. Ilyen m\u00f3dszerek alkalmazhat\u00f3k a v\u00e9rz\u00e9ses \u00e9s v\u00e9rhi\u00e1nyos stroke eseteiben, agyi \u00e9s gerincvel\u0151i \u00e9rt\u00e1gulatok (aneurizm\u00e1k), \u00e9rfejl\u0151d\u00e9si zavarok (angioma, fistula), agyi \u00e9s koponya\u0171ri \u00e9rsz\u0171k\u00fcletek, sz\u00e9l\u00fct\u00e9st okoz\u00f3 akut \u00e9relz\u00e1r\u00f3d\u00e1sok, d\u00fasan erezett koponya\u0171ri daganatok, fej-nyak\u00e9rgomolyagok valamint csigolya-\u00f6sszeroppan\u00e1s, gerinc eredet\u0171 f\u00e1jdalmak bizonyos eseteiben.<\/p>\n<p style=\"text-align: justify\">A beavatkoz\u00e1sokat korszer\u0171, \u00fagynevezett digitalis subtrakci\u00f3s angiogr\u00e1fi\u00e1s (DSA) berendez\u00e9s kontrollja mellett v\u00e9gezz\u00fck, s munk\u00e1nk sor\u00e1n a legkorszer\u0171bb tart\u00f3s\u00e9rrendszeri implant\u00e1tumokat (mikrospir\u00e1olok, stentek, ballonok, emboliz\u00e1ci\u00f3sanyagok) alkalmazzuk. Ezekkel az elj\u00e1r\u00e1sokkal megel\u0151zhet\u0151k az agyv\u00e9rz\u00e9s egyes form\u00e1i, melyek beteg \u00e9rk\u00e9pletekb\u0151l (aneurysma, angioma) sz\u00e1rmaznak, a sz\u00e9l\u00fct\u00e9s egyes esetei, melyek a nyaki vagy koponya\u0171ri erek sz\u0171k\u00fcletei miatt alakulnak ki, kezelhet\u0151k az arc \u00e9s fej-nyak ter\u00fclettorz\u00edt\u00f3 \u00e9rdaganatai, casknem azonnal megsz\u00fcntethet\u0151k vagyjelent\u0151sen cs\u00f6kkenthet\u0151k a csigolya\u00f6sszeroppan\u00e1sb\u00f3l sz\u00e1rmaz\u00f3 f\u00e1jdalmak \u00e9s sz\u00e1mos esetben hossz\u00fa t\u00e1von enyh\u00edthet\u0151k a gerinc eredet\u0171, m\u0171t\u00e9ttel nem kezelhet\u0151 f\u00e1jdalmak. Leg\u00fajabban gyakran lehets\u00e9ges a sz\u00e9l\u00fct\u00e9s akut eseteiben az agyi \u00e9relz\u00e1r\u00f3d\u00e1s megsz\u00fcntet\u00e9se az \u00fct\u0151eret elz\u00e1r\u00f3 v\u00e9rr\u00f6g azonnali elt\u00e1vol\u00edt\u00e1s\u00e1val.<\/p>\n<hr \/>\n<h2 style=\"text-align: justify\">Ell\u00e1t\u00e1si ter\u00fclet<\/h2>\n<p style=\"text-align: justify\">Eg\u00e9sz Magyarorsz\u00e1g.<\/p>\n<hr \/>\n<h2 style=\"text-align: justify\">Egy\u00e9b inform\u00e1ci\u00f3k, \u00e9rdekess\u00e9gek<\/h2>\n<p style=\"text-align: justify\">Az oszt\u00e1ly az al\u00e1bbi k\u00e9pz\u00e9sekben vesz r\u00e9szt, mint gyakorlati oktat\u00f3hely:<\/p>\n<ul>\n<li style=\"text-align: justify\">Semmelweis Egyetem Neurointervenci\u00f3 v\u00e1laszthat\u00f3 tant\u00e1rgy<\/li>\n<li style=\"text-align: justify\">Neurologus, Radiologus, Neuroradiologus, Idegseb\u00e9sz szakorvosk\u00e9pz\u00e9s k\u00f6telez\u0151 neurointervenci\u00f3s gyakorlat<br \/>\nNeurointervenci\u00f3s j\u00e1rtass\u00e1gi k\u00e9pz\u00e9s<\/li>\n<li style=\"text-align: justify\">OFTEX tanfolyamok Neurologus, Radiologus, Neuroradiologus, Idegseb\u00e9sz, S\u00fcrg\u0151ss\u00e9gi, Anaesthesiologus \u00e9s H\u00e1ziorvos szakorvosoknak.<\/li>\n<\/ul>\n<p style=\"text-align: justify\">A Neurointervenci\u00f3s munka az Int\u00e9zetben a 70-es \u00e9vek v\u00e9g\u00e9n kezd\u0151d\u00f6tt az akkor el\u00e9rhet\u0151 kezdetleges eszk\u00f6z\u00f6kkel \u00e9s m\u00f3dszerekkel. A rutinszer\u0171 munka a 90-es \u00e9vek k\u00f6zep\u00e9t\u0151l indult meg. \u00d6n\u00e1ll\u00f3 oszt\u00e1lyk\u00e9nt a Neurointervenci\u00f3 2010-t\u0151l m\u0171k\u00f6dik. A munka volumene 2014 ut\u00e1n, amikor az \u00e9relz\u00e1r\u00f3d\u00e1sos stroke invaz\u00edv kezel\u00e9se nemzetk\u00f6zi szinten polg\u00e1rjogot nyert, ugr\u00e1sszer\u0171en megn\u0151tt. Jelenleg \u00e9vente t\u00f6bb, mint 500 akut stroke beteget kezel\u00fcnk, amely a magyarorsz\u00e1gi esetek k\u00f6zel fele, \u00e9s amely nemzetk\u00f6zi \u00f6sszehasonl\u00edt\u00e1sban is kiemelked\u0151 adat.<\/p>\n<hr \/>\n<h2 style=\"text-align: justify\">Oszt\u00e1lyvezet\u0151<\/h2>\n<ul>\n<li style=\"text-align: justify\">Dr. Nardai S\u00e1ndor<\/li>\n<\/ul>\n<h2 style=\"text-align: justify\">Oszt\u00e1ly orvosok<\/h2>\n<ul>\n<li style=\"text-align: justify\">Aldea Cristina Caterina<\/li>\n<li style=\"text-align: justify\">Dr. Berentei Zsolt<\/li>\n<li style=\"text-align: justify\">Dr. B\u00f6jti P\u00e9ter P\u00e1l<\/li>\n<li style=\"text-align: justify\">Dr. Czencz M\u00e1t\u00e9<\/li>\n<li style=\"text-align: justify\">Dr. Kondor M\u00e1t\u00e9<\/li>\n<li style=\"text-align: justify\">Dr. Kornfeld \u00c1kos<\/li>\n<li style=\"text-align: justify\">Dr. K\u0151v\u00e1ri Zolt\u00e1n<\/li>\n<li style=\"text-align: justify\">Dr. Marosf\u0151i Mikl\u00f3s<\/li>\n<li style=\"text-align: justify\">Dr. Medvigy \u00c1d\u00e1m<\/li>\n<li style=\"text-align: justify\">Dr. Orosz P\u00e9ter<\/li>\n<li style=\"text-align: justify\">Dr. P\u00e1sztor M\u00e1t\u00e9<\/li>\n<li style=\"text-align: justify\">Dr. Szigeti L\u00e1szl\u00f3<\/li>\n<li style=\"text-align: justify\">Dr. Szikora Istv\u00e1n<\/li>\n<\/ul>\n","protected":false},"excerpt":{"rendered":"<p>R\u00f6vid Ismertet\u0151 Az oszt\u00e1ly f\u0151 tev\u00e9kenys\u00e9ge egyr\u00e9szt a nyak, koponya \u00e9s a gerinccsatorna \u00e9rrendszer\u00e9nek sz\u0171k\u00fcletes, elz\u00e1r\u00f3d\u00e1sos, v\u00e9rz\u00e9ses, vagy fejl\u0151d\u00e9si zavarb\u00f3l sz\u00e1rmaz\u00f3 betegs\u00e9geinek minim\u00e1lisan invaziv diagnosztik\u00e1ja \u00e9s kezel\u00e9se. M\u00e1sr\u00e9szt a nyitott seb\u00e9szi beavatkoz\u00e1st nem ig\u00e9nyl\u0151 csigolyat\u00f6r\u00e9sek minim\u00e1lisan invaz\u00edv kezel\u00e9se. Tudnival\u00f3k betegeknek Az Int\u00e9zet az oszt\u00e1ly profilj\u00e1ban s\u00fcrg\u0151ss\u00e9gi ell\u00e1t\u00e1st biztos\u00edt a h\u00e9t nap 24 \u00f3r\u00e1j\u00e1ban folyamatosan. Konziliumot &hellip;<\/p>\n","protected":false},"author":102360,"featured_media":0,"parent":487,"menu_order":0,"comment_status":"closed","ping_status":"closed","template":"","meta":{"_acf_changed":false,"footnotes":""},"categories":[9,8],"tags":[],"class_list":["post-612","page","type-page","status-publish","hentry","category-fekvobeteg","category-osztaly"],"acf":[],"_links":{"self":[{"href":"https:\/\/semmelweis.hu\/amerikaiut\/wp-json\/wp\/v2\/pages\/612","targetHints":{"allow":["GET"]}}],"collection":[{"href":"https:\/\/semmelweis.hu\/amerikaiut\/wp-json\/wp\/v2\/pages"}],"about":[{"href":"https:\/\/semmelweis.hu\/amerikaiut\/wp-json\/wp\/v2\/types\/page"}],"author":[{"embeddable":true,"href":"https:\/\/semmelweis.hu\/amerikaiut\/wp-json\/wp\/v2\/users\/102360"}],"replies":[{"embeddable":true,"href":"https:\/\/semmelweis.hu\/amerikaiut\/wp-json\/wp\/v2\/comments?post=612"}],"version-history":[{"count":7,"href":"https:\/\/semmelweis.hu\/amerikaiut\/wp-json\/wp\/v2\/pages\/612\/revisions"}],"predecessor-version":[{"id":1005,"href":"https:\/\/semmelweis.hu\/amerikaiut\/wp-json\/wp\/v2\/pages\/612\/revisions\/1005"}],"up":[{"embeddable":true,"href":"https:\/\/semmelweis.hu\/amerikaiut\/wp-json\/wp\/v2\/pages\/487"}],"wp:attachment":[{"href":"https:\/\/semmelweis.hu\/amerikaiut\/wp-json\/wp\/v2\/media?parent=612"}],"wp:term":[{"taxonomy":"category","embeddable":true,"href":"https:\/\/semmelweis.hu\/amerikaiut\/wp-json\/wp\/v2\/categories?post=612"},{"taxonomy":"post_tag","embeddable":true,"href":"https:\/\/semmelweis.hu\/amerikaiut\/wp-json\/wp\/v2\/tags?post=612"}],"curies":[{"name":"wp","href":"https:\/\/api.w.org\/{rel}","templated":true}]}}