{"id":608,"date":"2024-05-30T14:50:39","date_gmt":"2024-05-30T12:50:39","guid":{"rendered":"https:\/\/semmelweis.hu\/amerikaiut\/?page_id=608"},"modified":"2025-09-04T12:17:53","modified_gmt":"2025-09-04T10:17:53","slug":"vascularis-es-koponyaalapi-idegsebeszeti-osztaly","status":"publish","type":"page","link":"https:\/\/semmelweis.hu\/amerikaiut\/gyogyitas\/fekvobeteg-osztalyok\/vascularis-es-koponyaalapi-idegsebeszeti-osztaly\/","title":{"rendered":"Vascul\u00e1ris \u00e9s koponyaalapi idegseb\u00e9szeti oszt\u00e1ly"},"content":{"rendered":"<h2 style=\"text-align: justify\">Ell\u00e1tott szakm\u00e1k<\/h2>\n<p style=\"text-align: justify\">Ideggy\u00f3gy\u00e1szat<\/p>\n<hr \/>\n<h2 style=\"text-align: justify\">R\u00f6vid Ismertet\u0151<\/h2>\n<p style=\"text-align: justify\">A koponya-alap seb\u00e9szete viszonylag \u00faj ter\u00fclete az idegseb\u00e9szetnek, melynek fejl\u0151d\u00e9s\u00e9t az elm\u00falt 20 \u00e9vben a seb\u00e9szeti technik\u00e1k fejl\u0151d\u00e9se \u2013 minim\u00e1l invaz\u00edv beavatkoz\u00e1sok, neuro-endoszk\u00f3pia, neuronavig\u00e1ci\u00f3, intraoperat\u00edv neuromonitoriz\u00e1l\u00e1s, intraoperat\u00edv UH, microDoppler \u2013, k\u00fcl\u00f6nb\u00f6z\u0151 rekonstrukci\u00f3s elj\u00e1r\u00e1sok kifejleszt\u00e9se \u00e9s az altat\u00e1s, neurointenz\u00edv monitoriz\u00e1l\u00e1s fejl\u0151d\u00e9se tette lehet\u0151v\u00e9. Ennek k\u00f6sz\u00f6nhet\u0151en olyan koponyaalapi daganatok seb\u00e9szi elt\u00e1vol\u00edt\u00e1s\u00e1t, komplex kezel\u00e9s\u00e9t v\u00e9gezz\u00fck, melyek m\u0171t\u00e9ti ell\u00e1t\u00e1sa kor\u00e1bban &#8211; az elfogadhatatlanul magas kock\u00e1zat miatt &#8211; nem volt kivitelezhet\u0151. A koponya-alap daganatai \u00e1ltal\u00e1ban j\u00f3indulat\u00fa elv\u00e1ltoz\u00e1sok, amelyeket lass\u00fa n\u00f6veked\u00e9s\u00fck miatt gyakran el\u0151rehaladott st\u00e1diumban fedeznek fel.<\/p>\n<hr \/>\n<h2 style=\"text-align: justify\">L\u00e1togat\u00e1si id\u0151<\/h2>\n<p style=\"text-align: justify\">H\u00e9tk\u00f6znap: du: 16-18h<br \/>\nH\u00e9tv\u00e9g\u00e9n: de: 11-13h, du: 16-17h<\/p>\n<p style=\"text-align: justify\">K\u00f3rterem: max. 2 f\u0151<br \/>\nK\u00f6z\u00f6s t\u00e9r: max. 3 f\u0151<br \/>\nudvar: max. 3 f\u0151<\/p>\n<hr \/>\n<h2 style=\"text-align: justify\">Tudnival\u00f3k l\u00e1togat\u00f3knak<\/h2>\n<p style=\"text-align: justify\">Kritikus \u00e1llapot\u00fa beteg l\u00e1togat\u00e1sa a nap b\u00e1rmely szak\u00e1ban lehets\u00e9ges az oszt\u00e1lyvezet\u0151 f\u0151orvos enged\u00e9ly\u00e9vel.<\/p>\n<p style=\"text-align: justify\">Fennj\u00e1r\u00f3 beteg eset\u00e9ben, amennyiben a felt\u00e9telek adottak \u00e9s relev\u00e1ns az oszt\u00e1ly jelleg\u00e9b\u0151l ad\u00f3d\u00f3an, a l\u00e1togat\u00f3t lehet\u0151leg a k\u00f3rtermen k\u00edv\u00fcl, a k\u00f6z\u00f6s t\u00e9rben vagy az udvaron fogadja a p\u00e1ciens.<\/p>\n<p style=\"text-align: justify\">Gondoz\u00e1s: gondoz\u00e1sban seg\u00edthet<\/p>\n<hr \/>\n<h2 style=\"text-align: justify\">R\u00e9szletes inform\u00e1ci\u00f3k<\/h2>\n<p style=\"text-align: justify\">Oszt\u00e1lyunkon nemcsak koponyaalapi daganatokkal, de koponyaalapon tal\u00e1lhat\u00f3 \u00e9rfejl\u0151d\u00e9si rendelleness\u00e9gekkel, \u00e9ren kereszt\u00fcli m\u0171t\u00e9ttel nem megoldhat\u00f3 \u00e9rzs\u00e1kokkal valamint a kopony\u00e1n \u00e9s a gerinccsatorn\u00e1n bel\u00fcl elhelyezked\u0151 daganatok seb\u00e9szet\u00e9vel is foglalkozunk. M\u0171t\u00e9t k\u00f6zben nemcsak az. \u00fan. minim\u00e1lisan invaz\u00edv \u2013azaz az eg\u00e9szs\u00e9ges sz\u00f6vetek legkisebb k\u00e1ros\u00edt\u00e1s\u00e1val j\u00e1r\u00f3- technik\u00e1kat, mikroidegseb\u00e9szetet, neuronavig\u00e1ci\u00f3t, endoszk\u00f3pi\u00e1t, intraoperat\u00edv monitoriz\u00e1l\u00e1st, stb. alkalmazzuk, de a m\u0171t\u00e9tet k\u00f6vet\u0151 kieg\u00e9sz\u00edt\u0151 kezel\u00e9seket &#8211; sug\u00e1r-, kemoter\u00e1pia &#8211; onkol\u00f3giai centrumokkal megszervezz\u00fck. Ezen kezel\u00e9sek befejez\u00e9s\u00e9t k\u00f6vet\u0151en a betegeket kontroll\u00e1ljuk, sz\u00fcks\u00e9g szerint a kemoter\u00e1pi\u00e1t Int\u00e9zet\u00fcnkben folytatjuk, a kontroll koponya CT \u00e9s MR vizsg\u00e1latokkal egy\u00fctt.<\/p>\n<p style=\"text-align: justify\">Egy\u00fcttm\u0171k\u00f6d\u00e9sben az Orsz\u00e1gos Onkol\u00f3giai Int\u00e9zettel c\u00e9lzott sug\u00e1rseb\u00e9szeti beavatkoz\u00e1sokat is v\u00e9gz\u00fcnk. Amennyiben a kopony\u00e1n bel\u00fcli daganat elhelyezked\u00e9se, kiterjed\u00e9se vagy a beteg \u00e1llapota daganat elt\u00e1vol\u00edt\u00e1s\u00e1t nem teszi lehet\u0151v\u00e9, sztereotaxi\u00e1s biopszi\u00e1t is elv\u00e9gezz\u00fck helyi \u00e9rz\u00e9stelen\u00edt\u00e9sben. A minim\u00e1lisan invaz\u00edv behatol\u00e1s \u2013szem\u00f6ld\u00f6k\u00edv feletti koponyanyit\u00e1s- kifejleszt\u00e9se, az orsz\u00e1gban t\u00f6rt\u00e9n\u0151 sz\u00e9lesk\u00f6r\u0171 alkalmaz\u00e1sa az oszt\u00e1lyon dolgoz\u00f3 senior idegseb\u00e9sz \u00e9rdeme. A minim\u00e1lisan invaz\u00edv seb\u00e9szet szellem\u00e9ben gyakran orron kereszt\u00fcl mikroszk\u00f3ppal vagy endoszk\u00f3ppal oper\u00e1ljuk a koponya-alapi betegs\u00e9geket, pl. agyalapi mirigy k\u00fcl\u00f6nb\u00f6z\u0151 daganatai. Tekintve a ter\u00fclet anat\u00f3miai komplexit\u00e1s\u00e1t a koponya-alap daganatainak eredm\u00e9nyes \u00e9s biztons\u00e1gos seb\u00e9szi kezel\u00e9s\u00e9hez t\u00f6bb szakma &#8211; f\u00fcl-orr-g\u00e9g\u00e9szet, szem\u00e9szet, plasztikai seb\u00e9szet, endokrinol\u00f3gia &#8211; nagytapasztalat\u00fa k\u00e9pvisel\u0151ivel is egy\u00fcttm\u0171k\u00f6d\u00fcnk.<\/p>\n<p style=\"text-align: justify\">Oszt\u00e1lyunkon \u00e9vente 550-600 m\u0171t\u00e9tet v\u00e9gz\u00fcnk. Az oszt\u00e1lyon dolgoz\u00f3 koll\u00e9g\u00e1ink akt\u00edvan r\u00e9szt vesznek az int\u00e9zeti onkol\u00f3giai \u00e9s vascul\u00e1ris munkacsoportok munk\u00e1j\u00e1ban \u00e9s m\u00e1s k\u00f3rh\u00e1zak idegseb\u00e9szeti konz\u00edlium\u00e1t is ell\u00e1tj\u00e1k.<br \/>\nAz oszt\u00e1ly \u00e1gysz\u00e1ma 23, 2 \u2013 4 \u00e1gyas, f\u00fcrd\u0151szob\u00e1val ell\u00e1tott k\u00f3rtermekkel<\/p>\n<hr \/>\n<h2 style=\"text-align: justify\">Oszt\u00e1lyvezet\u0151<\/h2>\n<ul>\n<li style=\"text-align: justify\">Dr. Sipos L\u00e1szl\u00f3<\/li>\n<\/ul>\n<h2 style=\"text-align: justify\">Oszt\u00e1ly orvosok<\/h2>\n<ul>\n<li style=\"text-align: justify\">Dr. Ber\u00e9nyi Gy\u00f6rgy<\/li>\n<li style=\"text-align: justify\">Dr. habil. Nagy G\u00e1bor PhD egyetemi docens, idegseb\u00e9sz f\u0151orvos<\/li>\n<li style=\"text-align: justify\">Dr. Orbay P\u00e9ter<\/li>\n<li style=\"text-align: justify\">Dr. Vajda J\u00e1nos<\/li>\n<li style=\"text-align: justify\">Prof. Czirj\u00e1k S\u00e1ndor<\/li>\n<\/ul>\n<h2 style=\"text-align: justify\">Oszt\u00e1ly f\u0151n\u0151v\u00e9r<\/h2>\n<ul>\n<li style=\"text-align: justify\">Olajos Erika<\/li>\n<\/ul>\n","protected":false},"excerpt":{"rendered":"<p>Ell\u00e1tott szakm\u00e1k Ideggy\u00f3gy\u00e1szat R\u00f6vid Ismertet\u0151 A koponya-alap seb\u00e9szete viszonylag \u00faj ter\u00fclete az idegseb\u00e9szetnek, melynek fejl\u0151d\u00e9s\u00e9t az elm\u00falt 20 \u00e9vben a seb\u00e9szeti technik\u00e1k fejl\u0151d\u00e9se \u2013 minim\u00e1l invaz\u00edv beavatkoz\u00e1sok, neuro-endoszk\u00f3pia, neuronavig\u00e1ci\u00f3, intraoperat\u00edv neuromonitoriz\u00e1l\u00e1s, intraoperat\u00edv UH, microDoppler \u2013, k\u00fcl\u00f6nb\u00f6z\u0151 rekonstrukci\u00f3s elj\u00e1r\u00e1sok kifejleszt\u00e9se \u00e9s az altat\u00e1s, neurointenz\u00edv monitoriz\u00e1l\u00e1s fejl\u0151d\u00e9se tette lehet\u0151v\u00e9. Ennek k\u00f6sz\u00f6nhet\u0151en olyan koponyaalapi daganatok seb\u00e9szi elt\u00e1vol\u00edt\u00e1s\u00e1t, komplex &hellip;<\/p>\n","protected":false},"author":102360,"featured_media":0,"parent":487,"menu_order":0,"comment_status":"closed","ping_status":"closed","template":"","meta":{"_acf_changed":false,"footnotes":""},"categories":[9,8],"tags":[],"class_list":["post-608","page","type-page","status-publish","hentry","category-fekvobeteg","category-osztaly"],"acf":[],"_links":{"self":[{"href":"https:\/\/semmelweis.hu\/amerikaiut\/wp-json\/wp\/v2\/pages\/608","targetHints":{"allow":["GET"]}}],"collection":[{"href":"https:\/\/semmelweis.hu\/amerikaiut\/wp-json\/wp\/v2\/pages"}],"about":[{"href":"https:\/\/semmelweis.hu\/amerikaiut\/wp-json\/wp\/v2\/types\/page"}],"author":[{"embeddable":true,"href":"https:\/\/semmelweis.hu\/amerikaiut\/wp-json\/wp\/v2\/users\/102360"}],"replies":[{"embeddable":true,"href":"https:\/\/semmelweis.hu\/amerikaiut\/wp-json\/wp\/v2\/comments?post=608"}],"version-history":[{"count":6,"href":"https:\/\/semmelweis.hu\/amerikaiut\/wp-json\/wp\/v2\/pages\/608\/revisions"}],"predecessor-version":[{"id":1050,"href":"https:\/\/semmelweis.hu\/amerikaiut\/wp-json\/wp\/v2\/pages\/608\/revisions\/1050"}],"up":[{"embeddable":true,"href":"https:\/\/semmelweis.hu\/amerikaiut\/wp-json\/wp\/v2\/pages\/487"}],"wp:attachment":[{"href":"https:\/\/semmelweis.hu\/amerikaiut\/wp-json\/wp\/v2\/media?parent=608"}],"wp:term":[{"taxonomy":"category","embeddable":true,"href":"https:\/\/semmelweis.hu\/amerikaiut\/wp-json\/wp\/v2\/categories?post=608"},{"taxonomy":"post_tag","embeddable":true,"href":"https:\/\/semmelweis.hu\/amerikaiut\/wp-json\/wp\/v2\/tags?post=608"}],"curies":[{"name":"wp","href":"https:\/\/api.w.org\/{rel}","templated":true}]}}