{"id":606,"date":"2024-05-30T12:40:37","date_gmt":"2024-05-30T10:40:37","guid":{"rendered":"https:\/\/semmelweis.hu\/amerikaiut\/?page_id=606"},"modified":"2025-09-22T16:58:32","modified_gmt":"2025-09-22T14:58:32","slug":"intenziv-terapia","status":"publish","type":"page","link":"https:\/\/semmelweis.hu\/amerikaiut\/gyogyitas\/fekvobeteg-osztalyok\/intenziv-terapia\/","title":{"rendered":"Intenz\u00edv Ter\u00e1pia"},"content":{"rendered":"<h2 style=\"text-align: justify\">Telefonsz\u00e1m<\/h2>\n<p style=\"text-align: justify\">+36\/1\/467-9395<\/p>\n<hr \/>\n<h2 style=\"text-align: justify\">R\u00f6vid Ismertet\u0151<\/h2>\n<p style=\"text-align: justify\">Koponya megnyit\u00e1s\u00e1val j\u00e1r\u00f3 agyi- \u00e9s kiterjesztett gerincm\u0171t\u00e9ten \u00e1tesett betegek megfigyel\u00e9s\u00e9ben, valamint az invaz\u00edv stroke ell\u00e1t\u00e1st k\u00f6vet\u0151en kiemelt ell\u00e1t\u00e1st ig\u00e9nyl\u0151 betegek neuro-intenz\u00edv kezel\u00e9s\u00e9ben ny\u00fajt seg\u00edts\u00e9get. Ezen t\u00falmen\u0151en minden olyan esetben, amikor egy beteg \u00e1llapota intenz\u00edv ell\u00e1t\u00e1st ig\u00e9nyel. A KAITO f\u0151 szakter\u00fclete a m\u0171t\u00e9ti altat\u00e1s, \u00e9rz\u00e9stelen\u00edt\u00e9s idegseb\u00e9szeti-, neuro-intervenci\u00f3s beavatkoz\u00e1sokhoz. Az Intenz\u00edv Oszt\u00e1lyon s\u00falyos \u00e1llapot\u00fa, \u00e9letfontos m\u0171k\u00f6d\u00e9sek tekintet\u00e9ben instabil helyzet\u0171 betegeket kezel\u00e9se.<\/p>\n<hr \/>\n<h2 style=\"text-align: justify\">Tudnival\u00f3k betegeknek<\/h2>\n<p style=\"text-align: justify\">0-24 \u00f3r\u00e1ban a h\u00e9t minden napj\u00e1n fogadjuk kritikus \u00e1llapot\u00fa betegeinket.<\/p>\n<hr \/>\n<h2 style=\"text-align: justify\">L\u00e1togat\u00e1si id\u0151<\/h2>\n<p style=\"text-align: justify\">H\u00e9tk\u00f6znap: du: 13-14 \u00e9s 17-18 \u00f3ra k\u00f6z\u00f6tt<br \/>\nH\u00e9tv\u00e9g\u00e9n \u00e9s \u00fcnnepnap: de: 11-12, du: 16-17 \u00f3ra k\u00f6z\u00f6tt<\/p>\n<p style=\"text-align: justify\">K\u00f3rterem: max. 2 f\u0151, max. 20 perc<\/p>\n<hr \/>\n<h2 style=\"text-align: justify\">Tudnival\u00f3k l\u00e1togat\u00f3knak<\/h2>\n<p style=\"text-align: justify\">Kritikus \u00e1llapot\u00fa beteg l\u00e1togat\u00e1sa a nap b\u00e1rmely szak\u00e1ban lehets\u00e9ges az oszt\u00e1lyvezet\u0151 f\u0151orvos enged\u00e9ly\u00e9vel.<\/p>\n<p style=\"text-align: justify\">Fennj\u00e1r\u00f3 beteg eset\u00e9ben, amennyiben a felt\u00e9telek adottak \u00e9s relev\u00e1ns az oszt\u00e1ly jelleg\u00e9b\u0151l ad\u00f3d\u00f3an, a l\u00e1togat\u00f3t lehet\u0151leg a k\u00f3rtermen k\u00edv\u00fcl, a k\u00f6z\u00f6s t\u00e9rben vagy az udvaron fogadja a p\u00e1ciens.<\/p>\n<p style=\"text-align: justify\">14 \u00e9v alatti gyermek csak nagykor\u00fa k\u00eds\u00e9rettel, az oszt\u00e1lyvezet\u0151\/\u00fcgyeletvezet\u0151 k\u00fcl\u00f6n enged\u00e9ly\u00e9vel l\u00e1togathat.<\/p>\n<hr \/>\n<h2 style=\"text-align: justify\">R\u00e9szletes inform\u00e1ci\u00f3k<\/h2>\n<p style=\"text-align: justify\">Intenz\u00edv Ter\u00e1pi\u00e1s Programunkban intenz\u00edv ter\u00e1pi\u00e1s szakorvosaink kiemelt feladatuknak tekintik az idegseb\u00e9szeti beavatkoz\u00e1sokon \u00e1tesett, k\u00f6zvetlen postoperat\u00edv szakban l\u00e9v\u0151 betegeink m\u0171t\u00e9t ut\u00e1ni megfigyel\u00e9s\u00e9t \u00e9s miel\u0151bbi \u00e1llapotstabiliz\u00e1l\u00e1sukhoz komoly t\u00e1mogat\u00e1st ny\u00fajtanak. Hozz\u00e1nk ker\u00fclnek tov\u00e1bb\u00e1 azok a stroke-os betegek is, akiknek \u00e1llapota, vagy a tervezett beavatkoz\u00e1s intenz\u00edv oszt\u00e1lyos k\u00f6r\u00fclm\u00e9nyeket ig\u00e9nyel. A komplex ter\u00e1pia speci\u00e1lis elemei \u2013 ha ezt a beteg \u00e1llapota sz\u00fcks\u00e9gess\u00e9 teszi &#8211; a koponya\u0171ri nyom\u00e1sm\u00e9r\u00e9s, az agyv\u00edz-elvezet\u00e9s, a mesters\u00e9ges k\u00f3ma alkalmaz\u00e1sa, a folyamatos EEG monitoroz\u00e1s, kieg\u00e9sz\u00edtve a v\u00e9rkering\u00e9s invaz\u00edv monitoroz\u00e1s\u00e1val \u00e9s a tart\u00f3s g\u00e9pi l\u00e9legeztet\u00e9ssel, melyek biztons\u00e1gos elv\u00e9gz\u00e9s\u00e9hez a legmodernebb k\u00e9sz\u00fcl\u00e9kek biztos\u00edtottak. Jelenleg 17 \u00e1gy \u00e1ll rendelkez\u00e9s\u00fcnkre betegeink intenz\u00edv ell\u00e1t\u00e1s\u00e1ra, akiket 24 \u00f3r\u00e1s megfigyel\u00e9s alatt tartunk. Egy aneszteziol\u00f3gus-intenz\u00edv ter\u00e1pi\u00e1s orvos jelenl\u00e9te folyamatosan biztos\u00edtott. Tapasztalt orvosaink munk\u00e1j\u00e1t kiv\u00e1l\u00f3an k\u00e9pzett szakdolgoz\u00f3k seg\u00edtik.<\/p>\n<p style=\"text-align: justify\">Intenz\u00edv Ter\u00e1pi\u00e1s Programunk keret\u00e9ben nagy hangs\u00falyt fektet\u00fcnk a korai mobiliz\u00e1ci\u00f3ra, ami f\u0151k\u00e9nt a stroke-on \u00e1tesett betegek sz\u00e1m\u00e1ra a sz\u00f6v\u0151dm\u00e9nyek radik\u00e1lis visszaszor\u00edt\u00e1s\u00e1t eredm\u00e9nyezheti. Sz\u00f6v\u0151dm\u00e9nymentes esetekben az intenz\u00edv ter\u00e1pi\u00e1s ell\u00e1t\u00e1s hossza \u00e1tlagosan k\u00e9t nap, ami ut\u00e1n a betegek \u00e1ltal\u00e1ban visszaker\u00fclnek az \u00e1ltal\u00e1nos idegseb\u00e9szeti betegszob\u00e1kba. Az enn\u00e9l hosszabb megfigyel\u00e9st, kiemelt \u00e1pol\u00e1st ig\u00e9nyl\u0151 betegeket mindaddig itt kezelj\u00fck, am\u00edg a speci\u00e1lis monitoroz\u00e1st vagy \u00e1pol\u00e1st ig\u00e9nylik, \u00e9s csak \u00e1llapotuk stabiliz\u00e1l\u00f3d\u00e1s\u00e1t k\u00f6vet\u0151en helyezz\u00fck \u00e1t \u0151ket ny\u00edlt oszt\u00e1lyra.<\/p>\n<p style=\"text-align: justify\">Altat\u00f3orvosi tev\u00e9kenys\u00e9g\u00fcnk: speci\u00e1lis-, idegseb\u00e9szeti m\u0171t\u00e9tekhez, neurointervenci\u00f3s beavatkoz\u00e1sokhoz biztos\u00edtjuk betegeink altat\u00e1s\u00e1t, a m\u0171t\u00e9t alatti vit\u00e1lis funkci\u00f3k fenntart\u00e1s\u00e1t. <br \/>\nAltat\u00e1st, \u00e9rz\u00e9stelen\u00edt\u00e9st 6 aneszteziol\u00f3giai munkahelyen \u00e9s sz\u00fcks\u00e9g eset\u00e9n diagnosztikus vizsg\u00e1latokn\u00e1l biztos\u00edtunk. A m\u0171t\u00e9t el\u0151tti \u00e1llapotfelm\u00e9r\u00e9st az aneszteziol\u00f3giai ambulanci\u00e1n v\u00e9gezz\u00fck erre a c\u00e9lra fenntartott szakrendel\u00e9s\u00fcnk\u00f6n.<\/p>\n<p style=\"text-align: justify\">Az intenz\u00edv oszt\u00e1lyon \u00f6sszesen 21 \u00e1gyon, 1, 2, 3 \u00e9s 5 \u00e1gyas k\u00f3rtermekben l\u00e1tjuk el az int\u00e9zet\u00fcnk profilj\u00e1nak megfelel\u0151, t\u00edpusosan k\u00f6zponti idegrendszeri betegs\u00e9gben szenved\u0151 betegeinket. Intenz\u00edv oszt\u00e1lyunkon biztos\u00edtjuk a koponya megnyit\u00e1ssal j\u00e1r\u00f3 m\u0171t\u00e9tek ut\u00e1ni szoros megfigyel\u00e9st. Folyamatos megfigyel\u00e9s alatt tartunk olyan betegeket, akikn\u00e9l a betegs\u00e9g term\u00e9szet\u00e9n\u00e9l fogva hirtelen v\u00e1ltoz\u00e1sok l\u00e9phetnek fel, amelyek eset\u00e9ben az azonnal megkezdett kezel\u00e9s elengedhetetlen felt\u00e9tele a gy\u00f3gyul\u00e1snak.<\/p>\n<p style=\"text-align: justify\">Az alapvet\u0151 \u00e9letfunkci\u00f3k instabilit\u00e1sa eset\u00e9n szint\u00e9n az intenz\u00edv oszt\u00e1ly tudja biztos\u00edtani a k\u00fcl\u00f6nb\u00f6z\u0151 szervp\u00f3tl\u00f3 beavatkoz\u00e1sokat (g\u00e9pi l\u00e9legeztet\u00e9s, v\u00e9rkering\u00e9s stabiliz\u00e1l\u00e1sa, vesep\u00f3tl\u00f3 kezel\u00e9s, eszm\u00e9letlen beteg kezel\u00e9se, alapvet\u0151 anyagcsere folyamatok korrekci\u00f3ja), teljes k\u00f6r\u0171 megfigyel\u00e9s mellett.<\/p>\n<hr \/>\n<h2 style=\"text-align: justify\">Ell\u00e1t\u00e1si ter\u00fclet<\/h2>\n<p style=\"text-align: justify\">Oszt\u00e1lyunk az orsz\u00e1gos int\u00e9zet r\u00e9szek\u00e9nt fogad minden koponya\u00fcregi m\u0171t\u00e9ten \u00e1tesett beteget m\u0171t\u00e9t ut\u00e1ni intenz\u00edv megfigyel\u00e9s c\u00e9lj\u00e1b\u00f3l.<\/p>\n<p style=\"text-align: justify\">Subintenz\u00edv r\u00e9szleg\u00fcnkkel kar\u00f6ltve az ell\u00e1t\u00e1si sz\u00fcks\u00e9gletnek megfelel\u0151 szinten fogadjuk az akut stroke betegeket.<br \/>\nBudapest III. ker\u00fclet\u00e9nek neurointenz\u00edv ell\u00e1t\u00e1s\u00e1t biztos\u00edtjuk.<\/p>\n<hr \/>\n<h2 style=\"text-align: justify\">Oszt\u00e1lyvezet\u0151<\/h2>\n<ul>\n<li style=\"text-align: justify\">Dr. Kelemen J\u00f3zsef<\/li>\n<\/ul>\n<h2>Oszt\u00e1ly orvosok<\/h2>\n<ul>\n<li style=\"text-align: justify\">Dr. Balogh L\u00e1szl\u00f3<\/li>\n<li style=\"text-align: justify\">Dr. Bata M\u00e1t\u00e9<\/li>\n<li style=\"text-align: justify\">Dr. Berkes Tibor Gy\u00f6rgy<\/li>\n<li style=\"text-align: justify\">Dr. Hajnal Csilla<\/li>\n<li style=\"text-align: justify\">Dr. Kajner Krisztina<\/li>\n<li style=\"text-align: justify\">Dr. Katona J\u00f3zsef<\/li>\n<li style=\"text-align: justify\">Dr. Kelemen Judit<\/li>\n<li style=\"text-align: justify\">Dr. Korompai M\u00e1t\u00e9<\/li>\n<li style=\"text-align: justify\">Dr. Kov\u00e1csevics J\u00f3zsef<\/li>\n<li style=\"text-align: justify\">Dr. R\u00f3bert Be\u00e1ta<\/li>\n<li style=\"text-align: justify\">Dr. Sorb\u00e1n J\u00f3zsef<\/li>\n<li style=\"text-align: justify\">Dr. Szab\u00f3n\u00e9 Dr. Pint\u00e9r Enik\u0151 Andrea<\/li>\n<li style=\"text-align: justify\">Dr. Szab\u00f3n\u00e9 Dr. Sz\u00e1sz Korn\u00e9lia<\/li>\n<li style=\"text-align: justify\">Dr. Tarr L\u00e1szl\u00f3<\/li>\n<li style=\"text-align: justify\">Dr. Z\u00f6ldr\u00e9ti Anik\u00f3<\/li>\n<li style=\"text-align: justify\">Dr. Margitay Zolt\u00e1nn\u00e9<\/li>\n<\/ul>\n","protected":false},"excerpt":{"rendered":"<p>Telefonsz\u00e1m +36\/1\/467-9395 R\u00f6vid Ismertet\u0151 Koponya megnyit\u00e1s\u00e1val j\u00e1r\u00f3 agyi- \u00e9s kiterjesztett gerincm\u0171t\u00e9ten \u00e1tesett betegek megfigyel\u00e9s\u00e9ben, valamint az invaz\u00edv stroke ell\u00e1t\u00e1st k\u00f6vet\u0151en kiemelt ell\u00e1t\u00e1st ig\u00e9nyl\u0151 betegek neuro-intenz\u00edv kezel\u00e9s\u00e9ben ny\u00fajt seg\u00edts\u00e9get. Ezen t\u00falmen\u0151en minden olyan esetben, amikor egy beteg \u00e1llapota intenz\u00edv ell\u00e1t\u00e1st ig\u00e9nyel. A KAITO f\u0151 szakter\u00fclete a m\u0171t\u00e9ti altat\u00e1s, \u00e9rz\u00e9stelen\u00edt\u00e9s idegseb\u00e9szeti-, neuro-intervenci\u00f3s beavatkoz\u00e1sokhoz. Az Intenz\u00edv Oszt\u00e1lyon s\u00falyos &hellip;<\/p>\n","protected":false},"author":102360,"featured_media":0,"parent":487,"menu_order":0,"comment_status":"closed","ping_status":"closed","template":"","meta":{"_acf_changed":false,"footnotes":""},"categories":[9,8],"tags":[],"class_list":["post-606","page","type-page","status-publish","hentry","category-fekvobeteg","category-osztaly"],"acf":[],"_links":{"self":[{"href":"https:\/\/semmelweis.hu\/amerikaiut\/wp-json\/wp\/v2\/pages\/606","targetHints":{"allow":["GET"]}}],"collection":[{"href":"https:\/\/semmelweis.hu\/amerikaiut\/wp-json\/wp\/v2\/pages"}],"about":[{"href":"https:\/\/semmelweis.hu\/amerikaiut\/wp-json\/wp\/v2\/types\/page"}],"author":[{"embeddable":true,"href":"https:\/\/semmelweis.hu\/amerikaiut\/wp-json\/wp\/v2\/users\/102360"}],"replies":[{"embeddable":true,"href":"https:\/\/semmelweis.hu\/amerikaiut\/wp-json\/wp\/v2\/comments?post=606"}],"version-history":[{"count":5,"href":"https:\/\/semmelweis.hu\/amerikaiut\/wp-json\/wp\/v2\/pages\/606\/revisions"}],"predecessor-version":[{"id":1057,"href":"https:\/\/semmelweis.hu\/amerikaiut\/wp-json\/wp\/v2\/pages\/606\/revisions\/1057"}],"up":[{"embeddable":true,"href":"https:\/\/semmelweis.hu\/amerikaiut\/wp-json\/wp\/v2\/pages\/487"}],"wp:attachment":[{"href":"https:\/\/semmelweis.hu\/amerikaiut\/wp-json\/wp\/v2\/media?parent=606"}],"wp:term":[{"taxonomy":"category","embeddable":true,"href":"https:\/\/semmelweis.hu\/amerikaiut\/wp-json\/wp\/v2\/categories?post=606"},{"taxonomy":"post_tag","embeddable":true,"href":"https:\/\/semmelweis.hu\/amerikaiut\/wp-json\/wp\/v2\/tags?post=606"}],"curies":[{"name":"wp","href":"https:\/\/api.w.org\/{rel}","templated":true}]}}