{"id":604,"date":"2024-05-30T12:39:39","date_gmt":"2024-05-30T10:39:39","guid":{"rendered":"https:\/\/semmelweis.hu\/amerikaiut\/?page_id=604"},"modified":"2025-04-01T15:30:49","modified_gmt":"2025-04-01T13:30:49","slug":"gyermekidegsebeszeti-osztaly","status":"publish","type":"page","link":"https:\/\/semmelweis.hu\/amerikaiut\/gyogyitas\/fekvobeteg-osztalyok\/gyermekidegsebeszeti-osztaly\/","title":{"rendered":"Gyermekidegseb\u00e9szeti Oszt\u00e1ly"},"content":{"rendered":"<h2 style=\"text-align: justify\">Ell\u00e1tott szakm\u00e1k<\/h2>\n<p style=\"text-align: justify\">Ideggy\u00f3gy\u00e1szat<br \/>\nSeb\u00e9szet<\/p>\n<hr \/>\n<h2 style=\"text-align: justify\">R\u00f6vid Ismertet\u0151<\/h2>\n<p style=\"text-align: justify\">Oszt\u00e1lyunk az orsz\u00e1g egyetlen dedik\u00e1lt gyermek idegseb\u00e9szeti fekv\u0151beteg r\u00e9szlege. Minden gyermekkori, m\u0171t\u00e9ti beavatkoz\u00e1st ig\u00e9nyl\u0151 idegrendszeri betegs\u00e9get kezel\u00fcnk 0 &#8211; 18 \u00e9ves korig. Ezen betegs\u00e9gek ell\u00e1t\u00e1s\u00e1hoz minden 21. sz\u00e1zadi ig\u00e9nyt kiel\u00e9g\u00edt\u0151 diagnosztikai \u00e9s ter\u00e1pi\u00e1s eszk\u00f6z rendelkez\u00e9s\u00fcnkre \u00e1ll. 0-24 \u00f3r\u00e1ban m\u0171k\u00f6d\u0151 CT \u00e9s MR vizsg\u00e1latok, legmodernebb m\u0171t\u00e9ti technik\u00e1kat lehet\u0151v\u00e9 tev\u0151 mikroszk\u00f3pok, neuronavig\u00e1ci\u00f3s eszk\u00f6z\u00f6k \u00e9s endoszk\u00f3pok seg\u00edtik munk\u00e1nkat. A jelenleg oszt\u00e1lyunkon zajl\u00f3 fel\u00faj\u00edt\u00e1si munk\u00e1latokat k\u00f6vet\u0151en a betegek elhelyez\u00e9se a sz\u00fcl\u0151kkel egy szob\u00e1ban t\u00f6rt\u00e9nik 1 \u00e9s 2 \u00e1gyas k\u00f3rtermekben.<\/p>\n<hr \/>\n<h2 style=\"text-align: justify\">L\u00e1togat\u00e1si id\u0151<\/h2>\n<p style=\"text-align: justify\">H\u00e9tk\u00f6znap: de: 11-13h, du: 16-17h<br \/>\nH\u00e9tv\u00e9g\u00e9n: de: 11-13h, du: 16-17h<\/p>\n<p style=\"text-align: justify\">K\u00f3rterem: max. 2 f\u0151<br \/>\nK\u00f6z\u00f6s t\u00e9r: max. 2 f\u0151<br \/>\nudvar: max. 3 f\u0151<\/p>\n<hr \/>\n<h2 style=\"text-align: justify\">Tudnival\u00f3k l\u00e1togat\u00f3knak<\/h2>\n<p style=\"text-align: justify\">Lehets\u00e9ges a folyamatos sz\u00fcl\u0151i jelenl\u00e9t (1 f\u0151), a higi\u00e9n\u00e9s szab\u00e1lyok betart\u00e1s\u00e1val, az oszt\u00e1lyvezet\u0151 f\u0151orvossal el\u0151re egyeztetve.<br \/>\nM\u00e1sik sz\u00fcl\u0151 11.00-13.00, valamint 16.00-18.30 id\u0151tartamokban l\u00e1togathat.<\/p>\n<p style=\"text-align: justify\">14 \u00e9v alatti gyermek csak csak nagykor\u00fa k\u00eds\u00e9rettel, az oszt\u00e1lyvezet\u0151\/\u00fcgyeletvezet\u0151 k\u00fcl\u00f6n enged\u00e9ly\u00e9vel l\u00e1togathat\u00f3.<\/p>\n<p style=\"text-align: justify\">Gondoz\u00e1s: gondoz\u00e1sban seg\u00edthet<\/p>\n<hr \/>\n<h2 style=\"text-align: justify\">R\u00e9szletes inform\u00e1ci\u00f3k<\/h2>\n<p style=\"text-align: justify\">Oszt\u00e1lyunk az orsz\u00e1g egyetlen dedik\u00e1lt gyermek idegseb\u00e9szeti fekv\u0151beteg r\u00e9szlege. Minden gyermekkori, m\u0171t\u00e9ti beavatkoz\u00e1st ig\u00e9nyl\u0151 idegrendszeri betegs\u00e9get kezel\u00fcnk 0 &#8211; 18 \u00e9ves korig.<\/p>\n<p style=\"text-align: justify\">Ezen betegs\u00e9gek ell\u00e1t\u00e1s\u00e1hoz minden 21. sz\u00e1zadi ig\u00e9nyt kiel\u00e9g\u00edt\u0151 diagnosztikai \u00e9s ter\u00e1pi\u00e1s eszk\u00f6z rendelkez\u00e9s\u00fcnkre \u00e1ll. 0-24 \u00f3r\u00e1ban m\u0171k\u00f6d\u0151 CT \u00e9s MR vizsg\u00e1latok, legmodernebb m\u0171t\u00e9ti technik\u00e1kat lehet\u0151v\u00e9 tev\u0151 mikroszk\u00f3pok, neuronavig\u00e1ci\u00f3s eszk\u00f6z\u00f6k \u00e9s endoszk\u00f3pok seg\u00edtik munk\u00e1nkat. A jelenleg oszt\u00e1lyunkon zajl\u00f3 fel\u00faj\u00edt\u00e1si munk\u00e1latokat k\u00f6vet\u0151en a betegek elhelyez\u00e9se a sz\u00fcl\u0151kkel egy szob\u00e1ban t\u00f6rt\u00e9nik 1 \u00e9s 2 \u00e1gyas k\u00f3rtermekben.<\/p>\n<hr \/>\n<h2 style=\"text-align: justify\">Egy\u00e9b inform\u00e1ci\u00f3k, \u00e9rdekess\u00e9gek<\/h2>\n<p style=\"text-align: justify\">Az Amigos a gyerekek\u00e9rt Alap\u00edtv\u00e1ny egyetemista \u00f6nk\u00e9ntesei 2021 \u00f3ta l\u00e1togatj\u00e1k az Int\u00e9zet\u00fcnk gyermekoszt\u00e1ly\u00e1t.<\/p>\n<p style=\"text-align: justify\">Az Amig\u00f3k c\u00e9lja, hogy visszaadj\u00e1k a gyerekeknek azt, ami a legink\u00e1bb hi\u00e1nyozhat: a kort\u00e1rs kapcsolatokat \u00e9s bar\u00e1tokat. Mindezt j\u00e1t\u00e9kokkal \u00e9s j\u00e1t\u00e9kokba csemp\u00e9szett nyelvtanul\u00e1ssal igyekeznek el\u00e9rni. Sokszor csak besz\u00e9lget\u00e9s zajlik egy-egy \u00fagynevezett bevet\u00e9s alkalm\u00e1val, m\u00e1skor azonban nagyobbn\u00e1l-nagyobb k\u00e1rtyapartik, fest\u00e9s \u00e9s k\u00e9zm\u0171vesked\u00e9s vagy t\u00e1rsasj\u00e1t\u00e9koz\u00e1s zajlik, mik\u00f6zben franci\u00e1ul sz\u00e1mokat, vagy spanyolul a sz\u00edneket tanulj\u00e1k.<\/p>\n<p style=\"text-align: justify\">Az egyetemista \u00f6nk\u00e9ntesekb\u0151l \u00e1ll\u00f3 csapat a kis kork\u00fcl\u00f6nbs\u00e9g miatt j\u00e1t\u00e9kos nagytestv\u00e9rk\u00e9nt jelenhetnek meg a gyerekeknek, azonban mivel akt\u00edvan tanulnak, \u00edgy p\u00e9ld\u00e1t is mutatva tudnak foglalkozni vel\u00fck.<\/p>\n<p style=\"text-align: justify\">Az Amig\u00f3k k\u00f3rh\u00e1zi l\u00e1togat\u00e1sair\u00f3l inform\u00e1ci\u00f3 a szervezet<\/p>\n<ul>\n<li style=\"text-align: justify\">Facebook oldal\u00e1n:\u00a0<a href=\"https:\/\/www.facebook.com\/amigosagyerekekert\/\">https:\/\/www.facebook.com\/amigosagyerekekert\/<\/a><\/li>\n<li style=\"text-align: justify\">vagy a honlapjukon:\u00a0<a href=\"https:\/\/amigos.hu\/\">https:\/\/amigos.hu\/<\/a><\/li>\n<\/ul>\n<p style=\"text-align: justify\">&#8222;Az Amigos munk\u00e1j\u00e1t b\u00e1rki seg\u00edtheti legyen az kicsi vagy nagy, n\u00e9zd meg, hogy te mit tehetsz a legkisebbek mosoly\u00e1\u00e9rt!&#8221;<\/p>\n<hr \/>\n<h2 style=\"text-align: justify\">Oszt\u00e1lyvezet\u0151<\/h2>\n<ul>\n<li style=\"text-align: justify\">Dr. Markia Bal\u00e1zs<\/li>\n<\/ul>\n<h2 style=\"text-align: justify\">Oszt\u00e1ly orvosok<\/h2>\n<ul>\n<li style=\"text-align: justify\">Dr. Kiss-Miki Ren\u00e1ta M\u00e1ria<\/li>\n<li style=\"text-align: justify\">Dr. Megyeri-Laufer Zs\u00f3fia<\/li>\n<li style=\"text-align: justify\">Dr. P\u00e1lmafy Beatrix<\/li>\n<li style=\"text-align: justify\">Dr. Furmann Gergely<\/li>\n<\/ul>\n<h2>Oszt\u00e1ly f\u0151n\u0151v\u00e9r<\/h2>\n<ul>\n<li>G\u00e9czyn\u00e9 Guthy Marianna<\/li>\n<\/ul>\n","protected":false},"excerpt":{"rendered":"<p>Ell\u00e1tott szakm\u00e1k Ideggy\u00f3gy\u00e1szat Seb\u00e9szet R\u00f6vid Ismertet\u0151 Oszt\u00e1lyunk az orsz\u00e1g egyetlen dedik\u00e1lt gyermek idegseb\u00e9szeti fekv\u0151beteg r\u00e9szlege. Minden gyermekkori, m\u0171t\u00e9ti beavatkoz\u00e1st ig\u00e9nyl\u0151 idegrendszeri betegs\u00e9get kezel\u00fcnk 0 &#8211; 18 \u00e9ves korig. Ezen betegs\u00e9gek ell\u00e1t\u00e1s\u00e1hoz minden 21. sz\u00e1zadi ig\u00e9nyt kiel\u00e9g\u00edt\u0151 diagnosztikai \u00e9s ter\u00e1pi\u00e1s eszk\u00f6z rendelkez\u00e9s\u00fcnkre \u00e1ll. 0-24 \u00f3r\u00e1ban m\u0171k\u00f6d\u0151 CT \u00e9s MR vizsg\u00e1latok, legmodernebb m\u0171t\u00e9ti technik\u00e1kat lehet\u0151v\u00e9 tev\u0151 mikroszk\u00f3pok, &hellip;<\/p>\n","protected":false},"author":102360,"featured_media":0,"parent":487,"menu_order":0,"comment_status":"closed","ping_status":"closed","template":"","meta":{"_acf_changed":false,"footnotes":""},"categories":[9,8],"tags":[],"class_list":["post-604","page","type-page","status-publish","hentry","category-fekvobeteg","category-osztaly"],"acf":[],"_links":{"self":[{"href":"https:\/\/semmelweis.hu\/amerikaiut\/wp-json\/wp\/v2\/pages\/604","targetHints":{"allow":["GET"]}}],"collection":[{"href":"https:\/\/semmelweis.hu\/amerikaiut\/wp-json\/wp\/v2\/pages"}],"about":[{"href":"https:\/\/semmelweis.hu\/amerikaiut\/wp-json\/wp\/v2\/types\/page"}],"author":[{"embeddable":true,"href":"https:\/\/semmelweis.hu\/amerikaiut\/wp-json\/wp\/v2\/users\/102360"}],"replies":[{"embeddable":true,"href":"https:\/\/semmelweis.hu\/amerikaiut\/wp-json\/wp\/v2\/comments?post=604"}],"version-history":[{"count":5,"href":"https:\/\/semmelweis.hu\/amerikaiut\/wp-json\/wp\/v2\/pages\/604\/revisions"}],"predecessor-version":[{"id":998,"href":"https:\/\/semmelweis.hu\/amerikaiut\/wp-json\/wp\/v2\/pages\/604\/revisions\/998"}],"up":[{"embeddable":true,"href":"https:\/\/semmelweis.hu\/amerikaiut\/wp-json\/wp\/v2\/pages\/487"}],"wp:attachment":[{"href":"https:\/\/semmelweis.hu\/amerikaiut\/wp-json\/wp\/v2\/media?parent=604"}],"wp:term":[{"taxonomy":"category","embeddable":true,"href":"https:\/\/semmelweis.hu\/amerikaiut\/wp-json\/wp\/v2\/categories?post=604"},{"taxonomy":"post_tag","embeddable":true,"href":"https:\/\/semmelweis.hu\/amerikaiut\/wp-json\/wp\/v2\/tags?post=604"}],"curies":[{"name":"wp","href":"https:\/\/api.w.org\/{rel}","templated":true}]}}