{"id":600,"date":"2024-05-30T12:36:36","date_gmt":"2024-05-30T10:36:36","guid":{"rendered":"https:\/\/semmelweis.hu\/amerikaiut\/?page_id=600"},"modified":"2025-10-07T09:09:32","modified_gmt":"2025-10-07T07:09:32","slug":"funkcionalis-idegsebeszeti-osztaly","status":"publish","type":"page","link":"https:\/\/semmelweis.hu\/amerikaiut\/gyogyitas\/fekvobeteg-osztalyok\/funkcionalis-idegsebeszeti-osztaly\/","title":{"rendered":"Funkcion\u00e1lis Idegseb\u00e9szeti Oszt\u00e1ly"},"content":{"rendered":"<h2 style=\"text-align: left\">Ell\u00e1tott szakm\u00e1k<\/h2>\n<p style=\"text-align: justify\">Ideggy\u00f3gy\u00e1szat<\/p>\n<hr \/>\n<h2 style=\"text-align: left\">R\u00f6vid Ismertet\u0151<\/h2>\n<p style=\"text-align: justify\">Funkcion\u00e1lis Idegseb\u00e9szeti Programunk a modern orvostudom\u00e1ny olyan felbecs\u00fclhetetlen\u00fcl fontos v\u00edvm\u00e1nyait ny\u00fajtja a hozz\u00e1nk fordul\u00f3 betegek sz\u00e1m\u00e1ra, amelyek sok, kor\u00e1bban gy\u00f3gy\u00edthatatlannak hitt esetben is k\u00e9pesek megfelel\u0151 \u00e9letmin\u0151s\u00e9get biztos\u00edtani &#8211; m\u00e9ghozz\u00e1 visszaford\u00edthatatlan folyamatok el\u0151id\u00e9z\u00e9se n\u00e9lk\u00fcl. A panaszok csillap\u00edt\u00e1s\u00e1hoz ma m\u00e1r legt\u00f6bbsz\u00f6r nincs sz\u00fcks\u00e9g hagyom\u00e1nyos (ablat\u00edv) idegseb\u00e9szeti m\u0171t\u00e9tre. A hat\u00e9kony kezel\u00e9s sok esetben egy kism\u00e9ret\u0171 eszk\u00f6z (gy\u00f3gyszerpumpa, idegstimul\u00e1tor vagy elektr\u00f3da) be\u00fcltet\u00e9s\u00e9vel is lehets\u00e9ges. R\u00e1ad\u00e1sul a be\u00fcltetett eszk\u00f6z m\u0171k\u00f6d\u00e9se, azaz a gy\u00f3gyszer vagy az elektromos impulzus adagol\u00e1sa b\u00e1rmikor m\u00f3dos\u00edthat\u00f3 k\u00edv\u00fclr\u0151l is, tov\u00e1bbi seb\u00e9szeti beavatkoz\u00e1s n\u00e9lk\u00fcl.<\/p>\n<h2 style=\"text-align: justify\">L\u00e1togat\u00e1si id\u0151<\/h2>\n<ul>\n<li style=\"text-align: justify\">H\u00e9tk\u00f6znap: du: 15-17h<\/li>\n<li style=\"text-align: justify\">H\u00e9tv\u00e9g\u00e9n: de: 11-13h, du: 16-17h<\/li>\n<\/ul>\n<p>&nbsp;<\/p>\n<ul>\n<li style=\"text-align: justify\">K\u00f3rterem: max. 2 f\u0151<\/li>\n<li style=\"text-align: justify\">K\u00f6z\u00f6s t\u00e9r: max. 3 f\u0151<\/li>\n<li style=\"text-align: justify\">udvar: max. 3 f\u0151<\/li>\n<\/ul>\n<hr \/>\n<h2 style=\"text-align: justify\">Tudnival\u00f3k l\u00e1togat\u00f3knak<\/h2>\n<p style=\"text-align: justify\">Kritikus \u00e1llapot\u00fa beteg l\u00e1togat\u00e1sa a nap b\u00e1rmely szak\u00e1ban lehets\u00e9ges az oszt\u00e1lyvezet\u0151 f\u0151orvos enged\u00e9ly\u00e9vel.<\/p>\n<p style=\"text-align: justify\">Fennj\u00e1r\u00f3 beteg eset\u00e9ben, amennyiben a felt\u00e9telek adottak \u00e9s relev\u00e1ns az oszt\u00e1ly jelleg\u00e9b\u0151l ad\u00f3d\u00f3an, a l\u00e1togat\u00f3t lehet\u0151leg a k\u00f3rtermen k\u00edv\u00fcl, a k\u00f6z\u00f6s t\u00e9rben vagy az udvaron fogadja a p\u00e1ciens.<\/p>\n<p style=\"text-align: justify\">Gondoz\u00e1s: gondoz\u00e1sban seg\u00edthet<\/p>\n<hr \/>\n<h2 style=\"text-align: justify\">R\u00e9szletes inform\u00e1ci\u00f3k<\/h2>\n<h3 style=\"text-align: justify\">Az arcidegzs\u00e1b\u00e1t\u00f3l a Parkinson-k\u00f3rig<\/h3>\n<p style=\"text-align: justify\">Gy\u00f3gyszeres ter\u00e1pi\u00e1val nem befoly\u00e1solhat\u00f3 epilepszi\u00e1k, k\u00fcl\u00f6nf\u00e9le csillap\u00edthatatlan f\u00e1jdalmak, pl. arcidegzs\u00e1ba (trigeminus neuralgia), daganatos betegs\u00e9ggel \u00f6sszef\u00fcgg\u0151 nagyfok\u00fa f\u00e1jdalom, gerincm\u0171t\u00e9t vagy stroke ut\u00e1n visszamaradt f\u00e1jdalom, komplex region\u00e1lis f\u00e1jdalom szindr\u00f3ma (CRFS), \u00f6vs\u00f6m\u00f6rb\u0151l visszamarad\u00f3 \u00fan. posztherpeszes neuralgia, valamint tenzi\u00f3s \u00e9s migr\u00e9nes fejf\u00e1j\u00e1s. Mozg\u00e1szavarok, pl. az arc \u00e9s a nyak k\u00f6rny\u00e9k\u00e9n jelentkez\u0151 g\u00f6rcs\u00f6s izomr\u00e1ng\u00e1sok (dystonia), Parkinson-k\u00f3rral, sclerosis multiplexszel vagy m\u00e1s egy\u00e9bbel \u00f6sszef\u00fcgg\u0151 v\u00e9gtagremeg\u00e9s vagy merevs\u00e9g (pl. esszenci\u00e1lis tremor, spaszticit\u00e1s).<\/p>\n<p style=\"text-align: justify\">Bizonyos ritka esetekben el\u0151fordulhat, hogy sem a gy\u00f3gyszeres kezel\u00e9s, sem m\u00e1s hagyom\u00e1nyos ter\u00e1pia nem k\u00e9pes megfelel\u0151 seg\u00edts\u00e9get ny\u00fajtani azoknak, akik \u00e1lland\u00f3 f\u00e1jdalommal, gyakori rohamokat el\u0151id\u00e9z\u0151 epilepszi\u00e1val k\u00e9nytelenek egy\u00fctt \u00e9lni, vagy a norm\u00e1lis \u00e9letet ellehetetlen\u00edt\u0151 mozg\u00e1szavarral, esetleg v\u00e9gtagg\u00f6rcs\u00f6kkel \u00e9s -remeg\u00e9ssel k\u00fczdenek. Csakhogy azok sz\u00e1m\u00e1ra, akik ilyen betegs\u00e9gekkel k\u00fczdenek, az \u00e1tlagosan elhanyagolhat\u00f3 statisztikai ar\u00e1ny a saj\u00e1t \u00e9let\u00fck tekintet\u00e9ben \u00e9ppen 100%-os fenyegetetts\u00e9get \u00e9s kiszolg\u00e1ltatotts\u00e1got jelent.<\/p>\n<p style=\"text-align: justify\">K\u00f3rh\u00e1zunk Funkcion\u00e1lis Idegseb\u00e9szete sok ilyen rem\u00e9nytelennek t\u0171n\u0151 esetben is k\u00e9pes seg\u00edts\u00e9get ny\u00fajtani. Szakorvosaink sz\u00e1mos modern beavatkoz\u00e1si lehet\u0151s\u00e9g k\u00f6z\u00fcl tudj\u00e1k a beteg sz\u00e1m\u00e1ra azt a szem\u00e9lyre szabott modern ter\u00e1pi\u00e1t aj\u00e1nlani, amelyt\u0151l legink\u00e1bb v\u00e1rhat\u00f3 a nem m\u00fal\u00f3 k\u00ednz\u00f3 f\u00e1jdalom, az \u00e1lland\u00f3sul\u00f3 mozg\u00e1szavar vagy m\u00e1s s\u00falyos idegrendszeri panasz megsz\u0171n\u00e9se.<\/p>\n<p style=\"text-align: justify\">Funkcion\u00e1lis Idegseb\u00e9szeti Programunk a modern orvostudom\u00e1ny olyan felbecs\u00fclhetetlen\u00fcl fontos v\u00edvm\u00e1nyait ny\u00fajtja a hozz\u00e1nk fordul\u00f3 betegek sz\u00e1m\u00e1ra, amelyek sok, kor\u00e1bban gy\u00f3gy\u00edthatatlannak hitt esetben is k\u00e9pesek megfelel\u0151 \u00e9letmin\u0151s\u00e9get biztos\u00edtani &#8211; m\u00e9ghozz\u00e1 visszaford\u00edthatatlan folyamatok el\u0151id\u00e9z\u00e9se n\u00e9lk\u00fcl. A panaszok csillap\u00edt\u00e1s\u00e1hoz ma m\u00e1r legt\u00f6bbsz\u00f6r nincs sz\u00fcks\u00e9g hagyom\u00e1nyos (ablat\u00edv) idegseb\u00e9szeti m\u0171t\u00e9tre. A hat\u00e9kony kezel\u00e9s sok esetben egy kism\u00e9ret\u0171 eszk\u00f6z (gy\u00f3gyszerpumpa, idegstimul\u00e1tor vagy elektr\u00f3da) be\u00fcltet\u00e9s\u00e9vel is lehets\u00e9ges. R\u00e1ad\u00e1sul a be\u00fcltetett eszk\u00f6z m\u0171k\u00f6d\u00e9se, azaz a gy\u00f3gyszer vagy az elektromos impulzus adagol\u00e1sa b\u00e1rmikor m\u00f3dos\u00edthat\u00f3 k\u00edv\u00fclr\u0151l is, tov\u00e1bbi seb\u00e9szeti beavatkoz\u00e1s n\u00e9lk\u00fcl.<\/p>\n<p style=\"text-align: justify\">M\u00e9g a szakemberek k\u00f6r\u00e9ben is kev\u00e9ss\u00e9 ismert az a t\u00e9ny, hogy a modern neuromodul\u00e1ci\u00f3s beavatkoz\u00e1sok tekintet\u00e9ben int\u00e9zm\u00e9ny\u00fcnk Eur\u00f3pa egyik vezet\u0151 centruma: a m\u00e1sodik legnagyobb funkcion\u00e1lis seb\u00e9szeti k\u00f6zpont a kontinensen. Az itt v\u00e9gzett korszer\u0171 m\u0171t\u00e9tek imm\u00e1r t\u00f6bb sz\u00e1z betegen seg\u00edtettek: az esetek d\u00f6nt\u0151 t\u00f6bbs\u00e9g\u00e9ben elm\u00faltak a m\u00e1sk\u00e9pp kezelhetetlennek bizonyul\u00f3 panaszok, egy\u00e1ltal\u00e1n nem vagy sokkal kev\u00e9sb\u00e9 jelentkeztek a f\u00e1jdalmak, \u00e9s megsz\u0171ntek az \u00e9letmin\u0151s\u00e9get t\u00f6nkretev\u0151 rohamok \u00e9s g\u00f6rcs\u00f6k is.<\/p>\n<p style=\"text-align: justify\">A funkcion\u00e1lis seb\u00e9szeti beavatkoz\u00e1son \u00e1tesett betegeinkkel szoros kapcsolatban maradunk a k\u00f3rh\u00e1zi kezel\u00e9st k\u00f6vet\u0151en is. A m\u0171t\u00e9t ut\u00e1ni \u00e9vben t\u00f6bb k\u00f6telez\u0151 kontrollvizsg\u00e1latra is visszav\u00e1rjuk p\u00e1cienseinket. Azokat a betegeinket pedig, akik neurostimul\u00e1ci\u00f3s gy\u00f3gykezel\u00e9sben r\u00e9szes\u00fclnek, az int\u00e9zm\u00e9ny\u00fcnkkel szoros kapcsolatban l\u00e9v\u0151 gondoz\u00f3 k\u00f6zpontok is seg\u00edtik az eszk\u00f6z kezel\u00e9s\u00e9ben \u00e9s rendszeres karbantart\u00e1s\u00e1ban.<\/p>\n<h3 style=\"text-align: justify\">Programvezet\u0151<\/h3>\n<ul>\n<li style=\"text-align: justify\">Prof. Dr. Er\u0151ss Lor\u00e1nd klinikaigazgat\u00f3, egyetemi tan\u00e1r<\/li>\n<\/ul>\n<h3 style=\"text-align: justify\">Bels\u0151 konzult\u00e1nsaink<\/h3>\n<ul>\n<li style=\"text-align: justify\">Dr. Czirj\u00e1k S\u00e1ndor idegseb\u00e9sz f\u0151orvos, egyetemi tan\u00e1r<\/li>\n<li style=\"text-align: justify\">Dr. Fedorcs\u00e1k Imre idegseb\u00e9sz, klinikai onkol\u00f3gus f\u0151orvos<\/li>\n<li style=\"text-align: justify\">Dr. Markia Bal\u00e1zs idegseb\u00e9sz szakorvos<\/li>\n<li style=\"text-align: justify\">Dr. Vajda J\u00e1nos idegseb\u00e9sz f\u0151orvos<\/li>\n<\/ul>\n<hr \/>\n<h2 style=\"text-align: justify\">Oszt\u00e1lyvezet\u0151<\/h2>\n<ul>\n<li style=\"text-align: justify\">Dr. V\u00e1radi P\u00e9ter oszt\u00e1lyvezet\u0151 f\u0151orvos<\/li>\n<\/ul>\n<h2 style=\"text-align: justify\">Oszt\u00e1ly orvosok<\/h2>\n<ul>\n<li style=\"text-align: justify\">Dr. Hal\u00e1sz L\u00e1szl\u00f3<\/li>\n<li style=\"text-align: justify\">Dr. Mikl\u00f3s Gabriella M\u00e1ria<\/li>\n<li style=\"text-align: justify\">Dr. Nagy D\u00e1vid Gerg\u0151<\/li>\n<li style=\"text-align: justify\">Dr. R\u00e1cz Adrien Dorina<\/li>\n<li style=\"text-align: justify\">Dr. V\u00e1radi G\u00e9za P\u00e9ter<\/li>\n<\/ul>\n","protected":false},"excerpt":{"rendered":"<p>Ell\u00e1tott szakm\u00e1k Ideggy\u00f3gy\u00e1szat R\u00f6vid Ismertet\u0151 Funkcion\u00e1lis Idegseb\u00e9szeti Programunk a modern orvostudom\u00e1ny olyan felbecs\u00fclhetetlen\u00fcl fontos v\u00edvm\u00e1nyait ny\u00fajtja a hozz\u00e1nk fordul\u00f3 betegek sz\u00e1m\u00e1ra, amelyek sok, kor\u00e1bban gy\u00f3gy\u00edthatatlannak hitt esetben is k\u00e9pesek megfelel\u0151 \u00e9letmin\u0151s\u00e9get biztos\u00edtani &#8211; m\u00e9ghozz\u00e1 visszaford\u00edthatatlan folyamatok el\u0151id\u00e9z\u00e9se n\u00e9lk\u00fcl. A panaszok csillap\u00edt\u00e1s\u00e1hoz ma m\u00e1r legt\u00f6bbsz\u00f6r nincs sz\u00fcks\u00e9g hagyom\u00e1nyos (ablat\u00edv) idegseb\u00e9szeti m\u0171t\u00e9tre. A hat\u00e9kony kezel\u00e9s sok esetben &hellip;<\/p>\n","protected":false},"author":102360,"featured_media":0,"parent":487,"menu_order":0,"comment_status":"closed","ping_status":"closed","template":"","meta":{"_acf_changed":false,"footnotes":""},"categories":[9,8],"tags":[],"class_list":["post-600","page","type-page","status-publish","hentry","category-fekvobeteg","category-osztaly"],"acf":[],"_links":{"self":[{"href":"https:\/\/semmelweis.hu\/amerikaiut\/wp-json\/wp\/v2\/pages\/600","targetHints":{"allow":["GET"]}}],"collection":[{"href":"https:\/\/semmelweis.hu\/amerikaiut\/wp-json\/wp\/v2\/pages"}],"about":[{"href":"https:\/\/semmelweis.hu\/amerikaiut\/wp-json\/wp\/v2\/types\/page"}],"author":[{"embeddable":true,"href":"https:\/\/semmelweis.hu\/amerikaiut\/wp-json\/wp\/v2\/users\/102360"}],"replies":[{"embeddable":true,"href":"https:\/\/semmelweis.hu\/amerikaiut\/wp-json\/wp\/v2\/comments?post=600"}],"version-history":[{"count":6,"href":"https:\/\/semmelweis.hu\/amerikaiut\/wp-json\/wp\/v2\/pages\/600\/revisions"}],"predecessor-version":[{"id":1069,"href":"https:\/\/semmelweis.hu\/amerikaiut\/wp-json\/wp\/v2\/pages\/600\/revisions\/1069"}],"up":[{"embeddable":true,"href":"https:\/\/semmelweis.hu\/amerikaiut\/wp-json\/wp\/v2\/pages\/487"}],"wp:attachment":[{"href":"https:\/\/semmelweis.hu\/amerikaiut\/wp-json\/wp\/v2\/media?parent=600"}],"wp:term":[{"taxonomy":"category","embeddable":true,"href":"https:\/\/semmelweis.hu\/amerikaiut\/wp-json\/wp\/v2\/categories?post=600"},{"taxonomy":"post_tag","embeddable":true,"href":"https:\/\/semmelweis.hu\/amerikaiut\/wp-json\/wp\/v2\/tags?post=600"}],"curies":[{"name":"wp","href":"https:\/\/api.w.org\/{rel}","templated":true}]}}