{"id":598,"date":"2024-05-30T12:35:07","date_gmt":"2024-05-30T10:35:07","guid":{"rendered":"https:\/\/semmelweis.hu\/amerikaiut\/?page_id=598"},"modified":"2025-09-04T12:25:33","modified_gmt":"2025-09-04T10:25:33","slug":"epilepszia-kozpont","status":"publish","type":"page","link":"https:\/\/semmelweis.hu\/amerikaiut\/gyogyitas\/fekvobeteg-osztalyok\/epilepszia-kozpont\/","title":{"rendered":"Epilepszia K\u00f6zpont"},"content":{"rendered":"<h2 style=\"text-align: justify\">Telefonsz\u00e1mok<\/h2>\n<p style=\"text-align: justify\">K\u00f6zpont: +36\/1\/467-9300<br \/>\nEpilepszia ambulancia: +36\/1\/467-9313, 313 mell\u00e9k <br \/>\nEpilepszia r\u00e9szleg n\u0151v\u00e9rpult: 255 mell\u00e9k<br \/>\nVideo EEG monitoroz\u00f3: 104 mell\u00e9k<\/p>\n<h2 style=\"text-align: justify\">R\u00f6vid Ismertet\u0151<\/h2>\n<p style=\"text-align: justify\">Az Epilepszia K\u00f6zpont 2007 november\u00e9ben kezdte meg m\u0171k\u00f6d\u00e9s\u00e9t, mely mind funkci\u00f3, mint a team vonatkoz\u00e1s\u00e1ban szerves folytat\u00e1sa az egykori Orsz\u00e1gos Pszichi\u00e1triai \u00e9s Neurol\u00f3giai Int\u00e9zet Epilepszia K\u00f6zpontj\u00e1nak. K\u00f6zpontunk egys\u00e9gei az SE-INK neurol\u00f3giai oszt\u00e1ly keret\u00e9n bel\u00fcl m\u0171k\u00f6dnek. Epilepszia k\u00f6zpontunk teljes tagja a jelenleg 36 tagot sz\u00e1ml\u00e1l\u00f3, az Eur\u00f3pai Bizotts\u00e1g \u00e1ltal akkredit\u00e1lt \u00e9s finansz\u00edrozott Eur\u00f3pai Epilepszia referencia k\u00f6zpontok h\u00e1l\u00f3zat\u00e1nak (ERN \u2013 Epi-care <a href=\"https:\/\/epi-care.eu\/\">https:\/\/epi-care.eu\/<\/a>) ahol a ritka epilepszi\u00e1kkal kapcsolatos legmagasabb szint\u0171 szakmai \u00e9s eur\u00f3pai harmoniz\u00e1ci\u00f3s munka zajlik.<\/p>\n<hr \/>\n<h2 style=\"text-align: justify\">R\u00e9szletes inform\u00e1ci\u00f3k<\/h2>\n<h3 style=\"text-align: justify\">K\u00f6zpontunk egys\u00e9gei:<\/h3>\n<ul>\n<li style=\"text-align: justify\"><strong>Epilepszia Szakrendel\u00e9s:<\/strong> 8 epilepszia specialista orvos rendel\u00e9s\u00e9n 7-8000 orvos-beteg tal\u00e1lkoz\u00e1s t\u00f6rt\u00e9nik \u00e9vente az orsz\u00e1g eg\u00e9sz ter\u00fclet\u00e9r\u0151l.<\/li>\n<li style=\"text-align: justify\">Epilepszia genetika rendel\u00e9s, Epilepszia seb\u00e9szeti rendel\u00e9s mint speci\u00e1lis betegcsoport ell\u00e1t\u00e1s m\u0171k\u00f6dik havonta 1X<\/li>\n<li style=\"text-align: justify\"><strong>Epilepszia R\u00e9szleg:<\/strong> 12 \u00e1gyas r\u00e9szleg, melynek \u00e1gyain epilepszia fekv\u0151beteg ell\u00e1t\u00e1s t\u00f6rt\u00e9nik orsz\u00e1gos hat\u00e1sk\u00f6rrel. K\u00e9t k\u00f3rteremben folyamatos video-megfigyel\u00e9s \u00e9s r\u00f6gz\u00edt\u00e9s biztos\u00edtott.<\/li>\n<li style=\"text-align: justify\"><strong>Epilepszia Monitoroz\u00f3 Egys\u00e9g:<\/strong> az egys\u00e9gben \u00fan. long term EEG vizsg\u00e1latok t\u00f6rt\u00e9nnek. K\u00e9t \u00e1gyon intenz\u00edv (\u00e1ltal\u00e1ban egy hetes) video-EEG regisztr\u00e1l\u00e1s folyik, epilepsziaseb\u00e9szeti kivizsg\u00e1l\u00e1s \u00e9s kisebb r\u00e9szben differenci\u00e1ldiagnosztika c\u00e9lj\u00e1b\u00f3l. \u00c9vente 80-90 vizsg\u00e1latot v\u00e9gz\u00fcnk. A vizsg\u00e1latok egy r\u00e9sze m\u0171t\u00e9ttel a kopony\u00e1ba \u00fcltetett elektr\u00f3d\u00e1kkal t\u00f6rt\u00e9nik (grid, strip, foramen ovale \u00e9s m\u00e9lyelektr\u00f3d\u00e1k), ilyenkor speci\u00e1lis stimul\u00e1ci\u00f3s funkci\u00f3t\u00e9rk\u00e9pez\u00e9sen is \u00e1tesnek betegeink.<\/li>\n<li style=\"text-align: justify\"><strong>24h Holter EEG \u00e9s alv\u00e1s vizsg\u00e1latok:<\/strong> J\u00e1r\u00f3beteg ell\u00e1t\u00e1sban \u00e9vente \u00e1tlagosan 200 esetben v\u00e9gz\u00fcnk 24 \u00f3r\u00e1s holter- EEG vizsg\u00e1latot diagnosztikus c\u00e9lb\u00f3l.<\/li>\n<li style=\"text-align: justify\"><strong>Neuropszichol\u00f3giai laborat\u00f3rium:<\/strong> egy neuropszichol\u00f3gus v\u00e9gzi az epilepszi\u00e1s betegek kognit\u00edv \u00e1llapot\u00e1nak r\u00e9szletes felm\u00e9r\u00e9s\u00e9t. Az eredm\u00e9nyeket epilepsziaseb\u00e9szeti kivizsg\u00e1l\u00e1sokn\u00e1l, \u00e1llapotfelm\u00e9r\u00e9sekn\u00e9l, rehabilit\u00e1ci\u00f3 tervez\u00e9s\u00e9n\u00e9l hasznos\u00edtjuk.<\/li>\n<\/ul>\n<p>Szoros egy\u00fcttm\u0171k\u00f6d\u00e9sben dolgozunk int\u00e9zet\u00fcnk Funkcion\u00e1lis Idegseb\u00e9szeti oszt\u00e1ly\u00e1val, ahol az elektr\u00f3da be\u00fcltet\u00e9sek, epilepszia m\u0171t\u00e9tek illetve a ter\u00e1pi\u00e1s neuromodul\u00e1ci\u00f3s eszk\u00f6z\u00f6k implant\u00e1ci\u00f3ja t\u00f6rt\u00e9nik.<\/p>\n<p>Diagnosztikai vonatkoz\u00e1sban hasonl\u00f3an szoros a kooper\u00e1ci\u00f3 a neuroradiol\u00f3giai \u00e9s neurofiziol\u00f3giai egys\u00e9geinkkel ahol standard \u00e9s alv\u00e1sdepriv\u00e1ci\u00f3 ut\u00e1ni alv\u00e1s-EEG vizg\u00e1latok t\u00f6rt\u00e9nnek, valamint farmakokinetikai laborat\u00f3riumunkkal ahol s sz\u00e9rum antiepileptikum szint vizsg\u00e1latokat v\u00e9gezz\u00fck: carbamazepin, oxcarbazepin, valpro\u00e1t, phenytoin, levetiracetam, brivaracetam, lamotrigine, zonisamid, felbamate, rufinamide, topiramate, clobasam, ethosuxinimid meghat\u00e1roz\u00e1st.<\/p>\n<hr \/>\n<h2>Egy\u00e9b inform\u00e1ci\u00f3k, \u00e9rdekess\u00e9gek<\/h2>\n<p>A fent v\u00e1zolt komprehenz\u00edv epilepszia k\u00f6zpont negyedik ell\u00e1t\u00e1si szintet k\u00e9pvisel\u0151 epileptol\u00f3giai \u00e9s epilepszia seb\u00e9szeti ell\u00e1t\u00f3 hely, Magyarorsz\u00e1g legnagyobb betegforgalm\u00fa epilepszia centruma, egyike az orsz\u00e1g k\u00e9t epilepsziaseb\u00e9szeti kivizsg\u00e1l\u00e1st \u00e9s kezel\u00e9st v\u00e9gz\u0151 k\u00f6zpontj\u00e1nak. Rendszeresen v\u00e9gz\u00fcnk epilepsziaseb\u00e9szeti kivizsg\u00e1l\u00e1st \u00e9s beavatkoz\u00e1st k\u00fclf\u00f6ldi p\u00e1ciensekn\u00e9l is.<\/p>\n<hr \/>\n<h2>Tev\u00e9kenys\u00e9gek:<\/h2>\n<ul>\n<li>Epilepszia diagnosztika, differenci\u00e1ldiagnosztika, ritka epilepszi\u00e1k diagnosztik\u00e1ja, ter\u00e1pi\u00e1ja, diagnosztika els\u0151 roham ut\u00e1n is<\/li>\n<li>Epilepszia gy\u00f3gyszeres kezel\u00e9se, gondoz\u00e1sa<\/li>\n<li>Epilepsziaseb\u00e9szeti kivizsg\u00e1l\u00e1s, epilepszia m\u0171t\u00e9tek<\/li>\n<li>Neuromodul\u00e1ci\u00f3s kezel\u00e9sek indik\u00e1l\u00e1sa, v\u00e9gz\u00e9se<\/li>\n<li>Epilepszia genetikai vizsg\u00e1latok<\/li>\n<li>Epilepszia, alv\u00e1s \u00e9s hat\u00e1rter\u00fcletei<\/li>\n<li>Szak\u00e9rt\u0151i v\u00e9lem\u00e9nyez\u00e9s, m\u00e1sodv\u00e9lem\u00e9nyez\u00e9s<\/li>\n<li>Epilepszia oktat\u00e1s (gradu\u00e1lis, posztgradu\u00e1lis, egy\u00e9ni tr\u00e9ningek, EEG asszisztens k\u00e9pz\u00e9s, nemzetk\u00f6zi k\u00e9pz\u00e9sek)<\/li>\n<li>Epilepszia klinikai kutat\u00e1s, r\u00e9szv\u00e9tel alapkutat\u00e1sokban.<\/li>\n<li>Antiepileptikumok f\u00e1zis II\/b-III-IV klinikai kutat\u00e1s.<\/li>\n<\/ul>\n<h2>Klinikai \u00e9s tudom\u00e1nyos egy\u00fcttm\u0171k\u00f6d\u00e9sek k\u00fcls\u0151 int\u00e9zetekkel, szervezetekkel:<\/h2>\n<ul>\n<li>Epilepszia seb\u00e9szeti f\u00f3rum<\/li>\n<li>KOKI (speci\u00e1lis pathol\u00f3giai, mikroneurofiziol\u00f3giai kutat\u00e1sok)<\/li>\n<li>SE Pathol\u00f3giai Klinika (sz\u00f6vettani vizsg\u00e1latok)<\/li>\n<li>PTE Neurol\u00f3giai Klinika Epileptol\u00f3giai Tansz\u00e9k (epilepsziaseb\u00e9szet, oktat\u00e1s, klinikai kutat\u00e1s)<\/li>\n<li>MRKK (speci\u00e1lis MR, fMR diagnosztika)<\/li>\n<li>Bethesda Kh. Neurol\u00f3giai Oszt\u00e1ly \/ Gyermek Epilepszia K\u00f6zpont.<\/li>\n<li>MTA Pszichol\u00f3giai Tsz.<\/li>\n<li>P\u00e1zm\u00e1ny P\u00e9ter Katolikus Egyetem<\/li>\n<li>Eur\u00f3pai Epilepszia referencia k\u00f6zpontok h\u00e1l\u00f3zata (ERN \u2013 Epi-care <a href=\"https:\/\/epi-care.eu\/\">https:\/\/epi-care.eu\/<\/a>)<\/li>\n<li>Schweizerisches Epilepsie-Zentrum<\/li>\n<li>VIREPA (Distance Education Program: nemzetk\u00f6zi EEG \u00e9s alv\u00e1s oktat\u00e1s)<\/li>\n<li>Valentin Egyes\u00fclet (epilepszi\u00e1s betegszervezet)<\/li>\n<li>K\u00f6z\u00e9p-Eur\u00f3pai Idegseb\u00e9szeti Alap\u00edtv\u00e1ny<\/li>\n<\/ul>\n<hr \/>\n<h2>Munkat\u00e1rsak<\/h2>\n<ul>\n<li>Centrum vezet\u0151: Dr. Kelemen Anna, PhD, med habil, Gyermekneurol\u00f3gus, Neurol\u00f3gus<\/li>\n<li>Dr. Barcs G\u00e1bor PhD, Neurol\u00f3gus, Pszichi\u00e1ter<\/li>\n<li>Dr. Jakus Rita PhD, Gyermekneurol\u00f3gus, Neurol\u00f3gus<\/li>\n<li>Dr. Ujv\u00e1ri \u00c1kos, Neurol\u00f3gus<\/li>\n<li>Dr. S\u00e1kovics Anna, Neurol\u00f3gus<\/li>\n<li>Dr. Hajnal Bogl\u00e1rka, Neurol\u00f3gus<\/li>\n<li>Dr. Jord\u00e1n Zs\u00f3fia, Neurol\u00f3gus rezidens<\/li>\n<li>Dr. Szab\u00f3 Johanna Petra, Neurol\u00f3gus rezidens<\/li>\n<li>Szomora Adrien, Centrum vezet\u0151 f\u0151n\u0151v\u00e9r<\/li>\n<li>Tuz\u00e1n\u00e9 Sz\u0171cs M\u00f3nika, Ambulancia vezet\u0151 asszisztens<\/li>\n<li>Z\u00e1trochn\u00e9 Kov\u00e1cs Katalin adminisztr\u00e1tor<\/li>\n<\/ul>\n<h2 style=\"text-align: justify\">K\u00f6zvetlen munkat\u00e1rsak<\/h2>\n<ul>\n<li style=\"text-align: justify\">Prof. Dr. Er\u0151ss Lor\u00e1nd <br \/>\nKlinikaigazgat\u00f3, egyetemi tan\u00e1r<\/li>\n<li style=\"text-align: justify\">Dr. Hal\u00e1sz L\u00e1szl\u00f3 PhD<br \/>\nIdegseb\u00e9sz<\/li>\n<li style=\"text-align: justify\">Borb\u00e9ly Csaba<br \/>\nNeuropszichol\u00f3gus<\/li>\n<\/ul>\n","protected":false},"excerpt":{"rendered":"<p>Telefonsz\u00e1mok K\u00f6zpont: +36\/1\/467-9300 Epilepszia ambulancia: +36\/1\/467-9313, 313 mell\u00e9k Epilepszia r\u00e9szleg n\u0151v\u00e9rpult: 255 mell\u00e9k Video EEG monitoroz\u00f3: 104 mell\u00e9k R\u00f6vid Ismertet\u0151 Az Epilepszia K\u00f6zpont 2007 november\u00e9ben kezdte meg m\u0171k\u00f6d\u00e9s\u00e9t, mely mind funkci\u00f3, mint a team vonatkoz\u00e1s\u00e1ban szerves folytat\u00e1sa az egykori Orsz\u00e1gos Pszichi\u00e1triai \u00e9s Neurol\u00f3giai Int\u00e9zet Epilepszia K\u00f6zpontj\u00e1nak. K\u00f6zpontunk egys\u00e9gei az SE-INK neurol\u00f3giai oszt\u00e1ly keret\u00e9n bel\u00fcl m\u0171k\u00f6dnek. &hellip;<\/p>\n","protected":false},"author":102360,"featured_media":0,"parent":487,"menu_order":0,"comment_status":"closed","ping_status":"closed","template":"","meta":{"_acf_changed":false,"footnotes":""},"categories":[9,8],"tags":[],"class_list":["post-598","page","type-page","status-publish","hentry","category-fekvobeteg","category-osztaly"],"acf":[],"_links":{"self":[{"href":"https:\/\/semmelweis.hu\/amerikaiut\/wp-json\/wp\/v2\/pages\/598","targetHints":{"allow":["GET"]}}],"collection":[{"href":"https:\/\/semmelweis.hu\/amerikaiut\/wp-json\/wp\/v2\/pages"}],"about":[{"href":"https:\/\/semmelweis.hu\/amerikaiut\/wp-json\/wp\/v2\/types\/page"}],"author":[{"embeddable":true,"href":"https:\/\/semmelweis.hu\/amerikaiut\/wp-json\/wp\/v2\/users\/102360"}],"replies":[{"embeddable":true,"href":"https:\/\/semmelweis.hu\/amerikaiut\/wp-json\/wp\/v2\/comments?post=598"}],"version-history":[{"count":9,"href":"https:\/\/semmelweis.hu\/amerikaiut\/wp-json\/wp\/v2\/pages\/598\/revisions"}],"predecessor-version":[{"id":1052,"href":"https:\/\/semmelweis.hu\/amerikaiut\/wp-json\/wp\/v2\/pages\/598\/revisions\/1052"}],"up":[{"embeddable":true,"href":"https:\/\/semmelweis.hu\/amerikaiut\/wp-json\/wp\/v2\/pages\/487"}],"wp:attachment":[{"href":"https:\/\/semmelweis.hu\/amerikaiut\/wp-json\/wp\/v2\/media?parent=598"}],"wp:term":[{"taxonomy":"category","embeddable":true,"href":"https:\/\/semmelweis.hu\/amerikaiut\/wp-json\/wp\/v2\/categories?post=598"},{"taxonomy":"post_tag","embeddable":true,"href":"https:\/\/semmelweis.hu\/amerikaiut\/wp-json\/wp\/v2\/tags?post=598"}],"curies":[{"name":"wp","href":"https:\/\/api.w.org\/{rel}","templated":true}]}}