{"id":596,"date":"2024-05-30T12:27:58","date_gmt":"2024-05-30T10:27:58","guid":{"rendered":"https:\/\/semmelweis.hu\/amerikaiut\/?page_id=596"},"modified":"2025-04-01T15:03:34","modified_gmt":"2025-04-01T13:03:34","slug":"altalanos-neurologiai-osztaly","status":"publish","type":"page","link":"https:\/\/semmelweis.hu\/amerikaiut\/gyogyitas\/fekvobeteg-osztalyok\/altalanos-neurologiai-osztaly\/","title":{"rendered":"\u00c1ltal\u00e1nos Neurol\u00f3giai Oszt\u00e1ly"},"content":{"rendered":"<h2 style=\"text-align: justify\">Ell\u00e1tott szakm\u00e1k<\/h2>\n<p style=\"text-align: justify\">Neurol\u00f3gia<\/p>\n<hr \/>\n<h2 style=\"text-align: justify\">R\u00f6vid Ismertet\u0151<\/h2>\n<p style=\"text-align: justify\">A Neurol\u00f3giai Oszt\u00e1ly sz\u00e9les profil\u00fa, III. progresszivit\u00e1s\u00fa szint\u0171 ell\u00e1t\u00f3hely akkredit\u00e1lt stroke r\u00e9szleggel, ahol a thrombolysisen t\u00fal thrombectomi\u00e1t is v\u00e9geznek, tov\u00e1bb\u00e1 az epilepszia komprehenz\u00edv ell\u00e1t\u00e1s\u00e1ra k\u00e9pes r\u00e9szleggel, amihez epilepszia seb\u00e9szet (elektr\u00f3da be\u00fcltet\u00e9sek, epilepszia m\u0171t\u00e9t) is kapcsol\u00f3dik. Az oszt\u00e1ly betegeinek 40%-\u00e1t cerebrovascularis betegs\u00e9gek miatt, 60%-\u00e1t egy\u00e9b neurol\u00f3giai k\u00f3rk\u00e9pek kivizsg\u00e1l\u00e1sa \u00e9s kezel\u00e9se miatt vessz\u00fck fel. Az I. progresszivit\u00e1si szint ell\u00e1t\u00e1si ter\u00fclet\u00e9n 250000 lakos \u00e9l. A ter\u00fcleti ell\u00e1t\u00e1sban hozz\u00e1nk tartoz\u00f3, vagy az orsz\u00e1gos int\u00e9zeti funkci\u00f3b\u00f3l \u00e9s a II.-III. progresszivit\u00e1si szint alapj\u00e1n \u00e9rkez\u0151, valamint az egyes ambulanci\u00e1kr\u00f3l felvett betegek gyakorlatilag a neurol\u00f3gia teljes spektrum\u00e1t fel\u00f6lelik. F\u0151 profiljaink: stroke, epilepszia, neuro-immunol\u00f3giai k\u00f3rk\u00e9pek, Parkinson k\u00f3r \u00e9s egy\u00e9b mozg\u00e1szavarok, neurodegenerat\u00edv betegs\u00e9gek, hat\u00e1rter\u00fcleti neuro-pszichi\u00e1triai k\u00f3rk\u00e9pek \u00e9s kognit\u00edv zavarok, gerincbetegs\u00e9gek, neurol\u00f3giai\/idegseb\u00e9szeti hat\u00e1rter\u00fcleti k\u00f3rk\u00e9pek.<\/p>\n<hr \/>\n<h2 style=\"text-align: justify\">Tudnival\u00f3k betegeknek<\/h2>\n<p style=\"text-align: justify\">A neurol\u00f3giai s\u00fcrg\u0151ss\u00e9gi ell\u00e1t\u00e1s minden nap, a nap 24 \u00f3r\u00e1j\u00e1ban el\u00e9rhet\u0151.<\/p>\n<p style=\"text-align: justify\">A nem s\u00fcrg\u0151ss\u00e9gi tervezett ell\u00e1t\u00e1sra a betegek beutal\u00f3val, vagy el\u0151zetes refer\u00e1l\u00e1s ut\u00e1n \u00e9rkeznek. A ter\u00fcleti ell\u00e1t\u00e1si k\u00f6telezetts\u00e9gbe tartoz\u00f3 betegek tekintet\u00e9ben az oszt\u00e1lyos betegfelv\u00e9telre korl\u00e1toz\u00e1s nincs. Az epilepszia monitoroz\u00f3ban a tart\u00f3s monitoriz\u00e1l\u00e1sra v\u00e1r\u00f3lista alapj\u00e1n ker\u00fclhet sor, \u00e1ltal\u00e1ban 2-3 h\u00f3napon bel\u00fcl.<\/p>\n<hr \/>\n<h2 style=\"text-align: justify\">L\u00e1togat\u00e1si id\u0151<\/h2>\n<ul style=\"text-align: justify\">\n<li>H\u00e9tk\u00f6znap: de: 11-13h, du: 16-17h<\/li>\n<li>H\u00e9tv\u00e9g\u00e9n: de: 11-13h, du: 16-17h<\/li>\n<\/ul>\n<ul style=\"text-align: justify\">\n<li>K\u00f3rterem: max. 2 f\u0151<\/li>\n<li>K\u00f6z\u00f6s t\u00e9r: max. 3 f\u0151<\/li>\n<li>udvar: max. 3 f\u0151<\/li>\n<\/ul>\n<hr \/>\n<h2 style=\"text-align: justify\">Tudnival\u00f3k l\u00e1togat\u00f3knak<\/h2>\n<p style=\"text-align: justify\">Kritikus \u00e1llapot\u00fa beteg l\u00e1togat\u00e1sa a nap b\u00e1rmely szak\u00e1ban lehets\u00e9ges az oszt\u00e1lyvezet\u0151 f\u0151orvos enged\u00e9ly\u00e9vel.<\/p>\n<p style=\"text-align: justify\">Fennj\u00e1r\u00f3 beteg eset\u00e9ben, amennyiben a felt\u00e9telek adottak \u00e9s relev\u00e1ns az oszt\u00e1ly jelleg\u00e9b\u0151l ad\u00f3d\u00f3an, a l\u00e1togat\u00f3t lehet\u0151leg a k\u00f3rtermen k\u00edv\u00fcl, a k\u00f6z\u00f6s t\u00e9rben vagy az udvaron fogadja a p\u00e1ciens.<\/p>\n<p style=\"text-align: justify\">Gondoz\u00e1s: gondoz\u00e1sban seg\u00edthet<\/p>\n<hr \/>\n<h2 style=\"text-align: justify\">R\u00e9szletes inform\u00e1ci\u00f3k<\/h2>\n<p style=\"text-align: justify\">Az oszt\u00e1lyon 59 \u00e1gy tal\u00e1lhat\u00f3: 1 egy\u00e1gyas, 10 k\u00e9t\u00e1gyas, 4 h\u00e1rom\u00e1gyas, 5 n\u00e9gy\u00e1gyas f\u00fcrd\u0151szob\u00e1s k\u00f3rteremmel, valamint 6 \u00e1gyas szubintenz\u00edv r\u00e9szleggel.<\/p>\n<p style=\"text-align: justify\">A 10 neurol\u00f3gus szakorvos k\u00f6z\u00fcl h\u00e1rman a klinikai neurofiziol\u00f3gia szakorvosai is, egy pszichi\u00e1ter \u00e9s egy gyermekneurol\u00f3gus szakvizsg\u00e1val rendelkezik. Rezidensk\u00e9nt 8 orvos seg\u00edti az oszt\u00e1lyos munk\u00e1t. Az oszt\u00e1lyon dolgoz\u00f3 orvosok k\u00f6z\u00fcl 7 PhD fokozattal rendelkezik, egy DSc fokozattal b\u00edr. K\u00e9t szakpszichol\u00f3gus \u00e9s 1 logop\u00e9dus is k\u00f6zrem\u0171k\u00f6dik a betegell\u00e1t\u00e1sban.<\/p>\n<p style=\"text-align: justify\">Az oszt\u00e1lyon k\u00e9t f\u0151n\u0151v\u00e9r vezet\u00e9s\u00e9vel 29 \u00e1pol\u00f3, illetve asszisztens dolgozik.<\/p>\n<p style=\"text-align: justify\">Korszer\u0171 CT, MRI vizsg\u00e1lati lehet\u0151s\u00e9g, intervenci\u00f3s neuroradiol\u00f3gia egys\u00e9g az Int\u00e9zeten bel\u00fcl el\u00e9rhet\u0151. EEG \u00e9s EMG\/ENG laborat\u00f3rium, Ultrahang laborat\u00f3rium, Video-EEG monitoroz\u00f3, 3 Holter EEG eszk\u00f6z, Liquordiagnosztika, Mozg\u00e1szavar laborat\u00f3rium seg\u00edti a diagnosztikai munk\u00e1t. A szubintenz\u00edv r\u00e9szleg 6 \u00e1gy\u00e1hoz a k\u00f6zponti oxig\u00e9nell\u00e1t\u00e1son t\u00fal 8 beteg\u0151rz\u0151 monitor tartozik.<\/p>\n<p style=\"text-align: justify\">Az oszt\u00e1lyon dolgoz\u00f3 orvosok (az intervenci\u00f3s neuroradiol\u00f3giai r\u00e9szleg munkat\u00e1rsaival egy\u00fcttm\u0171k\u00f6dve) nagy tapasztalattal \u00e9s speci\u00e1lis tud\u00e1ssal rendelkeznek az akut stroke ell\u00e1t\u00e1sban, a 4 epilepszia specialista vezet\u00e9s\u00e9vel pedig az epilepszia ell\u00e1t\u00e1sban. Speci\u00e1lis ell\u00e1t\u00e1si ter\u00fclet\u00fcnk az immunol\u00f3giai h\u00e1tt\u00e9rrel kialakul\u00f3 vasculitisek diagn\u00f3zisa \u00e9s differenci\u00e1ldiagnosztik\u00e1ja. Az intraoperat\u00edv neurofiziol\u00f3giai monitoroz\u00e1l\u00e1st is az oszt\u00e1ly orvosai v\u00e9gzik az idegseb\u00e9szeti ell\u00e1t\u00e1s t\u00e1mogat\u00e1s\u00e1ra. \u00daj szakter\u00fclet\u00fcnk a sziszt\u00e9m\u00e1s auton\u00f3m idegrendszeri zavarok diagnosztik\u00e1ja, melyhez speci\u00e1lis eszk\u00f6zparkkal rendelkez\u00fcnk.<\/p>\n<hr \/>\n<h2 style=\"text-align: justify\">Ell\u00e1t\u00e1si ter\u00fclet<\/h2>\n<div class=\"exp-col-content-holder\" style=\"text-align: justify\">\n<p><a class=\"expand-cnt-link\" href=\"#\">\u00c1ltal\u00e1nos neurol\u00f3giai \u00e9s nem-akut stroke ell\u00e1t\u00e1s:<\/a><\/p>\n<div class=\"hidden-content\">\n<p class=\"hiddenContentp\">Budapest III. ker\u00fclet<\/p>\n<\/div>\n<\/div>\n<div class=\"exp-col-content-holder\" style=\"text-align: justify\">\n<p><a class=\"expand-cnt-link\" href=\"#\">Thrombectomia:<\/a><\/p>\n<div class=\"hidden-content\">\n<p class=\"hiddenContentp\">Alapvet\u0151en \u00c9szak-Magyarorsz\u00e1g, de refer\u00e1l\u00e1st k\u00f6vet\u0151en az orsz\u00e1g b\u00e1rmely r\u00e9sze.<\/p>\n<\/div>\n<\/div>\n<div class=\"exp-col-content-holder\" style=\"text-align: justify\">\n<p><a class=\"expand-cnt-link\" href=\"#\">Akut stroke, thrombolysis:<\/a><\/p>\n<div class=\"hidden-content\">\n<p class=\"hiddenContentp\">Budapest III. \u00e9s XV. ker\u00fclet, Szentendrei j\u00e1r\u00e1s, Pilisborosjen\u0151, Piliscsaba, Pilisj\u00e1szfalu, Pilissz\u00e1nt\u00f3, Pilisv\u00f6r\u00f6sv\u00e1r, Remetesz\u0151l\u0151s, Tinnye.<\/p>\n<\/div>\n<\/div>\n<div class=\"exp-col-content-holder\" style=\"text-align: justify\">\n<p><a class=\"expand-cnt-link\" href=\"#\">Epilepszia monitoroz\u00e1s, epilepszia seb\u00e9szeti ell\u00e1t\u00e1s:<\/a><\/p>\n<div class=\"hidden-content\">\n<p class=\"hiddenContentp\">Refer\u00e1l\u00e1st k\u00f6vet\u0151en az orsz\u00e1g b\u00e1rmely r\u00e9sze.<\/p>\n<p class=\"hiddenContentp\">III. progresszivit\u00e1si szint\u0171 ell\u00e1t\u00e1s tekintet\u00e9ben az orsz\u00e1g b\u00e1rmely r\u00e9sz\u00e9r\u0151l fogadunk betegeket.<\/p>\n<\/div>\n<\/div>\n<div class=\"exp-col-content-holder\" style=\"text-align: justify\">\n<p><a class=\"expand-cnt-link\" href=\"#\">TEK alapj\u00e1n:<\/a><\/p>\n<div class=\"hidden-content\">\n<p class=\"hiddenContentp\">Abas\u00e1r Dejt\u00e1r Horp\u00e1cs Lucfalva Penc S\u00e1msonh\u00e1za Acsa Detk Hort Ludas Per\u0151cs\u00e9ny S\u00e1ris\u00e1p Ad\u00e1cs Di\u00f3sjen\u0151 Hugyag Lud\u00e1nyhal\u00e1szi Pet\u0151fib\u00e1nya S\u00f3sharty\u00e1n Als\u00f3pet\u00e9ny Domony H\u00e9halom L\u00e1batlan Piliny S\u00fctt\u0151 Als\u00f3told Domoszl\u00f3 H\u00e9v\u00edzgy\u00f6rk L\u0151rinci Piliscs\u00e9v Tahit\u00f3tfalu Annav\u00f6lgy Dorog Iklad Magyarg\u00e9c Pilismar\u00f3t Tar Apc Dorogh\u00e1za Iliny Magyarn\u00e1ndor Pilisszentkereszt Tarnam\u00e9ra Asz\u00f3d Dr\u00e9gelypal\u00e1nk Ipolydam\u00e1sd Markaz Pilisszentl\u00e1szl\u00f3 Tarnazsad\u00e1ny Atk\u00e1r Dunabogd\u00e1ny Ipolysz\u00f6g Mih\u00e1lygerge Pom\u00e1z Tarna\u00f6rs Bag Dunakeszi Ipolytarn\u00f3c Mogyor\u00f3d Pusztaberki Tereske Bajna D\u00e1g Ipolyt\u00f6lgyes Mogyor\u00f3sb\u00e1nya P\u00e1losv\u00f6r\u00f6smart Ter\u00e9ny Baj\u00f3t D\u00e1ny Ipolyvece Mohora P\u00e1szt\u00f3 Tokod Balassagyarmat D\u00f6m\u00f6s Isaszeg M\u00e1riahalom P\u00e9cel Tokodalt\u00e1r\u00f3 Becske Ecseg Jobb\u00e1gyi M\u00e1rianosztra P\u00f3csmegyer Tolm\u00e1cs Bercel Ecs\u00e9d Karancsalja M\u00e1rkh\u00e1za P\u00fcsp\u00f6khatvan Tura Berkenye Egyh\u00e1zasdengeleg Karancsber\u00e9ny M\u00e1tramindszent P\u00fcsp\u00f6kszil\u00e1gy T\u00e1t Bernecebar\u00e1ti Egyh\u00e1zasgerge Karancskeszi M\u00e1tranov\u00e1k Rim\u00f3c T\u00e9sa Bocon\u00e1d Endrefalva Karancslapujt\u0151 M\u00e1traszele Romh\u00e1ny Valk\u00f3 Bokor Ep\u00f6l Karancss\u00e1g M\u00e1traszentimre R\u00e1d Vanyarc Boldog Erd\u0151kertes Kartal M\u00e1trasz\u0151l\u0151s R\u00e1k\u00f3czib\u00e1nya Vars\u00e1ny Borsosber\u00e9ny Erd\u0151k\u00fcrt Kar\u00e1csond M\u00e1traterenye R\u00e9ts\u00e1g Veresegyh\u00e1z Budakal\u00e1sz Erd\u0151tarcsa Kaz\u00e1r M\u00e1travereb\u00e9ly R\u00f3zsaszentm\u00e1rton Verseg Budapest III. ker\u00fclet Erk Kemence Nagyb\u00e1rk\u00e1ny Salg\u00f3tarj\u00e1n Ver\u0151ce Budapest VI. ker\u00fclet Esztergom Kerekharaszt Nagyb\u00f6rzs\u00f6ny Somosk\u0151\u00fajfalu Visegr\u00e1d Budapest XIV. ker\u00fclet Etes Kerepes Nagyf\u00fcged Szada Visonta Budapest XV. ker\u00fclet Fels\u0151pet\u00e9ny Keszeg Nagykereszt\u00far Szalmatercs Visznek Budapest XVI. ker\u00fclet Fels\u0151told Keszt\u00f6lc Nagyk\u00f6k\u00e9nyes Szanda Vizsl\u00e1s Buj\u00e1k F\u00f3t Kisb\u00e1gyon Nagyl\u00f3c Szarvasgede V\u00e1c B\u00e1nk Galgaguta Kisb\u00e1rk\u00e1ny Nagymaros Szendehely V\u00e1cduka B\u00e1rna Galgagy\u00f6rk Kisecset Nagyoroszi Szente V\u00e1cegres B\u00e1tonyterenye Galgah\u00e9v\u00edz Kisharty\u00e1n Nagyr\u00e9de Szentendre V\u00e1charty\u00e1n B\u00e9r Galgam\u00e1csa Kismaros Nagys\u00e1p Szigetmonostor V\u00e1ckis\u00fajfalu Cered Gar\u00e1b Kisn\u00e1na Nagytarcsa Szilaspogony V\u00e1cr\u00e1t\u00f3t Cserh\u00e1thal\u00e1p Gy\u00f6ngy\u00f6s Kisn\u00e9medi Nemti Szir\u00e1k V\u00e1cszentl\u00e1szl\u00f3 Cserh\u00e1tsur\u00e1ny Gy\u00f6ngy\u00f6shal\u00e1sz Kisoroszi Nyerges\u00fajfalu Szob V\u00e1mosgy\u00f6rk Cserh\u00e1tszentiv\u00e1n Gy\u00f6ngy\u00f6soroszi Kistarcsa N\u00e9zsa Szokolya V\u00e1mosmikola Csesztve Gy\u00f6ngy\u00f6spata Kosd N\u00f3gr\u00e1d Szuha V\u00e9cs Csit\u00e1r Gy\u00f6ngy\u00f6ssolymos Koz\u00e1rd N\u00f3gr\u00e1dk\u00f6vesd Szurdokp\u00fcsp\u00f6ki Zabar Csob\u00e1nka Gy\u00f6ngy\u00f6starj\u00e1n Kutas\u00f3 N\u00f3gr\u00e1dmarcal Sz\u00e1tok Zagyvasz\u00e1nt\u00f3 Csolnok G\u00f6d K\u00e1ll\u00f3 N\u00f3gr\u00e1dmegyer Sz\u00e9cs\u00e9nke Zar\u00e1nk Csom\u00e1d G\u00f6d\u00f6ll\u0151 K\u00e9tbodony N\u00f3gr\u00e1dsipek Sz\u00e9cs\u00e9ny Zebeg\u00e9ny Cs\u00e1ny Halmajugra K\u00f3spallag N\u00f3gr\u00e1dszak\u00e1l Sz\u00e9cs\u00e9nyfelfalu Zs\u00e1mbok Cs\u00e9cse Hatvan Leg\u00e9nd N\u00f3gr\u00e1ds\u00e1p Sz\u0151d \u00c9rsekvadkert Cs\u0151v\u00e1r Herencs\u00e9ny Letk\u00e9s N\u0151tincs Sz\u0151dliget \u0150rbotty\u00e1n Cs\u00f6m\u00f6r Her\u00e9d Le\u00e1nyfalu Palot\u00e1s Sz\u0171csi \u0150rhalom Cs\u00f6r\u00f6g Holl\u00f3k\u0151 Le\u00e1nyv\u00e1r Patak Sz\u00fcgy \u0150sag\u00e1rd Debercs\u00e9ny Hont Litke Patvarc S\u00e1g\u00fajfalu \u00dany<\/p>\n<\/div>\n<\/div>\n<hr \/>\n<h2 style=\"text-align: justify\">Egy\u00e9b inform\u00e1ci\u00f3k, \u00e9rdekess\u00e9gek<\/h2>\n<h3 style=\"text-align: justify\">Oktat\u00e1s<\/h3>\n<ul style=\"text-align: justify\">\n<li>A Semmelweis Egyetem oktat\u00f3 oszt\u00e1lyak\u00e9nt r\u00e9szt vesz\u00fcnk a medikusk\u00e9pz\u00e9sben; a SE magyar, angol \u00c1OK V. \u00e9s VI. \u00e9vesek oktat\u00e1s\u00e1ban.<\/li>\n<li>A Semmelweis Egyetem \u00c1ltal\u00e1nos Orvostudom\u00e1nyi Kar Oktat\u00f3 Oszt\u00e1lya<\/li>\n<li>SE magyar, angol \u00c1OK V. \u00e9s VI. \u00e9vesek oktat\u00e1sa<\/li>\n<li>SE ETK fiziotherapiaBSc \u00e9s MSc k\u00e9pz\u00e9s<\/li>\n<li>SE KerpelFr\u00f3nius programban mentori feladatok ell\u00e1t\u00e1sa<\/li>\n<li>SE Hum\u00e1nmorfol\u00f3giai \u00e9s Fejl\u0151d\u00e9sbiol\u00f3giai Int\u00e9zeti oktat\u00f3<\/li>\n<li>P\u00e1zm\u00e1ny P\u00e9ter KE Inform\u00e1ci\u00f3technol\u00f3giai Kar, \u00e9s Pszichol\u00f3giai Tansz\u00e9k<\/li>\n<li>Erasmus k\u00e9pz\u0151hely, TDK hallgat\u00f3k, PhD hallgat\u00f3k<\/li>\n<\/ul>\n<h3 style=\"text-align: justify\">Posztgradu\u00e1lis k\u00e9pz\u00e9s<\/h3>\n<ul style=\"text-align: justify\">\n<li>Neurol\u00f3gus, gyermekneurol\u00f3gus, idegseb\u00e9sz, klinikai neurofiziol\u00f3gus, h\u00e1ziorvos \u00e9s rehabilit\u00e1ci\u00f3s szakorvos k\u00e9pz\u00e9sben vesz\u00fcnk r\u00e9szt a RENY rendszeren kereszt\u00fcl akkredit\u00e1lva.<\/li>\n<li>Neurol\u00f3giai k\u00f6telez\u0151 szintentart\u00f3 el\u0151ad\u00e1sok<\/li>\n<li>Semmelweis Egyetem Pet\u0151 Andr\u00e1s Kar oktat\u00e1s<\/li>\n<li>E-pilepsy nemzetk\u00f6zi epilepszia konzorcium<\/li>\n<li>SE Klinikai Pszichol\u00f3gia Klinikai Szakpszichol\u00f3gusi K\u00e9pz\u00e9s<\/li>\n<li>ELTE Pszichol\u00f3gia Int\u00e9zet gyakorlati k\u00e9pz\u0151hely<\/li>\n<li>Szent\u00e1gothai J. DI PhD kurzusok, vizsg\u00e1ztat\u00e1s, opponens PhD t\u00e9mavezet\u00e9s a SE Doktori Iskol\u00e1iban \u00e9s a PPKE-n<\/li>\n<li>Epilepszia oktat\u00e1s (gradu\u00e1lis, posztgradu\u00e1lis, egy\u00e9ni tr\u00e9ningek, EEG asszisztens k\u00e9pz\u00e9s, nemzetk\u00f6zi k\u00e9pz\u00e9sek).<\/li>\n<li>Epilepszia seb\u00e9szeti f\u00f3rum.<\/li>\n<\/ul>\n<h3 style=\"text-align: justify\">Kutat\u00e1s, egy\u00fcttm\u0171k\u00f6d\u0151 partnerek<\/h3>\n<ul style=\"text-align: justify\">\n<li>Epilepszia klinikai kutat\u00e1s, r\u00e9szv\u00e9tel alapkutat\u00e1sokban.<\/li>\n<li>A Nemzeti Agykutat\u00e1si Programban r\u00e9szv\u00e9tel.<\/li>\n<li>Antiepileptikumok f\u00e1zis II\/b-III-IV vizsg\u00e1latai<\/li>\n<li>KOKI speci\u00e1lis pathol\u00f3giai, mikroneurofiziol\u00f3giai kutat\u00e1sok<\/li>\n<li>KOKI post-Covid kutat\u00e1sok<\/li>\n<li>SE Pathol\u00f3giai Int\u00e9zet sz\u00f6vettani vizsg\u00e1latok,<\/li>\n<li>SE MRKK speci\u00e1lis MR, fMR diagnosztika,<\/li>\n<li>E\u00f6tv\u00f6s Lor\u00e1nd Kutat\u00f3 H\u00e1l\u00f3zat \u2013 Pszichol\u00f3giai Kutat\u00f3 Int\u00e9zet<\/li>\n<li>E\u00f6tv\u00f6s Lor\u00e1nd Kutat\u00f3 H\u00e1l\u00f3zat \u2013 Wiegner Fizikai Kutat\u00f3 K\u00f6zpont<\/li>\n<li>Semmelweis Egyetem, Magatart\u00e1s Tudom\u00e1nyi Kutat\u00f3 Int\u00e9zet<\/li>\n<li>MTA \u2013 KFKI \u2013 Wiegner kutat\u00f3k\u00f6zpont<\/li>\n<li>K\u00eds\u00e9rletes Orvostudom\u00e1nyi Kutat\u00f3int\u00e9zet<\/li>\n<li>Semmelweis Egyetem Neurol\u00f3giai Klinika, Psychi\u00e1triai Klinika,<\/li>\n<li>SE Magatart\u00e1studom\u00e1nyi Int\u00e9zet<\/li>\n<li>MTA-TTK, Kognit\u00edv Idegtudom\u00e1nyi \u00e9s Pszichol\u00f3giai Kutat\u00f3int\u00e9zet<\/li>\n<li>ELTE Psychol\u00f3giai Int\u00e9zet<\/li>\n<li>Kaposv\u00e1ri K\u00f3rh\u00e1z Neurol\u00f3giai Oszt\u00e1ly<\/li>\n<li>Szegedi Tudom\u00e1ny Egyetem, Neurol\u00f3giai Klinika<\/li>\n<\/ul>\n<h3 style=\"text-align: justify\">Nemzetk\u00f6zi egy\u00fcttm\u0171k\u00f6d\u00e9sek<\/h3>\n<ul style=\"text-align: justify\">\n<li>VIREPA: Education Program: nemzetk\u00f6zi EEG \u00e9s alv\u00e1s oktat\u00e1s<\/li>\n<li>European Reference Network \u2013 EpiCarekonzorcium teljes jog\u00fa tags\u00e1g<\/li>\n<li>Massachusetts General Hospital Epilepszia K\u00f6zpont, Harvard University, Boston, USA<\/li>\n<li>New York University, New York USA<\/li>\n<li>Masaryk University, Brno, Csehorsz\u00e1g,<\/li>\n<li>CorticsGmBh, Hamburg<\/li>\n<li>Sapienzia University, Roma, Olaszorsz\u00e1g<\/li>\n<li>Institute of Pharmacology and Toxicology, University of Zurich<\/li>\n<li>Medipol University of Istanbul<\/li>\n<li>TranslationalNeuromodeling Unit, Inst. Biomedi.Eng. UZH &amp; ETH Zurich<\/li>\n<li>Koppenh\u00e1gai RiggsHospital<\/li>\n<li>Yangzhou, K\u00edna \u2013 Neurol\u00f3giai Oszt\u00e1ly<\/li>\n<\/ul>\n<p style=\"text-align: justify\">A Neurol\u00f3giai Oszt\u00e1ly az Orsz\u00e1gos Pszichi\u00e1triai \u00e9s Neurol\u00f3giai Int\u00e9zet (OPNI) 2007-es bez\u00e1r\u00e1s\u00e1t k\u00f6vet\u0151en az Orsz\u00e1gos Idegseb\u00e9szeti Tudom\u00e1nyos Int\u00e9zet (OITI) egyik ki\u00fcr\u00edtett oszt\u00e1ly\u00e1n j\u00f6tt l\u00e9tre. Munkat\u00e1rsait kezdetben kiz\u00e1r\u00f3lag az egykori OPNI magasan kvalifik\u00e1lt stroke-\u00e9s epilepszia specialist\u00e1i alkott\u00e1k.<\/p>\n<p style=\"text-align: justify\">Az Int\u00e9zet intervenci\u00f3s neuroradiol\u00f3gusaival \u00e9s idegseb\u00e9szeivel egy\u00fcttm\u0171k\u00f6dve az akut stroke ell\u00e1t\u00e1s (thrombolysis, thrombect\u00f3mia) \u00e9s az epilepszia seb\u00e9szet is \u00faj lend\u00fcletet kapott.<\/p>\n<p style=\"text-align: justify\">A Neurol\u00f3giai Oszt\u00e1ly 2011-ben a teljesen fel\u00faj\u00edtott r\u00e9gi \u00e9p\u00fclet els\u0151 \u00e9s m\u00e1sodik emelet\u00e9re ker\u00fclt, ahol a k\u00e9t-h\u00e1rom-\u00e9s n\u00e9gy\u00e1gyas k\u00f3rtermek mindegyik\u00e9hez f\u00fcrd\u0151szoba is tartozik.<\/p>\n<p style=\"text-align: justify\">A Neurol\u00f3giai Oszt\u00e1ly vezet\u0151je 2011 \u00f3ta Prof. Kamondi Anita.<\/p>\n<p style=\"text-align: justify\">A Neurol\u00f3giai Oszt\u00e1ly tev\u00e9kenys\u00e9ge mostanra lefedi a neurol\u00f3gia teljes spektrum\u00e1t, III. progresszivit\u00e1si szint\u0171 ell\u00e1t\u00f3hely, akkredit\u00e1lt stroke centrum szubintenz\u00edv r\u00e9szleggel, epilepszia seb\u00e9szeti k\u00f6zpont epilepszia monitoroz\u00f3val.<\/p>\n<p style=\"text-align: justify\">Az Int\u00e9zm\u00e9ny neve 2013-ban Orsz\u00e1gos Klinikai Idegtudom\u00e1nyi Int\u00e9zetre (OKITI), majd 2021-ben az Orsz\u00e1gos Pszichi\u00e1triai \u00e9s Addiktol\u00f3giai Int\u00e9zettel (OPAI), ill. a Ny\u00edr\u0151 Gyula K\u00f3rh\u00e1zzal t\u00f6rt\u00e9n\u0151 int\u00e9zm\u00e9nyi integr\u00e1ci\u00f3 sor\u00e1n Orsz\u00e1gos Ment\u00e1lis, Ideggy\u00f3gy\u00e1szati \u00e9s Idegseb\u00e9szeti Int\u00e9zetre v\u00e1ltozott.<\/p>\n<hr \/>\n<h2 style=\"text-align: justify\">Oszt\u00e1lyvezet\u0151<\/h2>\n<ul style=\"text-align: justify\">\n<li>Prof. Dr. Kamondi Anita<\/li>\n<\/ul>\n<h2>Oszt\u00e1ly orvosok<\/h2>\n<ul style=\"text-align: justify\">\n<li>Dr. Barcs G\u00e1bor<\/li>\n<li>Dr. Frendl Anita<\/li>\n<li>Dr. Fut\u00f3 Claudia<\/li>\n<li>Dr. Gy\u00f6rfi Orsolya<\/li>\n<li>Dr. Hajnal Bogl\u00e1rka Zs\u00f3fia<\/li>\n<li>Dr. Kov\u00e1cs Andrea<\/li>\n<li>Dr. S\u00e1kovics Anna<\/li>\n<li>Dr. Ujv\u00e1ri \u00c1kos<\/li>\n<li>Dr. Velkey L\u0151rinc<\/li>\n<\/ul>\n<h2 style=\"text-align: justify\">F\u0151n\u0151v\u00e9r<\/h2>\n<ul>\n<li style=\"text-align: justify\">Fetter-Tenk Szabina<\/li>\n<\/ul>\n","protected":false},"excerpt":{"rendered":"<p>Ell\u00e1tott szakm\u00e1k Neurol\u00f3gia R\u00f6vid Ismertet\u0151 A Neurol\u00f3giai Oszt\u00e1ly sz\u00e9les profil\u00fa, III. progresszivit\u00e1s\u00fa szint\u0171 ell\u00e1t\u00f3hely akkredit\u00e1lt stroke r\u00e9szleggel, ahol a thrombolysisen t\u00fal thrombectomi\u00e1t is v\u00e9geznek, tov\u00e1bb\u00e1 az epilepszia komprehenz\u00edv ell\u00e1t\u00e1s\u00e1ra k\u00e9pes r\u00e9szleggel, amihez epilepszia seb\u00e9szet (elektr\u00f3da be\u00fcltet\u00e9sek, epilepszia m\u0171t\u00e9t) is kapcsol\u00f3dik. Az oszt\u00e1ly betegeinek 40%-\u00e1t cerebrovascularis betegs\u00e9gek miatt, 60%-\u00e1t egy\u00e9b neurol\u00f3giai k\u00f3rk\u00e9pek kivizsg\u00e1l\u00e1sa \u00e9s kezel\u00e9se miatt &hellip;<\/p>\n","protected":false},"author":102360,"featured_media":0,"parent":487,"menu_order":0,"comment_status":"closed","ping_status":"closed","template":"","meta":{"_acf_changed":false,"footnotes":""},"categories":[9,8],"tags":[],"class_list":["post-596","page","type-page","status-publish","hentry","category-fekvobeteg","category-osztaly"],"acf":[],"_links":{"self":[{"href":"https:\/\/semmelweis.hu\/amerikaiut\/wp-json\/wp\/v2\/pages\/596","targetHints":{"allow":["GET"]}}],"collection":[{"href":"https:\/\/semmelweis.hu\/amerikaiut\/wp-json\/wp\/v2\/pages"}],"about":[{"href":"https:\/\/semmelweis.hu\/amerikaiut\/wp-json\/wp\/v2\/types\/page"}],"author":[{"embeddable":true,"href":"https:\/\/semmelweis.hu\/amerikaiut\/wp-json\/wp\/v2\/users\/102360"}],"replies":[{"embeddable":true,"href":"https:\/\/semmelweis.hu\/amerikaiut\/wp-json\/wp\/v2\/comments?post=596"}],"version-history":[{"count":6,"href":"https:\/\/semmelweis.hu\/amerikaiut\/wp-json\/wp\/v2\/pages\/596\/revisions"}],"predecessor-version":[{"id":994,"href":"https:\/\/semmelweis.hu\/amerikaiut\/wp-json\/wp\/v2\/pages\/596\/revisions\/994"}],"up":[{"embeddable":true,"href":"https:\/\/semmelweis.hu\/amerikaiut\/wp-json\/wp\/v2\/pages\/487"}],"wp:attachment":[{"href":"https:\/\/semmelweis.hu\/amerikaiut\/wp-json\/wp\/v2\/media?parent=596"}],"wp:term":[{"taxonomy":"category","embeddable":true,"href":"https:\/\/semmelweis.hu\/amerikaiut\/wp-json\/wp\/v2\/categories?post=596"},{"taxonomy":"post_tag","embeddable":true,"href":"https:\/\/semmelweis.hu\/amerikaiut\/wp-json\/wp\/v2\/tags?post=596"}],"curies":[{"name":"wp","href":"https:\/\/api.w.org\/{rel}","templated":true}]}}