{"id":592,"date":"2024-05-30T12:15:22","date_gmt":"2024-05-30T10:15:22","guid":{"rendered":"https:\/\/semmelweis.hu\/amerikaiut\/?page_id=592"},"modified":"2024-10-28T10:09:44","modified_gmt":"2024-10-28T09:09:44","slug":"altalanos-labor","status":"publish","type":"page","link":"https:\/\/semmelweis.hu\/amerikaiut\/gyogyitas\/diagnosztika\/altalanos-labor\/","title":{"rendered":"\u00c1ltal\u00e1nos Labor"},"content":{"rendered":"<h3>Ell\u00e1tott szakm\u00e1k<\/h3>\n<p>Klinikai Laborat\u00f3riumi Diagnosztika<\/p>\n<hr \/>\n<h3>R\u00f6vid Ismertet\u0151<\/h3>\n<p>A SE INK teljes idegseb\u00e9szeti \u00e9s neurointervenci\u00f3s szakmai spektrum speci\u00e1lis klinikai laborat\u00f3riumi diagnosztikai, v\u00e9rcsoport- szerol\u00f3giai \u00e9s transzfuziol\u00f3giai ig\u00e9nyeinek kiszolg\u00e1l\u00e1sa a tervezhet\u0151, illetve a s\u00fcrg\u0151ss\u00e9gi beavatkoz\u00e1sok szintj\u00e9n kieg\u00e9sz\u00edtve a k\u00f6zponti idegrendszeri gy\u00f3gyszerek HPLC-vel v\u00e9gzett v\u00e9rszint-meghat\u00e1roz\u00e1saival, valamint a patol\u00f3giai (tumor) mint\u00e1k koordin\u00e1l\u00e1sa, onkoteam szervez\u00e9ssel. A k\u00fcls\u0151 int\u00e9zm\u00e9nyekben v\u00e9gzett vizsg\u00e1latok koordin\u00e1l\u00e1sa.<\/p>\n<hr \/>\n<h3>L\u00e1togat\u00e1si id\u0151<\/h3>\n<p>A laborat\u00f3rium munkanapokon 8:00 &#8211; 16:00 \u00f3ra k\u00f6z\u00f6tt \u00fczemel ambul\u00e1ns betegek r\u00e9sz\u00e9re t\u00f6rt\u00e9n\u0151 mintav\u00e9tellel, ezen id\u0151n t\u00fal pedig folyamatos, 24 \u00f3r\u00e1s \u00fcgyeletet biztos\u00edt.<\/p>\n<hr \/>\n<h3>Tudnival\u00f3k l\u00e1togat\u00f3knak<\/h3>\n<p>Elhelyezked\u00e9s: Diagnosztikai \u00e9p\u00fclet 3. emelet.<\/p>\n<p>Telefon: +36\/1\/467-9347<\/p>\n<hr \/>\n<h3>R\u00e9szletes inform\u00e1ci\u00f3k<\/h3>\n<p>A laborat\u00f3rium a k\u00f6vetkez\u0151 szakmai profillal v\u00e9gez klinikai diagnosztik\u00e1t: klinikai k\u00e9mia, hematol\u00f3gia, hemoszt\u00e1zis, trombocita funkci\u00f3, vizelet, liquor, gy\u00f3gyszerszint, klinikai transzfuziol\u00f3gia.<\/p>\n<p>A m\u0171szerezetts\u00e9g korszer\u0171 \u00e9s megfelel a min\u0151s\u00e9gi \u00e9s a speci\u00e1lis betegell\u00e1t\u00e1s \u00e1ltal t\u00e1masztott ig\u00e9nyeknek a k\u00f6vetkez\u0151 k\u00e9sz\u00fcl\u00e9kekkel: Siemens Dimension RxL Max HM \u00e9s Xpand Plus k\u00e9miai automat\u00e1k, Siemens Advia 120\/120 \u00e9s Norma Icon-3 hematol\u00f3giai automat\u00e1k, Sysmex CS 2000i hemoszt\u00e1zis automata, Roche Multiplate analyzer 5.0 trombocita funkci\u00f3s analiz\u00e1tor, Cobas u 411 \u00e9s Meditron Junior II vizelet f\u00e9lautomat\u00e1k, Waters Acquity Arc t\u00edpus\u00fa HPLC (high pressure liquid chromatography) berendez\u00e9ssel (Waters system), Biotest C24 Magister v\u00e9rcsoport szerol\u00f3giai automata, CYTOPRO Wescor 7620 citocentrifuga. A sz\u00e1m\u00edt\u00f3g\u00e9pesen illesztett automat\u00e1k eredm\u00e9nyei k\u00f6zvetlen\u00fcl a Hospitaly integr\u00e1lt k\u00f3rh\u00e1zi informatikai rendszerbe ker\u00fclnek. A szakmai megfelel\u0151s\u00e9g biztos\u00edt\u00e1sa \u00e9rdek\u00e9ben a laborat\u00f3rium r\u00e9szt vesz a nemzetk\u00f6zi (Instand, Bio-Rad EQAS) min\u0151s\u00e9gbiztos\u00edt\u00e1si programokban.<\/p>\n<p>Ell\u00e1t\u00e1si ter\u00fclet: az int\u00e9zet szakambulanci\u00e1i, fekv\u0151beteg oszt\u00e1lyai, m\u0171t\u00e9tes szervezeti egys\u00e9gei, foglalkoz\u00e1s-eg\u00e9szs\u00e9g\u00fcgy, valamint k\u00fcls\u0151 szerz\u0151d\u00f6tt partnerek (t\u00e9r\u00edt\u00e9s ellen\u00e9ben).<\/p>\n<p>A laborat\u00f3rium hozz\u00e1j\u00e1rul az int\u00e9zetben foly\u00f3 tudom\u00e1nyos munka laborh\u00e1tter\u00e9nek biztos\u00edt\u00e1s\u00e1hoz. R\u00e9szt vesz orvostanhallgat\u00f3k k\u00e9pz\u00e9s\u00e9ben (pl. liquor citol\u00f3gia). A laborat\u00f3rium speci\u00e1lis ter\u00fclete a HPLC-technik\u00e1val t\u00f6rt\u00e9n\u0151 gy\u00f3gyszerszint vizsg\u00e1latok (CBZ, CBZ-epoxid, Diphedan, Lamictal, MHD, Zonegran, Sert\u00e1n, Fenobarbitur\u00e1t, Nitrazepan, Ethosuximid, Clobazam, Norclobazam, Clonazepam, Nitrazep\u00e1n, Diazepan, Keppra, Ospolot, VPA, Q10). Ezeket a vizsg\u00e1latokat k\u00fcls\u0151 bek\u00fcld\u0151k is rendszeresen ig\u00e9nybe veszik.<\/p>\n<hr \/>\n<h3>Oszt\u00e1ly orvosok<\/h3>\n<ul>\n<li>Dr. Tordai Attila, Laborat\u00f3riumvezet\u0151 f\u0151orvos<\/li>\n<\/ul>\n<h3>Oszt\u00e1ly dolgoz\u00f3i<\/h3>\n<ul>\n<li>G\u00e1l Anna, Laborat\u00f3riumvezet\u0151 helyettes<\/li>\n<li>Benoist M\u00f3nika, vezet\u0151asszisztens, klinikai k\u00e9miai szakasszisztens<\/li>\n<li>Lesku-Kundr\u00e1k \u00c1gota, analitikus<\/li>\n<li>Somogyi Dorina, analitikus<\/li>\n<li>Schaffer Szilvia, klinikai k\u00e9miai szakasszisztens<\/li>\n<li>Moln\u00e1r M\u00e1ria, klinikai k\u00e9miai szakasszisztens<\/li>\n<li>Sz\u0151ll\u0151sin\u00e9 Simon Judit, hematol\u00f3giai \u00e9s transzf\u00faziol\u00f3giai szakasszisztens<\/li>\n<li>Herczegh J\u00f3zsefn\u00e9, laborasszisztens<\/li>\n<li>Feh\u00e9r Anaszt\u00e1zia, \u00e1ltal\u00e1nos asszisztens<\/li>\n<li>Barsy Erika, gazdas\u00e1gi n\u0151v\u00e9r<\/li>\n<\/ul>\n","protected":false},"excerpt":{"rendered":"<p>Ell\u00e1tott szakm\u00e1k Klinikai Laborat\u00f3riumi Diagnosztika R\u00f6vid Ismertet\u0151 A SE INK teljes idegseb\u00e9szeti \u00e9s neurointervenci\u00f3s szakmai spektrum speci\u00e1lis klinikai laborat\u00f3riumi diagnosztikai, v\u00e9rcsoport- szerol\u00f3giai \u00e9s transzfuziol\u00f3giai ig\u00e9nyeinek kiszolg\u00e1l\u00e1sa a tervezhet\u0151, illetve a s\u00fcrg\u0151ss\u00e9gi beavatkoz\u00e1sok szintj\u00e9n kieg\u00e9sz\u00edtve a k\u00f6zponti idegrendszeri gy\u00f3gyszerek HPLC-vel v\u00e9gzett v\u00e9rszint-meghat\u00e1roz\u00e1saival, valamint a patol\u00f3giai (tumor) mint\u00e1k koordin\u00e1l\u00e1sa, onkoteam szervez\u00e9ssel. A k\u00fcls\u0151 int\u00e9zm\u00e9nyekben v\u00e9gzett vizsg\u00e1latok koordin\u00e1l\u00e1sa. &hellip;<\/p>\n","protected":false},"author":102360,"featured_media":0,"parent":494,"menu_order":0,"comment_status":"closed","ping_status":"closed","template":"","meta":{"_acf_changed":false,"footnotes":""},"categories":[11,8],"tags":[],"class_list":["post-592","page","type-page","status-publish","hentry","category-diagnosztika","category-osztaly"],"acf":[],"_links":{"self":[{"href":"https:\/\/semmelweis.hu\/amerikaiut\/wp-json\/wp\/v2\/pages\/592","targetHints":{"allow":["GET"]}}],"collection":[{"href":"https:\/\/semmelweis.hu\/amerikaiut\/wp-json\/wp\/v2\/pages"}],"about":[{"href":"https:\/\/semmelweis.hu\/amerikaiut\/wp-json\/wp\/v2\/types\/page"}],"author":[{"embeddable":true,"href":"https:\/\/semmelweis.hu\/amerikaiut\/wp-json\/wp\/v2\/users\/102360"}],"replies":[{"embeddable":true,"href":"https:\/\/semmelweis.hu\/amerikaiut\/wp-json\/wp\/v2\/comments?post=592"}],"version-history":[{"count":5,"href":"https:\/\/semmelweis.hu\/amerikaiut\/wp-json\/wp\/v2\/pages\/592\/revisions"}],"predecessor-version":[{"id":934,"href":"https:\/\/semmelweis.hu\/amerikaiut\/wp-json\/wp\/v2\/pages\/592\/revisions\/934"}],"up":[{"embeddable":true,"href":"https:\/\/semmelweis.hu\/amerikaiut\/wp-json\/wp\/v2\/pages\/494"}],"wp:attachment":[{"href":"https:\/\/semmelweis.hu\/amerikaiut\/wp-json\/wp\/v2\/media?parent=592"}],"wp:term":[{"taxonomy":"category","embeddable":true,"href":"https:\/\/semmelweis.hu\/amerikaiut\/wp-json\/wp\/v2\/categories?post=592"},{"taxonomy":"post_tag","embeddable":true,"href":"https:\/\/semmelweis.hu\/amerikaiut\/wp-json\/wp\/v2\/tags?post=592"}],"curies":[{"name":"wp","href":"https:\/\/api.w.org\/{rel}","templated":true}]}}