{"id":590,"date":"2024-05-30T12:14:26","date_gmt":"2024-05-30T10:14:26","guid":{"rendered":"https:\/\/semmelweis.hu\/amerikaiut\/?page_id=590"},"modified":"2025-04-02T11:34:21","modified_gmt":"2025-04-02T09:34:21","slug":"neuroradiologiai-osztaly","status":"publish","type":"page","link":"https:\/\/semmelweis.hu\/amerikaiut\/gyogyitas\/diagnosztika\/neuroradiologiai-osztaly\/","title":{"rendered":"Neuroradiol\u00f3giai oszt\u00e1ly"},"content":{"rendered":"<h3 style=\"text-align: justify\">R\u00f6vid Ismertet\u0151<\/h3>\n<p style=\"text-align: justify\">Az oszt\u00e1ly f\u0151 tev\u00e9kenys\u00e9ge a gyermek \u00e9s feln\u0151tt betegek neuroradiol\u00f3giai (koponya, gerinc) CT \u00e9s MR vizsg\u00e1latok, valamint ezek kieg\u00e9sz\u00edt\u0151 r\u00f6ntgen vizsg\u00e1latai.<\/p>\n<hr \/>\n<h3>Felt\u00e9telek:<\/h3>\n<p>Beutal\u00f3 \u00e9s el\u0151jegyz\u00e9s sz\u00fcks\u00e9ges<\/p>\n<hr \/>\n<h3>El\u0151jegyz\u00e9s:<\/h3>\n<p>+36\/1\/467-9314<\/p>\n<hr \/>\n<h3>K\u00e9rj\u00fck hozza mag\u00e1val:<\/h3>\n<ul>\n<li>TAJ k\u00e1rtya,<\/li>\n<li>Szem\u00e9lyi igazolv\u00e1ny<\/li>\n<li>Lakc\u00edmk\u00e1rtya<\/li>\n<li>Kor\u00e1bbi orvosi leletek, illetve z\u00e1r\u00f3jelent\u00e9sek<\/li>\n<\/ul>\n<hr \/>\n<h3 style=\"text-align: justify\">Egy\u00e9b inform\u00e1ci\u00f3k, \u00e9rdekess\u00e9gek<\/h3>\n<p style=\"text-align: justify\">Az Orsz\u00e1gos Ment\u00e1lis, Ideggy\u00f3gy\u00e1szati \u00e9s Idegseb\u00e9szeti Int\u00e9zet el\u0151dje, az 1954-ben alap\u00edtott Orsz\u00e1gos Idegseb\u00e9szeti Tudom\u00e1nyos Int\u00e9zet R\u00f6ntgen oszt\u00e1ly\u00e1nak els\u0151 f\u0151orvosa Dr. Gor\u00e1cz Istv\u00e1n volt. Kezdetben a neurol\u00f3giai c\u00e9l\u00fa kontrasztos r\u00f6ntgen vizsg\u00e1latokat \u2013 melyek akkoriban r\u00e9szben m\u0171t\u00e9ti \u00faton t\u00f6rt\u00e9ntek \u2013 idegseb\u00e9szek v\u00e9gezt\u00e9k \u00e9s \u00e9rt\u00e9kelt\u00e9k. 1958-t\u00f3l Dr. De\u00e1k Gy\u00f6rgy, aki el\u0151z\u0151leg seb\u00e9szi \u00e9s idegseb\u00e9szeti gyakorlatot szerzett \u00e9s radiol\u00f3giai gyakorlati ismeretekkel is rendelkezett, mint idegseb\u00e9sz v\u00e9gezte az oszt\u00e1ly munk\u00e1j\u00e1nak jelent\u0151s r\u00e9sz\u00e9t.<br \/>\nDr. De\u00e1k Gy\u00f6rgy k\u00fclf\u00f6ldi tanulm\u00e1ny\u00fatja sor\u00e1n megismerkedett a neuroradiol\u00f3gia leg\u00fajabb lehet\u0151s\u00e9geivel \u00e9s 1964-t\u0151l kezd\u0151d\u0151en egyre akt\u00edvabban kapcsol\u00f3dott bele a r\u00f6ntgenoszt\u00e1ly ezir\u00e1ny\u00fa munk\u00e1j\u00e1ba. A feladatok b\u0151v\u00fcl\u00e9se, az oszt\u00e1ly speci\u00e1lis r\u00f6ntgenberendez\u00e9sekkel val\u00f3 ell\u00e1t\u00e1sa lehet\u0151v\u00e9 tette az Int\u00e9zetben \u00f6n\u00e1ll\u00f3 kontrasztlaborat\u00f3rium kialak\u00edt\u00e1s\u00e1t, melynek vezet\u0151je 1974-ben Dr. De\u00e1k Gy\u00f6rgy lett, aki az akt\u00edv idegseb\u00e9szeti munk\u00e1t\u00f3l visszavonult a jelent\u0151s feladatok miatt.<br \/>\n1978-ban megkezdte m\u0171k\u00f6d\u00e9s\u00e9t Int\u00e9zet\u00fcnkben Magyarorsz\u00e1g els\u0151 CT berendez\u00e9se, ami egy els\u0151 gener\u00e1ci\u00f3s, CGR gy\u00e1rtm\u00e1ny\u00fa koponya CT k\u00e9sz\u00fcl\u00e9k volt. Ezt 1979-ben egy Pfizer-Medicor gy\u00e1rtm\u00e1ny\u00fa els\u0151 gener\u00e1ci\u00f3s eg\u00e9sztest k\u00e9sz\u00fcl\u00e9k k\u00f6vette, ami ugyancsak els\u0151 volt az orsz\u00e1gban.<br \/>\nAz 1970-es \u00e9vek v\u00e9g\u00e9n Dr. P\u00e1sztor Emil, Dr. Czirj\u00e1k S\u00e1ndor, Dr. L\u00e1z\u00e1r L\u00e1szl\u00f3. Dr. De\u00e1k Gy\u00f6rgy, \u00e9s Dr. L\u00e1nyi Ferenc r\u00e9szv\u00e9tel\u00e9vel elkezd\u0151d\u00f6tt az endovascularis,. interventios neuroradiol\u00f3giai vizsg\u00e1latok \u00e9s beavatkoz\u00e1sok bevezet\u00e9se, napi alkalmaz\u00e1sa, mely akkor a kezdeti id\u0151szaknak megfelel\u0151en nemzetk\u00f6zileg is elfogadott volt.<br \/>\n1985-ben Dr. Gor\u00e1cz Istv\u00e1n nyugd\u00edjaz\u00e1s\u00e1t k\u00f6vet\u0151en, az eg\u00e9sz neuroradiol\u00f3giai oszt\u00e1ly vezet\u00e9s\u00e9t Dr. De\u00e1k Gy\u00f6rgy vette \u00e1t.<br \/>\n1986-ban az Int\u00e9zet modern, harmadik gener\u00e1ci\u00f3s CT-t kapott, mely k\u00e9t m\u0171szakban, \u00fcgyeleti napokon 24 \u00f3r\u00e1ban m\u0171k\u00f6d\u00f6tt \u00e9s \u00faj alapokra helyezte a neuroradiol\u00f3gi\u00e1t.<br \/>\n1988-ban az els\u0151 digit\u00e1lis szubtrakci\u00f3s angiogr\u00e1fia (Siemens) be\u00e1ll\u00edt\u00e1s\u00e1val \u00e9s Dr. Szikora Istv\u00e1n hosszabb k\u00fclf\u00f6ldi, ez ir\u00e1ny\u00fa tapasztalatai nemzetk\u00f6zileg elismert sz\u00ednvonalra emelte az interventios neuroradiol\u00f3giai tev\u00e9kenys\u00e9get oszt\u00e1lyunkon. Az angiogr\u00e1fi\u00e1s \u00e9s a CT labor az orsz\u00e1g legjelent\u0151sebb neuroradiol\u00f3giai tov\u00e1bbk\u00e9pz\u0151 k\u00f6zpontja lett.<br \/>\n1992-ben Dr. De\u00e1k Gy\u00f6rgy nyugd\u00edjaz\u00e1sa ut\u00e1n \u00e1tmenetileg Dr. L\u00e1nyi Ferenc, majd 1994-ben, a k\u00fclf\u00f6ldi tanulm\u00e1ny\u00fatr\u00f3l hazat\u00e9r\u0151 Dr. Martos J\u00e1nos vette \u00e1t az oszt\u00e1ly ir\u00e1ny\u00edt\u00e1s\u00e1t.<br \/>\nNagy el\u0151rel\u00e9p\u00e9st jelentett 1996-ban egy 16 szeletes spir\u00e1l CT (Siemens) \u00fczembe\u00e1ll\u00edt\u00e1sa, de t\u00f6bb \u00e9ves szakmapolitikai harc ut\u00e1n csak 2000 janu\u00e1rj\u00e1ban indulhatott az Int\u00e9zet MR laborja, egy Siemens gy\u00e1rtm\u00e1ny\u00fa 1.5 Tesl\u00e1s berendez\u00e9ssel. T\u00f6bb dolgoz\u00f3nk k\u00fclf\u00f6ldi tapasztalatait felhaszn\u00e1lva lehet\u0151v\u00e9 v\u00e1lt a legmodernebb k\u00e9palkot\u00f3 vizsg\u00e1latok bevezet\u00e9se, ami az idegseb\u00e9szeti, k\u00e9s\u0151bb az ideggy\u00f3gy\u00e1szati munka sz\u00ednvonal\u00e1t is jelent\u0151sen emelte.<br \/>\n2002-ben \u00faj, modern digit\u00e1lis r\u00f6ntgen berendez\u00e9s (Siemens) seg\u00edts\u00e9g\u00e9vel siker\u00fclt teljesen elb\u00facs\u00faznunk a r\u00f6ntgenfilmes technik\u00e1t\u00f3l.<br \/>\n2003-2005-ben a r\u00f6ntgen oszt\u00e1ly is az \u00faj \u00e9p\u00fcletekbe k\u00f6lt\u00f6z\u00f6tt. 2010-ben \u00faj 128 szeletes CT (Siemens) be\u00e1ll\u00edt\u00e1s\u00e1val a kor k\u00f6vetelm\u00e9nyeinek megfelel\u0151 CT angiogr\u00e1fia, \u00e9s a stroke diagnosztika v\u00e1lt lehet\u0151v\u00e9.<br \/>\n2008-ban az intervenci\u00f3s labor lev\u00e1lt a neuroradiol\u00f3giai oszt\u00e1lyr\u00f3l, k\u00fcl\u00f6n oszt\u00e1lyk\u00e9nt folytatta m\u0171k\u00f6d\u00e9s\u00e9t.<br \/>\n2014-ben a 3 Tesl\u00e1s MR (Siemens) seg\u00edts\u00e9g\u00e9vel a legmodernebb neuroradiol\u00f3giai vizsg\u00e1latokat is el tudtuk v\u00e9gezni. 2015-ben \u00faj k\u00e9tmunkahelyes digit\u00e1lis r\u00f6ntgen labor (Siemens), majd 2022-ben \u00faj CT (Philips) be\u00e1ll\u00edt\u00e1s\u00e1val tov\u00e1bb fejl\u0151d\u00f6tt a neuroradiol\u00f3giai oszt\u00e1ly k\u00e9palkot\u00f3 diagnosztikai tev\u00e9kenys\u00e9ge.<br \/>\nA neuroradiol\u00f3giai oszt\u00e1ly, mint a Semmelweis Egyetem akkredit\u00e1lt szakorvosi k\u00e9pz\u0151helye folyamatosan r\u00e9szt vesz a szakorvosjel\u00f6ltek gyakorlati oktat\u00e1s\u00e1ban, de az oszt\u00e1ly munkat\u00e1rsai rendszeresen r\u00e9szt vesznek a szakdolgoz\u00f3k oktat\u00e1s\u00e1ban is. 1994-\u00f3ta minden \u00e9vben megrendezz\u00fck az egy hetes, \u00e1tfog\u00f3 neuroradiol\u00f3gia tov\u00e1bbk\u00e9pz\u0151 tanfolyamot, melynek f\u0151 c\u00e9lkit\u0171z\u00e9se a teljess\u00e9g, \u00e9s a naprak\u00e9sz vizsg\u00e1lati sz\u00ednvonal oktat\u00e1sa.<br \/>\nAz oszt\u00e1ly tudom\u00e1nyos tev\u00e9kenys\u00e9g\u00e9nek eredm\u00e9nyek\u00e9ppen t\u00f6bb sz\u00e1z k\u00f6zlem\u00e9ny jelent meg az oszt\u00e1ly dolgoz\u00f3inak toll\u00e1b\u00f3l, melyek nagy r\u00e9sz\u00e9t nemzetk\u00f6zileg elismert szaklapok k\u00f6z\u00f6lt\u00e9k. El\u0151ad\u00e1sokkal rendszeresen r\u00e9szt vesz\u00fcnk a tudom\u00e1nyos kongresszusokon \u00e9s tov\u00e1bbk\u00e9pz\u0151 tanfolyamokon.<\/p>\n<hr \/>\n<h2 style=\"text-align: justify\">Oszt\u00e1lyvezet\u0151<\/h2>\n<ul>\n<li style=\"text-align: justify\">Dr. V\u00e1rallyay P\u00e9ter<\/li>\n<\/ul>\n<h2 style=\"text-align: justify\">Oszt\u00e1ly orvosok<\/h2>\n<ul>\n<li style=\"text-align: justify\">Dr. G\u00e1ti Georgina<\/li>\n<li style=\"text-align: justify\">Dr. Machovitsch \u00c1gnes<\/li>\n<li style=\"text-align: justify\">Dr. Mangel T\u00fcnde<\/li>\n<li style=\"text-align: justify\">Dr. Manningern\u00e9 Dr.Solymosi Di\u00e1na Anna<\/li>\n<li style=\"text-align: justify\">Dr. Pozs\u00e1r Kinga<\/li>\n<li style=\"text-align: justify\">Dr. Szalm\u00e1s Orsolya<\/li>\n<li style=\"text-align: justify\">Dr. Szudi G\u00e1bor<\/li>\n<li style=\"text-align: justify\">Dr. V\u00e1rallyay P\u00e9ter<\/li>\n<\/ul>\n<h2>Oszt\u00e1ly dolgoz\u00f3i<\/h2>\n<ul>\n<li>Feh\u00e9r Kinga<\/li>\n<\/ul>\n","protected":false},"excerpt":{"rendered":"<p>R\u00f6vid Ismertet\u0151 Az oszt\u00e1ly f\u0151 tev\u00e9kenys\u00e9ge a gyermek \u00e9s feln\u0151tt betegek neuroradiol\u00f3giai (koponya, gerinc) CT \u00e9s MR vizsg\u00e1latok, valamint ezek kieg\u00e9sz\u00edt\u0151 r\u00f6ntgen vizsg\u00e1latai. Felt\u00e9telek: Beutal\u00f3 \u00e9s el\u0151jegyz\u00e9s sz\u00fcks\u00e9ges El\u0151jegyz\u00e9s: +36\/1\/467-9314 K\u00e9rj\u00fck hozza mag\u00e1val: TAJ k\u00e1rtya, Szem\u00e9lyi igazolv\u00e1ny Lakc\u00edmk\u00e1rtya Kor\u00e1bbi orvosi leletek, illetve z\u00e1r\u00f3jelent\u00e9sek Egy\u00e9b inform\u00e1ci\u00f3k, \u00e9rdekess\u00e9gek Az Orsz\u00e1gos Ment\u00e1lis, Ideggy\u00f3gy\u00e1szati \u00e9s Idegseb\u00e9szeti Int\u00e9zet el\u0151dje, az &hellip;<\/p>\n","protected":false},"author":102360,"featured_media":0,"parent":494,"menu_order":0,"comment_status":"closed","ping_status":"closed","template":"","meta":{"_acf_changed":false,"footnotes":""},"categories":[11,8],"tags":[],"class_list":["post-590","page","type-page","status-publish","hentry","category-diagnosztika","category-osztaly"],"acf":[],"_links":{"self":[{"href":"https:\/\/semmelweis.hu\/amerikaiut\/wp-json\/wp\/v2\/pages\/590","targetHints":{"allow":["GET"]}}],"collection":[{"href":"https:\/\/semmelweis.hu\/amerikaiut\/wp-json\/wp\/v2\/pages"}],"about":[{"href":"https:\/\/semmelweis.hu\/amerikaiut\/wp-json\/wp\/v2\/types\/page"}],"author":[{"embeddable":true,"href":"https:\/\/semmelweis.hu\/amerikaiut\/wp-json\/wp\/v2\/users\/102360"}],"replies":[{"embeddable":true,"href":"https:\/\/semmelweis.hu\/amerikaiut\/wp-json\/wp\/v2\/comments?post=590"}],"version-history":[{"count":4,"href":"https:\/\/semmelweis.hu\/amerikaiut\/wp-json\/wp\/v2\/pages\/590\/revisions"}],"predecessor-version":[{"id":1007,"href":"https:\/\/semmelweis.hu\/amerikaiut\/wp-json\/wp\/v2\/pages\/590\/revisions\/1007"}],"up":[{"embeddable":true,"href":"https:\/\/semmelweis.hu\/amerikaiut\/wp-json\/wp\/v2\/pages\/494"}],"wp:attachment":[{"href":"https:\/\/semmelweis.hu\/amerikaiut\/wp-json\/wp\/v2\/media?parent=590"}],"wp:term":[{"taxonomy":"category","embeddable":true,"href":"https:\/\/semmelweis.hu\/amerikaiut\/wp-json\/wp\/v2\/categories?post=590"},{"taxonomy":"post_tag","embeddable":true,"href":"https:\/\/semmelweis.hu\/amerikaiut\/wp-json\/wp\/v2\/tags?post=590"}],"curies":[{"name":"wp","href":"https:\/\/api.w.org\/{rel}","templated":true}]}}