{"id":577,"date":"2024-05-22T10:15:18","date_gmt":"2024-05-22T08:15:18","guid":{"rendered":"https:\/\/semmelweis.hu\/amerikaiut\/?page_id=577"},"modified":"2024-10-24T09:11:15","modified_gmt":"2024-10-24T07:11:15","slug":"betegjogok-betegjogi-kepviselo","status":"publish","type":"page","link":"https:\/\/semmelweis.hu\/amerikaiut\/beteginformacio\/betegjogok-betegjogi-kepviselo\/","title":{"rendered":"Betegjogok, betegjogi k\u00e9pvisel\u0151"},"content":{"rendered":"<h6><strong>A betegjogi k\u00e9pvisel\u0151 az Integr\u00e1lt Jogv\u00e9delmi Szolg\u00e1lat (IJSZ) munkat\u00e1rsa, a klinik\u00e1t\u00f3l f\u00fcggetlen szem\u00e9ly.<\/strong><\/h6>\n<div class=\"keretes w-100\">\n<p>Klinik\u00e1nkon az \u00d6n ter\u00fcletileg illet\u00e9kes betegjogi k\u00e9pvisel\u0151je:<\/p>\n<h4><strong>DR. LENGYEL INGRID<\/strong><\/h4>\n<p><strong>Telefon:<\/strong> +36 20 4899 609 <em>(az al\u00e1bbi id\u0151pontokban h\u00edvhat\u00f3)<\/em><\/p>\n<p><strong>h\u00e9tf\u0151t\u0151l-cs\u00fct\u00f6rt\u00f6kig<\/strong> 08:00 \u2013 16:30 \u00f3ra k\u00f6z\u00f6tt<br \/>\n<strong>p\u00e9nteken<\/strong> 08:00 \u2013 14:00 \u00f3ra k\u00f6z\u00f6tt<\/p>\n<p><strong>E-mail c\u00edme:<\/strong> <a href=\"mailto:ingrid.lengyel@ijsz.bm.gov.hu\">ingrid.lengyel@ijsz.bm.gov.hu<\/a><\/p>\n<p>Fogad\u00f3\u00f3ra id\u0151pontja: <strong>telefonon el\u0151re egyeztetett id\u0151pontban<\/strong><\/p>\n<\/div>\n<p><img loading=\"lazy\" decoding=\"async\" class=\"alignleft\" src=\"https:\/\/semmelweis.hu\/amerikaiut\/files\/2024\/09\/Integralt-Jogvedelmi-Szolgalat.png\" alt=\"\" width=\"333\" height=\"148\" \/><\/p>\n<p>Az IJSZ z\u00f6ldsz\u00e1ma: +36\/80-620-055<br \/>\nLevelez\u00e9si c\u00edm:1365 Budapest, Pf.: 646.<br \/>\nK\u00f6zponti telefon:+36 (1) 8969 000<br \/>\nWebc\u00edm:<a href=\"http:\/\/www.ijsz.hu\">www.ijsz.hu<\/a><\/p>\n","protected":false},"excerpt":{"rendered":"<p>A betegjogi k\u00e9pvisel\u0151 az Integr\u00e1lt Jogv\u00e9delmi Szolg\u00e1lat (IJSZ) munkat\u00e1rsa, a klinik\u00e1t\u00f3l f\u00fcggetlen szem\u00e9ly. Klinik\u00e1nkon az \u00d6n ter\u00fcletileg illet\u00e9kes betegjogi k\u00e9pvisel\u0151je: DR. LENGYEL INGRID Telefon: +36 20 4899 609 (az al\u00e1bbi id\u0151pontokban h\u00edvhat\u00f3) h\u00e9tf\u0151t\u0151l-cs\u00fct\u00f6rt\u00f6kig 08:00 \u2013 16:30 \u00f3ra k\u00f6z\u00f6tt p\u00e9nteken 08:00 \u2013 14:00 \u00f3ra k\u00f6z\u00f6tt E-mail c\u00edme: <a href=\"mailto:ingrid.lengyel@ijsz.bm.gov.hu\">ingrid.lengyel@ijsz.bm.gov.hu<\/a> Fogad\u00f3\u00f3ra id\u0151pontja: telefonon el\u0151re egyeztetett id\u0151pontban Az IJSZ z\u00f6ldsz\u00e1ma: &hellip;<\/p>\n","protected":false},"author":102360,"featured_media":0,"parent":469,"menu_order":0,"comment_status":"closed","ping_status":"closed","template":"","meta":{"_acf_changed":false,"footnotes":""},"categories":[],"tags":[],"class_list":["post-577","page","type-page","status-publish","hentry"],"acf":[],"_links":{"self":[{"href":"https:\/\/semmelweis.hu\/amerikaiut\/wp-json\/wp\/v2\/pages\/577","targetHints":{"allow":["GET"]}}],"collection":[{"href":"https:\/\/semmelweis.hu\/amerikaiut\/wp-json\/wp\/v2\/pages"}],"about":[{"href":"https:\/\/semmelweis.hu\/amerikaiut\/wp-json\/wp\/v2\/types\/page"}],"author":[{"embeddable":true,"href":"https:\/\/semmelweis.hu\/amerikaiut\/wp-json\/wp\/v2\/users\/102360"}],"replies":[{"embeddable":true,"href":"https:\/\/semmelweis.hu\/amerikaiut\/wp-json\/wp\/v2\/comments?post=577"}],"version-history":[{"count":10,"href":"https:\/\/semmelweis.hu\/amerikaiut\/wp-json\/wp\/v2\/pages\/577\/revisions"}],"predecessor-version":[{"id":875,"href":"https:\/\/semmelweis.hu\/amerikaiut\/wp-json\/wp\/v2\/pages\/577\/revisions\/875"}],"up":[{"embeddable":true,"href":"https:\/\/semmelweis.hu\/amerikaiut\/wp-json\/wp\/v2\/pages\/469"}],"wp:attachment":[{"href":"https:\/\/semmelweis.hu\/amerikaiut\/wp-json\/wp\/v2\/media?parent=577"}],"wp:term":[{"taxonomy":"category","embeddable":true,"href":"https:\/\/semmelweis.hu\/amerikaiut\/wp-json\/wp\/v2\/categories?post=577"},{"taxonomy":"post_tag","embeddable":true,"href":"https:\/\/semmelweis.hu\/amerikaiut\/wp-json\/wp\/v2\/tags?post=577"}],"curies":[{"name":"wp","href":"https:\/\/api.w.org\/{rel}","templated":true}]}}