{"id":574,"date":"2024-05-22T10:07:36","date_gmt":"2024-05-22T08:07:36","guid":{"rendered":"https:\/\/semmelweis.hu\/amerikaiut\/?page_id=574"},"modified":"2024-10-24T09:11:22","modified_gmt":"2024-10-24T07:11:22","slug":"varolista","status":"publish","type":"page","link":"https:\/\/semmelweis.hu\/amerikaiut\/beteginformacio\/varolista\/","title":{"rendered":"V\u00e1r\u00f3lista"},"content":{"rendered":"<p style=\"text-align: justify\">Az al\u00e1bbi v\u00e1r\u00f3list\u00e1inkban az azonos\u00edt\u00f3 k\u00f3dok alapj\u00e1n t\u00e1j\u00e9koz\u00f3dhatnak az egyes beavatkoz\u00e1sok v\u00e1rhat\u00f3 id\u0151pontj\u00e1r\u00f3l. V\u00e1r\u00f3list\u00e1inkat a vonatkoz\u00f3 eg\u00e9szs\u00e9g\u00fcgyi miniszteri rendeletek \u00e9s korm\u00e1nyrendeletek alapj\u00e1n \u00e1ll\u00edtottuk \u00f6ssze.<\/p>\n<p style=\"text-align: justify\">A sorrendis\u00e9g alapelve \u00e9s a vonatkoz\u00f3 rendeletek szerint.<\/p>\n<figure role=\"group\"><a href=\"https:\/\/jogviszony.neak.gov.hu\/varolista_pub\/\" target=\"_blank\" rel=\"noopener\"><span style=\"font-size: 1rem\">NEAK v\u00e1r\u00f3lista erre a hivatkoz\u00e1sra kattintva \u00e9rhet\u0151 el.<\/span><\/a><\/figure>\n","protected":false},"excerpt":{"rendered":"<p>Az al\u00e1bbi v\u00e1r\u00f3list\u00e1inkban az azonos\u00edt\u00f3 k\u00f3dok alapj\u00e1n t\u00e1j\u00e9koz\u00f3dhatnak az egyes beavatkoz\u00e1sok v\u00e1rhat\u00f3 id\u0151pontj\u00e1r\u00f3l. V\u00e1r\u00f3list\u00e1inkat a vonatkoz\u00f3 eg\u00e9szs\u00e9g\u00fcgyi miniszteri rendeletek \u00e9s korm\u00e1nyrendeletek alapj\u00e1n \u00e1ll\u00edtottuk \u00f6ssze.<br \/>\nA sorrendis\u00e9g alapelve \u00e9s a vonatkoz\u00f3 rendeletek szerint.<br \/>\n<a href=\"https:\/\/jogviszony.neak.gov.hu\/varolista_pub\/\" target=\"_blank\" rel=\"noopener\">NEAK v\u00e1r\u00f3lista erre a hivatkoz\u00e1sra kattintva \u00e9rhet\u0151 el.<\/a><\/p>\n","protected":false},"author":102360,"featured_media":0,"parent":469,"menu_order":0,"comment_status":"closed","ping_status":"closed","template":"","meta":{"_acf_changed":false,"footnotes":""},"categories":[],"tags":[],"class_list":["post-574","page","type-page","status-publish","hentry"],"acf":[],"_links":{"self":[{"href":"https:\/\/semmelweis.hu\/amerikaiut\/wp-json\/wp\/v2\/pages\/574","targetHints":{"allow":["GET"]}}],"collection":[{"href":"https:\/\/semmelweis.hu\/amerikaiut\/wp-json\/wp\/v2\/pages"}],"about":[{"href":"https:\/\/semmelweis.hu\/amerikaiut\/wp-json\/wp\/v2\/types\/page"}],"author":[{"embeddable":true,"href":"https:\/\/semmelweis.hu\/amerikaiut\/wp-json\/wp\/v2\/users\/102360"}],"replies":[{"embeddable":true,"href":"https:\/\/semmelweis.hu\/amerikaiut\/wp-json\/wp\/v2\/comments?post=574"}],"version-history":[{"count":5,"href":"https:\/\/semmelweis.hu\/amerikaiut\/wp-json\/wp\/v2\/pages\/574\/revisions"}],"predecessor-version":[{"id":919,"href":"https:\/\/semmelweis.hu\/amerikaiut\/wp-json\/wp\/v2\/pages\/574\/revisions\/919"}],"up":[{"embeddable":true,"href":"https:\/\/semmelweis.hu\/amerikaiut\/wp-json\/wp\/v2\/pages\/469"}],"wp:attachment":[{"href":"https:\/\/semmelweis.hu\/amerikaiut\/wp-json\/wp\/v2\/media?parent=574"}],"wp:term":[{"taxonomy":"category","embeddable":true,"href":"https:\/\/semmelweis.hu\/amerikaiut\/wp-json\/wp\/v2\/categories?post=574"},{"taxonomy":"post_tag","embeddable":true,"href":"https:\/\/semmelweis.hu\/amerikaiut\/wp-json\/wp\/v2\/tags?post=574"}],"curies":[{"name":"wp","href":"https:\/\/api.w.org\/{rel}","templated":true}]}}