{"id":565,"date":"2024-05-21T15:12:53","date_gmt":"2024-05-21T13:12:53","guid":{"rendered":"https:\/\/semmelweis.hu\/amerikaiut\/?page_id=565"},"modified":"2024-10-24T09:11:29","modified_gmt":"2024-10-24T07:11:29","slug":"vallasgyakorlas","status":"publish","type":"page","link":"https:\/\/semmelweis.hu\/amerikaiut\/beteginformacio\/vallasgyakorlas\/","title":{"rendered":"Vall\u00e1sgyakorl\u00e1s"},"content":{"rendered":"<div id=\"block-omi3web-barrio-sub-page-title\" class=\"block block-core block-page-title-block\">\n<div class=\"content\">\n<div class=\"keretes w-100\">\n<p style=\"text-align: justify\">Klinik\u00e1nkon a Budapesti Katolikus K\u00f3rh\u00e1zlelk\u00e9szs\u00e9g<\/p>\n<ul style=\"list-style-type: square\">\n<li style=\"text-align: justify\"><strong>minden kedden d\u00e9lut\u00e1n 14 \u00f3ra ut\u00e1n beteg\u00e1gy melletti szolg\u00e1latot ny\u00fajt el\u0151zetes ig\u00e9nybejelent\u00e9s alapj\u00e1n<\/strong>.\u00a0<\/li>\n<li style=\"text-align: justify\">A k\u00f3rh\u00e1zlelk\u00e9szs\u00e9g \u00f6nk\u00e9ntes munkat\u00e1rsai <strong>h\u00e9tf\u0151 d\u00e9lut\u00e1nonk\u00e9nt szem\u00e9lyes jelenl\u00e9t\u00fck sor\u00e1n felm\u00e9rik a lelki szolg\u00e1ltat\u00e1s ig\u00e9ny\u00e9t<\/strong>.<\/li>\n<li style=\"text-align: justify\">Sz\u00fcks\u00e9g eset\u00e9n <strong>m\u00e1s felekezeti szolg\u00e1ltat\u00e1sr\u00f3l is gondoskodni tudnak<\/strong>.\u00a0<\/li>\n<\/ul>\n<p style=\"text-align: justify\">Ezenk\u00edv\u00fcl az ig\u00e9nybejelent\u00e9st az \u00e1pol\u00f3 szem\u00e9lyzet fel\u00e9 is lehet jelezni.<\/p>\n<\/div>\n<h5 style=\"text-align: justify\">Budapesti Katolikus K\u00f3rh\u00e1zlelk\u00e9szs\u00e9g<\/h5>\n<p><strong>Dank\u00f3 Ferenc k\u00f3rh\u00e1zlelk\u00e9sz<\/strong><br \/>\n1122 Budapest, R\u00e1th Gy\u00f6rgy u. 7-9.<br \/>\nIrodai telefon: +36 1 224-8640 (H-P 8:00-16:00 \u00f3r\u00e1ig h\u00edvhat\u00f3)<br \/>\nE-mail:\u00a0<a href=\"mailto:korlelk@gmail.com\">korlelk@gmail.com<\/a><br \/>\nWeboldal, melyen megtal\u00e1lhat\u00f3k az egyes k\u00f3rh\u00e1zk\u00e1poln\u00e1k miserendje is:<br \/>\n<a href=\"http:\/\/www.facebook.com\/korlelk\">www.facebook.com\/korlelk<\/a><\/p>\n<h5>A Katolikus S\u00fcrg\u0151ss\u00e9gi Lelkip\u00e1sztori Szolg\u00e1lat \u00e9jjel-nappal h\u00edvhat\u00f3 telefonsz\u00e1ma: +36 1 213 9620<\/h5>\n<\/div>\n<\/div>\n","protected":false},"excerpt":{"rendered":"<p>Klinik\u00e1nkon a Budapesti Katolikus K\u00f3rh\u00e1zlelk\u00e9szs\u00e9g minden kedden d\u00e9lut\u00e1n 14 \u00f3ra ut\u00e1n beteg\u00e1gy melletti szolg\u00e1latot ny\u00fajt el\u0151zetes ig\u00e9nybejelent\u00e9s alapj\u00e1n.\u00a0 A k\u00f3rh\u00e1zlelk\u00e9szs\u00e9g \u00f6nk\u00e9ntes munkat\u00e1rsai h\u00e9tf\u0151 d\u00e9lut\u00e1nonk\u00e9nt szem\u00e9lyes jelenl\u00e9t\u00fck sor\u00e1n felm\u00e9rik a lelki szolg\u00e1ltat\u00e1s ig\u00e9ny\u00e9t. Sz\u00fcks\u00e9g eset\u00e9n m\u00e1s felekezeti szolg\u00e1ltat\u00e1sr\u00f3l is gondoskodni tudnak.\u00a0 Ezenk\u00edv\u00fcl az ig\u00e9nybejelent\u00e9st az \u00e1pol\u00f3 szem\u00e9lyzet fel\u00e9 is lehet jelezni. Budapesti Katolikus K\u00f3rh\u00e1zlelk\u00e9szs\u00e9g Dank\u00f3 Ferenc &hellip;<\/p>\n","protected":false},"author":102360,"featured_media":0,"parent":469,"menu_order":5,"comment_status":"closed","ping_status":"closed","template":"","meta":{"_acf_changed":false,"footnotes":""},"categories":[],"tags":[],"class_list":["post-565","page","type-page","status-publish","hentry"],"acf":[],"_links":{"self":[{"href":"https:\/\/semmelweis.hu\/amerikaiut\/wp-json\/wp\/v2\/pages\/565","targetHints":{"allow":["GET"]}}],"collection":[{"href":"https:\/\/semmelweis.hu\/amerikaiut\/wp-json\/wp\/v2\/pages"}],"about":[{"href":"https:\/\/semmelweis.hu\/amerikaiut\/wp-json\/wp\/v2\/types\/page"}],"author":[{"embeddable":true,"href":"https:\/\/semmelweis.hu\/amerikaiut\/wp-json\/wp\/v2\/users\/102360"}],"replies":[{"embeddable":true,"href":"https:\/\/semmelweis.hu\/amerikaiut\/wp-json\/wp\/v2\/comments?post=565"}],"version-history":[{"count":6,"href":"https:\/\/semmelweis.hu\/amerikaiut\/wp-json\/wp\/v2\/pages\/565\/revisions"}],"predecessor-version":[{"id":908,"href":"https:\/\/semmelweis.hu\/amerikaiut\/wp-json\/wp\/v2\/pages\/565\/revisions\/908"}],"up":[{"embeddable":true,"href":"https:\/\/semmelweis.hu\/amerikaiut\/wp-json\/wp\/v2\/pages\/469"}],"wp:attachment":[{"href":"https:\/\/semmelweis.hu\/amerikaiut\/wp-json\/wp\/v2\/media?parent=565"}],"wp:term":[{"taxonomy":"category","embeddable":true,"href":"https:\/\/semmelweis.hu\/amerikaiut\/wp-json\/wp\/v2\/categories?post=565"},{"taxonomy":"post_tag","embeddable":true,"href":"https:\/\/semmelweis.hu\/amerikaiut\/wp-json\/wp\/v2\/tags?post=565"}],"curies":[{"name":"wp","href":"https:\/\/api.w.org\/{rel}","templated":true}]}}