{"id":471,"date":"2024-05-15T12:49:40","date_gmt":"2024-05-15T10:49:40","guid":{"rendered":"https:\/\/semmelweis.hu\/amerikaiut\/?page_id=471"},"modified":"2026-01-30T11:05:05","modified_gmt":"2026-01-30T10:05:05","slug":"kapcsolat","status":"publish","type":"page","link":"https:\/\/semmelweis.hu\/amerikaiut\/kapcsolat\/","title":{"rendered":"Kapcsolat"},"content":{"rendered":"<h2>Az Idegseb\u00e9szeti \u00e9s Neurointervenci\u00f3s Klinika el\u00e9rhet\u0151s\u00e9gei:<\/h2>\n<div class=\"keretes w-100\">\n<p><strong>C\u00edm:<\/strong> 1145 Budapest, Amerikai \u00fat 57.<br \/>\n<strong>Megk\u00f6zel\u00edt\u00e9s:<\/strong>1145 Budapest, Laky Adolf u. 44-46.<br \/>\n<strong>Levelez\u00e9si c\u00edm: <\/strong>1085 Budapest, \u00dcll\u0151i \u00fat 26. ; 1428 Budapest, Pf.2.<br \/>\n<strong>Telefon:<\/strong> +36 1 467 9300<br \/>\n<strong>E-mail:<\/strong> <a href=\"mailto:titkarsag.amerikaiut@semmelweis.hu\">titkarsag.amerikaiut@semmelweis.hu<\/a><\/p>\n<\/div>\n<h2>A Klinika vezet\u0151i \u00e9s el\u00e9rhet\u0151s\u00e9geik:<\/h2>\n<div class=\"keretes w-100\">\n<h6><strong>Klinikaigazgat\u00f3:<\/strong> Prof. Dr. Er\u0151ss Lor\u00e1nd klinikaigazgat\u00f3, egyetemi tan\u00e1r<\/h6>\n<p><strong>Klinikaigazgat\u00f3i Titk\u00e1rs\u00e1g<br \/>\n<\/strong><span style=\"font-size: 1rem\">Telefon: +36 1 467 9300<br \/>\n<\/span>E-mail c\u00edm: <a href=\"mailto:titkarsag.amerikaiut@semmelweis.hu\">titkarsag.amerikaiut@semmelweis.hu<\/a><\/p>\n<\/div>\n<h2>Az Int\u00e9zet megk\u00f6zel\u00edt\u00e9se:<\/h2>\n\n<!-- iframe plugin v.4.9 wordpress.org\/plugins\/iframe\/ -->\n<iframe loading=\"lazy\" src=\"https:\/\/www.google.com\/maps\/embed?pb=!1m14!1m8!1m3!1d476.33220465708604!2d19.09853239142607!3d47.51831284995427!3m2!1i1024!2i768!4f13.1!3m3!1m2!1s0x4741db791d088033%3A0xdfda238569f6d959!2sIdegseb%C3%A9szeti%20%C3%A9s%20Neurointervenci%C3%B3s%20Klinika%20-%20Semmelweis%20Egyetem!5e0!3m2!1shu!2shu!4v1716373069642!5m2!1shu!2shu\" width=\"100%\" height=\"450\" style=\"border:0;\" scrolling=\"yes\" class=\"iframe-class\" frameborder=\"0\"><\/iframe>\n\n","protected":false},"excerpt":{"rendered":"<p>Az Idegseb\u00e9szeti \u00e9s Neurointervenci\u00f3s Klinika el\u00e9rhet\u0151s\u00e9gei: C\u00edm: 1145 Budapest, Amerikai \u00fat 57. Megk\u00f6zel\u00edt\u00e9s:1145 Budapest, Laky Adolf u. 44-46. Levelez\u00e9si c\u00edm: 1085 Budapest, \u00dcll\u0151i \u00fat 26. ; 1428 Budapest, Pf.2. Telefon: +36 1 467 9300 E-mail: <a href=\"mailto:titkarsag.amerikaiut@semmelweis.hu\">titkarsag.amerikaiut@semmelweis.hu<\/a> A Klinika vezet\u0151i \u00e9s el\u00e9rhet\u0151s\u00e9geik: Klinikaigazgat\u00f3: Prof. Dr. Er\u0151ss Lor\u00e1nd klinikaigazgat\u00f3, egyetemi tan\u00e1r Klinikaigazgat\u00f3i Titk\u00e1rs\u00e1g Telefon: +36 1 467 9300 &hellip;<\/p>\n","protected":false},"author":102360,"featured_media":0,"parent":0,"menu_order":6,"comment_status":"closed","ping_status":"closed","template":"","meta":{"_acf_changed":false,"footnotes":""},"categories":[],"tags":[],"class_list":["post-471","page","type-page","status-publish","hentry"],"acf":[],"_links":{"self":[{"href":"https:\/\/semmelweis.hu\/amerikaiut\/wp-json\/wp\/v2\/pages\/471","targetHints":{"allow":["GET"]}}],"collection":[{"href":"https:\/\/semmelweis.hu\/amerikaiut\/wp-json\/wp\/v2\/pages"}],"about":[{"href":"https:\/\/semmelweis.hu\/amerikaiut\/wp-json\/wp\/v2\/types\/page"}],"author":[{"embeddable":true,"href":"https:\/\/semmelweis.hu\/amerikaiut\/wp-json\/wp\/v2\/users\/102360"}],"replies":[{"embeddable":true,"href":"https:\/\/semmelweis.hu\/amerikaiut\/wp-json\/wp\/v2\/comments?post=471"}],"version-history":[{"count":10,"href":"https:\/\/semmelweis.hu\/amerikaiut\/wp-json\/wp\/v2\/pages\/471\/revisions"}],"predecessor-version":[{"id":1076,"href":"https:\/\/semmelweis.hu\/amerikaiut\/wp-json\/wp\/v2\/pages\/471\/revisions\/1076"}],"wp:attachment":[{"href":"https:\/\/semmelweis.hu\/amerikaiut\/wp-json\/wp\/v2\/media?parent=471"}],"wp:term":[{"taxonomy":"category","embeddable":true,"href":"https:\/\/semmelweis.hu\/amerikaiut\/wp-json\/wp\/v2\/categories?post=471"},{"taxonomy":"post_tag","embeddable":true,"href":"https:\/\/semmelweis.hu\/amerikaiut\/wp-json\/wp\/v2\/tags?post=471"}],"curies":[{"name":"wp","href":"https:\/\/api.w.org\/{rel}","templated":true}]}}