{"id":461,"date":"2024-05-15T12:44:49","date_gmt":"2024-05-15T10:44:49","guid":{"rendered":"https:\/\/semmelweis.hu\/amerikaiut\/?page_id=461"},"modified":"2024-10-24T09:09:22","modified_gmt":"2024-10-24T07:09:22","slug":"rolunk","status":"publish","type":"page","link":"https:\/\/semmelweis.hu\/amerikaiut\/rolunk\/","title":{"rendered":"A Klinik\u00e1r\u00f3l"},"content":{"rendered":"<div class=\"keretes w-100\">\n<p><strong style=\"font-size: 1rem\">2024. m\u00e1rcius 1-t\u0151l az <\/strong><strong>Orsz\u00e1gos Klinikai Idegtudom\u00e1nyi Int\u00e9zet (OKITI) Idegseb\u00e9szeti \u00e9s Neurointervenci\u00f3s Klinika n\u00e9ven a Semmelweis Egyetem keret\u00e9ben m\u0171k\u00f6dik tov\u00e1bb.<\/strong><\/p>\n<p>Klinik\u00e1nk a <a href=\"https:\/\/semmelweis.hu\/amerikaiut\/gyogyitas\/jarobeteg-osztalyok\/\">j\u00e1r\u00f3beteg-ell\u00e1t\u00e1s<\/a> \u00e9s <a href=\"https:\/\/semmelweis.hu\/amerikaiut\/gyogyitas\/fekvobeteg-osztalyok\/\">fekv\u0151beteg-ell\u00e1t\u00e1s<\/a> mellett fontos szerepet v\u00e1llal a kutat\u00e1sban, az \u00faj ter\u00e1pi\u00e1s elj\u00e1r\u00e1sok, technol\u00f3gi\u00e1k meghonos\u00edt\u00e1s\u00e1ban \u00e9s kidolgoz\u00e1s\u00e1ban, valamint az oktat\u00e1sban (<a href=\"https:\/\/semmelweis.hu\/idegsebeszet\/\">link<\/a>). Magasan kvalifik\u00e1lt szakorvosaink \u00e9s szak\u00e1pol\u00f3ink nagy tud\u00e1ssal \u00e9s tapasztalattal, emp\u00e1ti\u00e1val \u00e9s odafigyel\u00e9ssel gy\u00f3gy\u00edtj\u00e1k a gondjaikra b\u00edzott gyermekeket \u00e9s feln\u0151tteket.<\/p>\n<\/div>\n<p style=\"text-align: justify\"><a href=\"https:\/\/semmelweis.hu\/amerikaiut\/files\/2024\/09\/RS196575__19A2968-scr.jpg\"><img loading=\"lazy\" decoding=\"async\" class=\"alignright size-medium wp-image-861\" src=\"https:\/\/semmelweis.hu\/amerikaiut\/files\/2024\/09\/RS196575__19A2968-scr-400x267.jpg\" alt=\"\" width=\"400\" height=\"267\" srcset=\"https:\/\/semmelweis.hu\/amerikaiut\/files\/2024\/09\/RS196575__19A2968-scr-400x267.jpg 400w, https:\/\/semmelweis.hu\/amerikaiut\/files\/2024\/09\/RS196575__19A2968-scr-1024x683.jpg 1024w, https:\/\/semmelweis.hu\/amerikaiut\/files\/2024\/09\/RS196575__19A2968-scr-768x512.jpg 768w, https:\/\/semmelweis.hu\/amerikaiut\/files\/2024\/09\/RS196575__19A2968-scr-753x502.jpg 753w, https:\/\/semmelweis.hu\/amerikaiut\/files\/2024\/09\/RS196575__19A2968-scr-203x135.jpg 203w, https:\/\/semmelweis.hu\/amerikaiut\/files\/2024\/09\/RS196575__19A2968-scr.jpg 1200w\" sizes=\"auto, (max-width: 400px) 100vw, 400px\" \/><\/a>Klinik\u00e1nkon egy csapatban dolgoznak idegseb\u00e9szek, neurol\u00f3gusok, neuroonkol\u00f3gusok, epileptol\u00f3gusok \u00e9s a stroke szak\u00e9rt\u0151i. Ez a betegek sz\u00e1m\u00e1ra a legoptim\u00e1lisabb \u00e9s legeredm\u00e9nyesebb kezel\u00e9si k\u00f6r\u00fclm\u00e9nyeket garant\u00e1lja: h\u00e1zon bel\u00fcli gyors kivizsg\u00e1l\u00e1si id\u0151t, azonnali konzult\u00e1ci\u00f3s \u00e9s beavatkoz\u00e1si lehet\u0151s\u00e9get \u2212 ami sok esetben egyet jelent a t\u00fal\u00e9l\u00e9s \u00e9s a v\u00e1ltozatlan \u00e9letmin\u0151s\u00e9g es\u00e9ly\u00e9vel.<\/p>\n<p style=\"text-align: justify\">Klinik\u00e1nk ma a harmadik legnagyobb idegseb\u00e9szeti k\u00f6zpont Eur\u00f3p\u00e1ban. \u00c9lenj\u00e1r\u00f3 a nagy seb\u00e9szi pontoss\u00e1got jelent\u0151 neuronavig\u00e1ci\u00f3s m\u00f3dszerekben, az ablat\u00edv oper\u00e1ci\u00f3t sok esetben kiv\u00e1lt\u00f3 neurostimul\u00e1toros beavatkoz\u00e1sokban, a kis sebfel\u00fclettel j\u00e1r\u00f3 gerincm\u0171t\u00e9tek ter\u00e9n \u00e9s sok egy\u00e9b m\u00e1s korszer\u0171 neuroseb\u00e9szeti elj\u00e1r\u00e1sban. N\u00e1lunk tal\u00e1lhat\u00f3 tov\u00e1bb\u00e1 az orsz\u00e1g els\u0151 gyermek-idegseb\u00e9szeti oszt\u00e1lya is, ahol az id\u0151k sor\u00e1n szint\u00e9n felbecs\u00fclhetetlen \u00e9rt\u00e9k\u0171 szakmai tapasztalat halmoz\u00f3dott fel.<\/p>\n<h2>Gy\u00f3gy\u00edt\u00f3 tev\u00e9kenys\u00e9g\u00fcnk<\/h2>\n<p style=\"text-align: justify\">Az Idegseb\u00e9szeti \u00e9s Neurointervenci\u00f3s Klinika\u00a0az idegseb\u00e9szet \u00e9s neurol\u00f3gia ter\u00fclet\u00e9n orsz\u00e1gos gy\u00f3gyint\u00e9zetk\u00e9nt ell\u00e1tja az idegseb\u00e9szeti, ideggy\u00f3gy\u00e1szati, epileptol\u00f3giai \u00e9s stroke-, tov\u00e1bb\u00e1 ezen szakter\u00fcletek hat\u00e1rter\u00fcleteihez tartoz\u00f3 j\u00e1r\u00f3- \u00e9s fekv\u0151betegek diagnosztikus \u00e9s ter\u00e1pi\u00e1s szakorvosi feladatait. E feladatainak ell\u00e1t\u00e1sa sor\u00e1n a felsorolt diszcipl\u00edn\u00e1k teljes k\u00f6r\u00e9t m\u0171veli, de kiemelt feladata a szakter\u00fcletek s\u00fcrg\u0151ss\u00e9gi \u00e1llapotainak ell\u00e1t\u00e1sa. Ter\u00e1pi\u00e1s tev\u00e9kenys\u00e9g\u00e9t a neurol\u00f3giai \u00e9s idegseb\u00e9szeti k\u00f3r\u00e1llapotok teljesk\u00f6r\u0171 diagnosztik\u00e1ja \u00e9s neurointervenci\u00f3s oszt\u00e1lya, s\u00fcrg\u0151ss\u00e9gi feladatait neuro-intenz\u00edv feladatokra szakosodott intenz\u00edv oszt\u00e1lya t\u00e1mogatja.<\/p>\n<p style=\"text-align: justify\">A Klinika neurol\u00f3giai \u00e9s intenz\u00edv oszt\u00e1lyain a hat\u00e1rter\u00fcleti, valamint a ter\u00fcleti ell\u00e1t\u00e1si k\u00f6telezetts\u00e9g alapj\u00e1n ide tartoz\u00f3 betegeket. Ell\u00e1t\u00e1si ter\u00fclet\u00e9n feladata a j\u00e1r\u00f3- \u00e9s fekv\u0151betegek komplex diagnosztikus \u00e9s ter\u00e1pi\u00e1s szakorvosi ell\u00e1t\u00e1sa, rehabilit\u00e1ci\u00f3ja \u00e9s k\u00f6vet\u00e9ses gondoz\u00e1sa, ennek keret\u00e9ben fekv\u0151betegek akt\u00edv \u00e9s kr\u00f3nikus ell\u00e1t\u00e1sa, rehabilit\u00e1ci\u00f3ja, j\u00e1r\u00f3betegek gy\u00f3gy\u00edt\u00f3 \u00e9s rehabilit\u00e1ci\u00f3s szakell\u00e1t\u00e1sa \u00e9s egynapos ell\u00e1t\u00e1sa az egy\u00e9n gy\u00f3gykezel\u00e9se, \u00e9letvesz\u00e9ly elh\u00e1r\u00edt\u00e1sa, a megbeteged\u00e9s k\u00f6vetkezt\u00e9ben kialakult \u00e1llapot jav\u00edt\u00e1sa vagy a tov\u00e1bbi \u00e1llapotroml\u00e1s megel\u0151z\u00e9se c\u00e9lj\u00e1b\u00f3l.<\/p>\n<h2>Oktat\u00e1s \u00e9s kutat\u00e1s<\/h2>\n<p style=\"text-align: justify\">Diagnosztikus \u00e9s ter\u00e1pi\u00e1s tev\u00e9kenys\u00e9ge mellett az Int\u00e9zet alaptev\u00e9kenys\u00e9g\u00e9nek szerves r\u00e9sze a felsorolt szakter\u00fcleteken \u00e9s annak hat\u00e1rter\u00fcletein v\u00e9gzett kutat\u00f3munka. Feladatk\u00f6r\u00e9be tartoznak az alapvet\u0151 orvostudom\u00e1nyi kutat\u00e1sok, tov\u00e1bb\u00e1 a gy\u00f3gyszeres \u00e9s eszk\u00f6z\u00f6s, ter\u00e1pi\u00e1s, illetve diagnosztikus elj\u00e1r\u00e1sok fejleszt\u00e9se \u00e9rdek\u00e9ben v\u00e9gzett klinikai kutat\u00f3munka.<\/p>\n<p style=\"text-align: justify\">A felsorolt szakter\u00fcleteken kiemelt oktat\u00f3 int\u00e9zm\u00e9nyk\u00e9nt folytat gradu\u00e1lis \u00e9s posztgradu\u00e1lis orvos \u00e9s szakdolgoz\u00f3, valamint PhD k\u00e9pz\u00e9st.<\/p>\n<p style=\"text-align: justify\">Az Int\u00e9zet m\u0171k\u00f6dteti az eg\u00e9szs\u00e9g\u00fcgyi szakmai koll\u00e9gium idegseb\u00e9szeti, neurol\u00f3giai,\u00a0tagozatait \u00e9s r\u00e9szt vesz azok d\u00f6nt\u00e9seinek el\u0151k\u00e9sz\u00edt\u00e9s\u00e9ben, \u00e9s a d\u00f6nt\u00e9sek v\u00e9grehajt\u00e1s\u00e1ban. Tan\u00e1csad\u00f3k\u00e9nt seg\u00edti a neuroradiol\u00f3gia ter\u00fclet\u00e9n a radiol\u00f3giai szakmai koll\u00e9gium munk\u00e1j\u00e1t.<\/p>\n<h2>T\u00f6rt\u00e9net\u00fcnk<\/h2>\n<p style=\"text-align: justify\">Klinik\u00e1nk t\u00f6rt\u00e9nete 1953-ra ny\u00falik vissza, azonban az Amerikai \u00fati \u00e9p\u00fcletben 1911-\u00f3ta folyik \u00e1pol\u00f3, betegell\u00e1t\u00f3 munka.<\/p>\n<p><a href=\"https:\/\/semmelweis.hu\/amerikaiut\/rolunk\/tortenetunk\/\">Tudjon meg t\u00f6bbet a t\u00f6rt\u00e9net\u00fcnkr\u0151l \u2192<\/a><\/p>\n","protected":false},"excerpt":{"rendered":"<p>Klinik\u00e1nk az idegseb\u00e9szet \u00e9s neurol\u00f3gia ter\u00fclet\u00e9n orsz\u00e1gos gy\u00f3gyint\u00e9zetk\u00e9nt ell\u00e1tja az idegseb\u00e9szeti, ideggy\u00f3gy\u00e1szati, epileptol\u00f3giai \u00e9s stroke-, tov\u00e1bb\u00e1 ezen szakter\u00fcletek hat\u00e1rter\u00fcleteihez tartoz\u00f3 j\u00e1r\u00f3- \u00e9s fekv\u0151betegek diagnosztikus \u00e9s ter\u00e1pi\u00e1s szakorvosi feladatait. E feladatainak ell\u00e1t\u00e1sa sor\u00e1n a felsorolt diszcipl\u00edn\u00e1k teljes k\u00f6r\u00e9t m\u0171veli, de kiemelt feladata a szakter\u00fcletek s\u00fcrg\u0151ss\u00e9gi \u00e1llapotainak ell\u00e1t\u00e1sa. Ter\u00e1pi\u00e1s tev\u00e9kenys\u00e9g\u00e9t a neurol\u00f3giai \u00e9s idegseb\u00e9szeti k\u00f3r\u00e1llapotok teljesk\u00f6r\u0171 diagnosztik\u00e1ja \u00e9s neurointervenci\u00f3s oszt\u00e1lya, s\u00fcrg\u0151ss\u00e9gi feladatait neuro-intenz\u00edv feladatokra szakosodott intenz\u00edv oszt\u00e1lya t\u00e1mogatja.<\/p>\n","protected":false},"author":102360,"featured_media":882,"parent":0,"menu_order":1,"comment_status":"closed","ping_status":"closed","template":"template-fullwidth.php","meta":{"_acf_changed":false,"footnotes":""},"categories":[],"tags":[],"class_list":["post-461","page","type-page","status-publish","has-post-thumbnail","hentry"],"acf":[],"_links":{"self":[{"href":"https:\/\/semmelweis.hu\/amerikaiut\/wp-json\/wp\/v2\/pages\/461","targetHints":{"allow":["GET"]}}],"collection":[{"href":"https:\/\/semmelweis.hu\/amerikaiut\/wp-json\/wp\/v2\/pages"}],"about":[{"href":"https:\/\/semmelweis.hu\/amerikaiut\/wp-json\/wp\/v2\/types\/page"}],"author":[{"embeddable":true,"href":"https:\/\/semmelweis.hu\/amerikaiut\/wp-json\/wp\/v2\/users\/102360"}],"replies":[{"embeddable":true,"href":"https:\/\/semmelweis.hu\/amerikaiut\/wp-json\/wp\/v2\/comments?post=461"}],"version-history":[{"count":10,"href":"https:\/\/semmelweis.hu\/amerikaiut\/wp-json\/wp\/v2\/pages\/461\/revisions"}],"predecessor-version":[{"id":906,"href":"https:\/\/semmelweis.hu\/amerikaiut\/wp-json\/wp\/v2\/pages\/461\/revisions\/906"}],"wp:featuredmedia":[{"embeddable":true,"href":"https:\/\/semmelweis.hu\/amerikaiut\/wp-json\/wp\/v2\/media\/882"}],"wp:attachment":[{"href":"https:\/\/semmelweis.hu\/amerikaiut\/wp-json\/wp\/v2\/media?parent=461"}],"wp:term":[{"taxonomy":"category","embeddable":true,"href":"https:\/\/semmelweis.hu\/amerikaiut\/wp-json\/wp\/v2\/categories?post=461"},{"taxonomy":"post_tag","embeddable":true,"href":"https:\/\/semmelweis.hu\/amerikaiut\/wp-json\/wp\/v2\/tags?post=461"}],"curies":[{"name":"wp","href":"https:\/\/api.w.org\/{rel}","templated":true}]}}