{"id":969,"date":"2019-10-29T20:02:38","date_gmt":"2019-10-29T19:02:38","guid":{"rendered":"http:\/\/semmelweis.hu\/alumni\/?page_id=969"},"modified":"2019-10-29T20:10:45","modified_gmt":"2019-10-29T19:10:45","slug":"science-fiction-az-egeszsegugyben-dr-mesko-bertalan-eloadas","status":"publish","type":"page","link":"https:\/\/semmelweis.hu\/alumni\/rendezvenyek\/semmelweis-talks\/science-fiction-az-egeszsegugyben-dr-mesko-bertalan-eloadas\/","title":{"rendered":"Science fiction az eg\u00e9szs\u00e9g\u00fcgyben"},"content":{"rendered":"<p><a href=\"https:\/\/www.facebook.com\/events\/2493174457443166\/\"><img loading=\"lazy\" decoding=\"async\" class=\"aligncenter wp-image-974\" src=\"https:\/\/semmelweis.hu\/alumni\/files\/2019\/10\/72462258_2584779634912659_8453967734273736704_n.jpg\" alt=\"\" width=\"587\" height=\"241\" \/><\/a><\/p>\n<p style=\"text-align: left\"><span style=\"font-size: 24pt\"><strong>Mi lenne, ha&#8230;?<a href=\"https:\/\/semmelweis.hu\/alumni\/files\/2019\/10\/Facebook-Logo.png\"><img loading=\"lazy\" decoding=\"async\" class=\"wp-image-970 alignright\" src=\"https:\/\/semmelweis.hu\/alumni\/files\/2019\/10\/Facebook-Logo.png\" alt=\"\" width=\"50\" height=\"50\" srcset=\"https:\/\/semmelweis.hu\/alumni\/files\/2019\/10\/Facebook-Logo.png 1000w, https:\/\/semmelweis.hu\/alumni\/files\/2019\/10\/Facebook-Logo-150x150.png 150w, https:\/\/semmelweis.hu\/alumni\/files\/2019\/10\/Facebook-Logo-300x300.png 300w, https:\/\/semmelweis.hu\/alumni\/files\/2019\/10\/Facebook-Logo-768x768.png 768w, https:\/\/semmelweis.hu\/alumni\/files\/2019\/10\/Facebook-Logo-753x753.png 753w\" sizes=\"auto, (max-width: 50px) 100vw, 50px\" \/><\/a><\/strong><\/span><br \/>\n<strong><span style=\"font-size: 24pt\">Science fiction az eg\u00e9szs\u00e9g\u00fcgyben<br \/>\n<em>Dr. Mesk\u00f3 Bertalan el\u0151ad\u00e1sa<\/em><\/span><\/strong><\/p>\n<p style=\"text-align: left\"><strong>Ezzel a mindig izgalmas \u00e9s gondolatokra sarkall\u00f3 k\u00e9rd\u00e9ssel kezdte el\u0151ad\u00e1s\u00e1t Dr. Mesk\u00f3 Bertalan a <\/strong><strong>Semmelweis Talks okt\u00f3beri el\u0151ad\u00e1sa keret\u00e9ben. Az Alumni Igazgat\u00f3s\u00e1g el\u0151ad\u00e1ssorozata olyan <\/strong><strong>tud\u00e1sanyagot igyekszik a hallgat\u00f3k kez\u00e9be adni, amit tanrendi keretek k\u00f6z\u00f6tt nem felt\u00e9tlen\u00fcl <\/strong><strong>kapn\u00e1nak meg, azonban a k\u00e9s\u0151bbi szakmai \u00e9let\u00fckben hasznos lehet. Ennek megfelel\u0151en esett a <\/strong><strong>v\u00e1laszt\u00e1s a The Medical Futurist Institute vezet\u0151j\u00e9re, Dr. Mesk\u00f3 Bertalan pedig nemcsak a sci-fib\u0151l <\/strong><strong>vett \u00f6tleteket \u00e9s orvosi eszk\u00f6z\u00f6ket mutatta be, de arr\u00f3l is besz\u00e9lt, hogy mennyire egyszer\u0171 l\u00e9p\u00e9sek <\/strong><strong>vezetnek a j\u00f6v\u0151be.<\/strong><\/p>\n<p><a href=\"https:\/\/semmelweis.hu\/alumni\/files\/2019\/10\/talk-2.jpg\"><img loading=\"lazy\" decoding=\"async\" class=\"wp-image-980 alignleft\" src=\"https:\/\/semmelweis.hu\/alumni\/files\/2019\/10\/talk-2-1024x683.jpg\" alt=\"\" width=\"505\" height=\"337\" srcset=\"https:\/\/semmelweis.hu\/alumni\/files\/2019\/10\/talk-2-1024x683.jpg 1024w, https:\/\/semmelweis.hu\/alumni\/files\/2019\/10\/talk-2-400x267.jpg 400w, https:\/\/semmelweis.hu\/alumni\/files\/2019\/10\/talk-2-768x512.jpg 768w, https:\/\/semmelweis.hu\/alumni\/files\/2019\/10\/talk-2-753x502.jpg 753w, https:\/\/semmelweis.hu\/alumni\/files\/2019\/10\/talk-2-203x135.jpg 203w, https:\/\/semmelweis.hu\/alumni\/files\/2019\/10\/talk-2.jpg 1200w\" sizes=\"auto, (max-width: 505px) 100vw, 505px\" \/><\/a><\/p>\n<p style=\"text-align: left\"><em>\u201e\u00c9n nem rajong\u00f3 vagyok, hanem betegs\u00e9gem van: minden nap kell az adagom. K\u00f6nyv, film&#8230; Minden, <\/em><em>ami sci-fi\u201d<\/em> \u2013 v\u00e1zolta el\u0151ad\u00e1sa \u00e9s szakmai \u00e9rdekl\u0151d\u00e9se alapj\u00e1n Dr. Mesk\u00f3 Bertalan orvosi j\u00f6v\u0151kutat\u00f3. Innen indulva fejtette ki, hogy mi\u00e9rt is olyan fontos a tudom\u00e1nyos-fantasztikum az eg\u00e9szs\u00e9g\u00fcgyben: a sci-finek ugyanis v\u00e9lem\u00e9nye szerint az az egyik legfontosabb feladata, hogy az \u00faj technol\u00f3gi\u00e1kra \u00e9rzelmileg felk\u00e9sz\u00edtse az embereket. Az, hogy valamilyen rem\u00e9nyt adjon, hogy a dolgok jobb\u00e1 is v\u00e1lhatnak.<\/p>\n<p style=\"text-align: left\">Dr. Mesk\u00f3 Bertalan 6 \u00e9ves kora \u00f3ta arr\u00f3l \u00e1lmodott, hogy orvos kutat\u00f3 lesz. Az od\u00e1ig vezet\u0151 utat v\u00e9gigj\u00e1rva, az egyetemet elv\u00e9gezve azonban \u00fagy \u00e9rezte, hogy maradt benne valamif\u00e9le hi\u00e1ny. Nem voltak olyan eszk\u00f6z\u00f6k \u00e9s lehet\u0151s\u00e9gek, amiket \u0151 r\u00e9gen elk\u00e9pzelt, \u00e9s amiket l\u00e1tni akart az orvosl\u00e1sban. Azt\u00e1n hallott egy \u00faj dologr\u00f3l, \u00e9s kipr\u00f3b\u00e1lt egy kiterjesztett val\u00f3s\u00e1g eszk\u00f6zt. Megelevenedett el\u0151tte egy anat\u00f3miai figura, beleny\u00falhatott, kivehette a szerveit, be- \u00e9s kizoomolhatott. Ezut\u00e1n alap\u00edtotta meg a The Medical Futurist Institute-ot, aminek c\u00e9lkit\u0171z\u00e9se az ilyen technol\u00f3gi\u00e1k t\u00e1mogat\u00e1sa, fejleszt\u00e9se, a tud\u00e1s \u00e9s az ismeret megoszt\u00e1sa, terjeszt\u00e9se ezekr\u0151l. Az eg\u00e9szs\u00e9g\u00fcgyi j\u00f6v\u0151 kutat\u00e1s\u00e1ra l\u00e9trehozott szervezetre az\u00e9rt is van sz\u00fcks\u00e9g, mert \u00e1ll\u00edtja, mi magunk vagyunk a sci-fi g\u00e1tja. A rendszer jelenleg ugyanis egy\u00e1ltal\u00e1n nem nyitott az innov\u00e1ci\u00f3ra. Nemcsak az\u00e9rt, mert 5 milli\u00f3 orvos hi\u00e1nyzik vil\u00e1gszinten az eg\u00e9szsg\u00fcgyb\u0151l, \u00e9s a mi \u00e9let\u00fcnkben nem is fog ez a hi\u00e1ny elt\u0171nni, hanem mert az \u00e1ltal\u00e1nos p\u00e9nzhi\u00e1ny mellett a bizalmunk sincs meg sem az eszk\u00f6z\u00f6k, sem az ell\u00e1t\u00e1s fel\u00e9.<\/p>\n<p style=\"text-align: left\">H\u00e1rom elvet pr\u00f3b\u00e1l meg ez\u00e9rt \u00e1tvinni az eg\u00e9szs\u00e9g\u00fcgyben a TMFI. Az els\u0151 a \u201eP\u00e1ciens Design\u201d, mely szerint a p\u00e1cienst a legfels\u0151bb szinten be kell vonni a d\u00f6nt\u00e9shozatalba. Erre t\u00f6bb sikeres pr\u00f3b\u00e1lkoz\u00e1s l\u00e9tezik a k\u00f3rterem berendez\u00e9s\u00e9t\u0151l az orvos szerep\u00e9ig. A m\u00e1sodik a \u201eTechnol\u00f3gi\u00e1kkal jobban\u201d, ami azt igyekszik meg\u00e9rtetni az emberekkel, hogy a mesters\u00e9ges intelligencia nem fogja lecser\u00e9lni az orvost, de az az orvos, aki haszn\u00e1l AI-t, le fogja cser\u00e9lni azt, amelyik nem. A harmadik pedig a \u201eL\u00e9gy k\u00edv\u00e1ncsi\u201d: azaz ismerkedj, keresd a lehet\u0151s\u00e9geket az \u00fajra, mert minl t\u00f6bb ilyennel tal\u00e1lkozik az ember, ann\u00e1l k\u00f6nnyebb lesz el\u0151re jelezni a saj\u00e1t maga kapcsolat\u00e1t a j\u00f6vend\u0151 technol\u00f3gi\u00e1kkal. Ez pedig elengedhetetlen, ha a fejl\u0151d\u00e9s a c\u00e9l. M\u00e1rpedig a sci-fi fel\u00e9 halad\u00f3 \u00faton mindenk\u00e9ppen az.<\/p>\n<p style=\"text-align: center\"><em>A Semmelweis Talks k\u00f6vetkez\u0151 el\u0151ad\u00e1sair\u00f3l hamarosan el\u00e9rhet\u0151ek lesznek a r\u00e9szletek a H\u00d6K<\/em><br \/>\n<em>Facebook-oldal\u00e1n.<\/em><\/p>\n","protected":false},"excerpt":{"rendered":"<p><a href=\"https:\/\/www.facebook.com\/events\/2493174457443166\/\"><\/a> Mi lenne, ha&#8230;? <a href=\"https:\/\/semmelweis.hu\/alumni\/files\/2019\/10\/Facebook-Logo.png\"><\/a> Science fiction az eg\u00e9szs\u00e9g\u00fcgyben Dr. Mesk\u00f3 Bertalan el\u0151ad\u00e1sa Ezzel a mindig izgalmas \u00e9s gondolatokra sarkall\u00f3 k\u00e9rd\u00e9ssel kezdte el\u0151ad\u00e1s\u00e1t Dr. Mesk\u00f3 Bertalan a Semmelweis Talks okt\u00f3beri el\u0151ad\u00e1sa keret\u00e9ben. Az Alumni Igazgat\u00f3s\u00e1g el\u0151ad\u00e1ssorozata olyan tud\u00e1sanyagot igyekszik a hallgat\u00f3k kez\u00e9be adni, amit tanrendi keretek k\u00f6z\u00f6tt nem felt\u00e9tlen\u00fcl kapn\u00e1nak meg, azonban a k\u00e9s\u0151bbi szakmai \u00e9let\u00fckben hasznos &hellip;<\/p>\n","protected":false},"author":101158,"featured_media":0,"parent":100,"menu_order":0,"comment_status":"closed","ping_status":"closed","template":"","meta":{"_acf_changed":false,"footnotes":""},"categories":[],"tags":[],"class_list":["post-969","page","type-page","status-publish","hentry"],"acf":[],"publishpress_future_action":{"enabled":false,"date":"1970-01-01 01:00:00","action":"","terms":[],"taxonomy":"","browser_timezone_offset":0},"_links":{"self":[{"href":"https:\/\/semmelweis.hu\/alumni\/wp-json\/wp\/v2\/pages\/969","targetHints":{"allow":["GET"]}}],"collection":[{"href":"https:\/\/semmelweis.hu\/alumni\/wp-json\/wp\/v2\/pages"}],"about":[{"href":"https:\/\/semmelweis.hu\/alumni\/wp-json\/wp\/v2\/types\/page"}],"author":[{"embeddable":true,"href":"https:\/\/semmelweis.hu\/alumni\/wp-json\/wp\/v2\/users\/101158"}],"replies":[{"embeddable":true,"href":"https:\/\/semmelweis.hu\/alumni\/wp-json\/wp\/v2\/comments?post=969"}],"version-history":[{"count":10,"href":"https:\/\/semmelweis.hu\/alumni\/wp-json\/wp\/v2\/pages\/969\/revisions"}],"predecessor-version":[{"id":985,"href":"https:\/\/semmelweis.hu\/alumni\/wp-json\/wp\/v2\/pages\/969\/revisions\/985"}],"up":[{"embeddable":true,"href":"https:\/\/semmelweis.hu\/alumni\/wp-json\/wp\/v2\/pages\/100"}],"wp:attachment":[{"href":"https:\/\/semmelweis.hu\/alumni\/wp-json\/wp\/v2\/media?parent=969"}],"wp:term":[{"taxonomy":"category","embeddable":true,"href":"https:\/\/semmelweis.hu\/alumni\/wp-json\/wp\/v2\/categories?post=969"},{"taxonomy":"post_tag","embeddable":true,"href":"https:\/\/semmelweis.hu\/alumni\/wp-json\/wp\/v2\/tags?post=969"}],"curies":[{"name":"wp","href":"https:\/\/api.w.org\/{rel}","templated":true}]}}