{"id":9,"date":"2019-08-23T14:33:42","date_gmt":"2019-08-23T12:33:42","guid":{"rendered":"http:\/\/semmelweis.hu\/alumni\/?page_id=9"},"modified":"2025-10-15T10:36:33","modified_gmt":"2025-10-15T08:36:33","slug":"elerhetoseg","status":"publish","type":"page","link":"https:\/\/semmelweis.hu\/alumni\/elerhetoseg\/","title":{"rendered":"Kapcsolat"},"content":{"rendered":"<p><img loading=\"lazy\" decoding=\"async\" class=\"wp-image-4555 alignright\" src=\"https:\/\/semmelweis.hu\/alumni\/files\/2022\/10\/cropped-SE_ALUMNI_logo_ENG_RGB_-05-400x400.png\" alt=\"\" width=\"301\" height=\"301\" srcset=\"https:\/\/semmelweis.hu\/alumni\/files\/2022\/10\/cropped-SE_ALUMNI_logo_ENG_RGB_-05-400x400.png 400w, https:\/\/semmelweis.hu\/alumni\/files\/2022\/10\/cropped-SE_ALUMNI_logo_ENG_RGB_-05-1024x1024.png 1024w, https:\/\/semmelweis.hu\/alumni\/files\/2022\/10\/cropped-SE_ALUMNI_logo_ENG_RGB_-05-150x150.png 150w, https:\/\/semmelweis.hu\/alumni\/files\/2022\/10\/cropped-SE_ALUMNI_logo_ENG_RGB_-05-768x768.png 768w, https:\/\/semmelweis.hu\/alumni\/files\/2022\/10\/cropped-SE_ALUMNI_logo_ENG_RGB_-05-753x753.png 753w, https:\/\/semmelweis.hu\/alumni\/files\/2022\/10\/cropped-SE_ALUMNI_logo_ENG_RGB_-05.png 1199w\" sizes=\"auto, (max-width: 301px) 100vw, 301px\" \/><\/p>\n<div id=\"gtx-trans\">\n<div><strong>ALUMNI IGAZGAT\u00d3S\u00c1G &#8211; SEMMELWEIS EGYETEM<\/strong><\/div>\n<div class=\"gtx-trans-icon\"><strong style=\"color: #003366;font-size: 1rem\">C\u00edm: <\/strong><span style=\"color: #003366;font-size: 1rem\">1085 Budapest, \u00dcll\u0151i \u00fat 26. II\/213.<\/span><\/div>\n<\/div>\n<p><span style=\"color: #003366\"><strong>Telefon:<\/strong><\/span> <span style=\"color: #003366\">+36-20-666-3506<br \/>\n<\/span><span style=\"color: #003366\"><strong>E-mail: <\/strong><a href=\"mailto:alumni@semmelweis.hu\">alumni@semmelweis.hu<\/a><\/span> \u00a0<\/p>\n<p><span style=\"color: #003366\"><strong>Igazgat\u00f3: <\/strong>Dr. Heged\u00fcs Tam\u00e1s<\/span><br \/>\n<span style=\"color: #003366\"><strong>Telefon: <\/strong>+36-20-666 3506<\/span> <br \/>\n<span style=\"color: #003366\"><strong>E-mail: <\/strong>hegedus.tamas@semmelweis.hu<\/span><\/p>\n<p>Facebook: <a href=\"https:\/\/www.facebook.com\/alumnisemmelweisuniv\/\">Semmelweis Alumni<\/a>\u00a0 \u00a0Instagram:\u00a0<a href=\"https:\/\/www.instagram.com\/semmelweis.alumni\/\">Semmelweis Alumni<\/a><\/p>\n<div class=\"keretes w-100\">\n<p><strong style=\"text-align: right\">Amennyiben \u00d6n vagy c\u00e9ge is szeretne egy\u00fcttm\u0171k\u00f6dni vel\u00fcnk, k\u00e9rj\u00fck vegye fel a kapcsolatot koll\u00e9g\u00e1nkkal!<\/strong><\/p>\n<p style=\"padding-left: 40px\"><span lang=\"EN-GB\">K\u00f3sa L\u00e1szl\u00f3<br \/>\n<\/span><span lang=\"EN-GB\">+36 20 666 3997<br \/>\n<\/span><span lang=\"EN-GB\"><a href=\"mailto:kosa.laszlo@semmelweis.hu\" target=\"_blank\" rel=\"noopener noreferrer\">kosa.laszlo@semmelweis.hu<\/a><\/span><\/p>\n<\/div>\n\n<!-- iframe plugin v.4.9 wordpress.org\/plugins\/iframe\/ -->\n<iframe loading=\"lazy\" src=\"https:\/\/www.google.com\/maps\/embed?pb=!1m18!1m12!1m3!1d43152.74039254952!2d19.028233035542737!3d47.46952768611301!2m3!1f0!2f0!3f0!3m2!1i1024!2i768!4f13.1!3m3!1m2!1s0x4741dc5eb96a408b%3A0xb3d1b5c606b54325!2sSemmelweis%20Egyetem%20Alumni%20Igazgat%C3%B3s%C3%A1g!5e0!3m2!1shu!2shu!4v1665902821757!5m2!1shu!2shu\" width=\"100%\" height=\"450\" scrolling=\"yes\" class=\"iframe-class\" frameborder=\"0\"><\/iframe>\n\n","protected":false},"excerpt":{"rendered":"<p>ALUMNI IGAZGAT\u00d3S\u00c1G &#8211; SEMMELWEIS EGYETEM<br \/>\nC\u00edm: 1085 Budapest, \u00dcll\u0151i \u00fat 26. II\/213.<\/p>\n<p>Telefon: +36-20-666-3506<br \/>\nE-mail: <a href=\"mailto:alumni@semmelweis.hu\">alumni@semmelweis.hu<\/a> \u00a0<br \/>\nIgazgat\u00f3: Dr. Heged\u00fcs Tam\u00e1s<br \/>\nTelefon: +36-20-666 3506<br \/>\nE-mail: hegedus.tamas@semmelweis.hu<br \/>\nFacebook: <a href=\"https:\/\/www.facebook.com\/alumnisemmelweisuniv\/\">Semmelweis Alumni<\/a>\u00a0 \u00a0Instagram:\u00a0<a href=\"https:\/\/www.instagram.com\/semmelweis.alumni\/\">Semmelweis Alumni<\/a><\/p>\n<p>Amennyiben \u00d6n vagy c\u00e9ge is szeretne egy\u00fcttm\u0171k\u00f6dni vel\u00fcnk, k\u00e9rj\u00fck vegye fel a kapcsolatot koll\u00e9g\u00e1nkkal!<br \/>\nK\u00f3sa L\u00e1szl\u00f3<br \/>\n+36 20 666 3997<br \/>\n<a href=\"mailto:kosa.laszlo@semmelweis.hu\" target=\"_blank\" rel=\"noopener noreferrer\">kosa.laszlo@semmelweis.hu<\/a><\/p>\n","protected":false},"author":12,"featured_media":0,"parent":0,"menu_order":8,"comment_status":"closed","ping_status":"closed","template":"template-fullwidth.php","meta":{"_acf_changed":false,"footnotes":""},"categories":[],"tags":[],"class_list":["post-9","page","type-page","status-publish","hentry"],"acf":[],"publishpress_future_action":{"enabled":false,"date":"1970-01-01 01:00:00","action":"","terms":[],"taxonomy":"","browser_timezone_offset":0},"_links":{"self":[{"href":"https:\/\/semmelweis.hu\/alumni\/wp-json\/wp\/v2\/pages\/9","targetHints":{"allow":["GET"]}}],"collection":[{"href":"https:\/\/semmelweis.hu\/alumni\/wp-json\/wp\/v2\/pages"}],"about":[{"href":"https:\/\/semmelweis.hu\/alumni\/wp-json\/wp\/v2\/types\/page"}],"author":[{"embeddable":true,"href":"https:\/\/semmelweis.hu\/alumni\/wp-json\/wp\/v2\/users\/12"}],"replies":[{"embeddable":true,"href":"https:\/\/semmelweis.hu\/alumni\/wp-json\/wp\/v2\/comments?post=9"}],"version-history":[{"count":11,"href":"https:\/\/semmelweis.hu\/alumni\/wp-json\/wp\/v2\/pages\/9\/revisions"}],"predecessor-version":[{"id":37311,"href":"https:\/\/semmelweis.hu\/alumni\/wp-json\/wp\/v2\/pages\/9\/revisions\/37311"}],"wp:attachment":[{"href":"https:\/\/semmelweis.hu\/alumni\/wp-json\/wp\/v2\/media?parent=9"}],"wp:term":[{"taxonomy":"category","embeddable":true,"href":"https:\/\/semmelweis.hu\/alumni\/wp-json\/wp\/v2\/categories?post=9"},{"taxonomy":"post_tag","embeddable":true,"href":"https:\/\/semmelweis.hu\/alumni\/wp-json\/wp\/v2\/tags?post=9"}],"curies":[{"name":"wp","href":"https:\/\/api.w.org\/{rel}","templated":true}]}}