{"id":809,"date":"2019-09-29T14:21:27","date_gmt":"2019-09-29T12:21:27","guid":{"rendered":"http:\/\/semmelweis.hu\/alumni\/?page_id=809"},"modified":"2024-06-11T14:37:22","modified_gmt":"2024-06-11T12:37:22","slug":"diplomas-palyakovetesi-rendszer","status":"publish","type":"page","link":"https:\/\/semmelweis.hu\/alumni\/alumni-halozat\/diplomas-palyakovetesi-rendszer\/","title":{"rendered":"Diplom\u00e1s P\u00e1lyak\u00f6vet\u00e9si Rendszer"},"content":{"rendered":"<p style=\"text-align: center\"><a href=\"https:\/\/semmelweis.hu\/alumni\/files\/2020\/05\/2020-05-06-copy.png\"><img loading=\"lazy\" decoding=\"async\" class=\"wp-image-2589 alignright\" src=\"https:\/\/semmelweis.hu\/alumni\/files\/2020\/05\/2020-05-06-copy.png\" alt=\"\" width=\"286\" height=\"187\" srcset=\"https:\/\/semmelweis.hu\/alumni\/files\/2020\/05\/2020-05-06-copy.png 631w, https:\/\/semmelweis.hu\/alumni\/files\/2020\/05\/2020-05-06-copy-400x261.png 400w\" sizes=\"auto, (max-width: 286px) 100vw, 286px\" \/><\/a><\/p>\n<p style=\"text-align: justify\">A Semmelweis Egyetem hallgat\u00f3inak p\u00e1lyak\u00f6vet\u00e9s\u00e9t az Alumni Igazgat\u00f3s\u00e1g v\u00e9gzi, amely az Oktat\u00e1si Hivatal \u00e1ltal m\u0171k\u00f6dtetett Diplom\u00e1s P\u00e1lyak\u00f6vet\u0151 Rendszer (DPR) seg\u00edts\u00e9g\u00e9vel val\u00f3sul meg, de sz\u00e1mos innovat\u00edv megold\u00e1st is alkalmazunk, hogy hallgat\u00f3ink karrier\u00fatj\u00e1t k\u00f6vetni tudjuk. C\u00e9lunk, hogy diplom\u00e1sainkt\u00f3l hasznos \u00e9s \u00e9rv\u00e9nyes inform\u00e1ci\u00f3kat gy\u0171jts\u00fcnk, amelyek nem csak az Egyetem sz\u00e1m\u00e1ra fontos adatok, de ak\u00e1r a jelenlegi hallgat\u00f3knak \u00e9s a p\u00e1lyav\u00e1laszt\u00e1s el\u0151tt \u00e1ll\u00f3knak is informat\u00edvak a j\u00f6v\u0151j\u00fcket illet\u0151en. Az eddigi felm\u00e9r\u00e9sek alapj\u00e1n tudjuk, hogy v\u00e9gzettjeink sikeresen meg\u00e1llj\u00e1k hely\u00fclet a munkaer\u0151piacon \u00e9s a Semmelweis Egyetemen megszerezett tud\u00e1s komoly \u00e9rt\u00e9ket k\u00e9pvisel.<\/p>\n<p style=\"text-align: justify\">A rendszeres \u00e9ves hallgat\u00f3i felm\u00e9r\u00e9seket az Oktat\u00e1si Hivatal munkat\u00e1rsai dolgozz\u00e1k ki \u00e9s \u00e9rt\u00e9kelik, de ezeken fel\u00fcl az Egyetem szervezeti egys\u00e9geinek k\u00e9r\u00e9s\u00e9re k\u00fcl\u00f6nb\u00f6z\u0151 t\u00e9m\u00e1khoz kapcsol\u00f3d\u00f3an az Alumni Igazgat\u00f3s\u00e1g is felkeres \u00e9vfolyamokat, hallgat\u00f3i vagy diplom\u00e1s csoportokat. A k\u00e9rd\u0151\u00edvekre adott \u0151szinte v\u00e1laszok az\u00e9rt is nagyon fontosak sz\u00e1munkra, mert ezek az adatok azt\u00e1n komoly t\u00e1mogat\u00e1st jelentenek az Egyetem d\u00f6nt\u00e9seinek folyamat\u00e1ban, a min\u0151s\u00e9gbiztos\u00edt\u00e1s sor\u00e1n, az oktat\u00e1s \u00e9s szolg\u00e1ltat\u00e1sok fejleszt\u00e9s\u00e9ben, \u00e9s az egyetemi rangsorokn\u00e1l is.<\/p>\n<p style=\"text-align: justify\">\u00a0<\/p>\n<h5 style=\"text-align: justify\">Az elm\u00falt \u00e9vek felm\u00e9r\u00e9sei:<\/h5>\n<ul style=\"list-style-type: square\">\n<li><a href=\"https:\/\/semmelweis.hu\/alumni\/alumni-halozat\/diplomas-palyakovetesi-rendszer\/diplomas-palyakovetesi-rendszer-dpr-2023-evi-felmeresnek-legfobb-eredmenyei\/\">2023 DPR<\/a><\/li>\n<li><a href=\"https:\/\/semmelweis.hu\/alumni\/alumni-halozat\/diplomas-palyakovetesi-rendszer\/diplomas-palyakovetesi-rendszer-dpr-2022-evi-felmeresnek-legfobb-eredmenyei\/\">2022 DPR<\/a><\/li>\n<li style=\"text-align: justify\"><a href=\"https:\/\/semmelweis.hu\/alumni\/alumni-halozat\/diplomas-palyakovetesi-rendszer\/dpr-adminisztrativ-adatbazisok-egyesitese-2021\/\">2021 DPR<\/a><\/li>\n<li style=\"text-align: justify\"><a href=\"https:\/\/semmelweis.hu\/alumni\/alumni-halozat\/diplomas-palyakovetesi-rendszer\/dpr-adminisztrativ-adatbazisok-egyesitese-2020\/\">2020 DPR<\/a><\/li>\n<li style=\"text-align: justify\"><a href=\"https:\/\/semmelweis.hu\/alumni\/alumni-halozat\/diplomas-palyakovetesi-rendszer\/dpr-adminisztrativ-adatbazisok-egyesitese\/\">2019 DPR<\/a><\/li>\n<li style=\"text-align: justify\"><a href=\"https:\/\/semmelweis.hu\/hirek\/2018\/10\/16\/dpr-a-hallgatok-tobbsege-a-vegzettsegenek-megfelelo-karriert-tud-kezdeni\/\">2018 DPR: A hallgat\u00f3k t\u00f6bbs\u00e9ge a v\u00e9gzetts\u00e9g\u00e9nek megfelel\u0151 karriert tud kezdeni<\/a><\/li>\n<li><a href=\"https:\/\/semmelweis.hu\/hirek\/2017\/10\/12\/diplomas-palyakovetesi-rendszer-felmeres-gyorsan-talalnak-munkat-az-egyetem-hallgatoi\/\">2017 Diplom\u00e1s P\u00e1lyak\u00f6vet\u00e9si Rendszer felm\u00e9r\u00e9s: gyorsan tal\u00e1lnak munk\u00e1t a Semmelweis Egyetemen v\u00e9gzett hallgat\u00f3k<\/a><\/li>\n<\/ul>\n","protected":false},"excerpt":{"rendered":"<p><a href=\"https:\/\/semmelweis.hu\/alumni\/files\/2020\/05\/2020-05-06-copy.png\"><\/a> A Semmelweis Egyetem hallgat\u00f3inak p\u00e1lyak\u00f6vet\u00e9s\u00e9t az Alumni Igazgat\u00f3s\u00e1g v\u00e9gzi, amely az Oktat\u00e1si Hivatal \u00e1ltal m\u0171k\u00f6dtetett Diplom\u00e1s P\u00e1lyak\u00f6vet\u0151 Rendszer (DPR) seg\u00edts\u00e9g\u00e9vel val\u00f3sul meg, de sz\u00e1mos innovat\u00edv megold\u00e1st is alkalmazunk, hogy hallgat\u00f3ink karrier\u00fatj\u00e1t k\u00f6vetni tudjuk. C\u00e9lunk, hogy diplom\u00e1sainkt\u00f3l hasznos \u00e9s \u00e9rv\u00e9nyes inform\u00e1ci\u00f3kat gy\u0171jts\u00fcnk, amelyek nem csak az Egyetem sz\u00e1m\u00e1ra fontos adatok, de ak\u00e1r a jelenlegi hallgat\u00f3knak \u00e9s &hellip;<\/p>\n","protected":false},"author":101158,"featured_media":0,"parent":855,"menu_order":4,"comment_status":"closed","ping_status":"closed","template":"template-fullwidth.php","meta":{"_acf_changed":false,"footnotes":""},"categories":[],"tags":[],"class_list":["post-809","page","type-page","status-publish","hentry"],"acf":[],"publishpress_future_action":{"enabled":false,"date":"1970-01-01 01:00:00","action":"","terms":[],"taxonomy":"","browser_timezone_offset":0},"_links":{"self":[{"href":"https:\/\/semmelweis.hu\/alumni\/wp-json\/wp\/v2\/pages\/809","targetHints":{"allow":["GET"]}}],"collection":[{"href":"https:\/\/semmelweis.hu\/alumni\/wp-json\/wp\/v2\/pages"}],"about":[{"href":"https:\/\/semmelweis.hu\/alumni\/wp-json\/wp\/v2\/types\/page"}],"author":[{"embeddable":true,"href":"https:\/\/semmelweis.hu\/alumni\/wp-json\/wp\/v2\/users\/101158"}],"replies":[{"embeddable":true,"href":"https:\/\/semmelweis.hu\/alumni\/wp-json\/wp\/v2\/comments?post=809"}],"version-history":[{"count":11,"href":"https:\/\/semmelweis.hu\/alumni\/wp-json\/wp\/v2\/pages\/809\/revisions"}],"predecessor-version":[{"id":16502,"href":"https:\/\/semmelweis.hu\/alumni\/wp-json\/wp\/v2\/pages\/809\/revisions\/16502"}],"up":[{"embeddable":true,"href":"https:\/\/semmelweis.hu\/alumni\/wp-json\/wp\/v2\/pages\/855"}],"wp:attachment":[{"href":"https:\/\/semmelweis.hu\/alumni\/wp-json\/wp\/v2\/media?parent=809"}],"wp:term":[{"taxonomy":"category","embeddable":true,"href":"https:\/\/semmelweis.hu\/alumni\/wp-json\/wp\/v2\/categories?post=809"},{"taxonomy":"post_tag","embeddable":true,"href":"https:\/\/semmelweis.hu\/alumni\/wp-json\/wp\/v2\/tags?post=809"}],"curies":[{"name":"wp","href":"https:\/\/api.w.org\/{rel}","templated":true}]}}