{"id":790,"date":"2019-09-29T11:28:28","date_gmt":"2019-09-29T09:28:28","guid":{"rendered":"http:\/\/semmelweis.hu\/alumni\/?page_id=790"},"modified":"2024-09-12T10:29:31","modified_gmt":"2024-09-12T08:29:31","slug":"online-kepzeseink","status":"publish","type":"page","link":"https:\/\/semmelweis.hu\/alumni\/szolgaltatasok\/kepzeseink\/online-kepzeseink\/","title":{"rendered":"Online v\u00e9gezhet\u0151 k\u00e9pz\u00e9seink"},"content":{"rendered":"<h2>A k\u00e9pz\u00e9s nev\u00e9re kattintva megny\u00edlik a k\u00e9pz\u00e9s r\u00f6vid le\u00edr\u00e1sa, valamint az id\u0151pontok \u00e9s a regisztr\u00e1ci\u00f3s fel\u00fclet.<\/h2>\n<p>&nbsp;<\/p>\n<h3 style=\"text-align: left\"><span style=\"color: #003366\"><a href=\"https:\/\/semmelweis.hu\/alumni\/szolgaltatasok\/kepzeseink\/jelenlegi-kepzeseink\/jogi-onvedelem-az-orvos-jogai\/\"><span style=\"font-size: 18pt\"><strong>Jogi \u00f6nv\u00e9delem &#8211; az orvos jogai <img loading=\"lazy\" decoding=\"async\" class=\"wp-image-313 alignright\" style=\"color: #ffffff\" src=\"https:\/\/semmelweis.hu\/alumni\/files\/2019\/08\/m\u0171hiba-round.png\" alt=\"\" width=\"185\" height=\"164\" srcset=\"https:\/\/semmelweis.hu\/alumni\/files\/2019\/08\/m\u0171hiba-round.png 363w, https:\/\/semmelweis.hu\/alumni\/files\/2019\/08\/m\u0171hiba-round-300x266.png 300w\" sizes=\"auto, (max-width: 185px) 100vw, 185px\" \/><\/strong><\/span><\/a><\/span><\/h3>\n<p style=\"text-align: left\"><span style=\"color: #000000;font-size: 14pt\">Hogyan el\u0151zhetj\u00fck meg, hogy a beteg pereljen? Milyen \u00faton ker\u00fclhet\u0151 el, hogy b\u00edr\u00f3s\u00e1gra ker\u00fclj\u00f6n az \u00fcgy? Milyen jogai vannak az orvosnak a gy\u00f3gy\u00edt\u00e1s \u00e9s a b\u00edr\u00f3s\u00e1gi elj\u00e1r\u00e1s sor\u00e1n? Erre a probl\u00e9mak\u00f6rre igyekszem majd kiel\u00e9g\u00edt\u0151 v\u00e1laszokat \u00e9s tan\u00e1csokat adni a r\u00e9sztvev\u0151knek. A c\u00e9l az legyen, hogy a gy\u00f3gy\u00edt\u00f3 b\u00e1tran merjen gy\u00f3gy\u00edtani, ne akad\u00e1lyozza a munk\u00e1j\u00e1t a f\u00e9lelem panaszokt\u00f3l, m\u0171hibaperekt\u0151l vagy formanyomtatv\u00e1nyokt\u00f3l.<\/span><\/p>\n","protected":false},"excerpt":{"rendered":"<p>A k\u00e9pz\u00e9s nev\u00e9re kattintva megny\u00edlik a k\u00e9pz\u00e9s r\u00f6vid le\u00edr\u00e1sa, valamint az id\u0151pontok \u00e9s a regisztr\u00e1ci\u00f3s fel\u00fclet. &nbsp; <a href=\"https:\/\/semmelweis.hu\/alumni\/szolgaltatasok\/kepzeseink\/jelenlegi-kepzeseink\/jogi-onvedelem-az-orvos-jogai\/\">Jogi \u00f6nv\u00e9delem &#8211; az orvos jogai <\/a> Hogyan el\u0151zhetj\u00fck meg, hogy a beteg pereljen? Milyen \u00faton ker\u00fclhet\u0151 el, hogy b\u00edr\u00f3s\u00e1gra ker\u00fclj\u00f6n az \u00fcgy? Milyen jogai vannak az orvosnak a gy\u00f3gy\u00edt\u00e1s \u00e9s a b\u00edr\u00f3s\u00e1gi elj\u00e1r\u00e1s sor\u00e1n? Erre a probl\u00e9mak\u00f6rre igyekszem majd kiel\u00e9g\u00edt\u0151 v\u00e1laszokat \u00e9s tan\u00e1csokat adni &hellip;<\/p>\n","protected":false},"author":101158,"featured_media":0,"parent":2457,"menu_order":3,"comment_status":"closed","ping_status":"closed","template":"","meta":{"_acf_changed":false,"footnotes":""},"categories":[],"tags":[],"class_list":["post-790","page","type-page","status-publish","hentry"],"acf":[],"publishpress_future_action":{"enabled":false,"date":"1970-01-01 01:00:00","action":"","terms":[],"taxonomy":"","browser_timezone_offset":0},"_links":{"self":[{"href":"https:\/\/semmelweis.hu\/alumni\/wp-json\/wp\/v2\/pages\/790","targetHints":{"allow":["GET"]}}],"collection":[{"href":"https:\/\/semmelweis.hu\/alumni\/wp-json\/wp\/v2\/pages"}],"about":[{"href":"https:\/\/semmelweis.hu\/alumni\/wp-json\/wp\/v2\/types\/page"}],"author":[{"embeddable":true,"href":"https:\/\/semmelweis.hu\/alumni\/wp-json\/wp\/v2\/users\/101158"}],"replies":[{"embeddable":true,"href":"https:\/\/semmelweis.hu\/alumni\/wp-json\/wp\/v2\/comments?post=790"}],"version-history":[{"count":13,"href":"https:\/\/semmelweis.hu\/alumni\/wp-json\/wp\/v2\/pages\/790\/revisions"}],"predecessor-version":[{"id":36850,"href":"https:\/\/semmelweis.hu\/alumni\/wp-json\/wp\/v2\/pages\/790\/revisions\/36850"}],"up":[{"embeddable":true,"href":"https:\/\/semmelweis.hu\/alumni\/wp-json\/wp\/v2\/pages\/2457"}],"wp:attachment":[{"href":"https:\/\/semmelweis.hu\/alumni\/wp-json\/wp\/v2\/media?parent=790"}],"wp:term":[{"taxonomy":"category","embeddable":true,"href":"https:\/\/semmelweis.hu\/alumni\/wp-json\/wp\/v2\/categories?post=790"},{"taxonomy":"post_tag","embeddable":true,"href":"https:\/\/semmelweis.hu\/alumni\/wp-json\/wp\/v2\/tags?post=790"}],"curies":[{"name":"wp","href":"https:\/\/api.w.org\/{rel}","templated":true}]}}