{"id":7,"date":"2019-08-23T14:30:50","date_gmt":"2019-08-23T12:30:50","guid":{"rendered":"http:\/\/semmelweis.hu\/alumni\/?page_id=7"},"modified":"2024-11-25T10:36:13","modified_gmt":"2024-11-25T09:36:13","slug":"magunkrol","status":"publish","type":"page","link":"https:\/\/semmelweis.hu\/alumni\/alumni-halozat\/magunkrol\/","title":{"rendered":"R\u00f3lunk"},"content":{"rendered":"<div>\n<figure id=\"attachment_4268\" aria-describedby=\"caption-attachment-4268\" style=\"width: 233px\" class=\"wp-caption alignright\"><a href=\"https:\/\/semmelweis.hu\/alumni\/files\/2022\/08\/Hegedus_Tamas_igazgato-scaled.jpg\"><img loading=\"lazy\" decoding=\"async\" class=\" wp-image-4268\" src=\"https:\/\/semmelweis.hu\/alumni\/files\/2022\/08\/Hegedus_Tamas_igazgato-267x400.jpg\" alt=\"\" width=\"233\" height=\"350\" srcset=\"https:\/\/semmelweis.hu\/alumni\/files\/2022\/08\/Hegedus_Tamas_igazgato-267x400.jpg 267w, https:\/\/semmelweis.hu\/alumni\/files\/2022\/08\/Hegedus_Tamas_igazgato-683x1024.jpg 683w, https:\/\/semmelweis.hu\/alumni\/files\/2022\/08\/Hegedus_Tamas_igazgato-768x1152.jpg 768w, https:\/\/semmelweis.hu\/alumni\/files\/2022\/08\/Hegedus_Tamas_igazgato-1024x1536.jpg 1024w, https:\/\/semmelweis.hu\/alumni\/files\/2022\/08\/Hegedus_Tamas_igazgato-1365x2048.jpg 1365w, https:\/\/semmelweis.hu\/alumni\/files\/2022\/08\/Hegedus_Tamas_igazgato-753x1129.jpg 753w, https:\/\/semmelweis.hu\/alumni\/files\/2022\/08\/Hegedus_Tamas_igazgato-scaled.jpg 1707w\" sizes=\"auto, (max-width: 233px) 100vw, 233px\" \/><\/a><figcaption id=\"caption-attachment-4268\" class=\"wp-caption-text\">Dr. Heged\u00fcs Tam\u00e1s, igazgat\u00f3<\/figcaption><\/figure><\/p>\n<p style=\"text-align: left\">Els\u0151dleges c\u00e9lunk a <a href=\"https:\/\/semmelweis.hu\/alumni\/alumni-halozat\/alumninetwork\/\">Semmelweis Egyetem Alumni H\u00e1l\u00f3zat<\/a>\u00e1nak fenntart\u00e1sa \u00e9s folyamatos fejleszt\u00e9se annak \u00e9rdek\u00e9ben, hogy az int\u00e9zm\u00e9ny\u00fcnk v\u00e9gzett hallgat\u00f3i ne vesz\u00edts\u00e9k el a kapcsolatot az Egyetemmel \u00e9s egym\u00e1ssal.<\/p>\n<p style=\"text-align: justify\">A <a href=\"https:\/\/semmelweis.hu\/alumni\/\">Semmelweis Alumni<\/a> <a href=\"https:\/\/semmelweis.hu\/alumni\/szolgaltatasok\/karriertanacsadas\/\">szolg\u00e1ltat\u00e1saival<\/a>, <a href=\"https:\/\/semmelweis.hu\/alumni\/rendezvenyek\/semmelweis-talks\/\">rendezv\u00e9nyeivel<\/a>, kommunik\u00e1ci\u00f3s fel\u00fcleteivel szeretn\u00e9 er\u0151s\u00edteni a jelenlegi \u00e9s volt hallgat\u00f3k k\u00f6t\u0151d\u00e9s\u00e9t az Egyetemhez.\u00a0<\/p>\n<p style=\"text-align: justify\">Foglalkozunk a v\u00e9gzettek \u00e9letp\u00e1ly\u00e1j\u00e1nak k\u00f6vet\u00e9s\u00e9vel, <a href=\"https:\/\/semmelweis.hu\/alumni\/alumni-halozat\/diplomas-palyakovetesi-rendszer\/\">diplom\u00e1s p\u00e1lyak\u00f6vet\u0151 rendszer<\/a> m\u0171k\u00f6dtet\u00e9s\u00e9vel, <a href=\"https:\/\/semmelweis.hu\/alumni\/szolgaltatasok\/karriertanacsadas\/\">tan\u00e1csad\u00e1ssal<\/a>, seg\u00edts\u00e9get ny\u00fajtunk az <a href=\"https:\/\/semmelweis.hu\/alumni\/szolgaltatasok\/evfolyam-talalkozok\/\">\u00e9vfolyamtal\u00e1lkoz\u00f3k<\/a> megszervez\u00e9s\u00e9hez, kapcsolatot tartunk a <a href=\"https:\/\/semmelweis.hu\/human\/category\/karrier\/\">munkaer\u0151piac szerepl\u0151ivel<\/a>, \u00e9s t\u00f6bbek k\u00f6z\u00f6tt adom\u00e1nygy\u0171jt\u00e9st is szervez\u00fcnk a Semmelweis Egyetem sz\u00e1m\u00e1ra.<\/p>\n<p style=\"text-align: justify\">Amennyiben m\u00e9g nem csatlakozott a Semmelweis Egyetem Alumni H\u00e1l\u00f3zat\u00e1hoz, akkor azt a <a href=\"https:\/\/semmelweis.hu\/alumni\/alumni-halozat\/alumninetwork\/\">regisztr\u00e1ci\u00f3s f\u00fcl\u00f6n<\/a> megteheti, legyen akt\u00edv tagja h\u00e1l\u00f3zatunknak \u00e9s k\u00f6vesse figyelemmel h\u00edreinket, szolg\u00e1ltat\u00e1sainkat, fejleszt\u00e9seinket.\u00a0<\/p>\n<p style=\"text-align: justify\">K\u00e9rd\u00e9s\u00e9vel, k\u00e9r\u00e9s\u00e9vel forduljon hozz\u00e1nk bizalommal!<\/p>\n<p style=\"text-align: left\">E-mail: <span style=\"color: #003366\"><a href=\"mailto:alumni@semmelweis.hu\">alumni@semmelweis.hu<\/a><\/span> \u00a0<\/p>\n<\/div>\n<div style=\"text-align: justify\">\u00a0<\/div>\n","protected":false},"excerpt":{"rendered":"<p>Els\u0151dleges c\u00e9lunk a <a href=\"https:\/\/semmelweis.hu\/alumni\/alumni-halozat\/alumninetwork\/\">Semmelweis Egyetem Alumni H\u00e1l\u00f3zat<\/a> \u00e1nak fenntart\u00e1sa \u00e9s folyamatos fejleszt\u00e9se annak \u00e9rdek\u00e9ben, hogy az int\u00e9zm\u00e9ny\u00fcnk v\u00e9gzett hallgat\u00f3i ne vesz\u00edts\u00e9k el a kapcsolatot az Egyetemmel \u00e9s egym\u00e1ssal. A <a href=\"https:\/\/semmelweis.hu\/alumni\/\">Semmelweis Alumni<\/a> <a href=\"https:\/\/semmelweis.hu\/alumni\/szolgaltatasok\/karriertanacsadas\/\">szolg\u00e1ltat\u00e1saival<\/a> , <a href=\"https:\/\/semmelweis.hu\/alumni\/rendezvenyek\/semmelweis-talks\/\">rendezv\u00e9nyeivel<\/a> , kommunik\u00e1ci\u00f3s fel\u00fcleteivel szeretn\u00e9 er\u0151s\u00edteni a jelenlegi \u00e9s volt hallgat\u00f3k k\u00f6t\u0151d\u00e9s\u00e9t az Egyetemhez.\u00a0 Foglalkozunk a v\u00e9gzettek \u00e9letp\u00e1ly\u00e1j\u00e1nak k\u00f6vet\u00e9s\u00e9vel, <a href=\"https:\/\/semmelweis.hu\/alumni\/alumni-halozat\/diplomas-palyakovetesi-rendszer\/\">diplom\u00e1s p\u00e1lyak\u00f6vet\u0151 rendszer<\/a> m\u0171k\u00f6dtet\u00e9s\u00e9vel, <a href=\"https:\/\/semmelweis.hu\/alumni\/szolgaltatasok\/karriertanacsadas\/\">tan\u00e1csad\u00e1ssal<\/a> , seg\u00edts\u00e9get ny\u00fajtunk az <a href=\"https:\/\/semmelweis.hu\/alumni\/szolgaltatasok\/evfolyam-talalkozok\/\">\u00e9vfolyamtal\u00e1lkoz\u00f3k<\/a> megszervez\u00e9s\u00e9hez, kapcsolatot tartunk a <a href=\"https:\/\/semmelweis.hu\/human\/category\/karrier\/\">munkaer\u0151piac szerepl\u0151ivel<\/a> , \u00e9s &hellip;<\/p>\n","protected":false},"author":158,"featured_media":1043,"parent":855,"menu_order":1,"comment_status":"closed","ping_status":"closed","template":"","meta":{"_acf_changed":false,"footnotes":""},"categories":[],"tags":[],"class_list":["post-7","page","type-page","status-publish","has-post-thumbnail","hentry"],"acf":[],"publishpress_future_action":{"enabled":false,"date":"1970-01-01 01:00:00","action":"","terms":[],"taxonomy":"","browser_timezone_offset":0},"_links":{"self":[{"href":"https:\/\/semmelweis.hu\/alumni\/wp-json\/wp\/v2\/pages\/7","targetHints":{"allow":["GET"]}}],"collection":[{"href":"https:\/\/semmelweis.hu\/alumni\/wp-json\/wp\/v2\/pages"}],"about":[{"href":"https:\/\/semmelweis.hu\/alumni\/wp-json\/wp\/v2\/types\/page"}],"author":[{"embeddable":true,"href":"https:\/\/semmelweis.hu\/alumni\/wp-json\/wp\/v2\/users\/158"}],"replies":[{"embeddable":true,"href":"https:\/\/semmelweis.hu\/alumni\/wp-json\/wp\/v2\/comments?post=7"}],"version-history":[{"count":11,"href":"https:\/\/semmelweis.hu\/alumni\/wp-json\/wp\/v2\/pages\/7\/revisions"}],"predecessor-version":[{"id":5224,"href":"https:\/\/semmelweis.hu\/alumni\/wp-json\/wp\/v2\/pages\/7\/revisions\/5224"}],"up":[{"embeddable":true,"href":"https:\/\/semmelweis.hu\/alumni\/wp-json\/wp\/v2\/pages\/855"}],"wp:featuredmedia":[{"embeddable":true,"href":"https:\/\/semmelweis.hu\/alumni\/wp-json\/wp\/v2\/media\/1043"}],"wp:attachment":[{"href":"https:\/\/semmelweis.hu\/alumni\/wp-json\/wp\/v2\/media?parent=7"}],"wp:term":[{"taxonomy":"category","embeddable":true,"href":"https:\/\/semmelweis.hu\/alumni\/wp-json\/wp\/v2\/categories?post=7"},{"taxonomy":"post_tag","embeddable":true,"href":"https:\/\/semmelweis.hu\/alumni\/wp-json\/wp\/v2\/tags?post=7"}],"curies":[{"name":"wp","href":"https:\/\/api.w.org\/{rel}","templated":true}]}}