{"id":653,"date":"2019-09-01T13:44:38","date_gmt":"2019-09-01T11:44:38","guid":{"rendered":"http:\/\/semmelweis.hu\/alumni\/?page_id=653"},"modified":"2019-09-01T13:44:38","modified_gmt":"2019-09-01T11:44:38","slug":"karrier-es-csalad-egeszsegugyiskent","status":"publish","type":"page","link":"https:\/\/semmelweis.hu\/alumni\/rendezvenyek\/semmelweis-talks\/karrier-es-csalad-egeszsegugyiskent\/","title":{"rendered":"Karrier \u00e9s csal\u00e1d eg\u00e9szs\u00e9g\u00fcgyisk\u00e9nt"},"content":{"rendered":"<p><a href=\"https:\/\/semmelweis.hu\/alumni\/files\/2019\/09\/p\u00e1l-feri.jpg\"><img loading=\"lazy\" decoding=\"async\" class=\"aligncenter size-full wp-image-654\" src=\"https:\/\/semmelweis.hu\/alumni\/files\/2019\/09\/p\u00e1l-feri.jpg\" alt=\"\" width=\"960\" height=\"360\" srcset=\"https:\/\/semmelweis.hu\/alumni\/files\/2019\/09\/p\u00e1l-feri.jpg 960w, https:\/\/semmelweis.hu\/alumni\/files\/2019\/09\/p\u00e1l-feri-300x113.jpg 300w, https:\/\/semmelweis.hu\/alumni\/files\/2019\/09\/p\u00e1l-feri-768x288.jpg 768w, https:\/\/semmelweis.hu\/alumni\/files\/2019\/09\/p\u00e1l-feri-753x282.jpg 753w\" sizes=\"auto, (max-width: 960px) 100vw, 960px\" \/><\/a><\/p>\n<p>&nbsp;<\/p>\n<p><span class=\"_4n-j _3cht fsl\" data-testid=\"event-permalink-details\">A seg\u00edt\u0151 szakm\u00e1k, \u00edgy az eg\u00e9szs\u00e9g\u00fcgy legt\u00f6bb ter\u00fclete jellemz\u0151en nem a \u201eleh\u00fazom a nyolc \u00f3r\u00e1t, kikapcsolom a g\u00e9pet \u00e9s hazamegyek\u201d t\u00edpus\u00fa karrierek k\u00f6z\u00e9 tartoznak. Ha eg\u00e9szs\u00e9g\u00fcgyi hivat\u00e1s el\u0151tt \u00e1llsz, mindez nagy es\u00e9llyel m\u00e1r most sem \u00fajdons\u00e1g sz\u00e1modra.<\/span><\/p>\n<p>Ahogyan t\u00f6bbeknek az sem lehet meglep\u0151, hogy egy p\u00e1rkapcsolat id\u0151t \u00e9s energi\u00e1t ig\u00e9nyel \u2013 h\u00e1t m\u00e9g akkor, ha \u00f6r\u00f6mteli m\u00f3don csal\u00e1dd\u00e1 teljesedik ki.<br \/>\nAmikor azonban a fenti k\u00e9t ter\u00fclet \u2013 az eg\u00e9szs\u00e9g\u00fcgyi karrier \u00e9s csal\u00e1d \u2013 tal\u00e1lkozik, mintha sokakat v\u00e1ratlanul \u00e9rne, mennyire nem egy\u00e9rtelm\u0171 \u00e9s k\u00f6nny\u0171 \u00f6sszeegyeztetni a kett\u0151t. A Semmelweis Alumni el\u0151ad\u00e1ssorozat\u00e1nak m\u00e1sodik el\u0151ad\u00f3jak\u00e9nt nagy \u00f6r<span class=\"text_exposed_show\">\u00f6mmel l\u00e1ttuk vend\u00e9g\u00fcl P\u00e1l Feri aty\u00e1t, akit arr\u00f3l k\u00e9rdezt\u00fcnk: mit \u00fczen a j\u00f6v\u0151 eg\u00e9szs\u00e9g\u00fcgyi gener\u00e1ci\u00f3j\u00e1nak csal\u00e1d \u00e9s karrier kett\u0151s\u00e9r\u0151l?<\/span><\/p>\n<p>&nbsp;<\/p>\n<table>\n<tbody>\n<tr>\n<td style=\"width: 217px\"><a href=\"https:\/\/semmelweis.hu\/alumni\/files\/2019\/08\/p\u00e1l-feri-atya-icon.png\"><img loading=\"lazy\" decoding=\"async\" class=\"aligncenter size-full wp-image-559\" src=\"https:\/\/semmelweis.hu\/alumni\/files\/2019\/08\/p\u00e1l-feri-atya-icon.png\" alt=\"\" width=\"359\" height=\"359\" srcset=\"https:\/\/semmelweis.hu\/alumni\/files\/2019\/08\/p\u00e1l-feri-atya-icon.png 359w, https:\/\/semmelweis.hu\/alumni\/files\/2019\/08\/p\u00e1l-feri-atya-icon-150x150.png 150w, https:\/\/semmelweis.hu\/alumni\/files\/2019\/08\/p\u00e1l-feri-atya-icon-300x300.png 300w\" sizes=\"auto, (max-width: 359px) 100vw, 359px\" \/><\/a><\/td>\n<td style=\"width: 1157px\">Feri atya \u00e9vek \u00f3ta foglalkozik kapcsolatokkal, emberi utakkal, csal\u00e1ddal, egy\u00e9ni \u00f6r\u00f6m\u00f6kkel \u00e9s probl\u00e9m\u00e1kkal. A Magatart\u00e1studom\u00e1nyi Int\u00e9zet munkat\u00e1rsak\u00e9nt a Semmelweis Egyetem oktat\u00f3ja is, el\u0151ad\u00e1sai pedig a legmegragad\u00f3bb \u00e9s m\u00e9lyen motiv\u00e1l\u00f3 alkalmak k\u00f6z\u00e9 tartoznak, b\u00e1rhol is besz\u00e9l. Mostani el\u0151ad\u00e1sa mindenkinek sz\u00f3l, aki kiteljesed\u00e9st ad\u00f3 karrier mellett boldog \u00e9s szint\u00e9n teljes csal\u00e1dot szeretne.<\/p>\n<p><strong>Helysz\u00edn:<\/strong>\u00a0<span class=\"text_exposed_show\">Semmelweis Egyetem Nagyv\u00e1rad t\u00e9ri Elm\u00e9leti T\u00f6mb D\u00edszterme<br \/>\n<strong>Id\u0151pont:<\/strong>\u00a02016. november 02. 18 \u00f3ra<\/span><\/td>\n<\/tr>\n<\/tbody>\n<\/table>\n","protected":false},"excerpt":{"rendered":"<p><a href=\"https:\/\/semmelweis.hu\/alumni\/files\/2019\/09\/p\u00e1l-feri.jpg\"><\/a> &nbsp; A seg\u00edt\u0151 szakm\u00e1k, \u00edgy az eg\u00e9szs\u00e9g\u00fcgy legt\u00f6bb ter\u00fclete jellemz\u0151en nem a \u201eleh\u00fazom a nyolc \u00f3r\u00e1t, kikapcsolom a g\u00e9pet \u00e9s hazamegyek\u201d t\u00edpus\u00fa karrierek k\u00f6z\u00e9 tartoznak. Ha eg\u00e9szs\u00e9g\u00fcgyi hivat\u00e1s el\u0151tt \u00e1llsz, mindez nagy es\u00e9llyel m\u00e1r most sem \u00fajdons\u00e1g sz\u00e1modra. Ahogyan t\u00f6bbeknek az sem lehet meglep\u0151, hogy egy p\u00e1rkapcsolat id\u0151t \u00e9s energi\u00e1t ig\u00e9nyel \u2013 h\u00e1t m\u00e9g akkor, &hellip;<\/p>\n","protected":false},"author":101158,"featured_media":0,"parent":100,"menu_order":0,"comment_status":"closed","ping_status":"closed","template":"","meta":{"_acf_changed":false,"footnotes":""},"categories":[],"tags":[],"class_list":["post-653","page","type-page","status-publish","hentry"],"acf":[],"publishpress_future_action":{"enabled":false,"date":"1970-01-01 01:00:00","action":"","terms":[],"taxonomy":"","browser_timezone_offset":0},"_links":{"self":[{"href":"https:\/\/semmelweis.hu\/alumni\/wp-json\/wp\/v2\/pages\/653","targetHints":{"allow":["GET"]}}],"collection":[{"href":"https:\/\/semmelweis.hu\/alumni\/wp-json\/wp\/v2\/pages"}],"about":[{"href":"https:\/\/semmelweis.hu\/alumni\/wp-json\/wp\/v2\/types\/page"}],"author":[{"embeddable":true,"href":"https:\/\/semmelweis.hu\/alumni\/wp-json\/wp\/v2\/users\/101158"}],"replies":[{"embeddable":true,"href":"https:\/\/semmelweis.hu\/alumni\/wp-json\/wp\/v2\/comments?post=653"}],"version-history":[{"count":1,"href":"https:\/\/semmelweis.hu\/alumni\/wp-json\/wp\/v2\/pages\/653\/revisions"}],"predecessor-version":[{"id":655,"href":"https:\/\/semmelweis.hu\/alumni\/wp-json\/wp\/v2\/pages\/653\/revisions\/655"}],"up":[{"embeddable":true,"href":"https:\/\/semmelweis.hu\/alumni\/wp-json\/wp\/v2\/pages\/100"}],"wp:attachment":[{"href":"https:\/\/semmelweis.hu\/alumni\/wp-json\/wp\/v2\/media?parent=653"}],"wp:term":[{"taxonomy":"category","embeddable":true,"href":"https:\/\/semmelweis.hu\/alumni\/wp-json\/wp\/v2\/categories?post=653"},{"taxonomy":"post_tag","embeddable":true,"href":"https:\/\/semmelweis.hu\/alumni\/wp-json\/wp\/v2\/tags?post=653"}],"curies":[{"name":"wp","href":"https:\/\/api.w.org\/{rel}","templated":true}]}}