{"id":649,"date":"2019-09-01T13:41:25","date_gmt":"2019-09-01T11:41:25","guid":{"rendered":"http:\/\/semmelweis.hu\/alumni\/?page_id=649"},"modified":"2019-09-01T13:41:25","modified_gmt":"2019-09-01T11:41:25","slug":"hack-yourself-to-beat-procrastination","status":"publish","type":"page","link":"https:\/\/semmelweis.hu\/alumni\/rendezvenyek\/semmelweis-talks\/hack-yourself-to-beat-procrastination\/","title":{"rendered":"Hack yourself to beat procrastination"},"content":{"rendered":"<p><a href=\"https:\/\/semmelweis.hu\/alumni\/files\/2019\/09\/16602159_756386397843020_494327917570899459_o.jpg\"><img loading=\"lazy\" decoding=\"async\" class=\"aligncenter size-large wp-image-650\" src=\"https:\/\/semmelweis.hu\/alumni\/files\/2019\/09\/16602159_756386397843020_494327917570899459_o-1024x384.jpg\" alt=\"\" width=\"753\" height=\"282\" srcset=\"https:\/\/semmelweis.hu\/alumni\/files\/2019\/09\/16602159_756386397843020_494327917570899459_o-1024x384.jpg 1024w, https:\/\/semmelweis.hu\/alumni\/files\/2019\/09\/16602159_756386397843020_494327917570899459_o-300x113.jpg 300w, https:\/\/semmelweis.hu\/alumni\/files\/2019\/09\/16602159_756386397843020_494327917570899459_o-768x288.jpg 768w, https:\/\/semmelweis.hu\/alumni\/files\/2019\/09\/16602159_756386397843020_494327917570899459_o-753x282.jpg 753w\" sizes=\"auto, (max-width: 753px) 100vw, 753px\" \/><\/a><\/p>\n<p>&nbsp;<\/p>\n<p>If you have ever procrastinated, been jealous, or had hard time following your goals: THIS talk might change your life forever! Seriously. Adam Molnar shows us why our behavioural and emotional patterns are leading us to lose the control when we need it the most, and how to fix it. Just by understanding the way our brain works: you can beat procrastination, build better habits and even change the world, through following 3 easy, but crucial steps.<\/p>\n<p>&nbsp;<\/p>\n<table>\n<tbody>\n<tr>\n<td style=\"width: 331px\"><a href=\"https:\/\/semmelweis.hu\/alumni\/files\/2019\/08\/molnar_adam_icon.png\"><img loading=\"lazy\" decoding=\"async\" class=\"aligncenter size-full wp-image-558\" src=\"https:\/\/semmelweis.hu\/alumni\/files\/2019\/08\/molnar_adam_icon.png\" alt=\"\" width=\"771\" height=\"771\" srcset=\"https:\/\/semmelweis.hu\/alumni\/files\/2019\/08\/molnar_adam_icon.png 771w, https:\/\/semmelweis.hu\/alumni\/files\/2019\/08\/molnar_adam_icon-150x150.png 150w, https:\/\/semmelweis.hu\/alumni\/files\/2019\/08\/molnar_adam_icon-300x300.png 300w, https:\/\/semmelweis.hu\/alumni\/files\/2019\/08\/molnar_adam_icon-768x768.png 768w, https:\/\/semmelweis.hu\/alumni\/files\/2019\/08\/molnar_adam_icon-753x753.png 753w\" sizes=\"auto, (max-width: 771px) 100vw, 771px\" \/><\/a><\/td>\n<td style=\"width: 1043px\">Adam is an ambiverted life hacker, entrepreneur, TEDx speaker, volunteer, social psychology researcher, and freelance software engineer, with a strong desire to create tools and experiments that can change the world, and make it a better place.<\/p>\n<p><strong>Location:<\/strong>\u00a0<span class=\"text_exposed_show\"><span class=\"_4n-j _fbReactionComponent__eventDetailsContentTags fsl\" data-testid=\"event-permalink-details\">Ceremonial Hall at the NET (Nagyv\u00e1rad t\u00e9ri Elm\u00e9leti T\u00f6mb)<\/span><br \/>\n<strong>Date:<\/strong>\u00a0<span class=\"_4n-j _fbReactionComponent__eventDetailsContentTags fsl\" data-testid=\"event-permalink-details\">22nd of February, 2017 (Wednesday) 6 p.m.<\/span><\/span><\/td>\n<\/tr>\n<\/tbody>\n<\/table>\n","protected":false},"excerpt":{"rendered":"<p><a href=\"https:\/\/semmelweis.hu\/alumni\/files\/2019\/09\/16602159_756386397843020_494327917570899459_o.jpg\"><\/a> &nbsp; If you have ever procrastinated, been jealous, or had hard time following your goals: THIS talk might change your life forever! Seriously. Adam Molnar shows us why our behavioural and emotional patterns are leading us to lose the control when we need it the most, and how to fix it. Just by understanding the &hellip;<\/p>\n","protected":false},"author":101158,"featured_media":0,"parent":100,"menu_order":0,"comment_status":"closed","ping_status":"closed","template":"","meta":{"_acf_changed":false,"footnotes":""},"categories":[],"tags":[],"class_list":["post-649","page","type-page","status-publish","hentry"],"acf":[],"publishpress_future_action":{"enabled":false,"date":"1970-01-01 01:00:00","action":"","terms":[],"taxonomy":"","browser_timezone_offset":0},"_links":{"self":[{"href":"https:\/\/semmelweis.hu\/alumni\/wp-json\/wp\/v2\/pages\/649","targetHints":{"allow":["GET"]}}],"collection":[{"href":"https:\/\/semmelweis.hu\/alumni\/wp-json\/wp\/v2\/pages"}],"about":[{"href":"https:\/\/semmelweis.hu\/alumni\/wp-json\/wp\/v2\/types\/page"}],"author":[{"embeddable":true,"href":"https:\/\/semmelweis.hu\/alumni\/wp-json\/wp\/v2\/users\/101158"}],"replies":[{"embeddable":true,"href":"https:\/\/semmelweis.hu\/alumni\/wp-json\/wp\/v2\/comments?post=649"}],"version-history":[{"count":1,"href":"https:\/\/semmelweis.hu\/alumni\/wp-json\/wp\/v2\/pages\/649\/revisions"}],"predecessor-version":[{"id":651,"href":"https:\/\/semmelweis.hu\/alumni\/wp-json\/wp\/v2\/pages\/649\/revisions\/651"}],"up":[{"embeddable":true,"href":"https:\/\/semmelweis.hu\/alumni\/wp-json\/wp\/v2\/pages\/100"}],"wp:attachment":[{"href":"https:\/\/semmelweis.hu\/alumni\/wp-json\/wp\/v2\/media?parent=649"}],"wp:term":[{"taxonomy":"category","embeddable":true,"href":"https:\/\/semmelweis.hu\/alumni\/wp-json\/wp\/v2\/categories?post=649"},{"taxonomy":"post_tag","embeddable":true,"href":"https:\/\/semmelweis.hu\/alumni\/wp-json\/wp\/v2\/tags?post=649"}],"curies":[{"name":"wp","href":"https:\/\/api.w.org\/{rel}","templated":true}]}}