{"id":630,"date":"2019-09-01T13:22:45","date_gmt":"2019-09-01T11:22:45","guid":{"rendered":"http:\/\/semmelweis.hu\/alumni\/?page_id=630"},"modified":"2019-09-01T13:22:45","modified_gmt":"2019-09-01T11:22:45","slug":"alvas-es-ebrenlet-hataran-az-alvasfiziologiatol-a-tudati-elmenyekig","status":"publish","type":"page","link":"https:\/\/semmelweis.hu\/alumni\/rendezvenyek\/semmelweis-talks\/alvas-es-ebrenlet-hataran-az-alvasfiziologiatol-a-tudati-elmenyekig\/","title":{"rendered":"Alv\u00e1s \u00e9s \u00e9brenl\u00e9t hat\u00e1r\u00e1n: az alv\u00e1sfiziol\u00f3gi\u00e1t\u00f3l a tudati \u00e9lm\u00e9nyekig"},"content":{"rendered":"<p><a href=\"https:\/\/semmelweis.hu\/alumni\/files\/2019\/09\/simorp\u00e9teralv\u00e1s\u00e9s\u00e9brenl\u00e9t.jpg\"><img loading=\"lazy\" decoding=\"async\" class=\"aligncenter size-full wp-image-631\" src=\"https:\/\/semmelweis.hu\/alumni\/files\/2019\/09\/simorp\u00e9teralv\u00e1s\u00e9s\u00e9brenl\u00e9t.jpg\" alt=\"\" width=\"526\" height=\"295\" srcset=\"https:\/\/semmelweis.hu\/alumni\/files\/2019\/09\/simorp\u00e9teralv\u00e1s\u00e9s\u00e9brenl\u00e9t.jpg 526w, https:\/\/semmelweis.hu\/alumni\/files\/2019\/09\/simorp\u00e9teralv\u00e1s\u00e9s\u00e9brenl\u00e9t-300x168.jpg 300w\" sizes=\"auto, (max-width: 526px) 100vw, 526px\" \/><\/a><\/p>\n<p>&nbsp;<\/p>\n<p><span class=\"_4n-j _3cht fsl\" data-testid=\"event-permalink-details\"><span class=\"text_exposed_show\"><span class=\"_4n-j _fbReactionComponent__eventDetailsContentTags fsl\" data-testid=\"event-permalink-details\">Az egyetemi \u00e9vek alatt, a gyakorlatok \u00e9s a vizsgaid\u0151szak sor\u00e1n t\u00f6bb alkalommal is tal\u00e1lkozhattok a kialvatlans\u00e1g \u00e1llapot\u00e1val, ez\u00e9rt invit\u00e1lunk meg benneteket egy olyan el\u0151ad\u00e1sra, mely v\u00e1laszt ad \u2013 t\u00f6bbek k\u00f6z\u00f6tt \u2013 az al\u00e1bbi a k\u00e9rd\u00e9sekre:<\/span><\/span><\/span><\/p>\n<p>\u00bb Milyen hat\u00e1sa van a kev\u00e9s \/ sok alv\u00e1snak?<br \/>\n\u00bb Hogyan \u00e9s milyen k\u00f6rnyezetben aludjunk?<br \/>\n\u00bb Vagy \u00e9ppen mi a szakv\u00e9lem\u00e9ny a szund\u00edt\u00e1sr\u00f3l?<\/p>\n<p>&nbsp;<\/p>\n<table>\n<tbody>\n<tr>\n<td style=\"width: 236px\"><a href=\"https:\/\/semmelweis.hu\/alumni\/files\/2019\/08\/simorpeter-icon.png\"><img loading=\"lazy\" decoding=\"async\" class=\"aligncenter size-full wp-image-553\" src=\"https:\/\/semmelweis.hu\/alumni\/files\/2019\/08\/simorpeter-icon.png\" alt=\"\" width=\"669\" height=\"669\" srcset=\"https:\/\/semmelweis.hu\/alumni\/files\/2019\/08\/simorpeter-icon.png 669w, https:\/\/semmelweis.hu\/alumni\/files\/2019\/08\/simorpeter-icon-150x150.png 150w, https:\/\/semmelweis.hu\/alumni\/files\/2019\/08\/simorpeter-icon-300x300.png 300w\" sizes=\"auto, (max-width: 669px) 100vw, 669px\" \/><\/a><\/td>\n<td style=\"width: 1138px\">El\u0151ad\u00f3nk a t\u00e9ma egyik kiemelked\u0151 szak\u00e9rt\u0151je: Simor P\u00e9ter D\u00e1niel pszichol\u00f3gus, a BME Kognit\u00edv Tudom\u00e1nyok Tansz\u00e9k\u00e9nek adjunktusa.\u00a0<span class=\"text_exposed_show\">Jelenleg kutat\u00e1sainak f\u00f3kusz\u00e1ban a napszaki ritmus, az alv\u00e1s \u00e9s az \u00e1lmod\u00e1s pszichobiol\u00f3giai vonatkoz\u00e1sai \u00e9s egy\u00e9ni k\u00fcl\u00f6nbs\u00e9gei \u00e1llnak.<\/span><\/p>\n<p><strong>Helysz\u00edn:<\/strong>\u00a0<span class=\"text_exposed_show\">Semmelweis Egyetem Nagyv\u00e1rad t\u00e9ri Elm\u00e9leti T\u00f6mb D\u00edszterme<br \/>\n<strong>Id\u0151pont:<\/strong>\u00a02017. szeptember 25. 18 \u00f3ra<\/span><\/td>\n<\/tr>\n<\/tbody>\n<\/table>\n","protected":false},"excerpt":{"rendered":"<p><a href=\"https:\/\/semmelweis.hu\/alumni\/files\/2019\/09\/simorp\u00e9teralv\u00e1s\u00e9s\u00e9brenl\u00e9t.jpg\"><\/a> &nbsp; Az egyetemi \u00e9vek alatt, a gyakorlatok \u00e9s a vizsgaid\u0151szak sor\u00e1n t\u00f6bb alkalommal is tal\u00e1lkozhattok a kialvatlans\u00e1g \u00e1llapot\u00e1val, ez\u00e9rt invit\u00e1lunk meg benneteket egy olyan el\u0151ad\u00e1sra, mely v\u00e1laszt ad \u2013 t\u00f6bbek k\u00f6z\u00f6tt \u2013 az al\u00e1bbi a k\u00e9rd\u00e9sekre: \u00bb Milyen hat\u00e1sa van a kev\u00e9s \/ sok alv\u00e1snak? \u00bb Hogyan \u00e9s milyen k\u00f6rnyezetben aludjunk? \u00bb Vagy \u00e9ppen mi &hellip;<\/p>\n","protected":false},"author":101158,"featured_media":0,"parent":100,"menu_order":0,"comment_status":"closed","ping_status":"closed","template":"","meta":{"_acf_changed":false,"footnotes":""},"categories":[],"tags":[],"class_list":["post-630","page","type-page","status-publish","hentry"],"acf":[],"publishpress_future_action":{"enabled":false,"date":"1970-01-01 01:00:00","action":"","terms":[],"taxonomy":"","browser_timezone_offset":0},"_links":{"self":[{"href":"https:\/\/semmelweis.hu\/alumni\/wp-json\/wp\/v2\/pages\/630","targetHints":{"allow":["GET"]}}],"collection":[{"href":"https:\/\/semmelweis.hu\/alumni\/wp-json\/wp\/v2\/pages"}],"about":[{"href":"https:\/\/semmelweis.hu\/alumni\/wp-json\/wp\/v2\/types\/page"}],"author":[{"embeddable":true,"href":"https:\/\/semmelweis.hu\/alumni\/wp-json\/wp\/v2\/users\/101158"}],"replies":[{"embeddable":true,"href":"https:\/\/semmelweis.hu\/alumni\/wp-json\/wp\/v2\/comments?post=630"}],"version-history":[{"count":1,"href":"https:\/\/semmelweis.hu\/alumni\/wp-json\/wp\/v2\/pages\/630\/revisions"}],"predecessor-version":[{"id":632,"href":"https:\/\/semmelweis.hu\/alumni\/wp-json\/wp\/v2\/pages\/630\/revisions\/632"}],"up":[{"embeddable":true,"href":"https:\/\/semmelweis.hu\/alumni\/wp-json\/wp\/v2\/pages\/100"}],"wp:attachment":[{"href":"https:\/\/semmelweis.hu\/alumni\/wp-json\/wp\/v2\/media?parent=630"}],"wp:term":[{"taxonomy":"category","embeddable":true,"href":"https:\/\/semmelweis.hu\/alumni\/wp-json\/wp\/v2\/categories?post=630"},{"taxonomy":"post_tag","embeddable":true,"href":"https:\/\/semmelweis.hu\/alumni\/wp-json\/wp\/v2\/tags?post=630"}],"curies":[{"name":"wp","href":"https:\/\/api.w.org\/{rel}","templated":true}]}}