{"id":621,"date":"2019-09-01T13:15:32","date_gmt":"2019-09-01T11:15:32","guid":{"rendered":"http:\/\/semmelweis.hu\/alumni\/?page_id=621"},"modified":"2019-09-01T13:15:41","modified_gmt":"2019-09-01T11:15:41","slug":"divatdietak","status":"publish","type":"page","link":"https:\/\/semmelweis.hu\/alumni\/rendezvenyek\/semmelweis-talks\/divatdietak\/","title":{"rendered":"Divatdi\u00e9t\u00e1k"},"content":{"rendered":"<p><a href=\"https:\/\/semmelweis.hu\/alumni\/files\/2019\/09\/szarka-dorottya-fejl\u00e9c3.png\"><img loading=\"lazy\" decoding=\"async\" class=\"aligncenter size-full wp-image-622\" src=\"https:\/\/semmelweis.hu\/alumni\/files\/2019\/09\/szarka-dorottya-fejl\u00e9c3.png\" alt=\"\" width=\"960\" height=\"539\" srcset=\"https:\/\/semmelweis.hu\/alumni\/files\/2019\/09\/szarka-dorottya-fejl\u00e9c3.png 960w, https:\/\/semmelweis.hu\/alumni\/files\/2019\/09\/szarka-dorottya-fejl\u00e9c3-300x168.png 300w, https:\/\/semmelweis.hu\/alumni\/files\/2019\/09\/szarka-dorottya-fejl\u00e9c3-768x431.png 768w, https:\/\/semmelweis.hu\/alumni\/files\/2019\/09\/szarka-dorottya-fejl\u00e9c3-753x423.png 753w\" sizes=\"auto, (max-width: 960px) 100vw, 960px\" \/><\/a><\/p>\n<p>&nbsp;<\/p>\n<p><span class=\"_4n-j _3cht fsl\" data-testid=\"event-permalink-details\"><span class=\"text_exposed_show\">Mi\u00e9rt? Mert napjainkban egym\u00e1st \u00e9rik a k\u00fcl\u00f6nb\u00f6z\u0151 n\u00e9pszer\u0171, trendi m\u00f3dszerek, di\u00e9t\u00e1s ir\u00e1nyzatok, elvek \u00e9s javaslatok \u2013 nem mindegy azonban, hogy ezek m\u00f6g\u00f6tt milyen tud\u00e1s, bizony\u00edt\u00e9k vagy tapasztalat \u00e1ll.<\/span><\/span><\/p>\n<p>Mit \u00e9rdemes tudnod a legelterjedtebb di\u00e9t\u00e1s ir\u00e1nyzatokr\u00f3l? Hogyan alak\u00edts ki magadra szabott di\u00e9t\u00e1t? Mik\u00e9nt l\u00e1ss hozz\u00e1 egy eg\u00e9szs\u00e9ges \u00e9tkez\u00e9s kialak\u00edt\u00e1s\u00e1hoz?<\/p>\n<p>&nbsp;<\/p>\n<table>\n<tbody>\n<tr>\n<td style=\"width: 290px\"><a href=\"https:\/\/semmelweis.hu\/alumni\/files\/2019\/08\/szarka-dorottya-ikon.png\"><img loading=\"lazy\" decoding=\"async\" class=\"aligncenter size-large wp-image-551\" src=\"https:\/\/semmelweis.hu\/alumni\/files\/2019\/08\/szarka-dorottya-ikon-1024x1024.png\" alt=\"\" width=\"753\" height=\"753\" srcset=\"https:\/\/semmelweis.hu\/alumni\/files\/2019\/08\/szarka-dorottya-ikon-1024x1024.png 1024w, https:\/\/semmelweis.hu\/alumni\/files\/2019\/08\/szarka-dorottya-ikon-150x150.png 150w, https:\/\/semmelweis.hu\/alumni\/files\/2019\/08\/szarka-dorottya-ikon-300x300.png 300w, https:\/\/semmelweis.hu\/alumni\/files\/2019\/08\/szarka-dorottya-ikon-768x768.png 768w, https:\/\/semmelweis.hu\/alumni\/files\/2019\/08\/szarka-dorottya-ikon-753x753.png 753w, https:\/\/semmelweis.hu\/alumni\/files\/2019\/08\/szarka-dorottya-ikon.png 1200w\" sizes=\"auto, (max-width: 753px) 100vw, 753px\" \/><\/a><\/td>\n<td style=\"width: 1084px\">Megh\u00edvott el\u0151ad\u00f3nk Szarka Dorottya dietetikus, sportt\u00e1pl\u00e1lkoz\u00e1si szak\u00e9rt\u0151, aki klinikai dietetikusi \u00e9s \u00e9lelmez\u00e9svezet\u0151i tapasztalatai mellett (\u00e9l)sportol\u00f3kkal, sportt\u00e1pl\u00e1lkoz\u00e1ssal \u00e9s \u00e9trendkieg\u00e9sz\u00edt\u0151kkel is foglalkozik.<\/p>\n<p><strong>Helysz\u00edn:<\/strong>\u00a0<span class=\"text_exposed_show\">Semmelweis Egyetem Nagyv\u00e1rad t\u00e9ri Elm\u00e9leti T\u00f6mb D\u00edszterme<br \/>\n<strong>Id\u0151pont:<\/strong>\u00a02017. okt\u00f3ber 31. 18 \u00f3ra<\/span><\/td>\n<\/tr>\n<\/tbody>\n<\/table>\n","protected":false},"excerpt":{"rendered":"<p><a href=\"https:\/\/semmelweis.hu\/alumni\/files\/2019\/09\/szarka-dorottya-fejl\u00e9c3.png\"><\/a> &nbsp; Mi\u00e9rt? Mert napjainkban egym\u00e1st \u00e9rik a k\u00fcl\u00f6nb\u00f6z\u0151 n\u00e9pszer\u0171, trendi m\u00f3dszerek, di\u00e9t\u00e1s ir\u00e1nyzatok, elvek \u00e9s javaslatok \u2013 nem mindegy azonban, hogy ezek m\u00f6g\u00f6tt milyen tud\u00e1s, bizony\u00edt\u00e9k vagy tapasztalat \u00e1ll. Mit \u00e9rdemes tudnod a legelterjedtebb di\u00e9t\u00e1s ir\u00e1nyzatokr\u00f3l? Hogyan alak\u00edts ki magadra szabott di\u00e9t\u00e1t? Mik\u00e9nt l\u00e1ss hozz\u00e1 egy eg\u00e9szs\u00e9ges \u00e9tkez\u00e9s kialak\u00edt\u00e1s\u00e1hoz? &nbsp; <a href=\"https:\/\/semmelweis.hu\/alumni\/files\/2019\/08\/szarka-dorottya-ikon.png\"><\/a> Megh\u00edvott el\u0151ad\u00f3nk Szarka Dorottya dietetikus, &hellip;<\/p>\n","protected":false},"author":101158,"featured_media":0,"parent":100,"menu_order":0,"comment_status":"closed","ping_status":"closed","template":"","meta":{"_acf_changed":false,"footnotes":""},"categories":[],"tags":[],"class_list":["post-621","page","type-page","status-publish","hentry"],"acf":[],"publishpress_future_action":{"enabled":false,"date":"1970-01-01 01:00:00","action":"","terms":[],"taxonomy":"","browser_timezone_offset":0},"_links":{"self":[{"href":"https:\/\/semmelweis.hu\/alumni\/wp-json\/wp\/v2\/pages\/621","targetHints":{"allow":["GET"]}}],"collection":[{"href":"https:\/\/semmelweis.hu\/alumni\/wp-json\/wp\/v2\/pages"}],"about":[{"href":"https:\/\/semmelweis.hu\/alumni\/wp-json\/wp\/v2\/types\/page"}],"author":[{"embeddable":true,"href":"https:\/\/semmelweis.hu\/alumni\/wp-json\/wp\/v2\/users\/101158"}],"replies":[{"embeddable":true,"href":"https:\/\/semmelweis.hu\/alumni\/wp-json\/wp\/v2\/comments?post=621"}],"version-history":[{"count":1,"href":"https:\/\/semmelweis.hu\/alumni\/wp-json\/wp\/v2\/pages\/621\/revisions"}],"predecessor-version":[{"id":623,"href":"https:\/\/semmelweis.hu\/alumni\/wp-json\/wp\/v2\/pages\/621\/revisions\/623"}],"up":[{"embeddable":true,"href":"https:\/\/semmelweis.hu\/alumni\/wp-json\/wp\/v2\/pages\/100"}],"wp:attachment":[{"href":"https:\/\/semmelweis.hu\/alumni\/wp-json\/wp\/v2\/media?parent=621"}],"wp:term":[{"taxonomy":"category","embeddable":true,"href":"https:\/\/semmelweis.hu\/alumni\/wp-json\/wp\/v2\/categories?post=621"},{"taxonomy":"post_tag","embeddable":true,"href":"https:\/\/semmelweis.hu\/alumni\/wp-json\/wp\/v2\/tags?post=621"}],"curies":[{"name":"wp","href":"https:\/\/api.w.org\/{rel}","templated":true}]}}