{"id":603,"date":"2019-09-01T13:04:27","date_gmt":"2019-09-01T11:04:27","guid":{"rendered":"http:\/\/semmelweis.hu\/alumni\/?page_id=603"},"modified":"2019-09-01T13:11:47","modified_gmt":"2019-09-01T11:11:47","slug":"szerelemben-vagy-haboruban","status":"publish","type":"page","link":"https:\/\/semmelweis.hu\/alumni\/rendezvenyek\/semmelweis-talks\/szerelemben-vagy-haboruban\/","title":{"rendered":"Szerelemben vagy h\u00e1bor\u00faban?"},"content":{"rendered":"<p><span class=\"_4n-j _3cht fsl\" data-testid=\"event-permalink-details\"><span class=\"text_exposed_show\"><a href=\"https:\/\/semmelweis.hu\/alumni\/files\/2019\/09\/27867517_983437055137952_4911309378952529317_n.jpg\"><img loading=\"lazy\" decoding=\"async\" class=\"aligncenter size-full wp-image-604\" src=\"https:\/\/semmelweis.hu\/alumni\/files\/2019\/09\/27867517_983437055137952_4911309378952529317_n.jpg\" alt=\"\" width=\"960\" height=\"540\" \/><\/a><\/span><\/span><\/p>\n<p>&nbsp;<\/p>\n<p><span class=\"_4n-j _3cht fsl\" data-testid=\"event-permalink-details\"><span class=\"text_exposed_show\">\u00c9rezted m\u00e1r valaha, hogy mintha Neked soha nem j\u00f6nne \u00f6ssze egy p\u00e1rkapcsolat?<br \/>\nPr\u00f3b\u00e1ltad, de nem ment?<br \/>\nVagy \u00e9ppen kapcsolatban vagy, de folyamatosan vit\u00e1ztok a p\u00e1roddal,mintha k\u00e9t k\u00fcl\u00f6n nyelvet besz\u00e9ln\u00e9tek?<\/span><\/span><\/p>\n<p>Esetleg hallott\u00e1l r\u00e9mt\u00f6rt\u00e9neteket sz\u00e9tesett kapcsolatokr\u00f3l, \u00e9s szeretn\u00e9d felv\u00e9rtezni magad, hogy Te ne k\u00f6vesd el ugyanazokat a hib\u00e1kat?<\/p>\n<p>Akkor itt a helyed. Eszk\u00f6z\u00f6ket adunk a kezedbe, amivel ak\u00e1r m\u00e1r ma tudsz tenni a kapcsolatod\u00e9rt \u00e9s \u00f6nmagad\u00e9rt. Lehet\u0151s\u00e9get biztos\u00edtunk a sz\u00e1modra, hogy tudatoss\u00e1got csemp\u00e9sz az \u00e9letedbe \u00e9s mindezt nem tank\u00f6nyvi p\u00e9ld\u00e1kkal tessz\u00fck, hanem val\u00f3di tapasztalatokkal.<\/p>\n<p>&nbsp;<\/p>\n<table style=\"width: 793px\">\n<tbody>\n<tr>\n<td style=\"width: 162px\"><a href=\"https:\/\/semmelweis.hu\/alumni\/files\/2019\/08\/orvos-toth-noemi-st.png\"><img loading=\"lazy\" decoding=\"async\" class=\"aligncenter size-full wp-image-549\" src=\"https:\/\/semmelweis.hu\/alumni\/files\/2019\/08\/orvos-toth-noemi-st.png\" alt=\"\" width=\"700\" height=\"700\" srcset=\"https:\/\/semmelweis.hu\/alumni\/files\/2019\/08\/orvos-toth-noemi-st.png 700w, https:\/\/semmelweis.hu\/alumni\/files\/2019\/08\/orvos-toth-noemi-st-150x150.png 150w, https:\/\/semmelweis.hu\/alumni\/files\/2019\/08\/orvos-toth-noemi-st-300x300.png 300w\" sizes=\"auto, (max-width: 700px) 100vw, 700px\" \/><\/a><\/td>\n<td style=\"width: 630px\">Megh\u00edvott el\u0151ad\u00f3nk Orvos-T\u00f3th No\u00e9mi klinikai szakpszichol\u00f3gus, a\u00a0<a href=\"http:\/\/www.maipszicho.hu\/\" target=\"_blank\" rel=\"nofollow noopener noreferrer\">www.maipszicho.hu<\/a>\u00a0online magazin \u00e9s MAI Pszicho Facebook oldal szerkeszt\u0151je.<\/p>\n<div class=\"et_pb_row et_pb_row_4 et_pb_row_3-4_1-4\">\n<div class=\"et_pb_column et_pb_column_1_4 et_pb_column_9 et_pb_css_mix_blend_mode_passthrough et_pb_column_empty\"><\/div>\n<\/div>\n<div class=\"et_pb_row et_pb_row_5 et_pb_row_3-4_1-4\">\n<div class=\"et_pb_column et_pb_column_3_4 et_pb_column_10 et_pb_css_mix_blend_mode_passthrough\">\n<div class=\"et_pb_module et_pb_text et_pb_text_2 et_pb_bg_layout_light et_pb_text_align_justified\">\n<div class=\"et_pb_text_inner\">\n<p><span class=\"_4n-j _3cht fsl\" data-testid=\"event-permalink-details\"><strong>Helysz\u00edn:<\/strong>\u00a0<span class=\"text_exposed_show\">Semmelweis Egyetem Nagyv\u00e1rad t\u00e9ri Elm\u00e9leti T\u00f6mb D\u00edszterme<br \/>\n<strong>Id\u0151pont:<\/strong>\u00a02018. febru\u00e1r 28. (szerda) 18 \u00f3ra<\/span><\/span><\/p>\n<\/div>\n<\/div>\n<\/div>\n<\/div>\n<\/td>\n<\/tr>\n<\/tbody>\n<\/table>\n","protected":false},"excerpt":{"rendered":"<p><a href=\"https:\/\/semmelweis.hu\/alumni\/files\/2019\/09\/27867517_983437055137952_4911309378952529317_n.jpg\"><\/a> &nbsp; \u00c9rezted m\u00e1r valaha, hogy mintha Neked soha nem j\u00f6nne \u00f6ssze egy p\u00e1rkapcsolat? Pr\u00f3b\u00e1ltad, de nem ment? Vagy \u00e9ppen kapcsolatban vagy, de folyamatosan vit\u00e1ztok a p\u00e1roddal,mintha k\u00e9t k\u00fcl\u00f6n nyelvet besz\u00e9ln\u00e9tek? Esetleg hallott\u00e1l r\u00e9mt\u00f6rt\u00e9neteket sz\u00e9tesett kapcsolatokr\u00f3l, \u00e9s szeretn\u00e9d felv\u00e9rtezni magad, hogy Te ne k\u00f6vesd el ugyanazokat a hib\u00e1kat? Akkor itt a helyed. Eszk\u00f6z\u00f6ket adunk a kezedbe, &hellip;<\/p>\n","protected":false},"author":101158,"featured_media":0,"parent":100,"menu_order":0,"comment_status":"closed","ping_status":"closed","template":"","meta":{"_acf_changed":false,"footnotes":""},"categories":[],"tags":[],"class_list":["post-603","page","type-page","status-publish","hentry"],"acf":[],"publishpress_future_action":{"enabled":false,"date":"1970-01-01 01:00:00","action":"","terms":[],"taxonomy":"","browser_timezone_offset":0},"_links":{"self":[{"href":"https:\/\/semmelweis.hu\/alumni\/wp-json\/wp\/v2\/pages\/603","targetHints":{"allow":["GET"]}}],"collection":[{"href":"https:\/\/semmelweis.hu\/alumni\/wp-json\/wp\/v2\/pages"}],"about":[{"href":"https:\/\/semmelweis.hu\/alumni\/wp-json\/wp\/v2\/types\/page"}],"author":[{"embeddable":true,"href":"https:\/\/semmelweis.hu\/alumni\/wp-json\/wp\/v2\/users\/101158"}],"replies":[{"embeddable":true,"href":"https:\/\/semmelweis.hu\/alumni\/wp-json\/wp\/v2\/comments?post=603"}],"version-history":[{"count":3,"href":"https:\/\/semmelweis.hu\/alumni\/wp-json\/wp\/v2\/pages\/603\/revisions"}],"predecessor-version":[{"id":617,"href":"https:\/\/semmelweis.hu\/alumni\/wp-json\/wp\/v2\/pages\/603\/revisions\/617"}],"up":[{"embeddable":true,"href":"https:\/\/semmelweis.hu\/alumni\/wp-json\/wp\/v2\/pages\/100"}],"wp:attachment":[{"href":"https:\/\/semmelweis.hu\/alumni\/wp-json\/wp\/v2\/media?parent=603"}],"wp:term":[{"taxonomy":"category","embeddable":true,"href":"https:\/\/semmelweis.hu\/alumni\/wp-json\/wp\/v2\/categories?post=603"},{"taxonomy":"post_tag","embeddable":true,"href":"https:\/\/semmelweis.hu\/alumni\/wp-json\/wp\/v2\/tags?post=603"}],"curies":[{"name":"wp","href":"https:\/\/api.w.org\/{rel}","templated":true}]}}