{"id":598,"date":"2019-09-01T13:01:14","date_gmt":"2019-09-01T11:01:14","guid":{"rendered":"http:\/\/semmelweis.hu\/alumni\/?page_id=598"},"modified":"2019-09-01T13:12:25","modified_gmt":"2019-09-01T11:12:25","slug":"sportra-fel","status":"publish","type":"page","link":"https:\/\/semmelweis.hu\/alumni\/rendezvenyek\/semmelweis-talks\/sportra-fel\/","title":{"rendered":"Sportra fel!"},"content":{"rendered":"<div class=\"et_pb_row et_pb_row_1 et_pb_row_3-4_1-4\">\n<div class=\"et_pb_column et_pb_column_3_4 et_pb_column_1 et_pb_css_mix_blend_mode_passthrough\">\n<div class=\"et_pb_module et_pb_text et_pb_text_0 et_pb_bg_layout_light et_pb_text_align_justified\">\n<div class=\"et_pb_text_inner\">\n<p><a href=\"https:\/\/semmelweis.hu\/alumni\/files\/2019\/09\/kissgergelysemmelweistalks.jpg\"><img loading=\"lazy\" decoding=\"async\" class=\"aligncenter size-large wp-image-599\" src=\"https:\/\/semmelweis.hu\/alumni\/files\/2019\/09\/kissgergelysemmelweistalks-1024x576.jpg\" alt=\"\" width=\"753\" height=\"424\" srcset=\"https:\/\/semmelweis.hu\/alumni\/files\/2019\/09\/kissgergelysemmelweistalks-1024x576.jpg 1024w, https:\/\/semmelweis.hu\/alumni\/files\/2019\/09\/kissgergelysemmelweistalks-300x169.jpg 300w, https:\/\/semmelweis.hu\/alumni\/files\/2019\/09\/kissgergelysemmelweistalks-768x432.jpg 768w, https:\/\/semmelweis.hu\/alumni\/files\/2019\/09\/kissgergelysemmelweistalks-753x424.jpg 753w, https:\/\/semmelweis.hu\/alumni\/files\/2019\/09\/kissgergelysemmelweistalks.jpg 1920w\" sizes=\"auto, (max-width: 753px) 100vw, 753px\" \/><\/a><\/p>\n<p>Az egyetem mellett is sz\u00edvesen sportoln\u00e1l, de nem tudod, hogyan f\u00e9rne bele a s\u0171r\u0171 napjaidba?<br \/>\nVagy \u00e9pp versenysportolsz, de alig gy\u0151z\u00f6d az akad\u00e1lyokat?<br \/>\nHobbi-sportol\u00f3k\u00e9nt, vagy profi sportemberk\u00e9nt is mindenk\u00e9ppen itt a helyed, mert megh\u00edvott el\u0151ad\u00f3nk, hozz\u00e1d sz\u00f3l majd.<\/p>\n<p>Az el\u0151ad\u00e1sban sz\u00f3 lesz arr\u00f3l, hogy milyen kih\u00edv\u00e1sokkal szembes\u00fclhet\u00fcnk sportol\u00f3k\u00e9nt, hogyan gy\u0151zz\u00fck le az akad\u00e1lyokat, \u00e9s hogy mire \u00e9rdemes mindenk\u00e9ppen odafigyelni, amikor a sportot v\u00e1lasztjuk.<\/p>\n<\/div>\n<\/div>\n<\/div>\n<div class=\"et_pb_column et_pb_column_1_4 et_pb_column_2 et_pb_css_mix_blend_mode_passthrough et_pb_column_empty\"><\/div>\n<\/div>\n<div class=\"et_pb_row et_pb_row_2 et_pb_row_3-4_1-4\">\n<div class=\"et_pb_column et_pb_column_3_4 et_pb_column_3 et_pb_css_mix_blend_mode_passthrough\">\n<table style=\"width: 901px\">\n<tbody>\n<tr>\n<td style=\"width: 215px\"><a href=\"https:\/\/semmelweis.hu\/alumni\/files\/2019\/08\/kissgergelyikon.png\"><img loading=\"lazy\" decoding=\"async\" class=\"aligncenter size-full wp-image-548\" src=\"https:\/\/semmelweis.hu\/alumni\/files\/2019\/08\/kissgergelyikon.png\" alt=\"\" width=\"287\" height=\"287\" srcset=\"https:\/\/semmelweis.hu\/alumni\/files\/2019\/08\/kissgergelyikon.png 287w, https:\/\/semmelweis.hu\/alumni\/files\/2019\/08\/kissgergelyikon-150x150.png 150w\" sizes=\"auto, (max-width: 287px) 100vw, 287px\" \/><\/a><\/td>\n<td style=\"width: 685px\">Kiss Gergely, h\u00e1romszoros olimpiai bajnok, vil\u00e1gbajnok, Eur\u00f3pa-bajnok,<br \/>\nVil\u00e1gliga \u00e9s Euroliga gy\u0151ztes v\u00edzilabd\u00e1z\u00f3 \u00e9s jog\u00e1sz.<\/p>\n<div class=\"et_pb_row et_pb_row_4 et_pb_row_3-4_1-4\">\n<div class=\"et_pb_column et_pb_column_1_4 et_pb_column_9 et_pb_css_mix_blend_mode_passthrough et_pb_column_empty\"><\/div>\n<\/div>\n<div class=\"et_pb_row et_pb_row_5 et_pb_row_3-4_1-4\">\n<div class=\"et_pb_column et_pb_column_3_4 et_pb_column_10 et_pb_css_mix_blend_mode_passthrough\">\n<div class=\"et_pb_module et_pb_text et_pb_text_2 et_pb_bg_layout_light et_pb_text_align_justified\">\n<div class=\"et_pb_text_inner\">\n<p><span class=\"_4n-j _3cht fsl\" data-testid=\"event-permalink-details\"><strong>Helysz\u00edn:<\/strong>\u00a0<span class=\"text_exposed_show\">Semmelweis Egyetem Nagyv\u00e1rad t\u00e9ri Elm\u00e9leti T\u00f6mb D\u00edszterme<br \/>\n<strong>Id\u0151pont:<\/strong>\u00a02018. \u00e1prilis 05. (cs\u00fct\u00f6rt\u00f6k) 18 \u00f3ra<\/span><\/span><\/p>\n<\/div>\n<\/div>\n<\/div>\n<\/div>\n<\/td>\n<\/tr>\n<\/tbody>\n<\/table>\n<\/div>\n<\/div>\n","protected":false},"excerpt":{"rendered":"<p><a href=\"https:\/\/semmelweis.hu\/alumni\/files\/2019\/09\/kissgergelysemmelweistalks.jpg\"><\/a> Az egyetem mellett is sz\u00edvesen sportoln\u00e1l, de nem tudod, hogyan f\u00e9rne bele a s\u0171r\u0171 napjaidba? Vagy \u00e9pp versenysportolsz, de alig gy\u0151z\u00f6d az akad\u00e1lyokat? Hobbi-sportol\u00f3k\u00e9nt, vagy profi sportemberk\u00e9nt is mindenk\u00e9ppen itt a helyed, mert megh\u00edvott el\u0151ad\u00f3nk, hozz\u00e1d sz\u00f3l majd. Az el\u0151ad\u00e1sban sz\u00f3 lesz arr\u00f3l, hogy milyen kih\u00edv\u00e1sokkal szembes\u00fclhet\u00fcnk sportol\u00f3k\u00e9nt, hogyan gy\u0151zz\u00fck le az akad\u00e1lyokat, \u00e9s hogy &hellip;<\/p>\n","protected":false},"author":101158,"featured_media":0,"parent":100,"menu_order":0,"comment_status":"closed","ping_status":"closed","template":"","meta":{"_acf_changed":false,"footnotes":""},"categories":[],"tags":[],"class_list":["post-598","page","type-page","status-publish","hentry"],"acf":[],"publishpress_future_action":{"enabled":false,"date":"1970-01-01 01:00:00","action":"","terms":[],"taxonomy":"","browser_timezone_offset":0},"_links":{"self":[{"href":"https:\/\/semmelweis.hu\/alumni\/wp-json\/wp\/v2\/pages\/598","targetHints":{"allow":["GET"]}}],"collection":[{"href":"https:\/\/semmelweis.hu\/alumni\/wp-json\/wp\/v2\/pages"}],"about":[{"href":"https:\/\/semmelweis.hu\/alumni\/wp-json\/wp\/v2\/types\/page"}],"author":[{"embeddable":true,"href":"https:\/\/semmelweis.hu\/alumni\/wp-json\/wp\/v2\/users\/101158"}],"replies":[{"embeddable":true,"href":"https:\/\/semmelweis.hu\/alumni\/wp-json\/wp\/v2\/comments?post=598"}],"version-history":[{"count":4,"href":"https:\/\/semmelweis.hu\/alumni\/wp-json\/wp\/v2\/pages\/598\/revisions"}],"predecessor-version":[{"id":619,"href":"https:\/\/semmelweis.hu\/alumni\/wp-json\/wp\/v2\/pages\/598\/revisions\/619"}],"up":[{"embeddable":true,"href":"https:\/\/semmelweis.hu\/alumni\/wp-json\/wp\/v2\/pages\/100"}],"wp:attachment":[{"href":"https:\/\/semmelweis.hu\/alumni\/wp-json\/wp\/v2\/media?parent=598"}],"wp:term":[{"taxonomy":"category","embeddable":true,"href":"https:\/\/semmelweis.hu\/alumni\/wp-json\/wp\/v2\/categories?post=598"},{"taxonomy":"post_tag","embeddable":true,"href":"https:\/\/semmelweis.hu\/alumni\/wp-json\/wp\/v2\/tags?post=598"}],"curies":[{"name":"wp","href":"https:\/\/api.w.org\/{rel}","templated":true}]}}