{"id":593,"date":"2019-08-31T21:15:17","date_gmt":"2019-08-31T19:15:17","guid":{"rendered":"http:\/\/semmelweis.hu\/alumni\/?page_id=593"},"modified":"2019-09-01T13:13:04","modified_gmt":"2019-09-01T11:13:04","slug":"tanulas-a-xxi-szazadban","status":"publish","type":"page","link":"https:\/\/semmelweis.hu\/alumni\/rendezvenyek\/semmelweis-talks\/tanulas-a-xxi-szazadban\/","title":{"rendered":"Tanul\u00e1s a XXI. sz\u00e1zadban"},"content":{"rendered":"<p><a href=\"https:\/\/semmelweis.hu\/alumni\/files\/2019\/08\/stalks-kata-janos-tanulas.png\"><img loading=\"lazy\" decoding=\"async\" class=\"aligncenter wp-image-595\" src=\"https:\/\/semmelweis.hu\/alumni\/files\/2019\/08\/stalks-kata-janos-tanulas.png\" alt=\"\" width=\"666\" height=\"374\" srcset=\"https:\/\/semmelweis.hu\/alumni\/files\/2019\/08\/stalks-kata-janos-tanulas.png 960w, https:\/\/semmelweis.hu\/alumni\/files\/2019\/08\/stalks-kata-janos-tanulas-300x168.png 300w, https:\/\/semmelweis.hu\/alumni\/files\/2019\/08\/stalks-kata-janos-tanulas-768x431.png 768w, https:\/\/semmelweis.hu\/alumni\/files\/2019\/08\/stalks-kata-janos-tanulas-753x423.png 753w\" sizes=\"auto, (max-width: 666px) 100vw, 666px\" \/><\/a><\/p>\n<p><span class=\"_4n-j _3cht fsl\" data-testid=\"event-permalink-details\"><span class=\"text_exposed_show\">M\u00e1r k\u00f6zel a vizsgaid\u0151szak, \u00edgy egy olyan t\u00e9m\u00e1t hoztunk el nektek, amely rem\u00e9lj\u00fck, hogy a seg\u00edts\u00e9getekre lesz ezekben a napokban, ami nem m\u00e1s mint a tanul\u00e1s.<\/span><\/span><\/p>\n<ul>\n<li><span class=\"_4n-j _3cht fsl\" data-testid=\"event-permalink-details\"><span class=\"text_exposed_show\">Az el\u0151ad\u00e1sunk sor\u00e1n foglalkozunk majd azokkal a felt\u00e9telekkel \u00e9s jellemz\u0151kkel, amelyek napjainkban \u00faj kih\u00edv\u00e1sok el\u00e9 \u00e1ll\u00edtj\u00e1k az oktat\u00f3kat \u00e9s a hallgat\u00f3kat egyar\u00e1nt.<\/span><\/span><\/li>\n<li><span class=\"_4n-j _3cht fsl\" data-testid=\"event-permalink-details\"><span class=\"text_exposed_show\">Feszegetj\u00fck egy kicsit, hogy milyen technikai \u00e9s t\u00e1rsadalmi okai vannak a tanul\u00e1ssal kapcsolatos neh\u00e9zs\u00e9geknek.<\/span><\/span><\/li>\n<li><span class=\"_4n-j _3cht fsl\" data-testid=\"event-permalink-details\"><span class=\"text_exposed_show\">Valamint kit\u00e9r\u00fcnk olyan k\u00e9rd\u00e9sekre is, hogy mik\u00e9nt tudunk hat\u00e9konyabban tanulni, \u00e9s milyen t\u00e9vhitek vannak ezekkel\u00a0 kapcsolatban a k\u00f6zv\u00e9lem\u00e9nyben.<\/span><\/span><\/li>\n<\/ul>\n<table>\n<tbody>\n<tr>\n<td style=\"width: 212px\"><a href=\"https:\/\/semmelweis.hu\/alumni\/files\/2019\/08\/katajanos_icon.png\"><img loading=\"lazy\" decoding=\"async\" class=\"aligncenter size-large wp-image-547\" src=\"https:\/\/semmelweis.hu\/alumni\/files\/2019\/08\/katajanos_icon-1024x1024.png\" alt=\"\" width=\"753\" height=\"753\" srcset=\"https:\/\/semmelweis.hu\/alumni\/files\/2019\/08\/katajanos_icon-1024x1024.png 1024w, https:\/\/semmelweis.hu\/alumni\/files\/2019\/08\/katajanos_icon-150x150.png 150w, https:\/\/semmelweis.hu\/alumni\/files\/2019\/08\/katajanos_icon-300x300.png 300w, https:\/\/semmelweis.hu\/alumni\/files\/2019\/08\/katajanos_icon-768x768.png 768w, https:\/\/semmelweis.hu\/alumni\/files\/2019\/08\/katajanos_icon-753x753.png 753w, https:\/\/semmelweis.hu\/alumni\/files\/2019\/08\/katajanos_icon.png 1662w\" sizes=\"auto, (max-width: 753px) 100vw, 753px\" \/><\/a><\/td>\n<td style=\"width: 1162px\">Megh\u00edvott el\u0151ad\u00f3nk,<strong>\u00a0Dr. Kata J\u00e1nos<\/strong>, a BME M\u0171szaki Pedag\u00f3gia Tansz\u00e9k\u00e9nek mestertan\u00e1ra, aki m\u00e1r \u00e9vek \u00f3ta foglalkozik \u00e1ltal\u00e1nos pedag\u00f3giai, illetve oktat\u00e1sm\u00f3dszertani k\u00e9rd\u00e9sekkel. F\u00e9l\u00e9vente t\u00f6bb sz\u00e1z hallgat\u00f3nak seg\u00edt tanul\u00e1stechnikai k\u00e9rd\u00e9sek megv\u00e1laszol\u00e1s\u00e1ban, kutat\u00e1sokat \u00e9s felm\u00e9r\u00e9seket v\u00e9gez, melyek eredm\u00e9nyeire el\u0151ad\u00e1s\u00e1ban is kit\u00e9r majd.<\/p>\n<div class=\"et_pb_row et_pb_row_4 et_pb_row_3-4_1-4\">\n<div class=\"et_pb_column et_pb_column_1_4 et_pb_column_9 et_pb_css_mix_blend_mode_passthrough et_pb_column_empty\"><\/div>\n<\/div>\n<div class=\"et_pb_row et_pb_row_5 et_pb_row_3-4_1-4\">\n<div class=\"et_pb_column et_pb_column_3_4 et_pb_column_10 et_pb_css_mix_blend_mode_passthrough\">\n<div class=\"et_pb_module et_pb_text et_pb_text_2 et_pb_bg_layout_light et_pb_text_align_justified\">\n<div class=\"et_pb_text_inner\">\n<p><span class=\"_4n-j _3cht fsl\" data-testid=\"event-permalink-details\"><strong>Helysz\u00edn:<\/strong>\u00a0<span class=\"text_exposed_show\">Semmelweis Egyetem Nagyv\u00e1rad t\u00e9ri Elm\u00e9leti T\u00f6mb D\u00edszterme<br \/>\n<strong>Id\u0151pont:<\/strong>\u00a02018. m\u00e1jus 03. 18 \u00f3ra<\/span><\/span><\/p>\n<\/div>\n<\/div>\n<\/div>\n<\/div>\n<\/td>\n<\/tr>\n<\/tbody>\n<\/table>\n","protected":false},"excerpt":{"rendered":"<p><a href=\"https:\/\/semmelweis.hu\/alumni\/files\/2019\/08\/stalks-kata-janos-tanulas.png\"><\/a> M\u00e1r k\u00f6zel a vizsgaid\u0151szak, \u00edgy egy olyan t\u00e9m\u00e1t hoztunk el nektek, amely rem\u00e9lj\u00fck, hogy a seg\u00edts\u00e9getekre lesz ezekben a napokban, ami nem m\u00e1s mint a tanul\u00e1s. Az el\u0151ad\u00e1sunk sor\u00e1n foglalkozunk majd azokkal a felt\u00e9telekkel \u00e9s jellemz\u0151kkel, amelyek napjainkban \u00faj kih\u00edv\u00e1sok el\u00e9 \u00e1ll\u00edtj\u00e1k az oktat\u00f3kat \u00e9s a hallgat\u00f3kat egyar\u00e1nt. Feszegetj\u00fck egy kicsit, hogy milyen technikai \u00e9s &hellip;<\/p>\n","protected":false},"author":101158,"featured_media":0,"parent":100,"menu_order":0,"comment_status":"closed","ping_status":"closed","template":"","meta":{"_acf_changed":false,"footnotes":""},"categories":[],"tags":[],"class_list":["post-593","page","type-page","status-publish","hentry"],"acf":[],"publishpress_future_action":{"enabled":false,"date":"1970-01-01 01:00:00","action":"","terms":[],"taxonomy":"","browser_timezone_offset":0},"_links":{"self":[{"href":"https:\/\/semmelweis.hu\/alumni\/wp-json\/wp\/v2\/pages\/593","targetHints":{"allow":["GET"]}}],"collection":[{"href":"https:\/\/semmelweis.hu\/alumni\/wp-json\/wp\/v2\/pages"}],"about":[{"href":"https:\/\/semmelweis.hu\/alumni\/wp-json\/wp\/v2\/types\/page"}],"author":[{"embeddable":true,"href":"https:\/\/semmelweis.hu\/alumni\/wp-json\/wp\/v2\/users\/101158"}],"replies":[{"embeddable":true,"href":"https:\/\/semmelweis.hu\/alumni\/wp-json\/wp\/v2\/comments?post=593"}],"version-history":[{"count":2,"href":"https:\/\/semmelweis.hu\/alumni\/wp-json\/wp\/v2\/pages\/593\/revisions"}],"predecessor-version":[{"id":596,"href":"https:\/\/semmelweis.hu\/alumni\/wp-json\/wp\/v2\/pages\/593\/revisions\/596"}],"up":[{"embeddable":true,"href":"https:\/\/semmelweis.hu\/alumni\/wp-json\/wp\/v2\/pages\/100"}],"wp:attachment":[{"href":"https:\/\/semmelweis.hu\/alumni\/wp-json\/wp\/v2\/media?parent=593"}],"wp:term":[{"taxonomy":"category","embeddable":true,"href":"https:\/\/semmelweis.hu\/alumni\/wp-json\/wp\/v2\/categories?post=593"},{"taxonomy":"post_tag","embeddable":true,"href":"https:\/\/semmelweis.hu\/alumni\/wp-json\/wp\/v2\/tags?post=593"}],"curies":[{"name":"wp","href":"https:\/\/api.w.org\/{rel}","templated":true}]}}