{"id":586,"date":"2019-08-31T21:04:20","date_gmt":"2019-08-31T19:04:20","guid":{"rendered":"http:\/\/semmelweis.hu\/alumni\/?page_id=586"},"modified":"2019-09-01T13:09:23","modified_gmt":"2019-09-01T11:09:23","slug":"gamification-es-az-egeszsegugy","status":"publish","type":"page","link":"https:\/\/semmelweis.hu\/alumni\/rendezvenyek\/semmelweis-talks\/gamification-es-az-egeszsegugy\/","title":{"rendered":"Gamification \u00e9s az eg\u00e9szs\u00e9g\u00fcgy"},"content":{"rendered":"<p><span class=\"_4n-j _3cht fsl\" data-testid=\"event-permalink-details\"><span class=\"text_exposed_show\"><a href=\"https:\/\/semmelweis.hu\/alumni\/files\/2019\/08\/44327451_1177523252395997_5673560310917627904_n.jpg\"><img loading=\"lazy\" decoding=\"async\" class=\"wp-image-587 aligncenter\" src=\"https:\/\/semmelweis.hu\/alumni\/files\/2019\/08\/44327451_1177523252395997_5673560310917627904_n.jpg\" alt=\"\" width=\"460\" height=\"259\" srcset=\"https:\/\/semmelweis.hu\/alumni\/files\/2019\/08\/44327451_1177523252395997_5673560310917627904_n.jpg 960w, https:\/\/semmelweis.hu\/alumni\/files\/2019\/08\/44327451_1177523252395997_5673560310917627904_n-300x169.jpg 300w, https:\/\/semmelweis.hu\/alumni\/files\/2019\/08\/44327451_1177523252395997_5673560310917627904_n-768x432.jpg 768w, https:\/\/semmelweis.hu\/alumni\/files\/2019\/08\/44327451_1177523252395997_5673560310917627904_n-753x424.jpg 753w\" sizes=\"auto, (max-width: 460px) 100vw, 460px\" \/><\/a><\/span><\/span><\/p>\n<p><span class=\"_4n-j _3cht fsl\" data-testid=\"event-permalink-details\"><span class=\"text_exposed_show\"><strong>De mi is a gamification?<\/strong><br \/>\nA gamification, vagy magyarul j\u00e1t\u00e9kos\u00edt\u00e1s olyan m\u00f3dszer, amivel j\u00e1t\u00e9kelemek seg\u00edts\u00e9g\u00e9vel jav\u00edthatod a term\u00e9ked vagy szolg\u00e1ltat\u00e1sod \u00fcgyf\u00e9l\u00e9lm\u00e9ny\u00e9t.<\/span><\/span><\/p>\n<p>\u00c9s mihez is kezdhet\u00fcnk ezzel az eg\u00e9szs\u00e9g\u00fcgyben?<br \/>\nNagyon is sokhoz. Legyen sz\u00f3 az egyetemi tanul\u00e1sr\u00f3l, a k\u00f3rh\u00e1zi ell\u00e1t\u00e1sr\u00f3l, vagy saj\u00e1t c\u00e9g ind\u00edt\u00e1s\u00e1r\u00f3l, a j\u00e1t\u00e9kos\u00edt\u00e1s elemeit b\u00e1rhov\u00e1 be\u00e9p\u00edthetj\u00fck.<\/p>\n<p>&nbsp;<\/p>\n<table class=\" aligncenter\" style=\"width: 1375px\">\n<tbody>\n<tr>\n<td style=\"width: 370px\"><a href=\"https:\/\/semmelweis.hu\/alumni\/files\/2019\/08\/pusztaiadam-icon.png\"><img loading=\"lazy\" decoding=\"async\" class=\"aligncenter size-full wp-image-546\" src=\"https:\/\/semmelweis.hu\/alumni\/files\/2019\/08\/pusztaiadam-icon.png\" alt=\"\" width=\"700\" height=\"700\" srcset=\"https:\/\/semmelweis.hu\/alumni\/files\/2019\/08\/pusztaiadam-icon.png 700w, https:\/\/semmelweis.hu\/alumni\/files\/2019\/08\/pusztaiadam-icon-150x150.png 150w, https:\/\/semmelweis.hu\/alumni\/files\/2019\/08\/pusztaiadam-icon-300x300.png 300w\" sizes=\"auto, (max-width: 700px) 100vw, 700px\" \/><\/a><\/td>\n<td style=\"width: 1002px\"><span class=\"_4n-j _3cht fsl\" data-testid=\"event-permalink-details\"><span class=\"text_exposed_show\">El\u0151ad\u00f3nk, Pusztai \u00c1d\u00e1m,\u00a0<\/span><\/span><br \/>\n* tr\u00e9ner, a Kollekt\u00edva alap\u00edt\u00f3ja<br \/>\n* a Gyakorlati j\u00e1t\u00e9kos\u00edt\u00e1s k\u00f6nyv szerz\u0151je<br \/>\n* a Collabri meetupsorozat alap\u00edt\u00f3ja<br \/>\n* a Toastmasters Veszpr\u00e9m retorika klub eln\u00f6ke<br \/>\n* TEDxYouth el\u0151ad\u00f3<br \/>\n* TEDxBenedekHegy kur\u00e1tor<br \/>\n<span class=\"_4n-j _3cht fsl\" data-testid=\"event-permalink-details\"><span class=\"text_exposed_show\">mes\u00e9l mag\u00e1r\u00f3l a gamificationr\u00f3l (j\u00e1t\u00e9kos\u00edt\u00e1s) \u00e9s eddigi tapasztalatair\u00f3l.<\/span><\/span><\/p>\n<p><strong>Helysz\u00edn:<\/strong>\u00a0<span class=\"text_exposed_show\">Semmelweis Egyetem Nagyv\u00e1rad t\u00e9ri Elm\u00e9leti T\u00f6mb D\u00edszterme<br \/>\n<strong>Id\u0151pont:<\/strong>\u00a02018. okt\u00f3ber 29. (h\u00e9tf\u0151) 18 \u00f3ra<\/span><\/td>\n<\/tr>\n<\/tbody>\n<\/table>\n","protected":false},"excerpt":{"rendered":"<p><a href=\"https:\/\/semmelweis.hu\/alumni\/files\/2019\/08\/44327451_1177523252395997_5673560310917627904_n.jpg\"><\/a> De mi is a gamification? A gamification, vagy magyarul j\u00e1t\u00e9kos\u00edt\u00e1s olyan m\u00f3dszer, amivel j\u00e1t\u00e9kelemek seg\u00edts\u00e9g\u00e9vel jav\u00edthatod a term\u00e9ked vagy szolg\u00e1ltat\u00e1sod \u00fcgyf\u00e9l\u00e9lm\u00e9ny\u00e9t. \u00c9s mihez is kezdhet\u00fcnk ezzel az eg\u00e9szs\u00e9g\u00fcgyben? Nagyon is sokhoz. Legyen sz\u00f3 az egyetemi tanul\u00e1sr\u00f3l, a k\u00f3rh\u00e1zi ell\u00e1t\u00e1sr\u00f3l, vagy saj\u00e1t c\u00e9g ind\u00edt\u00e1s\u00e1r\u00f3l, a j\u00e1t\u00e9kos\u00edt\u00e1s elemeit b\u00e1rhov\u00e1 be\u00e9p\u00edthetj\u00fck. &nbsp; <a href=\"https:\/\/semmelweis.hu\/alumni\/files\/2019\/08\/pusztaiadam-icon.png\"><\/a> El\u0151ad\u00f3nk, Pusztai \u00c1d\u00e1m,\u00a0 * tr\u00e9ner, a &hellip;<\/p>\n","protected":false},"author":101158,"featured_media":0,"parent":100,"menu_order":0,"comment_status":"closed","ping_status":"closed","template":"","meta":{"_acf_changed":false,"footnotes":""},"categories":[],"tags":[],"class_list":["post-586","page","type-page","status-publish","hentry"],"acf":[],"publishpress_future_action":{"enabled":false,"date":"1970-01-01 01:00:00","action":"","terms":[],"taxonomy":"","browser_timezone_offset":0},"_links":{"self":[{"href":"https:\/\/semmelweis.hu\/alumni\/wp-json\/wp\/v2\/pages\/586","targetHints":{"allow":["GET"]}}],"collection":[{"href":"https:\/\/semmelweis.hu\/alumni\/wp-json\/wp\/v2\/pages"}],"about":[{"href":"https:\/\/semmelweis.hu\/alumni\/wp-json\/wp\/v2\/types\/page"}],"author":[{"embeddable":true,"href":"https:\/\/semmelweis.hu\/alumni\/wp-json\/wp\/v2\/users\/101158"}],"replies":[{"embeddable":true,"href":"https:\/\/semmelweis.hu\/alumni\/wp-json\/wp\/v2\/comments?post=586"}],"version-history":[{"count":6,"href":"https:\/\/semmelweis.hu\/alumni\/wp-json\/wp\/v2\/pages\/586\/revisions"}],"predecessor-version":[{"id":614,"href":"https:\/\/semmelweis.hu\/alumni\/wp-json\/wp\/v2\/pages\/586\/revisions\/614"}],"up":[{"embeddable":true,"href":"https:\/\/semmelweis.hu\/alumni\/wp-json\/wp\/v2\/pages\/100"}],"wp:attachment":[{"href":"https:\/\/semmelweis.hu\/alumni\/wp-json\/wp\/v2\/media?parent=586"}],"wp:term":[{"taxonomy":"category","embeddable":true,"href":"https:\/\/semmelweis.hu\/alumni\/wp-json\/wp\/v2\/categories?post=586"},{"taxonomy":"post_tag","embeddable":true,"href":"https:\/\/semmelweis.hu\/alumni\/wp-json\/wp\/v2\/tags?post=586"}],"curies":[{"name":"wp","href":"https:\/\/api.w.org\/{rel}","templated":true}]}}