{"id":581,"date":"2019-08-31T20:55:34","date_gmt":"2019-08-31T18:55:34","guid":{"rendered":"http:\/\/semmelweis.hu\/alumni\/?page_id=581"},"modified":"2019-09-01T13:13:28","modified_gmt":"2019-09-01T11:13:28","slug":"titkos-osszetevok-nyomaban-tenyek-es-tevhitek-a-siker-pszichologiajabol","status":"publish","type":"page","link":"https:\/\/semmelweis.hu\/alumni\/rendezvenyek\/semmelweis-talks\/titkos-osszetevok-nyomaban-tenyek-es-tevhitek-a-siker-pszichologiajabol\/","title":{"rendered":"Titkos \u00f6sszetev\u0151k nyom\u00e1ban \u2013 T\u00e9nyek \u00e9s t\u00e9vhitek a siker pszichol\u00f3gi\u00e1j\u00e1b\u00f3l"},"content":{"rendered":"<p><a href=\"https:\/\/semmelweis.hu\/alumni\/files\/2019\/08\/siker_cover-1.jpg\"><img loading=\"lazy\" decoding=\"async\" class=\"wp-image-582 aligncenter\" src=\"https:\/\/semmelweis.hu\/alumni\/files\/2019\/08\/siker_cover-1.jpg\" alt=\"\" width=\"644\" height=\"340\" srcset=\"https:\/\/semmelweis.hu\/alumni\/files\/2019\/08\/siker_cover-1.jpg 910w, https:\/\/semmelweis.hu\/alumni\/files\/2019\/08\/siker_cover-1-300x158.jpg 300w, https:\/\/semmelweis.hu\/alumni\/files\/2019\/08\/siker_cover-1-768x405.jpg 768w, https:\/\/semmelweis.hu\/alumni\/files\/2019\/08\/siker_cover-1-753x397.jpg 753w\" sizes=\"auto, (max-width: 644px) 100vw, 644px\" \/><\/a><\/p>\n<p>&nbsp;<\/p>\n<p>A \u201esiker\u201d \u00e9s a \u201eboldogs\u00e1g\u201d szavak m\u00e1ra teljesen elinfl\u00e1l\u00f3dtak. Mindenki szeretn\u00e9, mindenki v\u00e1gyja \u00e9s hajtja \u0151ket, m\u00e9gis egyre k\u00f6d\u00f6sebbek, egyre semmitmond\u00f3bbak. Mindek\u00f6zben pedig olyan fr\u00e1zisok k\u00f6z\u00f6tt \u00e9l\u00fcnk, mint a \u201esiker fejben d\u0151l el\u201d, a \u201esiker csak rajtunk m\u00falik\u201d, s\u0151t \u201eb\u00e1rmit el\u00e9rhet\u00fcnk\u201d, meg hogy \u201eki kell l\u00e9pn\u00fcnk a komfortz\u00f3n\u00e1nkb\u00f3l\u201d. Ezek azonban er\u0151s j\u00f3indulattal is f\u00e9ligazs\u00e1gok, nyersen fogalmazva ordas hazugs\u00e1gok, melyek becsapj\u00e1k a gyan\u00fatlan felhaszn\u00e1l\u00f3t.<\/p>\n<p>Megh\u00edvott el\u0151ad\u00f3nk, Limp\u00e1r Imre, nemr\u00e9g megjelent k\u00f6nyv\u00e9ben (A siker tervezhet\u0151 \u2013 A praktikus tud\u00e1s l\u00e9lektani k\u00f6nyve c\u00edmmel) \u00edgy v\u00e9lekedik: \u201eA v\u00e1ltoz\u00e1s nem mag\u00e1t\u00f3l t\u00f6rt\u00e9nik, hanem k\u0151kem\u00e9ny, szenved\u00e9ssel teli \u00e9s \u00f6r\u00f6m\u00f6kkel tark\u00edtott bels\u0151 munk\u00e1b\u00f3l fakad, \u00e9s nem egyszer\u0171en att\u00f3l j\u00f6n l\u00e9tre, hogy a t\u00fck\u00f6r el\u0151tt k\u00fcl\u00f6nf\u00e9le var\u00e1zsszavakat mormolunk \u2013 b\u00e1rmennyire is kecsegtet\u0151en k\u00edn\u00e1lj\u00e1k ezt az \u00fcveggy\u00f6ngy\u00f6t oly sokan.\u201d<\/p>\n<p>Az el\u0151ad\u00e1s tiszta vizet k\u00edv\u00e1n \u00f6nteni a siker pszichol\u00f3gi\u00e1j\u00e1nak pohar\u00e1ba, hogy kev\u00e9sb\u00e9 legy\u00fcnk megvezethet\u0151k a h\u00e9tk\u00f6znapjaink m\u00f3kuskerek\u00e9nek forgatag\u00e1ban, amib\u0151l rem\u00e9nyeink szerint lesz ki\u00fat, s kinek-kinek egy sikeresebb j\u00f6v\u0151 v\u00e1lik el\u00e9rhet\u0151v\u00e9.<\/p>\n<table>\n<tbody>\n<tr>\n<td style=\"width: 205px\"><a href=\"https:\/\/semmelweis.hu\/alumni\/files\/2019\/08\/limpar-imre-round.png\"><img loading=\"lazy\" decoding=\"async\" class=\"aligncenter size-full wp-image-545\" src=\"https:\/\/semmelweis.hu\/alumni\/files\/2019\/08\/limpar-imre-round.png\" alt=\"\" width=\"361\" height=\"344\" srcset=\"https:\/\/semmelweis.hu\/alumni\/files\/2019\/08\/limpar-imre-round.png 361w, https:\/\/semmelweis.hu\/alumni\/files\/2019\/08\/limpar-imre-round-300x286.png 300w\" sizes=\"auto, (max-width: 361px) 100vw, 361px\" \/><\/a><\/td>\n<td style=\"width: 1169px\">Limp\u00e1r Imre, tan\u00e1csad\u00f3 szakpszichol\u00f3gus szakm\u00e1j\u00e1ban azon kevesek k\u00f6z\u00e9 tartozik, akiket sokkal ink\u00e1bb a j\u00f6v\u0151, mintsem a m\u00falt \u00e9rdekel. Els\u0151sorban a hogyanok foglalkoztatj\u00e1k, \u00e9s a v\u00e1ltoz\u00e1s mik\u00e9ntjei. Szakter\u00fcletei az id\u0151gazd\u00e1lkod\u00e1s, a karriermenedzsment, a konfliktus- \u00e9s stresszkezel\u00e9s, az \u00f6nbizalom pszichol\u00f3gi\u00e1ja.<\/p>\n<div><strong>Helysz\u00edn:<\/strong>\u00a0Semmelweis Egyetem Nagyv\u00e1rad t\u00e9ri Elm\u00e9leti T\u00f6mb D\u00edszterme<\/div>\n<div><strong>Id\u0151pont:<\/strong>\u00a0\u00a02019. m\u00e1jus 02. (cs\u00fct\u00f6rt\u00f6k)18 \u00f3ra<\/div>\n<\/td>\n<\/tr>\n<\/tbody>\n<\/table>\n","protected":false},"excerpt":{"rendered":"<p><a href=\"https:\/\/semmelweis.hu\/alumni\/files\/2019\/08\/siker_cover-1.jpg\"><\/a> &nbsp; A \u201esiker\u201d \u00e9s a \u201eboldogs\u00e1g\u201d szavak m\u00e1ra teljesen elinfl\u00e1l\u00f3dtak. Mindenki szeretn\u00e9, mindenki v\u00e1gyja \u00e9s hajtja \u0151ket, m\u00e9gis egyre k\u00f6d\u00f6sebbek, egyre semmitmond\u00f3bbak. Mindek\u00f6zben pedig olyan fr\u00e1zisok k\u00f6z\u00f6tt \u00e9l\u00fcnk, mint a \u201esiker fejben d\u0151l el\u201d, a \u201esiker csak rajtunk m\u00falik\u201d, s\u0151t \u201eb\u00e1rmit el\u00e9rhet\u00fcnk\u201d, meg hogy \u201eki kell l\u00e9pn\u00fcnk a komfortz\u00f3n\u00e1nkb\u00f3l\u201d. Ezek azonban er\u0151s j\u00f3indulattal is f\u00e9ligazs\u00e1gok, &hellip;<\/p>\n","protected":false},"author":101158,"featured_media":0,"parent":100,"menu_order":0,"comment_status":"closed","ping_status":"closed","template":"","meta":{"_acf_changed":false,"footnotes":""},"categories":[],"tags":[],"class_list":["post-581","page","type-page","status-publish","hentry"],"acf":[],"publishpress_future_action":{"enabled":false,"date":"1970-01-01 01:00:00","action":"","terms":[],"taxonomy":"","browser_timezone_offset":0},"_links":{"self":[{"href":"https:\/\/semmelweis.hu\/alumni\/wp-json\/wp\/v2\/pages\/581","targetHints":{"allow":["GET"]}}],"collection":[{"href":"https:\/\/semmelweis.hu\/alumni\/wp-json\/wp\/v2\/pages"}],"about":[{"href":"https:\/\/semmelweis.hu\/alumni\/wp-json\/wp\/v2\/types\/page"}],"author":[{"embeddable":true,"href":"https:\/\/semmelweis.hu\/alumni\/wp-json\/wp\/v2\/users\/101158"}],"replies":[{"embeddable":true,"href":"https:\/\/semmelweis.hu\/alumni\/wp-json\/wp\/v2\/comments?post=581"}],"version-history":[{"count":2,"href":"https:\/\/semmelweis.hu\/alumni\/wp-json\/wp\/v2\/pages\/581\/revisions"}],"predecessor-version":[{"id":620,"href":"https:\/\/semmelweis.hu\/alumni\/wp-json\/wp\/v2\/pages\/581\/revisions\/620"}],"up":[{"embeddable":true,"href":"https:\/\/semmelweis.hu\/alumni\/wp-json\/wp\/v2\/pages\/100"}],"wp:attachment":[{"href":"https:\/\/semmelweis.hu\/alumni\/wp-json\/wp\/v2\/media?parent=581"}],"wp:term":[{"taxonomy":"category","embeddable":true,"href":"https:\/\/semmelweis.hu\/alumni\/wp-json\/wp\/v2\/categories?post=581"},{"taxonomy":"post_tag","embeddable":true,"href":"https:\/\/semmelweis.hu\/alumni\/wp-json\/wp\/v2\/tags?post=581"}],"curies":[{"name":"wp","href":"https:\/\/api.w.org\/{rel}","templated":true}]}}