{"id":574,"date":"2019-08-31T20:39:20","date_gmt":"2019-08-31T18:39:20","guid":{"rendered":"http:\/\/semmelweis.hu\/alumni\/?page_id=574"},"modified":"2019-09-01T13:09:50","modified_gmt":"2019-09-01T11:09:50","slug":"hierarchia-az-egeszsegugyben","status":"publish","type":"page","link":"https:\/\/semmelweis.hu\/alumni\/rendezvenyek\/semmelweis-talks\/hierarchia-az-egeszsegugyben\/","title":{"rendered":"Hierarchia az eg\u00e9szs\u00e9g\u00fcgyben"},"content":{"rendered":"<p><a href=\"https:\/\/semmelweis.hu\/alumni\/files\/2019\/08\/hierarchia_cover-1.jpg\"><img loading=\"lazy\" decoding=\"async\" class=\"wp-image-575 aligncenter\" src=\"https:\/\/semmelweis.hu\/alumni\/files\/2019\/08\/hierarchia_cover-1.jpg\" alt=\"\" width=\"765\" height=\"390\" srcset=\"https:\/\/semmelweis.hu\/alumni\/files\/2019\/08\/hierarchia_cover-1.jpg 942w, https:\/\/semmelweis.hu\/alumni\/files\/2019\/08\/hierarchia_cover-1-300x153.jpg 300w, https:\/\/semmelweis.hu\/alumni\/files\/2019\/08\/hierarchia_cover-1-768x391.jpg 768w, https:\/\/semmelweis.hu\/alumni\/files\/2019\/08\/hierarchia_cover-1-753x384.jpg 753w\" sizes=\"auto, (max-width: 765px) 100vw, 765px\" \/><\/a><\/p>\n<p>&nbsp;<\/p>\n<p>A Semmelweis Talks k\u00f6vetkez\u0151 alkalm\u00e1val az eg\u00e9szs\u00e9g\u00fcgyi hierarchi\u00e1r\u00f3l tart el\u0151ad\u00e1st Dr. Bakacsi Gyula k\u00f6zgazdas\u00e1g-tudom\u00e1nyi \u00e9s vezet\u00e9s-szervez\u00e9si szak\u00e9rt\u0151, kutat\u00f3 professzor, egyetemi tan\u00e1r, a Szervezeti magatart\u00e1s \u00e9s vezet\u00e9s c\u00edm\u0171 k\u00f6nyv \u00edr\u00f3ja.<\/p>\n<p>Az eg\u00e9szs\u00e9g\u00fcgy hierarchi\u00e1j\u00e1t nem oktatj\u00e1k egyetemeken \u2013 abba \u201ebeletanulsz\u201d, de legal\u00e1bb is az els\u0151k k\u00f6z\u00f6tt lesz, amit megtapasztalsz a betegell\u00e1t\u00e1s sor\u00e1n. Rengeteg hallgat\u00f3 l\u00e1tja testk\u00f6zelb\u0151l a hierarchia \u00e1rnyoldalait \u2013 azt\u00e1n a v\u00e9gz\u00e9st k\u00f6vet\u0151en m\u00e9gis szinte mindenki belesimul \u201ea rendszerbe\u201d, ki k\u00f6nnyebben, ki r\u00f6g\u00f6sebb \u00faton\u2026 Ez az egyik olyan aspektusa a szakm\u00e1nak, amir\u0151l mindenki tud \u2013 de vajon \u00e9rted is, hogy mi\u00e9rt m\u0171k\u00f6dik \u00fagy, ahogy?<\/p>\n<p>Azaz: mi is pontosan a hierarchia? Hogyan m\u0171k\u00f6dik, hogyan alakul ki \u00e9s milyen er\u0151k mozgatj\u00e1k?<\/p>\n<table>\n<tbody>\n<tr>\n<td style=\"width: 229px\"><a href=\"https:\/\/semmelweis.hu\/alumni\/files\/2019\/08\/bakacsi-round-1.png\"><img loading=\"lazy\" decoding=\"async\" class=\"aligncenter size-full wp-image-544\" src=\"https:\/\/semmelweis.hu\/alumni\/files\/2019\/08\/bakacsi-round-1.png\" alt=\"\" width=\"197\" height=\"218\" \/><\/a><\/td>\n<td style=\"width: 1145px\">M\u00e1rciusban a vezet\u00e9studom\u00e1ny egyik legjobb humor\u00fa professzora, Bakacsi Gyula \u00e9rkezik hozz\u00e1nk, aki t\u00f6bb m\u00e1s ter\u00fclet mellett k\u00f6zel h\u00fasz \u00e9ve mozog az eg\u00e9szs\u00e9g\u00fcgyi szektorban is \u2013 fels\u0151vezet\u0151k \u00e9s p\u00e1lyakezd\u0151k k\u00f6z\u00f6tt egyar\u00e1nt. Rendszeresen oktatott t\u00e9m\u00e1i k\u00f6z\u00e9 tartozik a motiv\u00e1ci\u00f3 \u00e9s a hatalom \u2013 ez alkalommal pedig arr\u00f3l besz\u00e9l majd, mit \u00e9rdemes tudnod a hierarchi\u00e1r\u00f3l az eg\u00e9szs\u00e9g\u00fcgyben \u00e9s hogyan \u00e9rdemes p\u00e1lyakezd\u0151 fejjel hozz\u00e1\u00e1llnod ehhez az \u00e9vsz\u00e1zadok \u00f3ta fenn\u00e1ll\u00f3 jelens\u00e9ghez.<\/p>\n<div><strong>Helysz\u00edn:<\/strong>\u00a0Semmelweis Egyetem Nagyv\u00e1rad t\u00e9ri Elm\u00e9leti T\u00f6mb D\u00edszterme<\/div>\n<div><strong>Id\u0151pont:<\/strong>\u00a0\u00a02019. m\u00e1rcius 25. (h\u00e9tf\u0151) 18 \u00f3ra<\/div>\n<\/td>\n<\/tr>\n<\/tbody>\n<\/table>\n","protected":false},"excerpt":{"rendered":"<p><a href=\"https:\/\/semmelweis.hu\/alumni\/files\/2019\/08\/hierarchia_cover-1.jpg\"><\/a> &nbsp; A Semmelweis Talks k\u00f6vetkez\u0151 alkalm\u00e1val az eg\u00e9szs\u00e9g\u00fcgyi hierarchi\u00e1r\u00f3l tart el\u0151ad\u00e1st Dr. Bakacsi Gyula k\u00f6zgazdas\u00e1g-tudom\u00e1nyi \u00e9s vezet\u00e9s-szervez\u00e9si szak\u00e9rt\u0151, kutat\u00f3 professzor, egyetemi tan\u00e1r, a Szervezeti magatart\u00e1s \u00e9s vezet\u00e9s c\u00edm\u0171 k\u00f6nyv \u00edr\u00f3ja. Az eg\u00e9szs\u00e9g\u00fcgy hierarchi\u00e1j\u00e1t nem oktatj\u00e1k egyetemeken \u2013 abba \u201ebeletanulsz\u201d, de legal\u00e1bb is az els\u0151k k\u00f6z\u00f6tt lesz, amit megtapasztalsz a betegell\u00e1t\u00e1s sor\u00e1n. Rengeteg hallgat\u00f3 l\u00e1tja testk\u00f6zelb\u0151l &hellip;<\/p>\n","protected":false},"author":101158,"featured_media":0,"parent":100,"menu_order":0,"comment_status":"closed","ping_status":"closed","template":"","meta":{"_acf_changed":false,"footnotes":""},"categories":[],"tags":[],"class_list":["post-574","page","type-page","status-publish","hentry"],"acf":[],"publishpress_future_action":{"enabled":false,"date":"1970-01-01 01:00:00","action":"","terms":[],"taxonomy":"","browser_timezone_offset":0},"_links":{"self":[{"href":"https:\/\/semmelweis.hu\/alumni\/wp-json\/wp\/v2\/pages\/574","targetHints":{"allow":["GET"]}}],"collection":[{"href":"https:\/\/semmelweis.hu\/alumni\/wp-json\/wp\/v2\/pages"}],"about":[{"href":"https:\/\/semmelweis.hu\/alumni\/wp-json\/wp\/v2\/types\/page"}],"author":[{"embeddable":true,"href":"https:\/\/semmelweis.hu\/alumni\/wp-json\/wp\/v2\/users\/101158"}],"replies":[{"embeddable":true,"href":"https:\/\/semmelweis.hu\/alumni\/wp-json\/wp\/v2\/comments?post=574"}],"version-history":[{"count":6,"href":"https:\/\/semmelweis.hu\/alumni\/wp-json\/wp\/v2\/pages\/574\/revisions"}],"predecessor-version":[{"id":615,"href":"https:\/\/semmelweis.hu\/alumni\/wp-json\/wp\/v2\/pages\/574\/revisions\/615"}],"up":[{"embeddable":true,"href":"https:\/\/semmelweis.hu\/alumni\/wp-json\/wp\/v2\/pages\/100"}],"wp:attachment":[{"href":"https:\/\/semmelweis.hu\/alumni\/wp-json\/wp\/v2\/media?parent=574"}],"wp:term":[{"taxonomy":"category","embeddable":true,"href":"https:\/\/semmelweis.hu\/alumni\/wp-json\/wp\/v2\/categories?post=574"},{"taxonomy":"post_tag","embeddable":true,"href":"https:\/\/semmelweis.hu\/alumni\/wp-json\/wp\/v2\/tags?post=574"}],"curies":[{"name":"wp","href":"https:\/\/api.w.org\/{rel}","templated":true}]}}