{"id":565,"date":"2019-08-31T20:31:09","date_gmt":"2019-08-31T18:31:09","guid":{"rendered":"http:\/\/semmelweis.hu\/alumni\/?page_id=565"},"modified":"2019-09-01T13:08:31","modified_gmt":"2019-09-01T11:08:31","slug":"az-egeszseg-strategia-eletmod-orvostan-es-fenntarthato-egeszsegugy","status":"publish","type":"page","link":"https:\/\/semmelweis.hu\/alumni\/rendezvenyek\/semmelweis-talks\/az-egeszseg-strategia-eletmod-orvostan-es-fenntarthato-egeszsegugy\/","title":{"rendered":"Az eg\u00e9szs\u00e9g strat\u00e9gia \u2013 \u00c9letm\u00f3d orvostan \u00e9s fenntarthat\u00f3 eg\u00e9szs\u00e9g\u00fcgy"},"content":{"rendered":"<div><a href=\"https:\/\/semmelweis.hu\/alumni\/files\/2019\/08\/\u00e9letm\u00f3dorvosl\u00e1s_cover.png\"><img loading=\"lazy\" decoding=\"async\" class=\"size-full wp-image-566 aligncenter\" src=\"https:\/\/semmelweis.hu\/alumni\/files\/2019\/08\/\u00e9letm\u00f3dorvosl\u00e1s_cover.png\" alt=\"\" width=\"640\" height=\"360\" srcset=\"https:\/\/semmelweis.hu\/alumni\/files\/2019\/08\/\u00e9letm\u00f3dorvosl\u00e1s_cover.png 640w, https:\/\/semmelweis.hu\/alumni\/files\/2019\/08\/\u00e9letm\u00f3dorvosl\u00e1s_cover-300x169.png 300w\" sizes=\"auto, (max-width: 640px) 100vw, 640px\" \/><\/a><\/div>\n<div style=\"text-align: left\"><\/div>\n<div style=\"text-align: left\">\n<p>&nbsp;<\/p>\n<p>A Semmelweis Talks k\u00f6vetkez\u0151 alkalm\u00e1val Dr. M\u00e1rky \u00c1d\u00e1m, a Nemzetk\u00f6zi \u00c9letm\u00f3d Orvostani T\u00e1rsas\u00e1g els\u0151 magyar \u00e9letm\u00f3d szakorvosa az \u00e9letm\u00f3dorvosl\u00e1s\u00f3l tart el\u0151ad\u00e1st.<\/p>\n<\/div>\n<div style=\"text-align: left\"><\/div>\n<div style=\"text-align: left\">\n<p>Ahogy ma gondolkodunk az eg\u00e9szs\u00e9gr\u0151l \u00e9s az eg\u00e9szs\u00e9g\u00fcgyr\u0151l az mind p\u00e9nz\u00fcgyi, mind emberi er\u0151forr\u00e1s szempontj\u00e1b\u00f3l fenntarthatatlan. A t\u00e1rsadalom egyre \u00f6regebb, egyre t\u00f6bb kr\u00f3nikus betegs\u00e9ggel k\u00fczd\u00fcnk, \u00edgy egyre nagyobb az eg\u00e9szs\u00e9g\u00fcgyi ig\u00e9ny\u00fcnk. Ez mindenkinek rossz: a betegnek egyre t\u00f6bbet kell v\u00e1rnia, az orvosnak \u00e9s szakdolgoz\u00f3nak egyre t\u00f6bbet kell dolgoznia, az \u00e1llamnak pedig egyre t\u00f6bb p\u00e9nz\u00e9be ker\u00fcl az eg\u00e9sz. A magasabb b\u00e9reket \u00e9s jobb k\u00f6r\u00fclm\u00e9nyek biztos\u00edt\u00f3 orsz\u00e1gok elsz\u00edvj\u00e1k a dolgoz\u00f3kat, \u00e9s ott ahol nem tudj\u00e1k felvenni a b\u00e9rversenyt, a megmarad\u00f3kra egyre nagyobb teher h\u00e1rul, melyben a hat\u00e9konys\u00e1guk tov\u00e1bb romlik. A magas fizet\u00e9s azonban nem minden, a folyamatosan n\u00f6vekv\u0151 beteg\u00e1radat m\u00e9g a nagyon j\u00f3l fizetett amerikai orvosokat is megviseli; a Medscape 2019-es felm\u00e9r\u00e9se alapj\u00e1n az amerikai orvosok 44 % \u00e9rzi mag\u00e1t ki\u00e9gve. Itthon az orvosok jelent\u0151s r\u00e9sze nem \u00e9li meg a nyugd\u00edjat.<\/p>\n<\/div>\n<div style=\"text-align: left\"><\/div>\n<div style=\"text-align: left\">\n<p>A rendszer egyre t\u00f6bb sebb\u0151l v\u00e9rzik, \u00e9s ha nem l\u00e9p\u00fcnk ki a dobozb\u00f3l, akkor \u2013 ahogyan a kr\u00f3nikus betegs\u00e9gek nagy r\u00e9sz\u00e9ben is tessz\u00fck \u2013 csak a t\u00fcneteket fogjuk kezelni, melyb\u0151l mindig csak t\u00f6bb lesz. Ha XXI. sz\u00e1zadi eg\u00e9szs\u00e9g\u00fcgyet akarunk, k\u00e9t dologra kell f\u00f3kusz\u00e1lnunk: hogyan tudjuk cs\u00f6kkenti a lakoss\u00e1gi eg\u00e9szs\u00e9g\u00fcgyi ig\u00e9ny\u00e9t, \u00e9s hogyan jav\u00edthatjuk az eg\u00e9szs\u00e9g\u00fcgyben dolgoz\u00f3k hat\u00e9konys\u00e1g\u00e1t. Az el\u0151ad\u00e1sban a Harvard Business School \u00e9s Harvard T.H. Chan School of Public Health \u00e1ltal kidolgozott tudatos eg\u00e9szs\u00e9g kult\u00fara koncepci\u00f3 alapj\u00e1n n\u00e9zz\u00fck meg, hogy hogyan gondolkodhatunk az eg\u00e9szs\u00e9gr\u0151l strat\u00e9giailag, ill. hogy mit tehet\u00fcnk a saj\u00e1t eg\u00e9szs\u00e9g\u00fcnk\u00e9rt a rendszerben ak\u00e1r hallgat\u00f3k, ak\u00e1r orvosok, ak\u00e1r betegek vagyunk. Mert a fenntarthat\u00f3 eg\u00e9szs\u00e9g\u00fcgy az eg\u00e9szs\u00e9ges orvossal \u00e9s szakdolgoz\u00f3val kezd\u0151dik.<\/p>\n<\/div>\n<div style=\"text-align: left\"><\/div>\n<div style=\"text-align: left\"><\/div>\n<div style=\"text-align: left\"><\/div>\n<div>\n<table>\n<tbody>\n<tr>\n<td style=\"width: 237px;text-align: left\"><a href=\"https:\/\/semmelweis.hu\/alumni\/files\/2019\/08\/marky_adam_round-1.png\"><img loading=\"lazy\" decoding=\"async\" class=\"aligncenter size-full wp-image-542\" src=\"https:\/\/semmelweis.hu\/alumni\/files\/2019\/08\/marky_adam_round-1.png\" alt=\"\" width=\"226\" height=\"226\" srcset=\"https:\/\/semmelweis.hu\/alumni\/files\/2019\/08\/marky_adam_round-1.png 226w, https:\/\/semmelweis.hu\/alumni\/files\/2019\/08\/marky_adam_round-1-150x150.png 150w\" sizes=\"auto, (max-width: 226px) 100vw, 226px\" \/><\/a><\/td>\n<td style=\"width: 1137px\">\n<p style=\"text-align: left\">Dr. M\u00e1rky \u00c1d\u00e1m, a Nemzetk\u00f6zi \u00c9letm\u00f3d Orvostani T\u00e1rsas\u00e1g els\u0151 magyar \u00e9letm\u00f3d szakorvosa, az Amerikai \u00c9letm\u00f3d Orvostani T\u00e1rsas\u00e1g tagja, a Harvard Business School Sustainable Business Strategy k\u00e9pz\u00e9s jelenlegi hallgat\u00f3ja, de igyekszik kapcsol\u00f3dni a magyar val\u00f3s\u00e1ghoz is, \u00edgy k\u00e9thetente cs\u00fct\u00f6rt\u00f6k\u00f6nk\u00e9nt a R\u00e9ts\u00e1gi Ment\u0151\u00e1llom\u00e1son dolgozik ment\u0151orvosk\u00e9nt. A Longevity Project egyik alap\u00edt\u00f3jak\u00e9nt egy megel\u0151z\u00e9sen alapul\u00f3 \u00e9s \u00edgy fenntarthat\u00f3, val\u00f3di eg\u00e9szs\u00e9g\u00fcgy hazai meghonos\u00edt\u00e1s\u00e1n dolgozik.<\/p>\n<div style=\"text-align: left\"><strong>Helysz\u00edn:<\/strong>\u00a0Semmelweis Egyetem Nagyv\u00e1rad t\u00e9ri Elm\u00e9leti T\u00f6mb D\u00edszterme<\/div>\n<div style=\"text-align: left\"><strong>Id\u0151pont:<\/strong>\u00a0 2019. febru\u00e1r 25. (h\u00e9tf\u0151) 18 \u00f3ra<\/div>\n<\/td>\n<\/tr>\n<\/tbody>\n<\/table>\n<\/div>\n","protected":false},"excerpt":{"rendered":"<p><a href=\"https:\/\/semmelweis.hu\/alumni\/files\/2019\/08\/\u00e9letm\u00f3dorvosl\u00e1s_cover.png\"><\/a> &nbsp; A Semmelweis Talks k\u00f6vetkez\u0151 alkalm\u00e1val Dr. M\u00e1rky \u00c1d\u00e1m, a Nemzetk\u00f6zi \u00c9letm\u00f3d Orvostani T\u00e1rsas\u00e1g els\u0151 magyar \u00e9letm\u00f3d szakorvosa az \u00e9letm\u00f3dorvosl\u00e1s\u00f3l tart el\u0151ad\u00e1st. Ahogy ma gondolkodunk az eg\u00e9szs\u00e9gr\u0151l \u00e9s az eg\u00e9szs\u00e9g\u00fcgyr\u0151l az mind p\u00e9nz\u00fcgyi, mind emberi er\u0151forr\u00e1s szempontj\u00e1b\u00f3l fenntarthatatlan. A t\u00e1rsadalom egyre \u00f6regebb, egyre t\u00f6bb kr\u00f3nikus betegs\u00e9ggel k\u00fczd\u00fcnk, \u00edgy egyre nagyobb az eg\u00e9szs\u00e9g\u00fcgyi ig\u00e9ny\u00fcnk. Ez mindenkinek &hellip;<\/p>\n","protected":false},"author":101158,"featured_media":0,"parent":100,"menu_order":0,"comment_status":"closed","ping_status":"closed","template":"","meta":{"_acf_changed":false,"footnotes":""},"categories":[],"tags":[],"class_list":["post-565","page","type-page","status-publish","hentry"],"acf":[],"publishpress_future_action":{"enabled":false,"date":"1970-01-01 01:00:00","action":"","terms":[],"taxonomy":"","browser_timezone_offset":0},"_links":{"self":[{"href":"https:\/\/semmelweis.hu\/alumni\/wp-json\/wp\/v2\/pages\/565","targetHints":{"allow":["GET"]}}],"collection":[{"href":"https:\/\/semmelweis.hu\/alumni\/wp-json\/wp\/v2\/pages"}],"about":[{"href":"https:\/\/semmelweis.hu\/alumni\/wp-json\/wp\/v2\/types\/page"}],"author":[{"embeddable":true,"href":"https:\/\/semmelweis.hu\/alumni\/wp-json\/wp\/v2\/users\/101158"}],"replies":[{"embeddable":true,"href":"https:\/\/semmelweis.hu\/alumni\/wp-json\/wp\/v2\/comments?post=565"}],"version-history":[{"count":8,"href":"https:\/\/semmelweis.hu\/alumni\/wp-json\/wp\/v2\/pages\/565\/revisions"}],"predecessor-version":[{"id":612,"href":"https:\/\/semmelweis.hu\/alumni\/wp-json\/wp\/v2\/pages\/565\/revisions\/612"}],"up":[{"embeddable":true,"href":"https:\/\/semmelweis.hu\/alumni\/wp-json\/wp\/v2\/pages\/100"}],"wp:attachment":[{"href":"https:\/\/semmelweis.hu\/alumni\/wp-json\/wp\/v2\/media?parent=565"}],"wp:term":[{"taxonomy":"category","embeddable":true,"href":"https:\/\/semmelweis.hu\/alumni\/wp-json\/wp\/v2\/categories?post=565"},{"taxonomy":"post_tag","embeddable":true,"href":"https:\/\/semmelweis.hu\/alumni\/wp-json\/wp\/v2\/tags?post=565"}],"curies":[{"name":"wp","href":"https:\/\/api.w.org\/{rel}","templated":true}]}}