{"id":5581,"date":"2023-08-25T12:36:55","date_gmt":"2023-08-25T10:36:55","guid":{"rendered":"https:\/\/semmelweis.hu\/alumni\/?page_id=5581"},"modified":"2025-08-25T18:16:29","modified_gmt":"2025-08-25T16:16:29","slug":"tajekoztato","status":"publish","type":"page","link":"https:\/\/semmelweis.hu\/alumni\/rendezvenyek\/nyari-egyetem\/tajekoztato\/","title":{"rendered":"R\u00e9szletes t\u00e1j\u00e9koztat\u00f3 a 7. Ny\u00e1ri Egyetemmel kapcsolatban"},"content":{"rendered":"<h2 style=\"text-align: center\">Kedves R\u00e9sztvev\u0151k!<\/h2>\n<h6><span style=\"font-size: 14pt\">Az al\u00e1bbiakban a 7. Ny\u00e1ri Egyetemmel kapcsolatos operat\u00edv inform\u00e1ci\u00f3kat szeretn\u00e9nk megosztani.<\/span><\/h6>\n<h6>A 7. Ny\u00e1ri Egyetem mindh\u00e1rom napj\u00e1n a <strong>magyar program<\/strong> reggel 8-t\u00f3l kezd\u0151dik, az <a href=\"https:\/\/semmelweis.hu\/alumni\/category\/hirek\/rendezvenyek\/nyariegyetem\/\">Alumni Igazgat\u00f3s\u00e1g honlapj\u00e1n<\/a>, valamint a <a href=\"https:\/\/fb.me\/e\/6nnXrDY2x\">Facebook esem\u00e9ny\u00e9n<\/a> megosztott programtervnek megfelel\u0151en.<\/h6>\n<h6>A <strong>magyar program<\/strong> mindh\u00e1rom napj\u00e1n reggel 7:00-t\u0151l m\u00e1r elkezd\u0151dik a bel\u00e9ptet\u00e9s.<\/h6>\n<h6><em>Id\u00e9n hideg v\u00edzzel, limon\u00e1d\u00e9val, friss gy\u00fcm\u00f6lcs\u00f6kkel \u00e9s k\u00e1v\u00e9val v\u00e1rjuk hallgat\u00f3inkat, melyeknek fogyaszt\u00e1sa d\u00edjmentesen vehet\u0151 ig\u00e9nybe eg\u00e9sz nap.<\/em><\/h6>\n<h6>\u00a0<\/h6>\n<h6><strong><u>Bel\u00e9ptet\u00e9s: <\/u><\/strong><\/h6>\n<h6>Miut\u00e1n felvette a tant\u00e1rgyat Neptunban a hallgat\u00f3, automatikus kik\u00fcld\u00e9sre ker\u00fcl egy QR k\u00f3d (nem felt\u00e9tlen azonnal). Arra az e-mail c\u00edmre ker\u00fcl kik\u00fcld\u00e9sre a k\u00f3d, ami Neptunban regisztr\u00e1lva van. A QR k\u00f3dot fel kell mutatni regisztr\u00e1ci\u00f3s koll\u00e9g\u00e1inknak a rendezv\u00e9ny napj\u00e1n, akik lecsippantj\u00e1k, majd r\u00f6gz\u00fcl a rendszerben. A vonalk\u00f3d egyedi, Neptun k\u00f3dhoz van hozz\u00e1rendelve, \u00e1truh\u00e1zni nem lehets\u00e9ges \u00e9s nem is \u00e9rdemes.<\/h6>\n<h6>\u00a0<\/h6>\n<h6><strong><u>A kreditpont(ok) megszerz\u00e9s felt\u00e9telei: <\/u><\/strong><\/h6>\n<h6><strong>\u00a0<\/strong><\/h6>\n<ul>\n<li>\n<h6>Az <strong> napon (08.27.)<\/strong> a <strong>magyar programon<\/strong> a <strong>bel\u00e9p\u00e9snek legk\u00e9s\u0151bb 07:55-ig<\/strong> meg kell t\u00f6rt\u00e9nnie. A <strong>kil\u00e9p\u00e9s legkor\u00e1bban 17:00-t\u00f3l<\/strong> lehets\u00e9ges.<\/h6>\n<\/li>\n<\/ul>\n<h6>\u00a0<\/h6>\n<ul>\n<li>\n<h6>A <strong>magyar programon<\/strong> az <strong> nap (08.28.)<\/strong> a <strong>bel\u00e9p\u00e9snek legk\u00e9s\u0151bb 07:55-ig<\/strong> meg kell t\u00f6rt\u00e9nnie. A <strong>kil\u00e9p\u00e9s legkor\u00e1bban 17:00-t\u00f3l<\/strong> lehets\u00e9ges.<\/h6>\n<\/li>\n<\/ul>\n<h6>\u00a0<\/h6>\n<ul>\n<li>\n<h6>A <strong>magyar program 2. napj\u00e1n (08.29.)<\/strong> a <strong>bel\u00e9p\u00e9snek legk\u00e9s\u0151bb 07:55-ig<\/strong> meg kell t\u00f6rt\u00e9nnie, a <strong>kil\u00e9p\u00e9s pedig legkor\u00e1bban 17:10-t\u0151l<\/strong> lehets\u00e9ges.<\/h6>\n<\/li>\n<\/ul>\n<h6>\u00a0<\/h6>\n<h6>Amennyiben nem teljes\u00edti a hallgat\u00f3 a fent felsorolt felt\u00e9teleket, \u00fagy a tant\u00e1rgy nem ker\u00fcl al\u00e1\u00edr\u00e1sra! Reklam\u00e1ci\u00f3t nem fogadunk el!<\/h6>\n<h6>Azok a hallgat\u00f3k, akik felvett\u00e9k a tant\u00e1rgyat, de valamilyen okb\u00f3l kifoly\u00f3lag m\u00e9gsem tudnak elj\u00f6nni az esem\u00e9nyre, k\u00e9rj\u00fck, hogy m\u00e9g az esem\u00e9ny el\u0151tt adj\u00e1k le lehet\u0151s\u00e9get biztos\u00edtva azok sz\u00e1m\u00e1ra, akik nem tudt\u00e1k felvenni, de sz\u00edvesen elj\u00f6nn\u00e9nek. <strong>A tant\u00e1rgy lead\u00e1s\u00e1t legk\u00e9s\u0151bb 08.26. 23:59-ig tehetik meg, ez ut\u00e1n m\u00e1r nem.<\/strong> <strong>Lead\u00e1ssal kapcsolatos reklam\u00e1ci\u00f3t nem fogadunk el, a meghat\u00e1rozott id\u0151 ut\u00e1n.<\/strong> <strong>Amennyiben nem jelent meg a hallgat\u00f3 az esem\u00e9nyen \u00e9s nem is adta le a tant\u00e1rgyat, abban az esetben nem ker\u00fcl al\u00e1\u00edr\u00e1sra Neptunban \u00e9s a f\u00e9l\u00e9vi \u00e1tlagba el\u00e9gtelennek sz\u00e1mol\u00f3dik!<\/strong><\/h6>\n<h6>Szeretn\u00e9nk hangs\u00falyozni, hogy az esem\u00e9ny napj\u00e1n amennyiben a jelenl\u00e9tellen\u0151rz\u0151 rendszerbe nem regisztr\u00e1lnak a megadott hat\u00e1rid\u0151ig, a tant\u00e1rgy nem teljes\u00edtettk\u00e9nt fog szerepelni Neptunban \u00e9s a f\u00e9l\u00e9vv\u00e9gi \u00e1tlagba el\u00e9gtelennek sz\u00e1mol\u00f3dik! Ezen ut\u00f3lag m\u00e1r nincs lehet\u0151s\u00e9g v\u00e1ltoztatni!<\/h6>\n<p>&nbsp;<\/p>\n<h6 style=\"text-align: center\">J\u00f3 sz\u00f3rakoz\u00e1st k\u00edv\u00e1nunk!<\/h6>\n<p>&nbsp;<\/p>\n<p>&nbsp;<\/p>\n","protected":false},"excerpt":{"rendered":"<p>Kedves R\u00e9sztvev\u0151k! Az al\u00e1bbiakban a 7. Ny\u00e1ri Egyetemmel kapcsolatos operat\u00edv inform\u00e1ci\u00f3kat szeretn\u00e9nk megosztani. A 7. Ny\u00e1ri Egyetem mindh\u00e1rom napj\u00e1n a magyar program reggel 8-t\u00f3l kezd\u0151dik, az <a href=\"https:\/\/semmelweis.hu\/alumni\/category\/hirek\/rendezvenyek\/nyariegyetem\/\">Alumni Igazgat\u00f3s\u00e1g honlapj\u00e1n<\/a> , valamint a <a href=\"https:\/\/fb.me\/e\/6nnXrDY2x\">Facebook esem\u00e9ny\u00e9n<\/a> megosztott programtervnek megfelel\u0151en. A magyar program mindh\u00e1rom napj\u00e1n reggel 7:00-t\u0151l m\u00e1r elkezd\u0151dik a bel\u00e9ptet\u00e9s. Id\u00e9n hideg v\u00edzzel, limon\u00e1d\u00e9val, friss gy\u00fcm\u00f6lcs\u00f6kkel \u00e9s k\u00e1v\u00e9val v\u00e1rjuk hallgat\u00f3inkat, melyeknek fogyaszt\u00e1sa &hellip;<\/p>\n","protected":false},"author":101627,"featured_media":27996,"parent":5301,"menu_order":2,"comment_status":"closed","ping_status":"closed","template":"","meta":{"_acf_changed":false,"footnotes":""},"categories":[255],"tags":[],"class_list":["post-5581","page","type-page","status-publish","has-post-thumbnail","hentry","category-nyariegyetem"],"acf":[],"publishpress_future_action":{"enabled":false,"date":"1970-01-01 01:00:00","action":"","terms":[],"taxonomy":"","browser_timezone_offset":0},"_links":{"self":[{"href":"https:\/\/semmelweis.hu\/alumni\/wp-json\/wp\/v2\/pages\/5581","targetHints":{"allow":["GET"]}}],"collection":[{"href":"https:\/\/semmelweis.hu\/alumni\/wp-json\/wp\/v2\/pages"}],"about":[{"href":"https:\/\/semmelweis.hu\/alumni\/wp-json\/wp\/v2\/types\/page"}],"author":[{"embeddable":true,"href":"https:\/\/semmelweis.hu\/alumni\/wp-json\/wp\/v2\/users\/101627"}],"replies":[{"embeddable":true,"href":"https:\/\/semmelweis.hu\/alumni\/wp-json\/wp\/v2\/comments?post=5581"}],"version-history":[{"count":11,"href":"https:\/\/semmelweis.hu\/alumni\/wp-json\/wp\/v2\/pages\/5581\/revisions"}],"predecessor-version":[{"id":27995,"href":"https:\/\/semmelweis.hu\/alumni\/wp-json\/wp\/v2\/pages\/5581\/revisions\/27995"}],"up":[{"embeddable":true,"href":"https:\/\/semmelweis.hu\/alumni\/wp-json\/wp\/v2\/pages\/5301"}],"wp:featuredmedia":[{"embeddable":true,"href":"https:\/\/semmelweis.hu\/alumni\/wp-json\/wp\/v2\/media\/27996"}],"wp:attachment":[{"href":"https:\/\/semmelweis.hu\/alumni\/wp-json\/wp\/v2\/media?parent=5581"}],"wp:term":[{"taxonomy":"category","embeddable":true,"href":"https:\/\/semmelweis.hu\/alumni\/wp-json\/wp\/v2\/categories?post=5581"},{"taxonomy":"post_tag","embeddable":true,"href":"https:\/\/semmelweis.hu\/alumni\/wp-json\/wp\/v2\/tags?post=5581"}],"curies":[{"name":"wp","href":"https:\/\/api.w.org\/{rel}","templated":true}]}}