{"id":5301,"date":"2023-07-27T13:50:47","date_gmt":"2023-07-27T11:50:47","guid":{"rendered":"https:\/\/semmelweis.hu\/alumni\/?page_id=5301"},"modified":"2024-07-22T10:27:06","modified_gmt":"2024-07-22T08:27:06","slug":"nyari-egyetem","status":"publish","type":"page","link":"https:\/\/semmelweis.hu\/alumni\/rendezvenyek\/nyari-egyetem\/","title":{"rendered":"Ny\u00e1ri Egyetem"},"content":{"rendered":"<div class=\"lead\" style=\"text-align: justify\"><b>\u00d6t\u00f6dik alkalommal ker\u00fcl megrendez\u00e9sre a Semmelweis Ny\u00e1ri Egyetem, 2023. augusztus 31. \u00e9s szeptember 1. k\u00f6z\u00f6tt, az Elm\u00e9leti Orvostudom\u00e1nyi K\u00f6zpontban. Az <\/b><b>Egyetem nemzetk\u00f6zi orvosk\u00e9pz\u00e9s\u00e9nek 40. \u00e9vfordul\u00f3ja alkalm\u00e1b\u00f3l, a<\/b>\u00a0<b>Semmel<\/b><b>weis International 40 programsorozat keret\u00e9ben, m\u00e1r a nemzetk\u00f6zi hallgat\u00f3k sz\u00e1m\u00e1ra is otthont ad az esem\u00e9ny. A p\u00e1rhuzamosan zajl\u00f3 magyar \u00e9s angol nyelv\u0171 programokon a<\/b><b>\u00a0r\u00e9szv\u00e9tel a Semmelweis Egyetem hallgat\u00f3i sz\u00e1m\u00e1ra ingyenes, \u00e9s kreditet is<\/b><b>\u00a0szerezhetnek vele.<\/b><\/div>\n<p style=\"text-align: justify\"><span style=\"font-weight: 400\">A Semmelweis Egyetem alap\u00edt\u00e1s\u00e1nak 250. \u00e9vfordul\u00f3j\u00e1n, 2019-ben hagyom\u00e1nyteremt\u0151 c\u00e9llal \u00fatnak indult rendezv\u00e9ny pezsg\u0151 hangulat\u00fa nyit\u00e1nya minden tan\u00e9vnek. A r\u00e9sztvev\u0151k v\u00e1ltozatos <\/span><span style=\"font-weight: 400\">s<\/span><span style=\"font-weight: 400\"><span class=\"WdYUQQ text-decoration-none text-strikethrough-none\">zakmai \u00e9s tudom\u00e1nyos el\u0151ad\u00e1sok k\u00f6z\u00fcl v\u00e1laszthatnak, az orvos- \u00e9s eg\u00e9szs\u00e9gtudom\u00e1nyi k\u00e9pz\u00e9s jelen\u00e9t \u00e9s j\u00f6v\u0151j\u00e9t, az eg\u00e9szs\u00e9g\u00fcgy fejleszt\u00e9s\u00e9nek lehet\u0151s\u00e9geit t\u00e1rgyal\u00f3 besz\u00e9lget\u00e9sekbe kapcsol\u00f3dhatnak be, ismert sportol\u00f3kkal, zen\u00e9szekkel tal\u00e1lkozhatnak \u00e9s eg\u00e9szs\u00e9ges \u00e9letm\u00f3ddal kapcsolatos interakt\u00edv programokon vehetnek r\u00e9szt.\u00a0<\/span><\/span><\/p>\n<p><img loading=\"lazy\" decoding=\"async\" class=\"size-large wp-image-5314 aligncenter\" src=\"https:\/\/semmelweis.hu\/alumni\/files\/2023\/07\/Kep2-1024x536.jpg\" alt=\"\" width=\"753\" height=\"394\" srcset=\"https:\/\/semmelweis.hu\/alumni\/files\/2023\/07\/Kep2-1024x536.jpg 1024w, https:\/\/semmelweis.hu\/alumni\/files\/2023\/07\/Kep2-400x209.jpg 400w, https:\/\/semmelweis.hu\/alumni\/files\/2023\/07\/Kep2-768x402.jpg 768w, https:\/\/semmelweis.hu\/alumni\/files\/2023\/07\/Kep2-753x394.jpg 753w, https:\/\/semmelweis.hu\/alumni\/files\/2023\/07\/Kep2.jpg 1200w\" sizes=\"auto, (max-width: 753px) 100vw, 753px\" \/><\/p>\n<div class=\"keretes w-100\">\n<p style=\"text-align: justify\"><span style=\"font-weight: 400\"><b>A t\u00e1rgy a Neptun-rendszerben szabadon v\u00e1laszthat\u00f3 k\u00fcl\u00f6n tant\u00e1rgyk\u00e9nt szerepel \u00e9s 2023. augusztus 21-\u00e9n 10:00 \u00f3r\u00e1t\u00f3l vehet\u0151 fel. A jelentkez\u00e9s augusztus 30-\u00e1n z\u00e1rul. <strong>A r\u00e9szv\u00e9tel napi 1 kreditet \u00e9r, \u00edgy aki mind a k\u00e9t napon r\u00e9szt vesz, 2 kredittel lehet gazdagabb.\u00a0<\/strong><\/b><\/span><\/p>\n<\/div>\n<p style=\"text-align: justify\"><span style=\"font-weight: 400\">A kreditek megszerz\u00e9s\u00e9nek felt\u00e9tele, hogy a hallgat\u00f3k felvegy\u00e9k a tant\u00e1rgyat \u00e9s szem\u00e9lyesen r\u00e9szt vegyenek az esem\u00e9nyen. A jelenl\u00e9tet id\u00e9n vonalk\u00f3d beolvas\u00e1ssal tudj\u00e1k igazolni.\u00a0<\/span><span style=\"font-weight: 400\">A magyar nyelv\u0171 tant\u00e1rgyat csak a Semmelweis Egyetem magyar k\u00e9pz\u00e9seire beiratkozott, akt\u00edv hallgat\u00f3k vehetik fel, a nemzetk\u00f6zi tant\u00e1rgy pedig csak a n\u00e9met \u00e9s angol nyelv\u0171 k\u00e9pz\u00e9sek hallgat\u00f3i sz\u00e1m\u00e1ra el\u00e9rhet\u0151. A helysz\u00ednen azonban nem lesz akad\u00e1lya annak, hogy a magyar k\u00e9pz\u00e9sen tanul\u00f3 hallgat\u00f3k nemzetk\u00f6zi programokon, a magyarul \u00e9rt\u0151 nemzetk\u00f6zi hallgat\u00f3k pedig a magyar nyelv\u0171 el\u0151ad\u00e1sokon is r\u00e9szt vegyenek.<\/span><\/p>\n<p style=\"text-align: justify\"><span style=\"font-weight: 400\">A Szent-Gy\u00f6rgyi el\u0151ad\u00f3teremben tartand\u00f3 magyar nyelv\u0171 prog<\/span><span style=\"font-weight: 400\">ramokat az Elm\u00e9leti Orvostudom\u00e1nyi K\u00f6zpont aul\u00e1j\u00e1ban \u00e9s a B\u00e9k\u00e9sy el\u0151ad\u00f3teremben online k\u00f6zvet\u00edt\u00e9ssel lehet k\u00f6vetni. A nemzetk\u00f6zi, angol nyelv\u0171 programok a Hevesy el\u0151ad\u00f3teremben zajlanak \u00e9s az emeleti H\u00e1ri \u00e9s Bezn\u00e1k termekben, valamint a szomsz\u00e9dos Anat\u00f3miai, Sz\u00f6vet- \u00e9s Fejl\u0151d\u00e9sbiol\u00f3giai Int\u00e9zet Huzella term\u00e9ben ker\u00fclnek kivet\u00edt\u00e9sre.<\/span><\/p>\n<p><img loading=\"lazy\" decoding=\"async\" class=\"size-large wp-image-5319 aligncenter\" src=\"https:\/\/semmelweis.hu\/alumni\/files\/2023\/07\/RS159050_C19A1091-scr-1024x683.jpg\" alt=\"\" width=\"753\" height=\"502\" srcset=\"https:\/\/semmelweis.hu\/alumni\/files\/2023\/07\/RS159050_C19A1091-scr-1024x683.jpg 1024w, https:\/\/semmelweis.hu\/alumni\/files\/2023\/07\/RS159050_C19A1091-scr-400x267.jpg 400w, https:\/\/semmelweis.hu\/alumni\/files\/2023\/07\/RS159050_C19A1091-scr-768x512.jpg 768w, https:\/\/semmelweis.hu\/alumni\/files\/2023\/07\/RS159050_C19A1091-scr-753x502.jpg 753w, https:\/\/semmelweis.hu\/alumni\/files\/2023\/07\/RS159050_C19A1091-scr-203x135.jpg 203w, https:\/\/semmelweis.hu\/alumni\/files\/2023\/07\/RS159050_C19A1091-scr.jpg 1200w\" sizes=\"auto, (max-width: 753px) 100vw, 753px\" \/><\/p>\n<p style=\"text-align: center\"><strong>Soksz\u00edn\u0171 programk\u00edn\u00e1lattal \u00e9s sok szeretettel v\u00e1rjuk a magyar \u00e9s a nemzetk\u00f6zi hallgat\u00f3kat az 5. Ny\u00e1ri Egyetemen!<\/strong><\/p>\n<p style=\"text-align: center\"><span style=\"color: #000000\"><strong>K\u00e9rd\u00e9s vagy \u00e9szrev\u00e9tel eset\u00e9n az al\u00e1bbi e-mail c\u00edmre v\u00e1rjuk a leveleket:<\/strong> nyariegyetem@semmelweis.hu\u00a0<\/span><\/p>\n<hr \/>\n<p style=\"text-align: center\"><strong>AZ 5. NY\u00c1RI EGYETEM PROGRAMJA<\/strong><a href=\"https:\/\/semmelweis.hu\/alumni\/files\/2023\/08\/0831_program.png\"><img loading=\"lazy\" decoding=\"async\" class=\"alignnone size-full wp-image-5678\" src=\"https:\/\/semmelweis.hu\/alumni\/files\/2023\/08\/0831_program.png\" alt=\"\" width=\"1080\" height=\"608\" srcset=\"https:\/\/semmelweis.hu\/alumni\/files\/2023\/08\/0831_program.png 1080w, https:\/\/semmelweis.hu\/alumni\/files\/2023\/08\/0831_program-400x225.png 400w, https:\/\/semmelweis.hu\/alumni\/files\/2023\/08\/0831_program-1024x576.png 1024w, https:\/\/semmelweis.hu\/alumni\/files\/2023\/08\/0831_program-768x432.png 768w, https:\/\/semmelweis.hu\/alumni\/files\/2023\/08\/0831_program-753x424.png 753w\" sizes=\"auto, (max-width: 1080px) 100vw, 1080px\" \/><\/a> <a href=\"https:\/\/semmelweis.hu\/alumni\/files\/2023\/08\/0901_program.png\"><img loading=\"lazy\" decoding=\"async\" class=\"alignnone size-full wp-image-5679\" src=\"https:\/\/semmelweis.hu\/alumni\/files\/2023\/08\/0901_program.png\" alt=\"\" width=\"1080\" height=\"608\" srcset=\"https:\/\/semmelweis.hu\/alumni\/files\/2023\/08\/0901_program.png 1080w, https:\/\/semmelweis.hu\/alumni\/files\/2023\/08\/0901_program-400x225.png 400w, https:\/\/semmelweis.hu\/alumni\/files\/2023\/08\/0901_program-1024x576.png 1024w, https:\/\/semmelweis.hu\/alumni\/files\/2023\/08\/0901_program-768x432.png 768w, https:\/\/semmelweis.hu\/alumni\/files\/2023\/08\/0901_program-753x424.png 753w\" sizes=\"auto, (max-width: 1080px) 100vw, 1080px\" \/><\/a><\/p>\n<p>&nbsp;<\/p>\n","protected":false},"excerpt":{"rendered":"<p>\u00d6t\u00f6dik alkalommal ker\u00fcl megrendez\u00e9sre a Semmelweis Ny\u00e1ri Egyetem, 2023. augusztus 31. \u00e9s szeptember 1. k\u00f6z\u00f6tt, az Elm\u00e9leti Orvostudom\u00e1nyi K\u00f6zpontban. Az Egyetem nemzetk\u00f6zi orvosk\u00e9pz\u00e9s\u00e9nek 40. \u00e9vfordul\u00f3ja alkalm\u00e1b\u00f3l, a\u00a0Semmelweis International 40 programsorozat keret\u00e9ben, m\u00e1r a nemzetk\u00f6zi hallgat\u00f3k sz\u00e1m\u00e1ra is otthont ad az esem\u00e9ny. A p\u00e1rhuzamosan zajl\u00f3 magyar \u00e9s angol nyelv\u0171 programokon a\u00a0r\u00e9szv\u00e9tel a Semmelweis Egyetem hallgat\u00f3i sz\u00e1m\u00e1ra &hellip;<\/p>\n","protected":false},"author":101627,"featured_media":5314,"parent":1130,"menu_order":0,"comment_status":"closed","ping_status":"closed","template":"","meta":{"_acf_changed":false,"footnotes":""},"categories":[255,157],"tags":[],"class_list":["post-5301","page","type-page","status-publish","has-post-thumbnail","hentry","category-nyariegyetem","category-rendezvenyek"],"acf":[],"publishpress_future_action":{"enabled":false,"date":"1970-01-01 01:00:00","action":"","terms":[],"taxonomy":"","browser_timezone_offset":0},"_links":{"self":[{"href":"https:\/\/semmelweis.hu\/alumni\/wp-json\/wp\/v2\/pages\/5301","targetHints":{"allow":["GET"]}}],"collection":[{"href":"https:\/\/semmelweis.hu\/alumni\/wp-json\/wp\/v2\/pages"}],"about":[{"href":"https:\/\/semmelweis.hu\/alumni\/wp-json\/wp\/v2\/types\/page"}],"author":[{"embeddable":true,"href":"https:\/\/semmelweis.hu\/alumni\/wp-json\/wp\/v2\/users\/101627"}],"replies":[{"embeddable":true,"href":"https:\/\/semmelweis.hu\/alumni\/wp-json\/wp\/v2\/comments?post=5301"}],"version-history":[{"count":10,"href":"https:\/\/semmelweis.hu\/alumni\/wp-json\/wp\/v2\/pages\/5301\/revisions"}],"predecessor-version":[{"id":5685,"href":"https:\/\/semmelweis.hu\/alumni\/wp-json\/wp\/v2\/pages\/5301\/revisions\/5685"}],"up":[{"embeddable":true,"href":"https:\/\/semmelweis.hu\/alumni\/wp-json\/wp\/v2\/pages\/1130"}],"wp:featuredmedia":[{"embeddable":true,"href":"https:\/\/semmelweis.hu\/alumni\/wp-json\/wp\/v2\/media\/5314"}],"wp:attachment":[{"href":"https:\/\/semmelweis.hu\/alumni\/wp-json\/wp\/v2\/media?parent=5301"}],"wp:term":[{"taxonomy":"category","embeddable":true,"href":"https:\/\/semmelweis.hu\/alumni\/wp-json\/wp\/v2\/categories?post=5301"},{"taxonomy":"post_tag","embeddable":true,"href":"https:\/\/semmelweis.hu\/alumni\/wp-json\/wp\/v2\/tags?post=5301"}],"curies":[{"name":"wp","href":"https:\/\/api.w.org\/{rel}","templated":true}]}}