{"id":5035,"date":"2023-03-30T09:45:21","date_gmt":"2023-03-30T07:45:21","guid":{"rendered":"https:\/\/semmelweis.hu\/alumni\/?page_id=5035"},"modified":"2024-11-25T10:37:10","modified_gmt":"2024-11-25T09:37:10","slug":"toxikoma-filmvetites-es-beszelgetes-dr-herendi-gaborral","status":"publish","type":"page","link":"https:\/\/semmelweis.hu\/alumni\/rendezvenyek\/toxikoma-filmvetites-es-beszelgetes-dr-herendi-gaborral\/","title":{"rendered":"Toxikoma filmvet\u00edt\u00e9s \u00e9s besz\u00e9lget\u00e9s Dr. Herendi G\u00e1borral &#8211; 2023.04.24."},"content":{"rendered":"<div class=\"x11i5rnm xat24cr x1mh8g0r x1vvkbs xtlvy1s\" style=\"text-align: center\">\n<p><img loading=\"lazy\" decoding=\"async\" class=\"aligncenter size-full wp-image-11213\" src=\"https:\/\/semmelweis.hu\/alumni\/files\/2023\/11\/toxikoma.jpg\" alt=\"\" width=\"1280\" height=\"720\" srcset=\"https:\/\/semmelweis.hu\/alumni\/files\/2023\/11\/toxikoma.jpg 1280w, https:\/\/semmelweis.hu\/alumni\/files\/2023\/11\/toxikoma-400x225.jpg 400w, https:\/\/semmelweis.hu\/alumni\/files\/2023\/11\/toxikoma-1024x576.jpg 1024w, https:\/\/semmelweis.hu\/alumni\/files\/2023\/11\/toxikoma-768x432.jpg 768w, https:\/\/semmelweis.hu\/alumni\/files\/2023\/11\/toxikoma-753x424.jpg 753w\" sizes=\"auto, (max-width: 1280px) 100vw, 1280px\" \/><\/p>\n<p>&nbsp;<\/p>\n<p style=\"text-align: center\">A Nemzeti Filmint\u00e9zettel k\u00f6z\u00f6s szervez\u00e9sben zajl\u00f3 Filmklub sorozatunk k\u00f6vetkez\u0151 kiemelt esem\u00e9nye a <span style=\"color: #ff0000\"><strong>TOXIKOMA<\/strong><\/span> c\u00edm\u0171 film vet\u00edt\u00e9se, melyen megh\u00edvott vend\u00e9g\u00fcnk:<\/p>\n<h2 style=\"text-align: center\"><strong>Dr. Herendi G\u00e1bor, a film rendez\u0151je.<\/strong><\/h2>\n<p>Dr. Herendi G\u00e1bor \u00faj k\u00f6z\u00f6ns\u00e9gfilmje, a Toxikoma, Szab\u00f3 Gy\u0151z\u0151 azonos c\u00edm\u0171 \u00f6n\u00e9letrajzi \u00edr\u00e1s\u00e1n alapul, mely a k\u00e9t f\u0151h\u0151s, a drogos alfah\u00edm (Szab\u00f3 Gy\u0151z\u0151 szerep\u00e9ben Moln\u00e1r \u00c1ron) \u00e9s az istent j\u00e1tsz\u00f3 pszichi\u00e1ter (Csernus Imre szerep\u00e9ben B\u00e1nyai Kelemen Barna) egym\u00e1snak fesz\u00fcl\u00e9s\u00e9r\u0151l \u00e9s bar\u00e1tt\u00e1 v\u00e1l\u00e1s\u00e1r\u00f3l sz\u00f3l. A k\u00f6nyv a n\u00e9pszer\u0171 sz\u00edn\u00e9sz \u00e9let\u00e9nek legnehezebb \u00e9veit eleven\u00edti fel, egy hossz\u00fa \u00e9vekig tart\u00f3 drogos zuhan\u00e1st, melynek v\u00e9g\u00e9n minden sz\u00e9tesik Gy\u0151z\u0151 k\u00f6r\u00fcl, aki v\u00e9g\u00fcl r\u00e1sz\u00e1nja mag\u00e1t az elvon\u00f3k\u00far\u00e1ra. Itt tal\u00e1lkozik Csernus doktorral, s innen indul a film, ami azt az ego harcot mutatja be, ami a k\u00e9t domin\u00e1ns f\u00e9rfi k\u00f6z\u00f6tt zajlott a pszichi\u00e1tri\u00e1n.<\/p><\/div>\n<p>&nbsp;<\/p>\n<p>&nbsp;<\/p>\n<div class=\"x11i5rnm xat24cr x1mh8g0r x1vvkbs xtlvy1s\">\n<div class=\"fontos_div\">\n<p><span style=\"color: #800000\"><strong>Id\u0151pont:<\/strong><\/span><\/p>\n<p>2023.04.24. (h\u00e9tf\u0151)<\/p>\n<p>18:00-22:00<\/p>\n<p><strong>Film hossza:<\/strong> 124 perc<\/p>\n<p><span style=\"color: #800000\"><strong>Helysz\u00edn:<\/strong><\/span><\/p>\n<p>Semmelweis Szalon<\/p>\n<p>1085 Budapest, \u00dcll\u0151i \u00fat 26. 1. emelet (108.)<\/p>\n<\/div>\n<\/div>\n<div class=\"x11i5rnm xat24cr x1mh8g0r x1vvkbs xtlvy1s\">\n<p>&nbsp;<\/p>\n<p style=\"text-align: justify\">A filmvet\u00edt\u00e9s ut\u00e1n megh\u00edvott vend\u00e9g\u00fcnk egy \u00e1ll\u00f3fogad\u00e1ssal egybek\u00f6t\u00f6tt besz\u00e9lget\u00e9sen megosztja vel\u00fcnk a filmmel kapcsolatos \u00e9lm\u00e9nyeit, gondolatait.<\/p>\n<p style=\"text-align: justify\"><strong>Az esem\u00e9nyen val\u00f3 r\u00e9szv\u00e9tel ingyenes, de regisztr\u00e1ci\u00f3hoz k\u00f6t\u00f6tt.<\/strong><\/p>\n<p>Minden \u00e9rdekl\u0151d\u0151t sok szeretettel v\u00e1runk!<\/p>\n<p>&nbsp;<\/p>\n<\/div>\n","protected":false},"excerpt":{"rendered":"<p>&nbsp; A Nemzeti Filmint\u00e9zettel k\u00f6z\u00f6s szervez\u00e9sben zajl\u00f3 Filmklub sorozatunk k\u00f6vetkez\u0151 kiemelt esem\u00e9nye a TOXIKOMA c\u00edm\u0171 film vet\u00edt\u00e9se, melyen megh\u00edvott vend\u00e9g\u00fcnk: Dr. Herendi G\u00e1bor, a film rendez\u0151je. Dr. Herendi G\u00e1bor \u00faj k\u00f6z\u00f6ns\u00e9gfilmje, a Toxikoma, Szab\u00f3 Gy\u0151z\u0151 azonos c\u00edm\u0171 \u00f6n\u00e9letrajzi \u00edr\u00e1s\u00e1n alapul, mely a k\u00e9t f\u0151h\u0151s, a drogos alfah\u00edm (Szab\u00f3 Gy\u0151z\u0151 szerep\u00e9ben Moln\u00e1r \u00c1ron) \u00e9s az istent &hellip;<\/p>\n","protected":false},"author":101627,"featured_media":6265,"parent":1130,"menu_order":99,"comment_status":"closed","ping_status":"closed","template":"","meta":{"_acf_changed":false,"footnotes":""},"categories":[176],"tags":[133,159],"class_list":["post-5035","page","type-page","status-publish","has-post-thumbnail","hentry","category-filmklub-hu","tag-alumni-hu","tag-toxikoma"],"acf":[],"publishpress_future_action":{"enabled":false,"date":"1970-01-01 01:00:00","action":"","terms":[],"taxonomy":"","browser_timezone_offset":0},"_links":{"self":[{"href":"https:\/\/semmelweis.hu\/alumni\/wp-json\/wp\/v2\/pages\/5035","targetHints":{"allow":["GET"]}}],"collection":[{"href":"https:\/\/semmelweis.hu\/alumni\/wp-json\/wp\/v2\/pages"}],"about":[{"href":"https:\/\/semmelweis.hu\/alumni\/wp-json\/wp\/v2\/types\/page"}],"author":[{"embeddable":true,"href":"https:\/\/semmelweis.hu\/alumni\/wp-json\/wp\/v2\/users\/101627"}],"replies":[{"embeddable":true,"href":"https:\/\/semmelweis.hu\/alumni\/wp-json\/wp\/v2\/comments?post=5035"}],"version-history":[{"count":10,"href":"https:\/\/semmelweis.hu\/alumni\/wp-json\/wp\/v2\/pages\/5035\/revisions"}],"predecessor-version":[{"id":16519,"href":"https:\/\/semmelweis.hu\/alumni\/wp-json\/wp\/v2\/pages\/5035\/revisions\/16519"}],"up":[{"embeddable":true,"href":"https:\/\/semmelweis.hu\/alumni\/wp-json\/wp\/v2\/pages\/1130"}],"wp:featuredmedia":[{"embeddable":true,"href":"https:\/\/semmelweis.hu\/alumni\/wp-json\/wp\/v2\/media\/6265"}],"wp:attachment":[{"href":"https:\/\/semmelweis.hu\/alumni\/wp-json\/wp\/v2\/media?parent=5035"}],"wp:term":[{"taxonomy":"category","embeddable":true,"href":"https:\/\/semmelweis.hu\/alumni\/wp-json\/wp\/v2\/categories?post=5035"},{"taxonomy":"post_tag","embeddable":true,"href":"https:\/\/semmelweis.hu\/alumni\/wp-json\/wp\/v2\/tags?post=5035"}],"curies":[{"name":"wp","href":"https:\/\/api.w.org\/{rel}","templated":true}]}}