{"id":4737,"date":"2022-12-08T12:17:12","date_gmt":"2022-12-08T11:17:12","guid":{"rendered":"https:\/\/semmelweis.hu\/alumni\/?page_id=4737"},"modified":"2023-04-25T17:07:53","modified_gmt":"2023-04-25T15:07:53","slug":"program","status":"publish","type":"page","link":"https:\/\/semmelweis.hu\/alumni\/en\/services\/allevents\/previous-events\/international-alumni-meeting\/program\/","title":{"rendered":"Program"},"content":{"rendered":"<h2 style=\"text-align: center\"><img loading=\"lazy\" decoding=\"async\" class=\"alignnone  wp-image-4856\" src=\"https:\/\/semmelweis.hu\/alumni\/files\/2023\/02\/kepvalto1-400x131.png\" alt=\"\" width=\"906\" height=\"297\" srcset=\"https:\/\/semmelweis.hu\/alumni\/files\/2023\/02\/kepvalto1-400x131.png 400w, https:\/\/semmelweis.hu\/alumni\/files\/2023\/02\/kepvalto1-1024x336.png 1024w, https:\/\/semmelweis.hu\/alumni\/files\/2023\/02\/kepvalto1-768x252.png 768w, https:\/\/semmelweis.hu\/alumni\/files\/2023\/02\/kepvalto1-753x247.png 753w, https:\/\/semmelweis.hu\/alumni\/files\/2023\/02\/kepvalto1.png 1280w\" sizes=\"auto, (max-width: 906px) 100vw, 906px\" \/><\/h2>\n<h2 style=\"text-align: center\">We have got some free spots! You can register here: <a href=\"https:\/\/semmelweis.hu\/alumni\/en\/international-alumni-meeting\/registration\/\">REGISTRATION<\/a><\/h2>\n<p>&nbsp;<\/p>\n<h2><span style=\"color: #000080\"><strong>28.04. FRIDAY<\/strong><\/span><\/h2>\n<p><strong>Location:<\/strong> Semmelweis University, Nagyv\u00e1rad square Theoretical Building (NET), Banquet Hall<br \/>\n<em>1089 Budapest, Nagyv\u00e1rad square 4.<\/em><\/p>\n<p><iframe loading=\"lazy\" src=\"https:\/\/www.google.com\/maps\/embed?pb=!1m18!1m12!1m3!1d2696.547847479427!2d19.0915788!3d47.4792399!2m3!1f0!2f0!3f0!3m2!1i1024!2i768!4f13.1!3m3!1m2!1s0x4741dce663d65943%3A0xf5391fc3337d063b!2zQnVkYXBlc3QsIE5hZ3l2w6FyYWQgdMOpciA0LCAxMDg5!5e0!3m2!1shu!2shu!4v1682426735195!5m2!1shu!2shu\" width=\"400\" height=\"300\"><\/iframe><\/p>\n<h5>6:00 pm. &#8211; Get Together Event:<\/h5>\n<p><em><span style=\"font-size: 10pt\">Dress code: Smart Casual<\/span><\/em><\/p>\n<ul>\n<li>live music by Finucci Bros Quartet<\/li>\n<\/ul>\n<p><strong><img loading=\"lazy\" decoding=\"async\" class=\"wp-image-4985 alignnone aligncenter\" src=\"https:\/\/semmelweis.hu\/alumni\/files\/2023\/03\/281919840_372855651492725_6384893858344576534_n-400x212.jpg\" alt=\"\" width=\"292\" height=\"155\" srcset=\"https:\/\/semmelweis.hu\/alumni\/files\/2023\/03\/281919840_372855651492725_6384893858344576534_n-400x212.jpg 400w, https:\/\/semmelweis.hu\/alumni\/files\/2023\/03\/281919840_372855651492725_6384893858344576534_n-1024x542.jpg 1024w, https:\/\/semmelweis.hu\/alumni\/files\/2023\/03\/281919840_372855651492725_6384893858344576534_n-768x407.jpg 768w, https:\/\/semmelweis.hu\/alumni\/files\/2023\/03\/281919840_372855651492725_6384893858344576534_n-1536x813.jpg 1536w, https:\/\/semmelweis.hu\/alumni\/files\/2023\/03\/281919840_372855651492725_6384893858344576534_n-753x399.jpg 753w, https:\/\/semmelweis.hu\/alumni\/files\/2023\/03\/281919840_372855651492725_6384893858344576534_n.jpg 2048w\" sizes=\"auto, (max-width: 292px) 100vw, 292px\" \/><\/strong><\/p>\n<ul>\n<li>buffet dinner<\/li>\n<li>8:00 pm.- 9:00 pm. &#8211; Charity wine tasting (Semmelweis University&#8217;s 2022 prize-winning wines)\n<ul>\n<li><span style=\"font-size: 12pt\"><em>Carpathian Basin white wine category:<\/em> Paulus Moln\u00e1r Wine house \u2013 Paulus Gold Olaszrizling 2021<\/span><\/li>\n<li><span style=\"font-size: 12pt\"><em>World species white wine category:<\/em> Paulus Moln\u00e1r Wine house \u2013 Paulus Selection Savignon Blanc \u2013 2021<\/span><\/li>\n<li><span style=\"font-size: 12pt\"><em>Carpathian Basin red wine category:<\/em> Lelovits Tam\u00e1s Winery \u2013 Vill\u00e1nyi Meglepet\u00e9s \u2013 2019<\/span><\/li>\n<li><span style=\"font-size: 12pt\"><em>World species red wine category:<\/em> Sauska \u2013 Cabernet Franc Sikl\u00f3s \u2013 2018<\/span><\/li>\n<li><span style=\"font-size: 12pt\"><em>Dessert wine category:<\/em> Royal Tokaji Vinery \u2013 Royal Tokaji Asz\u00fa 5 puttonyos \u2013 2017<\/span><\/li>\n<\/ul>\n<\/li>\n<\/ul>\n<p style=\"text-align: center\"><img loading=\"lazy\" decoding=\"async\" class=\"alignnone size-medium wp-image-4987\" src=\"https:\/\/semmelweis.hu\/alumni\/files\/2023\/03\/Kep1-400x241.jpg\" alt=\"\" width=\"400\" height=\"241\" srcset=\"https:\/\/semmelweis.hu\/alumni\/files\/2023\/03\/Kep1-400x241.jpg 400w, https:\/\/semmelweis.hu\/alumni\/files\/2023\/03\/Kep1.jpg 452w\" sizes=\"auto, (max-width: 400px) 100vw, 400px\" \/><\/p>\n<p>&nbsp;<\/p>\n<h2><span style=\"color: #000080\"><strong>29.04.\u00a0 SATURDAY<\/strong><\/span><\/h2>\n<p><strong>Location:<\/strong> Semmelweis University, Basic Medical Science Center<br \/>\n<em>1094 Budapest, T\u0171zolt\u00f3 street 37-47.<\/em><\/p>\n<p><iframe loading=\"lazy\" src=\"https:\/\/www.google.com\/maps\/embed?pb=!1m18!1m12!1m3!1d2696.4558077158945!2d19.07539402532695!3d47.48103319664155!2m3!1f0!2f0!3f0!3m2!1i1024!2i768!4f13.1!3m3!1m2!1s0x4741dcfbb84fe5cf%3A0x2f79cb92802a5427!2sBudapest%2C%20T%C5%B1zolt%C3%B3%20u.%2037-47%2C%201094!5e0!3m2!1shu!2shu!4v1682427036599!5m2!1shu!2shu\" width=\"400\" height=\"300\"><\/iframe><\/p>\n<table style=\"width: 100.951%;height: 1077px\" width=\"100%\">\n<tbody>\n<tr style=\"height: 48px\">\n<td style=\"height: 48px;width: 99.8904%\" colspan=\"2\">\n<p><strong>08:00 am. \u2013 09:00 am.\u00a0 REGISTRATION &#8211; Hevesy Room<\/strong><\/p>\n<\/td>\n<\/tr>\n<tr style=\"height: 48px\">\n<td style=\"height: 48px;width: 99.8904%\" colspan=\"2\">\n<p><strong>09:00 am. \u2013 09:30 am.\u00a0 \u00a0WELCOME ADDRESSES &#8211; Hevesy Room<\/strong><\/p>\n<\/td>\n<\/tr>\n<tr style=\"height: 75px\">\n<td style=\"height: 43px;width: 26.6175%\">\n<p>SPEECH 1<\/p>\n<\/td>\n<td style=\"height: 43px;width: 73.2729%\">\n<p><strong>DR. B\u00c9LA MERKELY \u2013 <\/strong><em>(Rector)<\/em><\/p>\n<\/td>\n<\/tr>\n<tr style=\"height: 75px\">\n<td style=\"height: 75px;width: 26.6175%\" width=\"70\">\n<p>SPEECH 2<\/p>\n<p>SPEECH 3<\/p>\n<\/td>\n<td style=\"height: 75px;width: 73.2729%\" width=\"495\">\n<p><strong>DR. AL\u00c1N ALP\u00c1R \u2013 <\/strong><em>(Vice-Rector for International Studies)<\/em><\/p>\n<p><strong>DR. TAM\u00c1S HEGED\u00dcS<\/strong> &#8211; <em>(Director, Alumni Affairs)<\/em><\/p>\n<\/td>\n<\/tr>\n<tr style=\"height: 48px\">\n<td style=\"height: 48px;width: 99.8904%\" colspan=\"2\">\n<p><strong>09:30 am. \u2013 15:00 pm.\u00a0 \u00a0PROFESSIONAL DEVELOPMENT WORKSHOP &#8211; Hevesy Room<\/strong><\/p>\n<\/td>\n<\/tr>\n<tr style=\"height: 75px\">\n<td style=\"height: 75px;width: 26.6175%\" width=\"70\">\n<p>LECTURE 1<\/p>\n<p>09:30 am. &#8211; 10:00 am.<\/p>\n<\/td>\n<td style=\"height: 75px;width: 73.2729%\" width=\"495\">\n<p><strong>DR. B\u00c9LA MERKELY <\/strong><em>(Rector) <\/em><strong>\u2013 <\/strong>Road to the top 100 university of the world<\/p>\n<\/td>\n<\/tr>\n<tr style=\"height: 102px\">\n<td style=\"height: 102px;width: 26.6175%\" width=\"70\">\n<p>LECTURE 2<\/p>\n<p>10:00 am. &#8211; 10:30 am.<\/p>\n<\/td>\n<td style=\"height: 102px;width: 73.2729%\">\n<p><strong>DR. AL\u00c1N ALP\u00c1R <\/strong><em>(Vice-Rector for International Education) &#8211; <\/em>The past 40 years of international education of Semmelweis University\u00a0<\/p>\n<\/td>\n<\/tr>\n<tr style=\"height: 102px\">\n<td style=\"height: 102px;width: 26.6175%\" width=\"70\">\n<p>ROUNDTABLE 1<\/p>\n<p>10:45 am.-11:45 pm.<\/p>\n<\/td>\n<td style=\"height: 102px;width: 73.2729%\">\n<p><span style=\"font-size: 14pt\">Participants:<\/span><\/p>\n<p><span style=\"font-size: 14pt\"><strong>DR. B\u00c9LA MERKELY<\/strong> <em>(Rector)<\/em><\/span><\/p>\n<p><span style=\"font-size: 14pt\"><strong>DR. AL\u00c1N ALP\u00c1R<\/strong> <em>(Vice-Rector for International Studies)<\/em><\/span><\/p>\n<p><span style=\"font-size: 14pt\"><strong>DR. G\u00c1BOR GERBER<\/strong> <em>(Dean, Faculty of Dentistry)<\/em><\/span><\/p>\n<p><span style=\"font-size: 14pt\"><strong>DR. ISTV\u00c1N ANTAL<\/strong> <em>(Dean, Faculty of Pharmaceutical Sciences)\u00a0<\/em><\/span><\/p>\n<p><span style=\"font-size: 14pt\"><strong>DR. ISTV\u00c1N VINGENDER<\/strong>\u00a0\u00a0<em>(Vice-Dean, Faculty of Health Sciences)<\/em><\/span><\/p>\n<p><span style=\"font-size: 14pt\"><strong>DR. MIKL\u00d3S KELLERMAYER<\/strong> <em>(Dean, Faculty of Medicine)<\/em><\/span><\/p>\n<p><span style=\"font-size: 14pt\"><strong>DR. MARCEL MARIUS POP<\/strong> <em>(Director, International Affairs)<\/em><\/span><\/p>\n<p><span style=\"font-size: 14pt\"><strong>DR. TAM\u00c1S HEGED\u00dcS<\/strong><em> (Director, Alumni Affairs)\u00a0<\/em><\/span><\/p>\n<p><span style=\"font-size: 14pt\">TOPIC: The role of different faculties in the international education &#8211; past and present<\/span><\/p>\n<\/td>\n<\/tr>\n<tr style=\"height: 75px\">\n<td style=\"height: 75px;width: 26.6175%\">\n<p>ROUNDTABLE 2<\/p>\n<p>11:45 am.-12:30 pm.<\/p>\n<\/td>\n<td style=\"height: 75px;width: 73.2729%\">\n<p>Participants:<\/p>\n<p><strong>DR. AL\u00c1N ALP\u00c1R<\/strong> <em>(Vice-Rector for International Studies)<\/em><\/p>\n<p><strong>DR. L\u00c1SZL\u00d3 MATOS<\/strong>\u00a0<em>(Vice-Dean, Faculty of Pet\u0151 Andr\u00e1s)<\/em><\/p>\n<p><strong>DR. MIKL\u00d3S SZ\u00d3CSKA<\/strong> <em>(Dean Faculty of Health and Public Administration)<\/em><\/p>\n<p><strong>DR. ISTV\u00c1N VINGENDER<\/strong> (Vice-Dean,<em> Faculty of Health Sciences)<\/em><\/p>\n<p>TOPIC: New international study opportunities at the Semmelweis University<\/p>\n<\/td>\n<\/tr>\n<tr style=\"height: 75px\">\n<td style=\"height: 75px;width: 26.6175%\" width=\"70\">\n<p>LUNCHBREAK<\/p>\n<\/td>\n<td style=\"height: 75px;width: 73.2729%\">\n<p>12:30 pm.-1:45 pm.<\/p>\n<\/td>\n<\/tr>\n<tr style=\"height: 102px\">\n<td style=\"height: 102px;width: 26.6175%\" width=\"70\">\n<p>LECTURE 3\u00a0 \u00a0 \u00a0 \u00a0 \u00a0 \u00a0 \u00a0 \u00a0 2:00 pm.-2:30 pm.<\/p>\n<\/td>\n<td style=\"height: 102px;width: 73.2729%\">\n<p><strong>DR. P\u00c9TER FERDINANDY <\/strong><em>(Vice-Rector for Science and Innovation)<\/em><strong> \u2013 <\/strong>Key research areas at the Semmelweis University<\/p>\n<\/td>\n<\/tr>\n<tr style=\"height: 102px\">\n<td style=\"height: 102px;width: 26.6175%\" width=\"70\">\n<p>LECTURE 4\u00a0 \u00a0 \u00a0 \u00a0 \u00a0 \u00a0 \u00a0 \u00a0 2:30 pm.-3:00 pm.<\/p>\n<\/td>\n<td style=\"height: 102px;width: 73.2729%\">\n<p><strong>DR. ANDR\u00c1S F\u00dcL\u00d6P <\/strong><em>(assitant lecturer)<\/em><strong> \u2013 <\/strong>Jendrassik prize lecture presentation about liver resection surgery<\/p>\n<\/td>\n<\/tr>\n<tr style=\"height: 97px\">\n<td style=\"width: 26.6175%;height: 97px\">\n<p>LECTURE 5\u00a0 \u00a0 \u00a0 \u00a0 \u00a0 \u00a0 \u00a0 \u00a0 3:00 pm.-3:30 pm.<\/p>\n<\/td>\n<td style=\"width: 73.2729%;height: 97px\">\n<p><strong>DR. KARL J. OLDHAFER &#8211;\u00a0<\/strong>German language program education at the Asklepios Campus Hamburg<\/p>\n<\/td>\n<\/tr>\n<tr style=\"height: 75px\">\n<td style=\"height: 75px;width: 99.8904%\" colspan=\"2\">\n<p><strong>3:30 pm. \u2013 6:00 pm. OPTIONAL GUIDED TOURS AT SEMMELWEIS UNIVERSITY<\/strong><\/p>\n<\/td>\n<\/tr>\n<tr style=\"height: 48px\">\n<td style=\"height: 10px;width: 99.8904%\" colspan=\"2\" width=\"70\">\n<ul>\n<li><span style=\"font-size: 14pt\"><strong>3:30 pm. &#8211; Basic Medical Science Center<\/strong> &#8211; 1094 Budapest, T\u0171zolt\u00f3 street 37-47.<\/span><\/li>\n<li><span style=\"font-size: 14pt\"><strong>4:00 pm. &#8211; Dental Center<\/strong> &#8211; 1088 Budapest, Szentkir\u00e1lyi street 47. (We provide a transfer bus departing from the Basic Medical Science Center at 3:45 pm, which returns at 5:45 pm. to Basic Medical Science Center)<\/span><\/li>\n<li><span style=\"font-size: 14pt\"><strong>4:00 pm. &#8211; Anatomy Institute<\/strong> &#8211; 1094 Budapest, T\u0171zolt\u00f3 street 58. (You can reach the Institute on foot from the Basic Medical Science Center at 3:30 pm by guiding staff)<\/span><\/li>\n<li><span style=\"font-size: 14pt\"><strong>4:30 pm. &#8211; Central Building<\/strong> &#8211; 1085 Budapest, \u00dcll\u0151i street 26. (We provide a transfer bus departing from the Basic Medical Science Center at 3:45 pm, which returns at 5:45 pm. to Basic Medical Science Center)<\/span><\/li>\n<li><span style=\"font-size: 14pt\"><strong>4:30 pm. &#8211; Pet\u0151 Institute<\/strong> &#8211; 1125 Budapest, K\u00fatv\u00f6lgyi street 6. (We provide a transfer bus departing from the Basic Medical Science Center at 3:30 pm, which returns at 6:00 pm. to Basic Medical Science Center)<\/span><\/li>\n<li><span style=\"font-size: 14pt\"><strong>4:30 pm. &#8211; Department of Surgery, Transplantation and Gastroenterology (Da Vinci robot)<\/strong> &#8211; 1082 Budapest, \u00dcll\u0151i street 78. (You can reach the Department on foot from the Basic Medical Science Center at 4:00 pm by guiding staff)<\/span><\/li>\n<li><span style=\"font-size: 14pt\"><strong>4:00 pm. &#8211; V\u00e1rosmajor Clinical Centre<\/strong> &#8211; 1122 Budapest, V\u00e1rosmajor street 68. (We provide a transfer bus departing from the Basic Medical Science Center at 3:30 pm., which returns at 6:00 pm. to Basic Medical Science Center)<\/span><\/li>\n<\/ul>\n<\/td>\n<\/tr>\n<\/tbody>\n<\/table>\n<table style=\"width: 100.888%\">\n<tbody>\n<tr style=\"height: 48px\">\n<td style=\"height: 48px;width: 270.388%\" colspan=\"2\">\n<p><strong>7:00 pm. \u2013 12:30 pm.\u00a0 \u00a0EVENING EVENTS &#8211; BASIC MEDICAL SCIENCE CENTER<\/strong><\/p>\n<p><em><span style=\"font-size: 10pt\">Dress code: Semi-Formal<\/span><\/em><\/p>\n<\/td>\n<\/tr>\n<tr style=\"height: 48px\">\n<td style=\"height: 48px;width: 17.5581%\" width=\"70\">\u00a0<\/td>\n<td style=\"height: 48px;width: 252.83%\">\n<p>7:00 pm.- 9:00 pm. Gala Dinner<\/p>\n<\/td>\n<\/tr>\n<tr style=\"height: 48px\">\n<td style=\"height: 48px;width: 17.5581%\" width=\"70\">\u00a0<\/td>\n<td style=\"height: 48px;width: 252.83%\">\n<p style=\"text-align: left\">10:00 pm. Afterparty (live music by &#8222;M\u00e9g Egy K\u00f6rt!&#8221; &#8211; Gypsy Jazz Band)<img loading=\"lazy\" decoding=\"async\" class=\"size-medium wp-image-4989 aligncenter\" src=\"https:\/\/semmelweis.hu\/alumni\/files\/2023\/03\/IMG_0882-1030x687-1-400x267.jpg\" alt=\"\" width=\"400\" height=\"267\" srcset=\"https:\/\/semmelweis.hu\/alumni\/files\/2023\/03\/IMG_0882-1030x687-1-400x267.jpg 400w, https:\/\/semmelweis.hu\/alumni\/files\/2023\/03\/IMG_0882-1030x687-1-1024x683.jpg 1024w, https:\/\/semmelweis.hu\/alumni\/files\/2023\/03\/IMG_0882-1030x687-1-768x512.jpg 768w, https:\/\/semmelweis.hu\/alumni\/files\/2023\/03\/IMG_0882-1030x687-1-753x502.jpg 753w, https:\/\/semmelweis.hu\/alumni\/files\/2023\/03\/IMG_0882-1030x687-1-203x135.jpg 203w, https:\/\/semmelweis.hu\/alumni\/files\/2023\/03\/IMG_0882-1030x687-1.jpg 1030w\" sizes=\"auto, (max-width: 400px) 100vw, 400px\" \/><\/p>\n<\/td>\n<\/tr>\n<\/tbody>\n<\/table>\n<h2><span style=\"color: #000080\"><strong>30.04.\u00a0 SUNDAY<\/strong><\/span><\/h2>\n<h5><span style=\"font-size: 14pt\">9:30 am. \u2013 \u00a0CULTURAL PROGRAMS &#8211; GUIDED TOUR<\/span><\/h5>\n<p><strong>Visitation of Sziklak\u00f3rh\u00e1z (Hospital In The Rock &#8211; Nuclear Bunker Museum) and Buda Castle<\/strong><\/p>\n<p><span style=\"font-size: 14pt\">The guided tour by bus starts at 9:30 pm. from Hotel Di Verdi Residence (1091 Budapest, \u00dcll\u0151i street 89.)\u00a0<\/span><\/p>\n<p><span style=\"font-size: 14pt\"> <iframe loading=\"lazy\" src=\"https:\/\/www.google.com\/maps\/embed?pb=!1m14!1m8!1m3!1d10785.55274417825!2d19.0791321!3d47.4823507!3m2!1i1024!2i768!4f13.1!3m3!1m2!1s0x4741dcfa464091d5%3A0x69d484b0da0257ae!2sDi%20Verdi%20Residence%20(%C3%9Aj%20R%C3%A9sze)!5e0!3m2!1shu!2shu!4v1682429667529!5m2!1shu!2shu\" width=\"400\" height=\"300\"><\/iframe> <\/span><\/p>\n<p>&nbsp;<\/p>\n<h5>After the tour, the bus will head to the Ludwig ship (arrive at 1:00 pm.).<\/h5>\n<h5>\u00a0<\/h5>\n<h5><span style=\"font-size: 14pt\">1:00 pm. \u2013 4:00 pm. DANUBE\u00a0 LUNCH CRUISE<\/span><\/h5>\n<p><span style=\"font-size: 14pt\">We provide a transfer bus to Ludwig ship departing from the Hotel Di Verdi Residence (1091 Budapest, \u00dcll\u0151i street 89.) at 12:30 pm.<\/span><\/p>\n<p><span style=\"font-size: 14pt\">Transfer buses returns at 5:00 pm. to Hotel Di Verdi Residence.<\/span><\/p>\n<p><em><span style=\"font-size: 10pt\">Dress code: Casual<\/span><\/em><\/p>\n<p><strong>Location:<\/strong> Ludwig ship (Rubin Group)<br \/>\n<em>1137 Budapest, Szent Istv\u00e1n park 5., Port 0.<\/em><\/p>\n<p><iframe loading=\"lazy\" src=\"https:\/\/www.google.com\/maps\/embed?pb=!1m14!1m8!1m3!1d10777.98374427327!2d19.04967!3d47.519207!3m2!1i1024!2i768!4f13.1!3m3!1m2!1s0x4741dc07fa8e6f91%3A0x338ea5e745730d20!2sRubin%20Group!5e0!3m2!1shu!2shu!4v1682429968873!5m2!1shu!2shu\" width=\"400\" height=\"300\"><\/iframe><\/p>\n<p>&nbsp;<\/p>\n<p><img loading=\"lazy\" decoding=\"async\" class=\"size-medium wp-image-4992 aligncenter\" src=\"https:\/\/semmelweis.hu\/alumni\/files\/2023\/03\/Ku\u0308lso\u030b-Ludwig0-pichi-400x267.jpg\" alt=\"\" width=\"400\" height=\"267\" srcset=\"https:\/\/semmelweis.hu\/alumni\/files\/2023\/03\/Ku\u0308lso\u030b-Ludwig0-pichi-400x267.jpg 400w, https:\/\/semmelweis.hu\/alumni\/files\/2023\/03\/Ku\u0308lso\u030b-Ludwig0-pichi-1024x683.jpg 1024w, https:\/\/semmelweis.hu\/alumni\/files\/2023\/03\/Ku\u0308lso\u030b-Ludwig0-pichi-768x512.jpg 768w, https:\/\/semmelweis.hu\/alumni\/files\/2023\/03\/Ku\u0308lso\u030b-Ludwig0-pichi-1536x1024.jpg 1536w, https:\/\/semmelweis.hu\/alumni\/files\/2023\/03\/Ku\u0308lso\u030b-Ludwig0-pichi-753x502.jpg 753w, https:\/\/semmelweis.hu\/alumni\/files\/2023\/03\/Ku\u0308lso\u030b-Ludwig0-pichi-203x135.jpg 203w, https:\/\/semmelweis.hu\/alumni\/files\/2023\/03\/Ku\u0308lso\u030b-Ludwig0-pichi.jpg 1920w\" sizes=\"auto, (max-width: 400px) 100vw, 400px\" \/><\/p>\n","protected":false},"excerpt":{"rendered":"<p>We have got some free spots! You can register here: <a href=\"https:\/\/semmelweis.hu\/alumni\/en\/international-alumni-meeting\/registration\/\">REGISTRATION<\/a> &nbsp; 28.04. FRIDAY Location: Semmelweis University, Nagyv\u00e1rad square Theoretical Building (NET), Banquet Hall 1089 Budapest, Nagyv\u00e1rad square 4. 6:00 pm. &#8211; Get Together Event: Dress code: Smart Casual live music by Finucci Bros Quartet buffet dinner 8:00 pm.- 9:00 pm. &#8211; Charity wine tasting (Semmelweis &hellip;<\/p>\n","protected":false},"author":101947,"featured_media":0,"parent":4534,"menu_order":1,"comment_status":"closed","ping_status":"closed","template":"","meta":{"_acf_changed":false,"footnotes":""},"categories":[],"tags":[],"class_list":["post-4737","page","type-page","status-publish","hentry"],"acf":[],"publishpress_future_action":{"enabled":false,"date":"1970-01-01 01:00:00","action":"","terms":[],"taxonomy":"","browser_timezone_offset":0},"_links":{"self":[{"href":"https:\/\/semmelweis.hu\/alumni\/wp-json\/wp\/v2\/pages\/4737","targetHints":{"allow":["GET"]}}],"collection":[{"href":"https:\/\/semmelweis.hu\/alumni\/wp-json\/wp\/v2\/pages"}],"about":[{"href":"https:\/\/semmelweis.hu\/alumni\/wp-json\/wp\/v2\/types\/page"}],"author":[{"embeddable":true,"href":"https:\/\/semmelweis.hu\/alumni\/wp-json\/wp\/v2\/users\/101947"}],"replies":[{"embeddable":true,"href":"https:\/\/semmelweis.hu\/alumni\/wp-json\/wp\/v2\/comments?post=4737"}],"version-history":[{"count":10,"href":"https:\/\/semmelweis.hu\/alumni\/wp-json\/wp\/v2\/pages\/4737\/revisions"}],"predecessor-version":[{"id":5185,"href":"https:\/\/semmelweis.hu\/alumni\/wp-json\/wp\/v2\/pages\/4737\/revisions\/5185"}],"up":[{"embeddable":true,"href":"https:\/\/semmelweis.hu\/alumni\/wp-json\/wp\/v2\/pages\/4534"}],"wp:attachment":[{"href":"https:\/\/semmelweis.hu\/alumni\/wp-json\/wp\/v2\/media?parent=4737"}],"wp:term":[{"taxonomy":"category","embeddable":true,"href":"https:\/\/semmelweis.hu\/alumni\/wp-json\/wp\/v2\/categories?post=4737"},{"taxonomy":"post_tag","embeddable":true,"href":"https:\/\/semmelweis.hu\/alumni\/wp-json\/wp\/v2\/tags?post=4737"}],"curies":[{"name":"wp","href":"https:\/\/api.w.org\/{rel}","templated":true}]}}