{"id":4497,"date":"2022-09-30T14:14:06","date_gmt":"2022-09-30T12:14:06","guid":{"rendered":"https:\/\/semmelweis.hu\/alumni\/?page_id=4497"},"modified":"2026-03-02T09:51:01","modified_gmt":"2026-03-02T08:51:01","slug":"adatvedelem","status":"publish","type":"page","link":"https:\/\/semmelweis.hu\/alumni\/alumni-halozat\/adatvedelem\/","title":{"rendered":"Adatv\u00e9delem"},"content":{"rendered":"<p><b>AZ ALUMNI IGAZGAT\u00d3S\u00c1G <\/b><strong>\u00c1LTAL V\u00c9GZETT SZEM\u00c9LYES ADATKEZEL\u00c9SSEL KAPCSOLATOS INFORM\u00c1CI\u00d3K EL\u00c9RHET\u0150S\u00c9GE<\/strong><\/p>\n<p>&nbsp;<\/p>\n<p><strong>Alumni Igazgat\u00f3s\u00e1g<\/strong>\u00a0\u2013 adatkezel\u00e9si t\u00e1j\u00e9koztat\u00f3ja:<br \/>\n<a href=\"https:\/\/semmelweis.hu\/alumni\/files\/2022\/10\/SKMBT_C22022101313560.pdf\">Erre a linkre kattintva let\u00f6lthet\u0151<\/a><\/p>\n<p>1.1. Az adatkezel\u0151nek\u00a0<strong>alaptev\u00e9kenys\u00e9g\u00e9vel kapcsolatos <\/strong>feladataival \u00f6sszef\u00fcgg\u0151 adatkezel\u00e9sekkel kapcsolatos inform\u00e1ci\u00f3k el\u00e9rhet\u0151s\u00e9ge:<br \/>\n<a href=\"https:\/\/semmelweis.hu\/alumni\/files\/2024\/01\/3531-6_AKKAL_2024_adatkezelesi_nyilvantartas-alaptevekenysegek.xlsx\">Erre a linkre kattintva let\u00f6lthet\u0151<\/a><\/p>\n<p>1.2. Az adatkezel\u0151 <strong>kieg\u00e9sz\u00edt\u0151 tev\u00e9kenys\u00e9g\u00e9vel kapcsolatos\u00a0<\/strong>feladataival \u00f6sszef\u00fcgg\u0151 adatkezel\u00e9sekkel kapcsolatos inform\u00e1ci\u00f3k el\u00e9rhet\u0151s\u00e9ge:<br \/>\n<a href=\"https:\/\/semmelweis.hu\/alumni\/files\/2026\/03\/35664_AKKAL_2026_Adatkezelesi_nyilvantartas_kiegeszito_tevekenysegek.xlsx\">Erre a linkre kattintva let\u00f6lthet\u0151<\/a><\/p>\n<p>1.3. Az adatkezel\u0151 <strong>munka\u00fcgyi <\/strong>feladataival \u00f6sszef\u00fcgg\u0151 adatkezel\u00e9sekkel kapcsolatos inform\u00e1ci\u00f3k el\u00e9rhet\u0151s\u00e9ge:<br \/>\n<a href=\"https:\/\/semmelweis.hu\/alumni\/files\/2024\/01\/3531-5_AKKAL_2024_adatkezelesi_nyilvantartas_munkaugyi.xlsx\">Erre a linkre kattintva let\u00f6lthet\u0151<\/a><\/p>\n<p>1.4. Az adatkezel\u0151 <strong>adminisztr\u00e1ci\u00f3s <\/strong>feladataival \u00f6sszef\u00fcgg\u0151 adatkezel\u00e9sekkel kapcsolatos inform\u00e1ci\u00f3k el\u00e9rhet\u0151s\u00e9ge:<br \/>\n<a href=\"https:\/\/semmelweis.hu\/alumni\/files\/2024\/01\/3531-7_AKKAL_2024_adatkezelesi_nyilvantartas_adminisztracio.xlsx\">Erre a linkre kattintva let\u00f6lthet\u0151<\/a><\/p>\n","protected":false},"excerpt":{"rendered":"<p>AZ ALUMNI IGAZGAT\u00d3S\u00c1G \u00c1LTAL V\u00c9GZETT SZEM\u00c9LYES ADATKEZEL\u00c9SSEL KAPCSOLATOS INFORM\u00c1CI\u00d3K EL\u00c9RHET\u0150S\u00c9GE &nbsp; Alumni Igazgat\u00f3s\u00e1g\u00a0\u2013 adatkezel\u00e9si t\u00e1j\u00e9koztat\u00f3ja: <a href=\"https:\/\/semmelweis.hu\/alumni\/files\/2022\/10\/SKMBT_C22022101313560.pdf\">Erre a linkre kattintva let\u00f6lthet\u0151<\/a> 1.1. Az adatkezel\u0151nek\u00a0alaptev\u00e9kenys\u00e9g\u00e9vel kapcsolatos feladataival \u00f6sszef\u00fcgg\u0151 adatkezel\u00e9sekkel kapcsolatos inform\u00e1ci\u00f3k el\u00e9rhet\u0151s\u00e9ge: <a href=\"https:\/\/semmelweis.hu\/alumni\/files\/2024\/01\/3531-6_AKKAL_2024_adatkezelesi_nyilvantartas-alaptevekenysegek.xlsx\">Erre a linkre kattintva let\u00f6lthet\u0151<\/a> 1.2. Az adatkezel\u0151 kieg\u00e9sz\u00edt\u0151 tev\u00e9kenys\u00e9g\u00e9vel kapcsolatos\u00a0feladataival \u00f6sszef\u00fcgg\u0151 adatkezel\u00e9sekkel kapcsolatos inform\u00e1ci\u00f3k el\u00e9rhet\u0151s\u00e9ge: <a href=\"https:\/\/semmelweis.hu\/alumni\/files\/2026\/03\/35664_AKKAL_2026_Adatkezelesi_nyilvantartas_kiegeszito_tevekenysegek.xlsx\">Erre a linkre kattintva let\u00f6lthet\u0151<\/a> 1.3. Az adatkezel\u0151 munka\u00fcgyi feladataival \u00f6sszef\u00fcgg\u0151 adatkezel\u00e9sekkel kapcsolatos inform\u00e1ci\u00f3k el\u00e9rhet\u0151s\u00e9ge: <a href=\"https:\/\/semmelweis.hu\/alumni\/files\/2024\/01\/3531-5_AKKAL_2024_adatkezelesi_nyilvantartas_munkaugyi.xlsx\">Erre a linkre kattintva let\u00f6lthet\u0151<\/a> 1.4. Az adatkezel\u0151 adminisztr\u00e1ci\u00f3s feladataival \u00f6sszef\u00fcgg\u0151 adatkezel\u00e9sekkel kapcsolatos inform\u00e1ci\u00f3k &hellip;<\/p>\n","protected":false},"author":101627,"featured_media":0,"parent":855,"menu_order":10,"comment_status":"closed","ping_status":"closed","template":"","meta":{"_acf_changed":false,"footnotes":""},"categories":[],"tags":[],"class_list":["post-4497","page","type-page","status-publish","hentry"],"acf":[],"publishpress_future_action":{"enabled":false,"date":"1970-01-01 01:00:00","action":"","terms":[],"taxonomy":"","browser_timezone_offset":0},"_links":{"self":[{"href":"https:\/\/semmelweis.hu\/alumni\/wp-json\/wp\/v2\/pages\/4497","targetHints":{"allow":["GET"]}}],"collection":[{"href":"https:\/\/semmelweis.hu\/alumni\/wp-json\/wp\/v2\/pages"}],"about":[{"href":"https:\/\/semmelweis.hu\/alumni\/wp-json\/wp\/v2\/types\/page"}],"author":[{"embeddable":true,"href":"https:\/\/semmelweis.hu\/alumni\/wp-json\/wp\/v2\/users\/101627"}],"replies":[{"embeddable":true,"href":"https:\/\/semmelweis.hu\/alumni\/wp-json\/wp\/v2\/comments?post=4497"}],"version-history":[{"count":9,"href":"https:\/\/semmelweis.hu\/alumni\/wp-json\/wp\/v2\/pages\/4497\/revisions"}],"predecessor-version":[{"id":40557,"href":"https:\/\/semmelweis.hu\/alumni\/wp-json\/wp\/v2\/pages\/4497\/revisions\/40557"}],"up":[{"embeddable":true,"href":"https:\/\/semmelweis.hu\/alumni\/wp-json\/wp\/v2\/pages\/855"}],"wp:attachment":[{"href":"https:\/\/semmelweis.hu\/alumni\/wp-json\/wp\/v2\/media?parent=4497"}],"wp:term":[{"taxonomy":"category","embeddable":true,"href":"https:\/\/semmelweis.hu\/alumni\/wp-json\/wp\/v2\/categories?post=4497"},{"taxonomy":"post_tag","embeddable":true,"href":"https:\/\/semmelweis.hu\/alumni\/wp-json\/wp\/v2\/tags?post=4497"}],"curies":[{"name":"wp","href":"https:\/\/api.w.org\/{rel}","templated":true}]}}