{"id":421,"date":"2019-08-27T21:26:27","date_gmt":"2019-08-27T19:26:27","guid":{"rendered":"http:\/\/semmelweis.hu\/alumni\/?page_id=421"},"modified":"2019-09-29T15:26:02","modified_gmt":"2019-09-29T13:26:02","slug":"megertesorientalt-kommunikacio","status":"publish","type":"page","link":"https:\/\/semmelweis.hu\/alumni\/szolgaltatasok\/kepzeseink\/korabbi-kepzeseink\/megertesorientalt-kommunikacio\/","title":{"rendered":"Meg\u00e9rt\u00e9sorient\u00e1lt kommunik\u00e1ci\u00f3"},"content":{"rendered":"<p><a href=\"https:\/\/semmelweis.hu\/alumni\/files\/2019\/08\/meg\u00e9rt\u00e9sorient\u00e1ltkommunik\u00e1ci\u00f3_icon.jpg\"><img loading=\"lazy\" decoding=\"async\" class=\"wp-image-404 alignleft\" src=\"https:\/\/semmelweis.hu\/alumni\/files\/2019\/08\/meg\u00e9rt\u00e9sorient\u00e1ltkommunik\u00e1ci\u00f3_icon.jpg\" alt=\"\" width=\"218\" height=\"218\" srcset=\"https:\/\/semmelweis.hu\/alumni\/files\/2019\/08\/meg\u00e9rt\u00e9sorient\u00e1ltkommunik\u00e1ci\u00f3_icon.jpg 981w, https:\/\/semmelweis.hu\/alumni\/files\/2019\/08\/meg\u00e9rt\u00e9sorient\u00e1ltkommunik\u00e1ci\u00f3_icon-150x150.jpg 150w, https:\/\/semmelweis.hu\/alumni\/files\/2019\/08\/meg\u00e9rt\u00e9sorient\u00e1ltkommunik\u00e1ci\u00f3_icon-300x300.jpg 300w, https:\/\/semmelweis.hu\/alumni\/files\/2019\/08\/meg\u00e9rt\u00e9sorient\u00e1ltkommunik\u00e1ci\u00f3_icon-768x768.jpg 768w, https:\/\/semmelweis.hu\/alumni\/files\/2019\/08\/meg\u00e9rt\u00e9sorient\u00e1ltkommunik\u00e1ci\u00f3_icon-753x753.jpg 753w\" sizes=\"auto, (max-width: 218px) 100vw, 218px\" \/><\/a>Amikor stresszhelyzetbe vagy neh\u00e9z kommunik\u00e1ci\u00f3s szitu\u00e1ci\u00f3ba ker\u00fclsz, k\u00f6nnyen r\u00e1fesz\u00fclhetsz a helyzetre, amikor annyira a probl\u00e9m\u00e1ra koncentr\u00e1lsz, hogy \u00e9szre sem veszed, pontosan mit akar a m\u00e1sik f\u00e9l \u2013 vagy egyszer\u0171en nem is l\u00e1tsz semmi m\u00e1st, mert ideges, stresszes vagy. Tipikusan ez t\u00f6rt\u00e9nik, amikor a vizsg\u00e1z\u00f3 annyira g\u00f6rcs\u00f6l a t\u00e9tel\u00e9n, hogy azt sem \u00e9rti, mit k\u00e9rdez a tan\u00e1r \u2013 a vizsg\u00e1ztat\u00f3 pedig csak annyit l\u00e1t a helyzetb\u0151l, hogy a vizsg\u00e1z\u00f3 teljesen m\u00e1sra v\u00e1laszol. De eg\u00e9szen sokszor ez a helyzet, amikor kirobban egy veszeked\u00e9s az oszt\u00e1lyon vagy munkahelyen; vagy ha a gyakorlaton neh\u00e9z eset\u0171 beteggel tal\u00e1lkozol.<\/p>\n<p>A legt\u00f6bben azt hissz\u00fck, hogy aki vel\u00fcnk szemben \u00fcl \u00e9s akivel besz\u00e9lget\u00fcnk, \u00e9rti, amit kimondunk, \u00e9s ugyanezt gondoljuk magunkr\u00f3l is: \u00e9rtj\u00fck, amit hallunk. Sokszor el\u0151fordul, hogy val\u00f3j\u00e1ban egy-egy sz\u00f3t teljesen m\u00e1s \u00e9rtelemben haszn\u00e1lunk, vagy \u00e9ppen, hogy a besz\u00e9lget\u00e9s alatt az agyunk sz\u0171ri az inform\u00e1ci\u00f3kat \u00e9s azoknak csak bizonyos sz\u00e1zal\u00e9k\u00e1t halljuk meg.<\/p>\n<p>A fentiek alapj\u00e1n egy\u00e9rtelm\u0171, hogy nem kev\u00e9s vesz\u0151ds\u00e9get, botl\u00e1st, de ak\u00e1r konkr\u00e9tan bukott vizsg\u00e1t vagy munkahelyi fesz\u00fclts\u00e9get ker\u00fclhetsz el, ha k\u00e9pes vagy neh\u00e9z helyzetben is a m\u00e1sik f\u00e9lre koncentr\u00e1lni \u00e9s meg\u00e9rteni a helyzetet \u00e9s viselked\u00e9s\u00e9t, \u00fczeneteit. Ez a k\u00e9pess\u00e9g tanulhat\u00f3, \u00e9s komoly kincs, ha valaki k\u00e9pes r\u00e1. A Fontanus K\u00f6zpont ez\u00e9rt speci\u00e1lis m\u00f3dszertan alapj\u00e1n dolgozta ki kommunik\u00e1ci\u00f3s k\u00e9pz\u00e9s\u00e9t, ahol konkr\u00e9t, gyakorlati eszk\u00f6z\u00f6ket kapsz, amelyekkel a kommunik\u00e1ci\u00f3s zavarokat felismerheted, meg\u00e9rtheted \u00e9s ez\u00e1ltal megv\u00e1ltoztathatod.<\/p>\n<p>A k\u00e9pz\u00e9s sor\u00e1n \u00faj szemsz\u00f6gb\u0151l szerezhetsz (anat\u00f3miai \u00e9s \u00e9lettani) ismereteket a stressz h\u00e1tter\u00e9r\u0151l;\u00a0az itt elsaj\u00e1t\u00edthat\u00f3 m\u00f3dszer \u00e1ltal pedig fejl\u0151dik<\/p>\n<ul>\n<li>a kommunik\u00e1ci\u00f3d,<\/li>\n<li>a meg\u00e9rt\u00e9sre val\u00f3 k\u00e9pess\u00e9ged,<\/li>\n<li>az \u00f6sszef\u00fcgg\u00e9sek megl\u00e1t\u00e1s\u00e1nak k\u00e9pess\u00e9ge,<\/li>\n<li>a probl\u00e9mamegold\u00f3 k\u00e9pess\u00e9ged,<\/li>\n<li>helyzetfelismer\u0151 k\u00e9pess\u00e9ged,<\/li>\n<li>toleranci\u00e1d \u00e9s emp\u00e1ti\u00e1d,<\/li>\n<li>\u00e9s a stresszkezel\u00e9si k\u00e9pess\u00e9ged is.<\/li>\n<\/ul>\n<p>A Fontanus K\u00f6zpont tr\u00e9ningj\u00e9nek alapvet\u0151 jellemz\u0151i:<\/p>\n<ul>\n<li>A tr\u00e9ning 3 alkalmas form\u00e1ban indul, alkalmank\u00e9nt 2 \u00f3ra id\u0151tartamban. Kiz\u00e1r\u00f3lag akkor ind\u00edtjuk, ha a jelentkez\u0151k sz\u00e1ma el\u00e9ri a minimum 9 f\u0151t.<\/li>\n<li>A tr\u00e9ningre semmelweises hallgat\u00f3k, egyetemi polg\u00e1rok vagy semmelweis alumnik most j\u00f3val a piaci \u00e1r alatti d\u00edj\u00e9rt jelentkezhetnek: a h\u00e1romszor k\u00e9t \u00f3r\u00e1s tr\u00e9ning \u00e1ra mind\u00f6sszesen 7.000 Ft.<\/li>\n<li>\n<div>A k\u00e9pz\u00e9s ideje: 3&#215;2 \u00f3ra<\/div>\n<div>\n<div>\u00a0 Az\u00a0els\u0151 alkalom\u00a0id\u0151pontja: 2019.04.09. 17:00-19:00<\/div>\n<div>\u00a0 A\u00a0m\u00e1sodik alkalom\u00a0id\u0151pontja:2019.04.16. 17:00-19:00<\/div>\n<div>\u00a0 A\u00a0harmadik alkalom\u00a0id\u0151pontja: 2019.04.23. 17:00-19:00<\/div>\n<\/div>\n<\/li>\n<li>A tr\u00e9ning helysz\u00edne a Fontanus K\u00f6zpont terme: 1132 Budapest, Kresz G\u00e9za u. 26.<\/li>\n<li>Tov\u00e1bbi inform\u00e1ci\u00f3kat ezen az oldalon tal\u00e1lhatsz: https:\/\/www.fontanus.hu<\/li>\n<\/ul>\n<p style=\"text-align: center\"><strong>A jelentkez\u00e9st lez\u00e1rtuk.<\/strong><\/p>\n","protected":false},"excerpt":{"rendered":"<p><a href=\"https:\/\/semmelweis.hu\/alumni\/files\/2019\/08\/meg\u00e9rt\u00e9sorient\u00e1ltkommunik\u00e1ci\u00f3_icon.jpg\"><\/a> Amikor stresszhelyzetbe vagy neh\u00e9z kommunik\u00e1ci\u00f3s szitu\u00e1ci\u00f3ba ker\u00fclsz, k\u00f6nnyen r\u00e1fesz\u00fclhetsz a helyzetre, amikor annyira a probl\u00e9m\u00e1ra koncentr\u00e1lsz, hogy \u00e9szre sem veszed, pontosan mit akar a m\u00e1sik f\u00e9l \u2013 vagy egyszer\u0171en nem is l\u00e1tsz semmi m\u00e1st, mert ideges, stresszes vagy. Tipikusan ez t\u00f6rt\u00e9nik, amikor a vizsg\u00e1z\u00f3 annyira g\u00f6rcs\u00f6l a t\u00e9tel\u00e9n, hogy azt sem \u00e9rti, mit k\u00e9rdez a &hellip;<\/p>\n","protected":false},"author":101158,"featured_media":0,"parent":789,"menu_order":0,"comment_status":"closed","ping_status":"closed","template":"","meta":{"_acf_changed":false,"footnotes":""},"categories":[],"tags":[],"class_list":["post-421","page","type-page","status-publish","hentry"],"acf":[],"publishpress_future_action":{"enabled":false,"date":"1970-01-01 01:00:00","action":"","terms":[],"taxonomy":"","browser_timezone_offset":0},"_links":{"self":[{"href":"https:\/\/semmelweis.hu\/alumni\/wp-json\/wp\/v2\/pages\/421","targetHints":{"allow":["GET"]}}],"collection":[{"href":"https:\/\/semmelweis.hu\/alumni\/wp-json\/wp\/v2\/pages"}],"about":[{"href":"https:\/\/semmelweis.hu\/alumni\/wp-json\/wp\/v2\/types\/page"}],"author":[{"embeddable":true,"href":"https:\/\/semmelweis.hu\/alumni\/wp-json\/wp\/v2\/users\/101158"}],"replies":[{"embeddable":true,"href":"https:\/\/semmelweis.hu\/alumni\/wp-json\/wp\/v2\/comments?post=421"}],"version-history":[{"count":2,"href":"https:\/\/semmelweis.hu\/alumni\/wp-json\/wp\/v2\/pages\/421\/revisions"}],"predecessor-version":[{"id":423,"href":"https:\/\/semmelweis.hu\/alumni\/wp-json\/wp\/v2\/pages\/421\/revisions\/423"}],"up":[{"embeddable":true,"href":"https:\/\/semmelweis.hu\/alumni\/wp-json\/wp\/v2\/pages\/789"}],"wp:attachment":[{"href":"https:\/\/semmelweis.hu\/alumni\/wp-json\/wp\/v2\/media?parent=421"}],"wp:term":[{"taxonomy":"category","embeddable":true,"href":"https:\/\/semmelweis.hu\/alumni\/wp-json\/wp\/v2\/categories?post=421"},{"taxonomy":"post_tag","embeddable":true,"href":"https:\/\/semmelweis.hu\/alumni\/wp-json\/wp\/v2\/tags?post=421"}],"curies":[{"name":"wp","href":"https:\/\/api.w.org\/{rel}","templated":true}]}}