{"id":418,"date":"2019-08-27T21:23:30","date_gmt":"2019-08-27T19:23:30","guid":{"rendered":"http:\/\/semmelweis.hu\/alumni\/?page_id=418"},"modified":"2019-09-29T15:25:24","modified_gmt":"2019-09-29T13:25:24","slug":"excel-kezeloi-tanfolyam","status":"publish","type":"page","link":"https:\/\/semmelweis.hu\/alumni\/szolgaltatasok\/kepzeseink\/korabbi-kepzeseink\/excel-kezeloi-tanfolyam\/","title":{"rendered":"Excel kezel\u0151i tanfolyam"},"content":{"rendered":"<p><a href=\"https:\/\/semmelweis.hu\/alumni\/files\/2019\/08\/excel-round.png\"><img loading=\"lazy\" decoding=\"async\" class=\" wp-image-403 alignleft\" src=\"https:\/\/semmelweis.hu\/alumni\/files\/2019\/08\/excel-round.png\" alt=\"\" width=\"193\" height=\"193\" srcset=\"https:\/\/semmelweis.hu\/alumni\/files\/2019\/08\/excel-round.png 300w, https:\/\/semmelweis.hu\/alumni\/files\/2019\/08\/excel-round-150x150.png 150w\" sizes=\"auto, (max-width: 193px) 100vw, 193px\" \/><\/a>Microsoft Excel, napjaink legn\u00e9pszer\u0171bb t\u00e1bl\u00e1zatkezel\u0151je, amely napi szint\u0171 adminisztr\u00e1ci\u00f3nak, tervez\u00e9snek, elemz\u00e9snek, folyamatfigyel\u00e9snek elengedhetetlen eszk\u00f6ze.<\/p>\n<p>A k\u00e9pz\u00e9s c\u00e9lja a t\u00e1bl\u00e1zatkezel\u00e9s alapfogalmain, az alapvet\u0151 sz\u00e1m\u00edt\u00e1si m\u0171veletek \u00e9s az \u00e1ltal\u00e1nosan haszn\u00e1lt f\u00fcggv\u00e9nyek megismer\u00e9s\u00e9n t\u00fal tov\u00e1bbi lehet\u0151s\u00e9gek megismer\u00e9se. A k\u00e9pz\u00e9sben r\u00e9sztvev\u0151k k\u00e9s\u0151bb saj\u00e1t maguk k\u00e9pesek lesznek arra, hogy az Excel ismereteiket maguk b\u0151v\u00edts\u00e9k. A tanfolyam c\u00e9lja, hogy a kezdetekt\u0151l a k\u00f6z\u00e9phalad\u00f3 szintig eljuttassa a r\u00e9szvev\u0151ket. Az elm\u00e9let 20%, a gyakorlat 80%-os s\u00fallyal szerepel a programban.<\/p>\n<p>Tov\u00e1bbi alkalomak:<\/p>\n<p>Id\u0151pontok:<br \/>\n\u2013 1. alkalom \u2013 Febru\u00e1r 28.<br \/>\n\u2013 2. alkalom \u2013 M\u00e1rcius 7.<br \/>\n\u2013 3. alkalom \u2013 M\u00e1rcius 14.<br \/>\n\u2013 4. alkalom \u2013 M\u00e1rcius 21.<br \/>\n\u2013 5. alkalom \u2013 M\u00e1rcus 28.<br \/>\n\u2013 6. alkalom \u2013 \u00c1prilis 4.<br \/>\n\u2013 7. alkalom \u2013 \u00c1prilis 11.<br \/>\n\u2013 8. alkalom \u2013 \u00c1prilis 25.<\/p>\n<p style=\"text-align: center\"><b>A jelentkez\u00e9si id\u0151szakot lez\u00e1rtuk.<\/b><\/p>\n","protected":false},"excerpt":{"rendered":"<p><a href=\"https:\/\/semmelweis.hu\/alumni\/files\/2019\/08\/excel-round.png\"><\/a> Microsoft Excel, napjaink legn\u00e9pszer\u0171bb t\u00e1bl\u00e1zatkezel\u0151je, amely napi szint\u0171 adminisztr\u00e1ci\u00f3nak, tervez\u00e9snek, elemz\u00e9snek, folyamatfigyel\u00e9snek elengedhetetlen eszk\u00f6ze. A k\u00e9pz\u00e9s c\u00e9lja a t\u00e1bl\u00e1zatkezel\u00e9s alapfogalmain, az alapvet\u0151 sz\u00e1m\u00edt\u00e1si m\u0171veletek \u00e9s az \u00e1ltal\u00e1nosan haszn\u00e1lt f\u00fcggv\u00e9nyek megismer\u00e9s\u00e9n t\u00fal tov\u00e1bbi lehet\u0151s\u00e9gek megismer\u00e9se. A k\u00e9pz\u00e9sben r\u00e9sztvev\u0151k k\u00e9s\u0151bb saj\u00e1t maguk k\u00e9pesek lesznek arra, hogy az Excel ismereteiket maguk b\u0151v\u00edts\u00e9k. A tanfolyam c\u00e9lja, hogy a kezdetekt\u0151l &hellip;<\/p>\n","protected":false},"author":101158,"featured_media":0,"parent":789,"menu_order":0,"comment_status":"closed","ping_status":"closed","template":"","meta":{"_acf_changed":false,"footnotes":""},"categories":[],"tags":[],"class_list":["post-418","page","type-page","status-publish","hentry"],"acf":[],"publishpress_future_action":{"enabled":false,"date":"1970-01-01 01:00:00","action":"","terms":[],"taxonomy":"","browser_timezone_offset":0},"_links":{"self":[{"href":"https:\/\/semmelweis.hu\/alumni\/wp-json\/wp\/v2\/pages\/418","targetHints":{"allow":["GET"]}}],"collection":[{"href":"https:\/\/semmelweis.hu\/alumni\/wp-json\/wp\/v2\/pages"}],"about":[{"href":"https:\/\/semmelweis.hu\/alumni\/wp-json\/wp\/v2\/types\/page"}],"author":[{"embeddable":true,"href":"https:\/\/semmelweis.hu\/alumni\/wp-json\/wp\/v2\/users\/101158"}],"replies":[{"embeddable":true,"href":"https:\/\/semmelweis.hu\/alumni\/wp-json\/wp\/v2\/comments?post=418"}],"version-history":[{"count":1,"href":"https:\/\/semmelweis.hu\/alumni\/wp-json\/wp\/v2\/pages\/418\/revisions"}],"predecessor-version":[{"id":419,"href":"https:\/\/semmelweis.hu\/alumni\/wp-json\/wp\/v2\/pages\/418\/revisions\/419"}],"up":[{"embeddable":true,"href":"https:\/\/semmelweis.hu\/alumni\/wp-json\/wp\/v2\/pages\/789"}],"wp:attachment":[{"href":"https:\/\/semmelweis.hu\/alumni\/wp-json\/wp\/v2\/media?parent=418"}],"wp:term":[{"taxonomy":"category","embeddable":true,"href":"https:\/\/semmelweis.hu\/alumni\/wp-json\/wp\/v2\/categories?post=418"},{"taxonomy":"post_tag","embeddable":true,"href":"https:\/\/semmelweis.hu\/alumni\/wp-json\/wp\/v2\/tags?post=418"}],"curies":[{"name":"wp","href":"https:\/\/api.w.org\/{rel}","templated":true}]}}