{"id":412,"date":"2019-08-27T19:57:08","date_gmt":"2019-08-27T17:57:08","guid":{"rendered":"http:\/\/semmelweis.hu\/alumni\/?page_id=412"},"modified":"2020-09-12T12:37:33","modified_gmt":"2020-09-12T10:37:33","slug":"gepiras","status":"publish","type":"page","link":"https:\/\/semmelweis.hu\/alumni\/szolgaltatasok\/kepzeseink\/korabbi-kepzeseink\/gepiras\/","title":{"rendered":"G\u00e9p\u00edr\u00e1s"},"content":{"rendered":"<p><a href=\"https:\/\/semmelweis.hu\/alumni\/files\/2019\/08\/gyorsg\u00e9pel\u00e9s_icon.png\"><img loading=\"lazy\" decoding=\"async\" class=\" wp-image-401 alignleft\" src=\"https:\/\/semmelweis.hu\/alumni\/files\/2019\/08\/gyorsg\u00e9pel\u00e9s_icon-1024x1024.png\" alt=\"\" width=\"202\" height=\"201\" srcset=\"https:\/\/semmelweis.hu\/alumni\/files\/2019\/08\/gyorsg\u00e9pel\u00e9s_icon-1024x1024.png 1024w, https:\/\/semmelweis.hu\/alumni\/files\/2019\/08\/gyorsg\u00e9pel\u00e9s_icon-150x150.png 150w, https:\/\/semmelweis.hu\/alumni\/files\/2019\/08\/gyorsg\u00e9pel\u00e9s_icon-300x300.png 300w, https:\/\/semmelweis.hu\/alumni\/files\/2019\/08\/gyorsg\u00e9pel\u00e9s_icon-768x768.png 768w, https:\/\/semmelweis.hu\/alumni\/files\/2019\/08\/gyorsg\u00e9pel\u00e9s_icon-753x753.png 753w, https:\/\/semmelweis.hu\/alumni\/files\/2019\/08\/gyorsg\u00e9pel\u00e9s_icon.png 1341w\" sizes=\"auto, (max-width: 202px) 100vw, 202px\" \/><\/a>B\u00e1rmennyi id\u0151t is t\u00f6lt valaki sz\u00e1m\u00edt\u00f3g\u00e9p el\u0151tt a h\u00e9tk\u00f6znapokban, ak\u00e1r az eg\u00e9szs\u00e9g\u00fcgyben, ak\u00e1r b\u00e1rmilyen adminisztrat\u00edv munkak\u00f6rben dolgozva nem ker\u00fclheti ki az adminisztr\u00e1ci\u00f3t: v\u00e9d\u0151n\u0151k\u00e9nt, dietetikusk\u00e9nt, orvosk\u00e9nt, gy\u00f3gyszer\u00e9szk\u00e9nt \u2013 \u00e9s \u00edgy tov\u00e1bb \u2013 nem kev\u00e9s napl\u00f3t, jegyz\u0151k\u00f6nyvet, jelent\u00e9st, igazol\u00e1st kell majd meg\u00edrnia, nem besz\u00e9lve a hivatalos levelez\u00e9sekr\u0151l. Az pedig a legkev\u00e9sb\u00e9 sem mindegy, hogy\u00a0<strong>mennyi id\u0151det veszi el mindez<\/strong>\u00a0\u2013 \u00e9s ez nagyon nagy r\u00e9szt egyetlen dolgon m\u00falik: hogy<strong>\u00a0mennyire gyorsan g\u00e9pelsz<i>.<\/i><\/strong>\u00a0\u00c9vek \u00f3ta hi\u00e1nyzik az egyetemi k\u00e9pz\u00e9sb\u0151l, hogy a leend\u0151 eg\u00e9szs\u00e9g\u00fcgyi dolgoz\u00f3k g\u00e9p\u00edr\u00e1st tanuljanak \u2013 pedig alapvet\u0151 sz\u00fcks\u00e9g lenne erre a k\u00e9szs\u00e9gre, hiszen sok ezer \u00f3r\u00e1t lehetne sp\u00f3rolni, ha nem egy-k\u00e9t ujjas p\u00f6ty\u00f6g\u00e9ssel telne az id\u0151 az ell\u00e1t\u00e1sok sor\u00e1n. \u00c9ppen ez\u00e9rt elhoztuk Neked a lehet\u0151s\u00e9get, hogy m\u00e9g a m\u00e9lyv\u00edz, a mindennapos munka \u00e9s rohan\u00e1s el\u0151tt elsaj\u00e1t\u00edthasd a\u00a0<strong>t\u00edzujjas g\u00e9pel\u00e9st<\/strong>\u00a0\u2013 ezzel ak\u00e1r a t\u00f6red\u00e9k\u00e9re cs\u00f6kkentve azt az id\u0151t, amit k\u00e9s\u0151bb majd az \u00e9vek sor\u00e1n a klaviat\u00fara m\u00f6g\u00f6tt t\u00f6ltesz. Az pedig k\u00f6zel sem ugyanaz, hogy egy-egy elektronikus anyagot f\u00e9l\u2026 vagy m\u00e1sf\u00e9l \u00f3ra alatt \u00edrsz meg. A Semmelweis Alumni szervez\u00e9s\u00e9ben indul\u00f3\u00a0<em>G\u00e9p\u00edr\u00e1s tanfolyam<\/em>\u00a0c\u00e9lja, hogy megtanulj magabiztosan, gyorsan \u00e9s pontosan g\u00e9pelni sz\u00e1m\u00edt\u00f3g\u00e9pes billenty\u0171zeten.\u00a0<strong>Mi\u00e9rt \u00e9ri meg mindez n\u00e1lunk?<\/strong>\u00a0Mert a piaci \u00e1rakhoz k\u00e9pest\u00a0<em>j\u00f3val kedvezm\u00e9nyesebb<\/em>\u00a0d\u00edj\u00e9rt tanulhatsz; az oktat\u00e1s\u00a0<em>helyben van<\/em>\u00a0(NET); \u00e9s olyan tud\u00e1st szerezhetsz, ami \u00e9leted v\u00e9g\u00e9ig megk\u00f6nny\u00edti a munk\u00e1dat, b\u00e1rmerre is dolgozol!<\/p>\n<h3><strong>A tanfolyam alapvet\u0151 jellemz\u0151i:<\/strong><\/h3>\n<ul>\n<li>A teljes tanfolyam <strong>16\u00a0alkalmas<\/strong>,\u00a0<strong>hetente k\u00e9t alkalommal<\/strong>, <strong>17:10-19:40<\/strong> k\u00f6z\u00f6tt. Az id\u0151pont v\u00e1ltoztat\u00e1s jog\u00e1t fenntartjuk!<\/li>\n<li>A k\u00e9pz\u00e9sben profi gyorsg\u00e9pel\u00e9s oktat\u00f3kkal dolgozunk, \u00edgy a r\u00e9sztvev\u0151i helyek korl\u00e1tozottak.<\/li>\n<li>A k\u00e9pz\u00e9s v\u00e1rhat\u00f3an a <strong>Nagyv\u00e1rad t\u00e9ri Elm\u00e9leti T\u00f6mb<\/strong>ben zajlik, saj\u00e1t laptopon vagy a helysz\u00ednen biztos\u00edtott sz\u00e1m\u00edt\u00f3g\u00e9pek haszn\u00e1lat\u00e1val.<\/li>\n<li>Az oktat\u00e1s anyaga tank\u00f6nyv form\u00e1ban beszerzend\u0151, amelynek \u00e1ra kb. 3000 forint \u2013 err\u0151l a k\u00e9pz\u00e9s els\u0151 alkalm\u00e1n adunk t\u00e1j\u00e9koztat\u00e1st. Ennek c\u00edme: <i>Elbert-H\u00e9ger-Holl\u00f3si-Mogyor\u00f3s-Seidler: G\u00e9p\u00edr\u00e1s a bet\u0171tanul\u00e1st\u00f3l a hivatalos levelekig\u00a0<\/i><\/li>\n<\/ul>\n<table style=\"border-collapse: collapse;width: 100%\">\n<tbody>\n<tr>\n<td style=\"width: 55.2364%\">\n<p style=\"text-align: center\"><strong>A tervezett id\u0151pontok: A jelentkez\u00e9s jelenleg inakt\u00edv.<\/strong><\/p>\n<\/td>\n<td style=\"width: 44.7636%;text-align: center\"><strong><em>Hozz\u00e1ad\u00e1s Google Napt\u00e1rhoz:<\/em><img loading=\"lazy\" decoding=\"async\" class=\"aligncenter wp-image-943\" src=\"https:\/\/semmelweis.hu\/alumni\/files\/2019\/10\/Google-Calendar-icon.png\" alt=\"\" width=\"50\" height=\"50\" srcset=\"https:\/\/semmelweis.hu\/alumni\/files\/2019\/10\/Google-Calendar-icon.png 512w, https:\/\/semmelweis.hu\/alumni\/files\/2019\/10\/Google-Calendar-icon-150x150.png 150w, https:\/\/semmelweis.hu\/alumni\/files\/2019\/10\/Google-Calendar-icon-300x300.png 300w\" sizes=\"auto, (max-width: 50px) 100vw, 50px\" \/><\/strong><\/td>\n<\/tr>\n<\/tbody>\n<\/table>\n<p style=\"text-align: center\"><strong>A tanfolyam indul\u00e1s\u00e1nak ideje: inakt\u00edv. Jelentkez\u00e9si hat\u00e1rid\u0151: inakt\u00edv.\u00a0<\/strong><\/p>\n<p>&nbsp;<\/p>\n","protected":false},"excerpt":{"rendered":"<p><a href=\"https:\/\/semmelweis.hu\/alumni\/files\/2019\/08\/gyorsg\u00e9pel\u00e9s_icon.png\"><\/a> B\u00e1rmennyi id\u0151t is t\u00f6lt valaki sz\u00e1m\u00edt\u00f3g\u00e9p el\u0151tt a h\u00e9tk\u00f6znapokban, ak\u00e1r az eg\u00e9szs\u00e9g\u00fcgyben, ak\u00e1r b\u00e1rmilyen adminisztrat\u00edv munkak\u00f6rben dolgozva nem ker\u00fclheti ki az adminisztr\u00e1ci\u00f3t: v\u00e9d\u0151n\u0151k\u00e9nt, dietetikusk\u00e9nt, orvosk\u00e9nt, gy\u00f3gyszer\u00e9szk\u00e9nt \u2013 \u00e9s \u00edgy tov\u00e1bb \u2013 nem kev\u00e9s napl\u00f3t, jegyz\u0151k\u00f6nyvet, jelent\u00e9st, igazol\u00e1st kell majd meg\u00edrnia, nem besz\u00e9lve a hivatalos levelez\u00e9sekr\u0151l. Az pedig a legkev\u00e9sb\u00e9 sem mindegy, hogy\u00a0mennyi id\u0151det veszi el &hellip;<\/p>\n","protected":false},"author":101158,"featured_media":0,"parent":789,"menu_order":0,"comment_status":"closed","ping_status":"closed","template":"","meta":{"_acf_changed":false,"footnotes":""},"categories":[],"tags":[],"class_list":["post-412","page","type-page","status-publish","hentry"],"acf":[],"publishpress_future_action":{"enabled":false,"date":"1970-01-01 01:00:00","action":"","terms":[],"taxonomy":"","browser_timezone_offset":0},"_links":{"self":[{"href":"https:\/\/semmelweis.hu\/alumni\/wp-json\/wp\/v2\/pages\/412","targetHints":{"allow":["GET"]}}],"collection":[{"href":"https:\/\/semmelweis.hu\/alumni\/wp-json\/wp\/v2\/pages"}],"about":[{"href":"https:\/\/semmelweis.hu\/alumni\/wp-json\/wp\/v2\/types\/page"}],"author":[{"embeddable":true,"href":"https:\/\/semmelweis.hu\/alumni\/wp-json\/wp\/v2\/users\/101158"}],"replies":[{"embeddable":true,"href":"https:\/\/semmelweis.hu\/alumni\/wp-json\/wp\/v2\/comments?post=412"}],"version-history":[{"count":10,"href":"https:\/\/semmelweis.hu\/alumni\/wp-json\/wp\/v2\/pages\/412\/revisions"}],"predecessor-version":[{"id":3260,"href":"https:\/\/semmelweis.hu\/alumni\/wp-json\/wp\/v2\/pages\/412\/revisions\/3260"}],"up":[{"embeddable":true,"href":"https:\/\/semmelweis.hu\/alumni\/wp-json\/wp\/v2\/pages\/789"}],"wp:attachment":[{"href":"https:\/\/semmelweis.hu\/alumni\/wp-json\/wp\/v2\/media?parent=412"}],"wp:term":[{"taxonomy":"category","embeddable":true,"href":"https:\/\/semmelweis.hu\/alumni\/wp-json\/wp\/v2\/categories?post=412"},{"taxonomy":"post_tag","embeddable":true,"href":"https:\/\/semmelweis.hu\/alumni\/wp-json\/wp\/v2\/tags?post=412"}],"curies":[{"name":"wp","href":"https:\/\/api.w.org\/{rel}","templated":true}]}}