{"id":41120,"date":"2026-03-25T19:35:54","date_gmt":"2026-03-25T18:35:54","guid":{"rendered":"https:\/\/semmelweis.hu\/alumni\/?page_id=41120"},"modified":"2026-03-26T09:44:32","modified_gmt":"2026-03-26T08:44:32","slug":"ido-es-feladatmenedzsment-hogyan-szerezzuk-vissza-az-iranyitast-2026-aprilis-16-csutortok-es-2026-majus-28-csutortok","status":"publish","type":"page","link":"https:\/\/semmelweis.hu\/alumni\/szolgaltatasok\/kepzeseink\/szemelyes-kepzeseink\/ido-es-feladatmenedzsment-hogyan-szerezzuk-vissza-az-iranyitast-2026-aprilis-16-csutortok-es-2026-majus-28-csutortok\/","title":{"rendered":"Id\u0151 \u00e9s feladatmenedzsment, hogyan szerezz\u00fck vissza az ir\u00e1ny\u00edt\u00e1st? &#8211; 2026. \u00e1prilis 16., cs\u00fct\u00f6rt\u00f6k \u00e9s 2026. m\u00e1jus 28., cs\u00fct\u00f6rt\u00f6k"},"content":{"rendered":"<p style=\"text-align: justify\" data-start=\"20\" data-end=\"416\"><img loading=\"lazy\" decoding=\"async\" class=\"size-medium wp-image-41121 alignright\" src=\"https:\/\/semmelweis.hu\/alumni\/files\/2026\/03\/Resources_Tips_Tricks_Time_Managment-400x225.jpg\" alt=\"\" width=\"400\" height=\"225\" srcset=\"https:\/\/semmelweis.hu\/alumni\/files\/2026\/03\/Resources_Tips_Tricks_Time_Managment-400x225.jpg 400w, https:\/\/semmelweis.hu\/alumni\/files\/2026\/03\/Resources_Tips_Tricks_Time_Managment-1024x576.jpg 1024w, https:\/\/semmelweis.hu\/alumni\/files\/2026\/03\/Resources_Tips_Tricks_Time_Managment-768x432.jpg 768w, https:\/\/semmelweis.hu\/alumni\/files\/2026\/03\/Resources_Tips_Tricks_Time_Managment-753x424.jpg 753w, https:\/\/semmelweis.hu\/alumni\/files\/2026\/03\/Resources_Tips_Tricks_Time_Managment.jpg 1280w\" sizes=\"auto, (max-width: 400px) 100vw, 400px\" \/>Az \u201eId\u0151- \u00e9s feladatmenedzsment \u2013 hogyan szerezz\u00fck vissza az ir\u00e1ny\u00edt\u00e1st?\u201d c\u00edm\u0171 k\u00e9pz\u00e9s a mindennapi munkav\u00e9gz\u00e9s egyik legfontosabb ter\u00fclet\u00e9re, az id\u0151 tudatos \u00e9s hat\u00e9kony kezel\u00e9s\u00e9re f\u00f3kusz\u00e1l. A program gyakorlati megk\u00f6zel\u00edt\u00e9sben seg\u00edti a r\u00e9sztvev\u0151ket abban, hogy \u00e1tl\u00e1that\u00f3bban szervezz\u00e9k feladataikat, tiszt\u00e1bban l\u00e1ss\u00e1k felel\u0151ss\u00e9gi k\u00f6reiket, \u00e9s visszanyerj\u00e9k az ir\u00e1ny\u00edt\u00e1st a munkafolyamataik felett.<\/p>\n<p style=\"text-align: justify\" data-start=\"418\" data-end=\"728\">A k\u00e9pz\u00e9s sor\u00e1n kiemelt figyelmet kap a prioriz\u00e1l\u00e1s: hogyan k\u00fcl\u00f6n\u00edts\u00fck el a val\u00f3ban fontos feladatokat a kev\u00e9sb\u00e9 l\u00e9nyeges \u201ezajt\u00f3l\u201d, \u00e9s mik\u00e9nt \u00e9rtelmezz\u00fck helyesen a s\u00fcrg\u0151ss\u00e9get. Emellett sz\u00f3 esik a t\u00falterhelts\u00e9g kezel\u00e9s\u00e9r\u0151l, a t\u00faltervez\u00e9s vesz\u00e9lyeir\u0151l, valamint a re\u00e1lis \u00e9s tarthat\u00f3 hat\u00e1rid\u0151k kialak\u00edt\u00e1s\u00e1r\u00f3l is.<\/p>\n<p style=\"text-align: justify\" data-start=\"730\" data-end=\"875\">K\u00fcl\u00f6n hangs\u00falyt kap a hat\u00e9kony kommunik\u00e1ci\u00f3 szerepe: hogyan egyeztess\u00fcnk feladatokat \u00fagy, hogy elker\u00fclj\u00fck a f\u00e9lre\u00e9rt\u00e9seket \u00e9s a bizonytalans\u00e1got.<\/p>\n<h5 style=\"text-align: justify\" data-start=\"877\" data-end=\"1038\"><em>A k\u00e9pz\u00e9s c\u00e9lja, hogy a r\u00e9sztvev\u0151k legal\u00e1bb egy olyan azonnal alkalmazhat\u00f3 m\u00f3dszerrel t\u00e9rjenek haza, amelyet m\u00e1r m\u00e1snap be tudnak \u00e9p\u00edteni a mindennapi munk\u00e1jukba.<\/em><\/h5>\n<h3>\u00a0<\/h3>\n<h3>A tr\u00e9ning jellemz\u0151i:<\/h3>\n<ul>\n<li>A tanfolyamot offline tartjuk.\u00a0<\/li>\n<li>A tr\u00e9ning 17:00-t\u00f3l 20:00-ig tart. A tr\u00e9ning tematik\u00e1ja egy \u00edvet k\u00f6vet, ez\u00e9rt annak \u00e9rdemes jelentkezni, aki a teljes id\u0151tartamban jelen tud lenni.<\/li>\n<li>A tr\u00e9ning maxim\u00e1lis l\u00e9tsz\u00e1ma az interakt\u00edv forma miatt 20 f\u0151<\/li>\n<li>A r\u00e9szv\u00e9tel a Semmelweis Egyetem b\u00e1rmely v\u00e9gzett hallgat\u00f3ja sz\u00e1m\u00e1ra ingyenes, de regisztr\u00e1ci\u00f3hoz k\u00f6t\u00f6tt.<\/li>\n<li>Tr\u00e9ner: Dr. Gyarmathy Mikl\u00f3s<\/li>\n<li><strong>A soron k\u00f6vetkez\u0151 k\u00e9pz\u00e9s id\u0151pontja: 2026. \u00e1prilis 16., cs\u00fct\u00f6rt\u00f6k \u00e9s 2026. m\u00e1jus 28., cs\u00fct\u00f6rt\u00f6k\u00a0<\/strong><\/li>\n<li>A tanfolyam helysz\u00edne: 1085 Budapest, \u00dcll\u0151i \u00fat 26. K\u00f6zponti Igazgat\u00e1si \u00c9p\u00fclet fsz. 6. terem\u00a0<\/li>\n<li>Fontos! A k\u00e9pz\u00e9sen az els\u0151 20 jelentkez\u0151 tud majd r\u00e9szt venni, a tov\u00e1bbiakban v\u00e1r\u00f3list\u00e1ra ker\u00fclnek a jelentkez\u0151k, k\u00e9rj\u00fck, hogy a jelentkez\u00e9st kezelj\u00e9k felel\u0151ss\u00e9ggel! Amennyiben a jelentkez\u0151 a k\u00e9pz\u00e9st nem mondja le \u00e9s nem jelenik meg a k\u00e9pz\u00e9sen, akkor ebben a f\u00e9l\u00e9vben az Alumni \u00e1ltal szervezett k\u00e9pz\u00e9seken m\u00e1r nem vehet r\u00e9szt.\u00a0<\/li>\n<\/ul>\n<p style=\"text-align: center\" data-start=\"1120\" data-end=\"1154\" data-is-last-node=\"\" data-is-only-node=\"\"><a class=\"button\" href=\"https:\/\/outlook.office.com\/book\/Kpzsek@unisemmelweis.onmicrosoft.com\/s\/H-8QCB5d-USOOMlXfrCCbQ2?ismsaljsauthenabled\" target=\"_blank\" rel=\"noopener\">jelentkez\u00e9s<\/a><\/p>\n","protected":false},"excerpt":{"rendered":"<p>Az \u201eId\u0151- \u00e9s feladatmenedzsment \u2013 hogyan szerezz\u00fck vissza az ir\u00e1ny\u00edt\u00e1st?\u201d c\u00edm\u0171 k\u00e9pz\u00e9s a mindennapi munkav\u00e9gz\u00e9s egyik legfontosabb ter\u00fclet\u00e9re, az id\u0151 tudatos \u00e9s hat\u00e9kony kezel\u00e9s\u00e9re f\u00f3kusz\u00e1l. A program gyakorlati megk\u00f6zel\u00edt\u00e9sben seg\u00edti a r\u00e9sztvev\u0151ket abban, hogy \u00e1tl\u00e1that\u00f3bban szervezz\u00e9k feladataikat, tiszt\u00e1bban l\u00e1ss\u00e1k felel\u0151ss\u00e9gi k\u00f6reiket, \u00e9s visszanyerj\u00e9k az ir\u00e1ny\u00edt\u00e1st a munkafolyamataik felett. A k\u00e9pz\u00e9s sor\u00e1n kiemelt figyelmet kap a &hellip;<\/p>\n","protected":false},"author":101947,"featured_media":41102,"parent":4874,"menu_order":0,"comment_status":"closed","ping_status":"closed","template":"template-fullwidth.php","meta":{"_acf_changed":false,"footnotes":""},"categories":[336],"tags":[],"class_list":["post-41120","page","type-page","status-publish","has-post-thumbnail","hentry","category-aktualiskepzesek"],"acf":[],"publishpress_future_action":{"enabled":false,"date":"1970-01-01 01:00:00","action":"","terms":[],"taxonomy":"","browser_timezone_offset":0},"_links":{"self":[{"href":"https:\/\/semmelweis.hu\/alumni\/wp-json\/wp\/v2\/pages\/41120","targetHints":{"allow":["GET"]}}],"collection":[{"href":"https:\/\/semmelweis.hu\/alumni\/wp-json\/wp\/v2\/pages"}],"about":[{"href":"https:\/\/semmelweis.hu\/alumni\/wp-json\/wp\/v2\/types\/page"}],"author":[{"embeddable":true,"href":"https:\/\/semmelweis.hu\/alumni\/wp-json\/wp\/v2\/users\/101947"}],"replies":[{"embeddable":true,"href":"https:\/\/semmelweis.hu\/alumni\/wp-json\/wp\/v2\/comments?post=41120"}],"version-history":[{"count":3,"href":"https:\/\/semmelweis.hu\/alumni\/wp-json\/wp\/v2\/pages\/41120\/revisions"}],"predecessor-version":[{"id":41137,"href":"https:\/\/semmelweis.hu\/alumni\/wp-json\/wp\/v2\/pages\/41120\/revisions\/41137"}],"up":[{"embeddable":true,"href":"https:\/\/semmelweis.hu\/alumni\/wp-json\/wp\/v2\/pages\/4874"}],"wp:featuredmedia":[{"embeddable":true,"href":"https:\/\/semmelweis.hu\/alumni\/wp-json\/wp\/v2\/media\/41102"}],"wp:attachment":[{"href":"https:\/\/semmelweis.hu\/alumni\/wp-json\/wp\/v2\/media?parent=41120"}],"wp:term":[{"taxonomy":"category","embeddable":true,"href":"https:\/\/semmelweis.hu\/alumni\/wp-json\/wp\/v2\/categories?post=41120"},{"taxonomy":"post_tag","embeddable":true,"href":"https:\/\/semmelweis.hu\/alumni\/wp-json\/wp\/v2\/tags?post=41120"}],"curies":[{"name":"wp","href":"https:\/\/api.w.org\/{rel}","templated":true}]}}