{"id":40631,"date":"2026-03-05T09:41:55","date_gmt":"2026-03-05T08:41:55","guid":{"rendered":"https:\/\/semmelweis.hu\/alumni\/?page_id=40631"},"modified":"2026-03-05T09:41:55","modified_gmt":"2026-03-05T08:41:55","slug":"simplepay-hiba-2","status":"publish","type":"page","link":"https:\/\/semmelweis.hu\/alumni\/simplepay-hiba-2\/","title":{"rendered":"Simplepay hiba"},"content":{"rendered":"<h2>Sikertelen fizet\u00e9s\u00a0<\/h2>\n<div class=\"responsive-tabs\">\n<h2 class=\"tabtitle\">Payment Details<\/h2>\n<div class=\"tabcontent\">\n\n<p>&nbsp;<\/p>\n<p>Failed Page Fields (FAIL)<\/p>\n<p>Failed message: K\u00e9rj\u00fck, ellen\u0151rizze a tranzakci\u00f3 sor\u00e1n megadott adatok helyess\u00e9g\u00e9t. Amennyiben minden adatot helyesen adott meg, a visszautas\u00edt\u00e1s ok\u00e1nak kivizsg\u00e1l\u00e1sa \u00e9rdek\u00e9ben k\u00e9rj\u00fck, sz\u00edveskedjen kapcsolatba l\u00e9pni k\u00e1rtyakibocs\u00e1t\u00f3 bankj\u00e1val.<br \/>\nTransaction Id: <br \/>\nError Page Fields (ERROR)<\/p>\n<p>Error message: Hiba t\u00f6rt\u00e9nt a fizet\u00e9s sor\u00e1n.<br \/>\nFields<\/p>\n<p>Order Id: <br \/>\nTransaction Id: <br \/>\nClient Id: <br \/>\nResponse Code: <br \/>\nResponse Text: <br \/>\nAmount: <br \/>\nCurrency: <br \/>\nCreated Date: <br \/>\nUpdated Date: <\/p>\n<\/div><\/div>\n","protected":false},"excerpt":{"rendered":"<p>Sikertelen fizet\u00e9s\u00a0<\/p>\n<p>&nbsp;<br \/>\nFailed Page Fields (FAIL)<br \/>\nFailed message:<br \/>\nTransaction Id:<br \/>\nError Page Fields (ERROR)<br \/>\nError message:<br \/>\nFields<br \/>\nOrder Id:<br \/>\nTransaction Id:<br \/>\nClient Id:<br \/>\nResponse Code:<br \/>\nResponse Text:<br \/>\nAmount:<br \/>\nCurrency:<br \/>\nCreated Date:<br \/>\nUpdated Date: <\/p>\n","protected":false},"author":101934,"featured_media":0,"parent":0,"menu_order":0,"comment_status":"closed","ping_status":"closed","template":"","meta":{"_acf_changed":false,"footnotes":""},"categories":[],"tags":[],"class_list":["post-40631","page","type-page","status-publish","hentry"],"acf":[],"publishpress_future_action":{"enabled":false,"date":"1970-01-01 01:00:00","action":"","terms":[],"taxonomy":"","browser_timezone_offset":0},"_links":{"self":[{"href":"https:\/\/semmelweis.hu\/alumni\/wp-json\/wp\/v2\/pages\/40631","targetHints":{"allow":["GET"]}}],"collection":[{"href":"https:\/\/semmelweis.hu\/alumni\/wp-json\/wp\/v2\/pages"}],"about":[{"href":"https:\/\/semmelweis.hu\/alumni\/wp-json\/wp\/v2\/types\/page"}],"author":[{"embeddable":true,"href":"https:\/\/semmelweis.hu\/alumni\/wp-json\/wp\/v2\/users\/101934"}],"replies":[{"embeddable":true,"href":"https:\/\/semmelweis.hu\/alumni\/wp-json\/wp\/v2\/comments?post=40631"}],"version-history":[{"count":1,"href":"https:\/\/semmelweis.hu\/alumni\/wp-json\/wp\/v2\/pages\/40631\/revisions"}],"predecessor-version":[{"id":40632,"href":"https:\/\/semmelweis.hu\/alumni\/wp-json\/wp\/v2\/pages\/40631\/revisions\/40632"}],"wp:attachment":[{"href":"https:\/\/semmelweis.hu\/alumni\/wp-json\/wp\/v2\/media?parent=40631"}],"wp:term":[{"taxonomy":"category","embeddable":true,"href":"https:\/\/semmelweis.hu\/alumni\/wp-json\/wp\/v2\/categories?post=40631"},{"taxonomy":"post_tag","embeddable":true,"href":"https:\/\/semmelweis.hu\/alumni\/wp-json\/wp\/v2\/tags?post=40631"}],"curies":[{"name":"wp","href":"https:\/\/api.w.org\/{rel}","templated":true}]}}