{"id":40629,"date":"2026-03-05T09:41:07","date_gmt":"2026-03-05T08:41:07","guid":{"rendered":"https:\/\/semmelweis.hu\/alumni\/?page_id=40629"},"modified":"2026-03-05T09:41:07","modified_gmt":"2026-03-05T08:41:07","slug":"fizetett-oldal-azonositoja","status":"publish","type":"page","link":"https:\/\/semmelweis.hu\/alumni\/fizetett-oldal-azonositoja\/","title":{"rendered":"Fizetett oldal azonos\u00edt\u00f3ja"},"content":{"rendered":"<p>Sikeres tranzakci\u00f3.<br \/>\nTranzakci\u00f3 azonos\u00edt\u00f3: <\/p>\n","protected":false},"excerpt":{"rendered":"<p>Tranzakci\u00f3 azonos\u00edt\u00f3: <\/p>\n","protected":false},"author":101934,"featured_media":0,"parent":0,"menu_order":0,"comment_status":"closed","ping_status":"closed","template":"","meta":{"_acf_changed":false,"footnotes":""},"categories":[],"tags":[],"class_list":["post-40629","page","type-page","status-publish","hentry"],"acf":[],"publishpress_future_action":{"enabled":false,"date":"1970-01-01 01:00:00","action":"","terms":[],"taxonomy":"","browser_timezone_offset":0},"_links":{"self":[{"href":"https:\/\/semmelweis.hu\/alumni\/wp-json\/wp\/v2\/pages\/40629","targetHints":{"allow":["GET"]}}],"collection":[{"href":"https:\/\/semmelweis.hu\/alumni\/wp-json\/wp\/v2\/pages"}],"about":[{"href":"https:\/\/semmelweis.hu\/alumni\/wp-json\/wp\/v2\/types\/page"}],"author":[{"embeddable":true,"href":"https:\/\/semmelweis.hu\/alumni\/wp-json\/wp\/v2\/users\/101934"}],"replies":[{"embeddable":true,"href":"https:\/\/semmelweis.hu\/alumni\/wp-json\/wp\/v2\/comments?post=40629"}],"version-history":[{"count":1,"href":"https:\/\/semmelweis.hu\/alumni\/wp-json\/wp\/v2\/pages\/40629\/revisions"}],"predecessor-version":[{"id":40630,"href":"https:\/\/semmelweis.hu\/alumni\/wp-json\/wp\/v2\/pages\/40629\/revisions\/40630"}],"wp:attachment":[{"href":"https:\/\/semmelweis.hu\/alumni\/wp-json\/wp\/v2\/media?parent=40629"}],"wp:term":[{"taxonomy":"category","embeddable":true,"href":"https:\/\/semmelweis.hu\/alumni\/wp-json\/wp\/v2\/categories?post=40629"},{"taxonomy":"post_tag","embeddable":true,"href":"https:\/\/semmelweis.hu\/alumni\/wp-json\/wp\/v2\/tags?post=40629"}],"curies":[{"name":"wp","href":"https:\/\/api.w.org\/{rel}","templated":true}]}}