{"id":394,"date":"2019-08-27T19:18:33","date_gmt":"2019-08-27T17:18:33","guid":{"rendered":"http:\/\/semmelweis.hu\/alumni\/?page_id=394"},"modified":"2019-09-29T15:08:29","modified_gmt":"2019-09-29T13:08:29","slug":"milyen-selfie-ket-keszit-az-okos-palyakezdo","status":"publish","type":"page","link":"https:\/\/semmelweis.hu\/alumni\/szolgaltatasok\/kepzeseink\/korabbi-kepzeseink\/milyen-selfie-ket-keszit-az-okos-palyakezdo\/","title":{"rendered":"Milyen selfie-ket k\u00e9sz\u00edt az okos p\u00e1lyakezd\u0151?"},"content":{"rendered":"<div><a href=\"https:\/\/semmelweis.hu\/alumni\/files\/2019\/08\/selfie-round.png\"><img loading=\"lazy\" decoding=\"async\" class=\" wp-image-314 alignleft\" src=\"https:\/\/semmelweis.hu\/alumni\/files\/2019\/08\/selfie-round.png\" alt=\"\" width=\"302\" height=\"313\" srcset=\"https:\/\/semmelweis.hu\/alumni\/files\/2019\/08\/selfie-round.png 333w, https:\/\/semmelweis.hu\/alumni\/files\/2019\/08\/selfie-round-289x300.png 289w\" sizes=\"auto, (max-width: 302px) 100vw, 302px\" \/><\/a>Online \u00e9s offline profil \u00e9p\u00edt\u00e9se m\u00e1r az egyetem alatt, \u00f6n\u00e9letrajzokt\u00f3l a k\u00f6z\u00f6ss\u00e9gi m\u00e9di\u00e1n \u00e1t az \u00e1ll\u00e1saj\u00e1nlatokig.<\/div>\n<div dir=\"auto\">Az el\u0151ad\u00e1s egy \u00fajfajta megk\u00f6zel\u00edt\u00e9se szakmai \u00e9ned menedzsel\u00e9s\u00e9nek \u00e9s az \u00f6n\u00e9letrajz \u00edr\u00e1snak. A tipikus offline \u00f6n\u00e9letrajz \u00edr\u00e1s mellett az online megjelen\u00e9sre is nagy hangs\u00falyt fektet az el\u0151ad\u00f3, mivel az ut\u00f3bbi egyre nagyobb szerepnek \u00f6rvend az \u00e1ll\u00e1skeres\u0151k \u00e9s munk\u00e1ltat\u00f3k vil\u00e1g\u00e1ban. Azaz: hi\u00e1ba \u00edrsz j\u00f3 \u00f6n\u00e9letrajzot, ha az online vil\u00e1gban nem ford\u00edtasz figyelmet a megjelen\u00e9sedre!<\/div>\n<div><b>Az el\u0151ad\u00f3<\/b>: Kocsis Janka, gy\u00f3gyszer\u00e9sz, karriertan\u00e1csad\u00f3 \u00e9s a t\u00f6bb f\u00e9l\u00e9vben nagy sikerrel fut\u00f3 self-branding m\u0171helytart\u00f3ja.<\/div>\n<div dir=\"auto\"><b>Kinek sz\u00f3l<\/b>: Az el\u0151ad\u00e1sra m\u00e1r ak\u00e1r els\u0151\u00e9vesk\u00e9nt is j\u00f6hetsz, hiszen vannak elemek, amikkel m\u00e1r Te is b\u0171v\u00e9szkedhetsz \u2013 de akik legt\u00f6bbet profit\u00e1lhatnak az el\u0151ad\u00e1sb\u00f3l, azok az utols\u00f3, illetve azel\u0151tti \u00e9vfolyamon tanul\u00f3k. Minden szakon \u00e9s karon tanul\u00f3 hallgat\u00f3nak aj\u00e1nljuk az el\u0151ad\u00e1st.<\/div>\n<div dir=\"auto\">K\u00e9rd\u00e9sek, amelyekre az el\u0151ad\u00e1son v\u00e1laszt kapsz:<\/div>\n<div dir=\"auto\">\u2013 Mivel vagy m\u00e1r most biztosan elk\u00e9sve?<\/div>\n<div dir=\"auto\">\u2013 Mi az, amivel \u00e9rdemes ak\u00e1r minden h\u00e9ten foglalkoznod egy kicsit?<\/div>\n<div dir=\"auto\">\n<div>OFFLINE r\u00e9sz:<\/div>\n<div>\u2013 Mikre nem gondolt\u00e1l m\u00e9g egy tipikus (offline) \u00f6n\u00e9letrajz meg\u00edr\u00e1sa sor\u00e1n?<\/div>\n<div>\u2013 Mit v\u00e1r el a Te szakter\u00fcleted egy \u00f6n\u00e9letrajzzal kapcsolatban?<\/div>\n<\/div>\n<div dir=\"auto\">Illetve az el\u0151ad\u00e1s megeml\u00edt egy-egy frapp\u00e1ns tippet, valamint kit\u00e9r a tipikus hib\u00e1kra.<\/div>\n<div>ONLINE r\u00e9sz:<\/div>\n<div>\u2013 Hogyan legyek felel\u0151s facebook haszn\u00e1l\u00f3? Mennyire legyek paranoi\u00e1s ezzel kapcsolatban?<\/div>\n<div dir=\"auto\">\u2013 Ismered a LinkedIn-t? A munk\u00e1ltat\u00f3k m\u00e1r ismerik. Hogyan legyen profi LinkedIn profilom?<\/div>\n<div dir=\"auto\">V\u00e9g\u00fcl:<\/div>\n<div dir=\"auto\">\n<div>\u2013 Hogy kezdjek neki az \u00e1ll\u00e1skeres\u00e9snek?<\/div>\n<div>\u2013 Hogyan k\u00e9sz\u00fcljek fel egy interj\u00fara?<\/div>\n<div dir=\"auto\">Ez a szemin\u00e1rium jelleg\u0171, interakt\u00edv el\u0151ad\u00e1s alapvet\u0151 jelent\u0151s\u00e9g\u0171 mindenkinek, aki p\u00e1lyakezd\u00e9shez k\u00f6zeledik \u2013 v\u00e1runk T\u00e9ged is sok szeretettel!<\/div>\n<div dir=\"auto\"><\/div>\n<div dir=\"auto\" style=\"text-align: center\"><b>A m\u0171hely \u00e9rdekl\u0151d\u00e9s hi\u00e1ny\u00e1ban elmarad.\u00a0<\/b><\/div>\n<\/div>\n","protected":false},"excerpt":{"rendered":"<p><a href=\"https:\/\/semmelweis.hu\/alumni\/files\/2019\/08\/selfie-round.png\"><\/a> Online \u00e9s offline profil \u00e9p\u00edt\u00e9se m\u00e1r az egyetem alatt, \u00f6n\u00e9letrajzokt\u00f3l a k\u00f6z\u00f6ss\u00e9gi m\u00e9di\u00e1n \u00e1t az \u00e1ll\u00e1saj\u00e1nlatokig. Az el\u0151ad\u00e1s egy \u00fajfajta megk\u00f6zel\u00edt\u00e9se szakmai \u00e9ned menedzsel\u00e9s\u00e9nek \u00e9s az \u00f6n\u00e9letrajz \u00edr\u00e1snak. A tipikus offline \u00f6n\u00e9letrajz \u00edr\u00e1s mellett az online megjelen\u00e9sre is nagy hangs\u00falyt fektet az el\u0151ad\u00f3, mivel az ut\u00f3bbi egyre nagyobb szerepnek \u00f6rvend az \u00e1ll\u00e1skeres\u0151k \u00e9s munk\u00e1ltat\u00f3k vil\u00e1g\u00e1ban. &hellip;<\/p>\n","protected":false},"author":101158,"featured_media":0,"parent":789,"menu_order":0,"comment_status":"closed","ping_status":"closed","template":"","meta":{"_acf_changed":false,"footnotes":""},"categories":[],"tags":[],"class_list":["post-394","page","type-page","status-publish","hentry"],"acf":[],"publishpress_future_action":{"enabled":false,"date":"1970-01-01 01:00:00","action":"","terms":[],"taxonomy":"","browser_timezone_offset":0},"_links":{"self":[{"href":"https:\/\/semmelweis.hu\/alumni\/wp-json\/wp\/v2\/pages\/394","targetHints":{"allow":["GET"]}}],"collection":[{"href":"https:\/\/semmelweis.hu\/alumni\/wp-json\/wp\/v2\/pages"}],"about":[{"href":"https:\/\/semmelweis.hu\/alumni\/wp-json\/wp\/v2\/types\/page"}],"author":[{"embeddable":true,"href":"https:\/\/semmelweis.hu\/alumni\/wp-json\/wp\/v2\/users\/101158"}],"replies":[{"embeddable":true,"href":"https:\/\/semmelweis.hu\/alumni\/wp-json\/wp\/v2\/comments?post=394"}],"version-history":[{"count":2,"href":"https:\/\/semmelweis.hu\/alumni\/wp-json\/wp\/v2\/pages\/394\/revisions"}],"predecessor-version":[{"id":396,"href":"https:\/\/semmelweis.hu\/alumni\/wp-json\/wp\/v2\/pages\/394\/revisions\/396"}],"up":[{"embeddable":true,"href":"https:\/\/semmelweis.hu\/alumni\/wp-json\/wp\/v2\/pages\/789"}],"wp:attachment":[{"href":"https:\/\/semmelweis.hu\/alumni\/wp-json\/wp\/v2\/media?parent=394"}],"wp:term":[{"taxonomy":"category","embeddable":true,"href":"https:\/\/semmelweis.hu\/alumni\/wp-json\/wp\/v2\/categories?post=394"},{"taxonomy":"post_tag","embeddable":true,"href":"https:\/\/semmelweis.hu\/alumni\/wp-json\/wp\/v2\/tags?post=394"}],"curies":[{"name":"wp","href":"https:\/\/api.w.org\/{rel}","templated":true}]}}