{"id":39253,"date":"2026-03-20T09:49:52","date_gmt":"2026-03-20T08:49:52","guid":{"rendered":"https:\/\/semmelweis.hu\/alumni\/?page_id=39253"},"modified":"2026-03-20T11:26:28","modified_gmt":"2026-03-20T10:26:28","slug":"az-almodo-agy-a-tudat-ejszakai-laboratoriuma","status":"publish","type":"page","link":"https:\/\/semmelweis.hu\/alumni\/szolgaltatasok\/kepzeseink\/szemelyes-kepzeseink\/az-almodo-agy-a-tudat-ejszakai-laboratoriuma\/","title":{"rendered":"Az \u00e1lmod\u00f3 agy. A tudat \u00e9jszakai laborat\u00f3riuma"},"content":{"rendered":"<h5 style=\"text-align: center\"><span style=\"font-size: 18pt\">Az \u00e1lmod\u00f3 agy<\/span><br \/>\r\n<span style=\"font-size: 18pt\">A tudat \u00e9jszakai laborat\u00f3riuma<\/span><\/h5>\r\n<p><img loading=\"lazy\" decoding=\"async\" class=\"size-medium wp-image-39546 alignright\" src=\"https:\/\/semmelweis.hu\/alumni\/files\/2026\/01\/Brain-Memory-Dream-Concept-400x267.jpg\" alt=\"\" width=\"400\" height=\"267\" srcset=\"https:\/\/semmelweis.hu\/alumni\/files\/2026\/01\/Brain-Memory-Dream-Concept-400x267.jpg 400w, https:\/\/semmelweis.hu\/alumni\/files\/2026\/01\/Brain-Memory-Dream-Concept-1024x682.jpg 1024w, https:\/\/semmelweis.hu\/alumni\/files\/2026\/01\/Brain-Memory-Dream-Concept-768x512.jpg 768w, https:\/\/semmelweis.hu\/alumni\/files\/2026\/01\/Brain-Memory-Dream-Concept-1536x1024.jpg 1536w, https:\/\/semmelweis.hu\/alumni\/files\/2026\/01\/Brain-Memory-Dream-Concept-753x502.jpg 753w, https:\/\/semmelweis.hu\/alumni\/files\/2026\/01\/Brain-Memory-Dream-Concept-203x135.jpg 203w, https:\/\/semmelweis.hu\/alumni\/files\/2026\/01\/Brain-Memory-Dream-Concept.jpg 2000w\" sizes=\"auto, (max-width: 400px) 100vw, 400px\" \/><\/p>\r\n<h5 style=\"text-align: justify\" data-start=\"1400\" data-end=\"1476\"><span style=\"font-family: Montserrat;font-size: 14pt\"><strong data-start=\"1400\" data-end=\"1431\">2026. \u00e1prilis 25. (szombat)<\/strong><\/span><br data-start=\"1431\" data-end=\"1434\" \/>\r\n<span style=\"font-family: Montserrat;font-size: 14pt\"><strong data-start=\"1434\" data-end=\"1448\">Id\u0151tartam:<\/strong> 4 \u00f3r\u00e1s k\u00e9pz\u00e9s (10:00\u201314:00)<\/span><\/h5>\r\n<p style=\"text-align: justify\" data-start=\"1478\" data-end=\"1558\"><span style=\"font-family: Montserrat;font-size: 14pt\">Mi\u00e9rt \u00e1lmodunk, \u00e9s mit \u00e1rul el az \u00e1lom az agyr\u00f3l, a tudatr\u00f3l \u00e9s a betegs\u00e9gekr\u0151l?<\/span><\/p>\r\n<p style=\"text-align: justify\" data-start=\"1560\" data-end=\"1837\"><span style=\"font-family: Montserrat;font-size: 14pt\">Ez a tudom\u00e1nyos workshop bevezet az \u00e1lomkutat\u00e1s vil\u00e1g\u00e1ba Freudt\u00f3l eg\u00e9szen a modern k\u00e9palkot\u00f3 elj\u00e1r\u00e1sokig, bele\u00e9rtve a funkcion\u00e1lis m\u00e1gneses rezonanciavizsg\u00e1latot (fMRI). A k\u00e9pz\u00e9s felt\u00e1rja az \u00e1lmod\u00e1s idegtudom\u00e1nyi alapjait, klinikai \u00f6sszef\u00fcgg\u00e9seit \u00e9s pszichol\u00f3giai jelent\u0151s\u00e9g\u00e9t.<\/span><\/p>\r\n<p style=\"text-align: justify\" data-start=\"1839\" data-end=\"2128\"><span style=\"font-family: Montserrat;font-size: 14pt\">A r\u00e9sztvev\u0151k megismerhetik az \u00e1lmod\u00e1s szerep\u00e9t a mem\u00f3ri\u00e1ban, az \u00e9rzelmi szab\u00e1lyoz\u00e1sban, valamint a neurodegenerat\u00edv \u00e9s pszichi\u00e1triai betegs\u00e9gekkel val\u00f3 kapcsolat\u00e1t. Sz\u00f3 esik h\u00edres feltal\u00e1l\u00f3k \u00e9s tud\u00f3sok \u00e1lom\u00e9lm\u00e9nyeir\u0151l is, bemutatva az alv\u00e1s \u00e9s az \u00e1lmod\u00e1s kiakn\u00e1zatlan kreat\u00edv potenci\u00e1lj\u00e1t.<\/span><\/p>\r\n<p style=\"text-align: center\" data-start=\"2130\" data-end=\"2222\"><strong><span style=\"font-family: Montserrat;font-size: 14pt\">Tudom\u00e1ny, klinikum \u00e9s egy csipetnyi rejt\u00e9ly \u2013 az \u00e9jszaka biol\u00f3gi\u00e1j\u00e1nak orvosi \u00e9rtelmez\u00e9sben.<\/span><\/strong><\/p>\r\n<h5><strong><span style=\"font-family: Montserrat\">R\u00e9szv\u00e9teli d\u00edj \u00e9s sz\u00e1ml\u00e1z\u00e1s<\/span><\/strong><\/h5>\r\n<p><span style=\"font-family: Montserrat\">A k\u00e9pz\u00e9s r\u00e9szv\u00e9teli d\u00edja:\u00a0 Semmelweis Egyetemen v\u00e9gzettek r\u00e9sz\u00e9re: <em><strong>9.990 Ft<\/strong><\/em>, valamint<br \/>\r\nb\u00e1rki r\u00e9sz\u00e9re, aki nem a Semmelweis Egyetemen v\u00e9gzett <em><strong>12.990 Ft<\/strong><\/em><\/span><\/p>\r\n<p><span style=\"font-family: Montserrat\">Tr\u00e9ner: Dr. Tur\u00e1nyi Csilla PhD<\/span><\/p>\r\n<p><span style=\"font-family: Montserrat\">A k\u00e9pz\u00e9s helysz\u00edne: 1085 Budapest, \u00dcll\u0151i \u00fat 26. K\u00f6zponti Igazgat\u00e1si \u00c9p\u00fclet fszt. 5. terem\u00a0<\/span><\/p>\r\n<p><span style=\"font-family: Montserrat\">A jelentkez\u00e9st k\u00f6vet\u0151en a r\u00e9szv\u00e9teli d\u00edjr\u00f3l sz\u00e1ml\u00e1t \u00e1ll\u00edtunk ki, amelyet a jelentkez\u00e9skor megadott adatok alapj\u00e1n k\u00fcld\u00fcnk meg.<\/span><\/p>\r\n<p>A k\u00e9pz\u00e9sre a rendelkez\u00e9sre \u00e1ll\u00f3 helyek beteltek.\r\nK\u00f6sz\u00f6nj\u00fck az \u00e9rdekl\u0151d\u00e9st!<\/p>","protected":false},"excerpt":{"rendered":"<p>Az \u00e1lmod\u00f3 agy A tudat \u00e9jszakai laborat\u00f3riuma 2026. \u00e1prilis 25. (szombat) Id\u0151tartam: 4 \u00f3r\u00e1s k\u00e9pz\u00e9s (10:00\u201314:00) Mi\u00e9rt \u00e1lmodunk, \u00e9s mit \u00e1rul el az \u00e1lom az agyr\u00f3l, a tudatr\u00f3l \u00e9s a betegs\u00e9gekr\u0151l? Ez a tudom\u00e1nyos workshop bevezet az \u00e1lomkutat\u00e1s vil\u00e1g\u00e1ba Freudt\u00f3l eg\u00e9szen a modern k\u00e9palkot\u00f3 elj\u00e1r\u00e1sokig, bele\u00e9rtve a funkcion\u00e1lis m\u00e1gneses rezonanciavizsg\u00e1latot (fMRI). A k\u00e9pz\u00e9s felt\u00e1rja az &hellip;<\/p>\n","protected":false},"author":101495,"featured_media":41037,"parent":4874,"menu_order":0,"comment_status":"closed","ping_status":"closed","template":"template-fullwidth.php","meta":{"_acf_changed":false,"footnotes":""},"categories":[336],"tags":[],"class_list":["post-39253","page","type-page","status-publish","has-post-thumbnail","hentry","category-aktualiskepzesek"],"acf":[],"publishpress_future_action":{"enabled":false,"date":"1970-01-01 01:00:00","action":"","terms":[],"taxonomy":"","browser_timezone_offset":0},"_links":{"self":[{"href":"https:\/\/semmelweis.hu\/alumni\/wp-json\/wp\/v2\/pages\/39253","targetHints":{"allow":["GET"]}}],"collection":[{"href":"https:\/\/semmelweis.hu\/alumni\/wp-json\/wp\/v2\/pages"}],"about":[{"href":"https:\/\/semmelweis.hu\/alumni\/wp-json\/wp\/v2\/types\/page"}],"author":[{"embeddable":true,"href":"https:\/\/semmelweis.hu\/alumni\/wp-json\/wp\/v2\/users\/101495"}],"replies":[{"embeddable":true,"href":"https:\/\/semmelweis.hu\/alumni\/wp-json\/wp\/v2\/comments?post=39253"}],"version-history":[{"count":9,"href":"https:\/\/semmelweis.hu\/alumni\/wp-json\/wp\/v2\/pages\/39253\/revisions"}],"predecessor-version":[{"id":41038,"href":"https:\/\/semmelweis.hu\/alumni\/wp-json\/wp\/v2\/pages\/39253\/revisions\/41038"}],"up":[{"embeddable":true,"href":"https:\/\/semmelweis.hu\/alumni\/wp-json\/wp\/v2\/pages\/4874"}],"wp:featuredmedia":[{"embeddable":true,"href":"https:\/\/semmelweis.hu\/alumni\/wp-json\/wp\/v2\/media\/41037"}],"wp:attachment":[{"href":"https:\/\/semmelweis.hu\/alumni\/wp-json\/wp\/v2\/media?parent=39253"}],"wp:term":[{"taxonomy":"category","embeddable":true,"href":"https:\/\/semmelweis.hu\/alumni\/wp-json\/wp\/v2\/categories?post=39253"},{"taxonomy":"post_tag","embeddable":true,"href":"https:\/\/semmelweis.hu\/alumni\/wp-json\/wp\/v2\/tags?post=39253"}],"curies":[{"name":"wp","href":"https:\/\/api.w.org\/{rel}","templated":true}]}}