{"id":389,"date":"2019-08-27T19:15:23","date_gmt":"2019-08-27T17:15:23","guid":{"rendered":"http:\/\/semmelweis.hu\/alumni\/?page_id=389"},"modified":"2019-09-29T15:08:12","modified_gmt":"2019-09-29T13:08:12","slug":"jog-os-onvedelem","status":"publish","type":"page","link":"https:\/\/semmelweis.hu\/alumni\/szolgaltatasok\/kepzeseink\/korabbi-kepzeseink\/jog-os-onvedelem\/","title":{"rendered":"Jog-os \u00f6nv\u00e9delem"},"content":{"rendered":"<p><a href=\"https:\/\/semmelweis.hu\/alumni\/files\/2019\/08\/jog-os-round.png\"><img loading=\"lazy\" decoding=\"async\" class=\"wp-image-311 alignleft\" src=\"https:\/\/semmelweis.hu\/alumni\/files\/2019\/08\/jog-os-round.png\" alt=\"\" width=\"288\" height=\"260\" srcset=\"https:\/\/semmelweis.hu\/alumni\/files\/2019\/08\/jog-os-round.png 366w, https:\/\/semmelweis.hu\/alumni\/files\/2019\/08\/jog-os-round-300x271.png 300w\" sizes=\"auto, (max-width: 288px) 100vw, 288px\" \/><\/a>Hogyan v\u00e9dhet meg egy j\u00f3l kit\u00f6lt\u00f6tt ambul\u00e1ns lap a peresked\u00e9st\u0151l, kit v\u00e9d a t\u00e1j\u00e9koztat\u00e1son alapul\u00f3 belegyez\u00e9s k\u00f6vetelm\u00e9nye \u00e9s milyen h\u00e9tk\u00f6znapi rutinok \u00f3vhatnak meg a s\u00fcrg\u0151ss\u00e9gi ell\u00e1t\u00e1s, a teljes\u00edthetetlen id\u0151beoszt\u00e1sok vagy az eg\u00e9szs\u00e9g\u00fcgyi int\u00e9zm\u00e9ny \u00e1ltal\u00e1nos t\u00falterhelts\u00e9ge miatt elker\u00fclhetetlen jogvit\u00e1kt\u00f3l? Technik\u00e1k \u00e9s gyakorl\u00f3 feladatok az eg\u00e9szs\u00e9g\u00fcgyi ell\u00e1t\u00e1s mindennapi tev\u00e9kenys\u00e9geinek biztons\u00e1gos \u00e9s jogszer\u0171 folytat\u00e1s\u00e1hoz.<\/p>\n<div>M\u0171helytart\u00f3: Dr. Ungv\u00e1ry Botond D\u00e9nes<\/div>\n<div><\/div>\n<div>A k\u00e9pz\u00e9s minimum 5 f\u0151 jelentkez\u00e9s eset\u00e9n indul. Maximum 20 f\u0151 jelentkez\u00e9s\u00e9t tudjuk fogadni.<\/div>\n<div><\/div>\n<p style=\"text-align: center\"><b>A jelentkez\u00e9si id\u0151szak lez\u00e1rult.\u00a0<\/b><\/p>\n","protected":false},"excerpt":{"rendered":"<p><a href=\"https:\/\/semmelweis.hu\/alumni\/files\/2019\/08\/jog-os-round.png\"><\/a> Hogyan v\u00e9dhet meg egy j\u00f3l kit\u00f6lt\u00f6tt ambul\u00e1ns lap a peresked\u00e9st\u0151l, kit v\u00e9d a t\u00e1j\u00e9koztat\u00e1son alapul\u00f3 belegyez\u00e9s k\u00f6vetelm\u00e9nye \u00e9s milyen h\u00e9tk\u00f6znapi rutinok \u00f3vhatnak meg a s\u00fcrg\u0151ss\u00e9gi ell\u00e1t\u00e1s, a teljes\u00edthetetlen id\u0151beoszt\u00e1sok vagy az eg\u00e9szs\u00e9g\u00fcgyi int\u00e9zm\u00e9ny \u00e1ltal\u00e1nos t\u00falterhelts\u00e9ge miatt elker\u00fclhetetlen jogvit\u00e1kt\u00f3l? Technik\u00e1k \u00e9s gyakorl\u00f3 feladatok az eg\u00e9szs\u00e9g\u00fcgyi ell\u00e1t\u00e1s mindennapi tev\u00e9kenys\u00e9geinek biztons\u00e1gos \u00e9s jogszer\u0171 folytat\u00e1s\u00e1hoz. M\u0171helytart\u00f3: Dr. Ungv\u00e1ry Botond &hellip;<\/p>\n","protected":false},"author":101158,"featured_media":0,"parent":789,"menu_order":0,"comment_status":"closed","ping_status":"closed","template":"","meta":{"_acf_changed":false,"footnotes":""},"categories":[],"tags":[],"class_list":["post-389","page","type-page","status-publish","hentry"],"acf":[],"publishpress_future_action":{"enabled":false,"date":"1970-01-01 01:00:00","action":"","terms":[],"taxonomy":"","browser_timezone_offset":0},"_links":{"self":[{"href":"https:\/\/semmelweis.hu\/alumni\/wp-json\/wp\/v2\/pages\/389","targetHints":{"allow":["GET"]}}],"collection":[{"href":"https:\/\/semmelweis.hu\/alumni\/wp-json\/wp\/v2\/pages"}],"about":[{"href":"https:\/\/semmelweis.hu\/alumni\/wp-json\/wp\/v2\/types\/page"}],"author":[{"embeddable":true,"href":"https:\/\/semmelweis.hu\/alumni\/wp-json\/wp\/v2\/users\/101158"}],"replies":[{"embeddable":true,"href":"https:\/\/semmelweis.hu\/alumni\/wp-json\/wp\/v2\/comments?post=389"}],"version-history":[{"count":3,"href":"https:\/\/semmelweis.hu\/alumni\/wp-json\/wp\/v2\/pages\/389\/revisions"}],"predecessor-version":[{"id":392,"href":"https:\/\/semmelweis.hu\/alumni\/wp-json\/wp\/v2\/pages\/389\/revisions\/392"}],"up":[{"embeddable":true,"href":"https:\/\/semmelweis.hu\/alumni\/wp-json\/wp\/v2\/pages\/789"}],"wp:attachment":[{"href":"https:\/\/semmelweis.hu\/alumni\/wp-json\/wp\/v2\/media?parent=389"}],"wp:term":[{"taxonomy":"category","embeddable":true,"href":"https:\/\/semmelweis.hu\/alumni\/wp-json\/wp\/v2\/categories?post=389"},{"taxonomy":"post_tag","embeddable":true,"href":"https:\/\/semmelweis.hu\/alumni\/wp-json\/wp\/v2\/tags?post=389"}],"curies":[{"name":"wp","href":"https:\/\/api.w.org\/{rel}","templated":true}]}}