{"id":38850,"date":"2026-01-08T14:07:49","date_gmt":"2026-01-08T13:07:49","guid":{"rendered":"https:\/\/semmelweis.hu\/alumni\/?page_id=38850"},"modified":"2026-03-25T19:18:51","modified_gmt":"2026-03-25T18:18:51","slug":"mentalis-egeszseg-1-karrierut-es-siker-avagy-az-onervenyesites-es-az-onmarketing-konfliktusai-2026-februar-21-szombat","status":"publish","type":"page","link":"https:\/\/semmelweis.hu\/alumni\/szolgaltatasok\/kepzeseink\/szemelyes-kepzeseink\/mentalis-egeszseg-1-karrierut-es-siker-avagy-az-onervenyesites-es-az-onmarketing-konfliktusai-2026-februar-21-szombat\/","title":{"rendered":"Ment\u00e1lis eg\u00e9szs\u00e9g &#8211; Introverzi\u00f3 \u00e9s szoci\u00e1lis pr\u00e9s a munk\u00e1ban 2026. \u00e1prilis 18., szombat"},"content":{"rendered":"<p style=\"text-align: justify\">A 3 r\u00e9szb\u0151l \u00e1ll\u00f3 esetfeldolgoz\u00f3 alkalmak a ment\u00e1lis eg\u00e9szs\u00e9g t\u00e9mak\u00f6r\u00e9b\u0151l olyan k\u00e9rd\u00e9sk\u00f6r\u00f6ket sorakoztat fel, melyek mindegyike az egy\u00e9n tudatoss\u00e1g\u00e1t \u00e9s \u00f6nismeret\u00e9t hivatott fejleszteni f\u00fcggetlen\u00fcl att\u00f3l, hogy munkahelyi vagy mag\u00e1n\u00e9leti aspektus\u00e1ban k\u00edv\u00e1ncsi r\u00e1 a r\u00e9sztvev\u0151. A \u201eKarrier\u00fat \u00e9s siker, avagy az \u00f6n\u00e9rv\u00e9nyes\u00edt\u00e9s \u00e9s az \u00f6nmarketing konfliktusai\u201d t\u00e9mak\u00f6r azok sz\u00e1m\u00e1ra lehet \u00e9rdekes, akik sz\u00e1m\u00e1ra jelenleg kih\u00edv\u00e1st jelent a munkahelyi \u00e9rv\u00e9nyes\u00fcl\u00e9s, a szakmai el\u0151menetel meg\u00e9l\u00e9se, avagy k\u00fcls\u0151 \u00e9s bels\u0151 akad\u00e1lyokt\u00f3l mentes el\u00e9r\u00e9se. Az \u201eIntroverzi\u00f3 \u00e9s szoci\u00e1lis pr\u00e9s a munk\u00e1ban, avagy az egy\u00fcttm\u0171k\u00f6d\u00e9s neh\u00e9zs\u00e9gei\u201d t\u00e9mak\u00f6r azok sz\u00e1m\u00e1ra lehet fontos, akik aktu\u00e1lis \u00e9lethelyzet\u00e9ben kih\u00edv\u00e1st jelent megfelelni \u00e9s j\u00f3l kezelni a social m\u00e9dia \u00e9s a munkahelyi l\u00e1that\u00f3s\u00e1g tekintet\u00e9ben r\u00e1juk nehezed\u0151 szoci\u00e1lis \u00e9s bels\u0151 elv\u00e1r\u00e1st. A harmadik, egyben utols\u00f3, az \u201e\u00d6nkifejez\u00e9s \u00e9s helyes kommunik\u00e1ci\u00f3 a munk\u00e1ban, avagy a meg\u00e9rt\u00e9s \u00e9s meg\u00e9rtet\u00e9s \u00fatjai\u201d c\u00edmet visel\u0151 t\u00e9mak\u00f6rben pedig azok tal\u00e1lhatnak szem\u00e9lyes v\u00e1laszokat vagy ir\u00e1nyt \u00f6nmaguk sz\u00e1m\u00e1ra, akik \u00fagy \u00e9rzik, sokszor \u00e9rtik f\u00e9lre \u0151ket, vagy nehezen tal\u00e1lnak \u00f6sszhangot m\u00e1sokkal, mert \u00fagy \u00e9rzik, nem mindig tal\u00e1lj\u00e1k meg a helyes kommunik\u00e1ci\u00f3s form\u00e1t, tartalmat a sikerhez.<\/p>\n<p>&nbsp;<\/p>\n<p><span data-olk-copy-source=\"MessageBody\">\u00a0<\/span><\/p>\n<h3>A tr\u00e9ning jellemz\u0151i:<\/h3>\n<ul>\n<li><strong><span style=\"color: #000000\">A tanfolyam offline ker\u00fcl megszervez\u00e9sre.<\/span><\/strong><\/li>\n<li><span style=\"color: #000000\">A tr\u00e9ning maxim\u00e1lis l\u00e9tsz\u00e1ma az interakt\u00edv forma miatt 20 f\u0151<\/span><\/li>\n<li><span style=\"color: #000000\">A r\u00e9szv\u00e9tel a Semmelweis Egyetem b\u00e1rmely v\u00e9gzett hallgat\u00f3ja sz\u00e1m\u00e1ra ingyenes, de regisztr\u00e1ci\u00f3hoz k\u00f6t\u00f6tt.<\/span><\/li>\n<li>Tr\u00e9ner: Ant\u00f3ny Korn\u00e9lia<\/li>\n<li><span style=\"color: #000000\"><strong>A soron k\u00f6vetkez\u0151 k\u00e9pz\u00e9s id\u0151pontja: 2026. \u00e1prilis 18., szombat 9:00-15:00<\/strong><\/span><\/li>\n<li>A tanfolyam helysz\u00edne:\u00a0<strong>T\u00e1rgyal\u00f3<\/strong>\u00a01085 Budapest, \u00dcll\u0151i \u00fat 26. K\u00f6zponti Igazgat\u00e1si \u00c9p\u00fclet fsz. 6. terem\u00a0<\/li>\n<li><span style=\"color: #000000\">Fontos! A k\u00e9pz\u00e9sen az els\u0151 20 jelentkez\u0151 tud majd r\u00e9szt venni, a tov\u00e1bbiakban v\u00e1r\u00f3list\u00e1ra ker\u00fclnek a jelentkez\u0151k, k\u00e9rj\u00fck, hogy a jelentkez\u00e9st kezelj\u00e9k felel\u0151ss\u00e9ggel! Amennyiben a jelentkez\u0151 a k\u00e9pz\u00e9st nem mondja le \u00e9s nem jelenik meg a k\u00e9pz\u00e9sen, akkor ebben a f\u00e9l\u00e9vben az Alumni \u00e1ltal szervezett k\u00e9pz\u00e9seken m\u00e1r nem vehet r\u00e9szt.<\/span><\/li>\n<\/ul>\n<p style=\"text-align: center\"><a class=\"button\" href=\"https:\/\/outlook.office.com\/book\/Kpzsek@unisemmelweis.onmicrosoft.com\/s\/Coz0g7FAP0K7wGXei7EdWA2?ismsaljsauthenabled\" target=\"_blank\" rel=\"noopener\">JELENTKEZ\u00c9S<\/a><\/p>\n","protected":false},"excerpt":{"rendered":"<p>A 3 r\u00e9szb\u0151l \u00e1ll\u00f3 esetfeldolgoz\u00f3 alkalmak a ment\u00e1lis eg\u00e9szs\u00e9g t\u00e9mak\u00f6r\u00e9b\u0151l olyan k\u00e9rd\u00e9sk\u00f6r\u00f6ket sorakoztat fel, melyek mindegyike az egy\u00e9n tudatoss\u00e1g\u00e1t \u00e9s \u00f6nismeret\u00e9t hivatott fejleszteni f\u00fcggetlen\u00fcl att\u00f3l, hogy munkahelyi vagy mag\u00e1n\u00e9leti aspektus\u00e1ban k\u00edv\u00e1ncsi r\u00e1 a r\u00e9sztvev\u0151. A \u201eKarrier\u00fat \u00e9s siker, avagy az \u00f6n\u00e9rv\u00e9nyes\u00edt\u00e9s \u00e9s az \u00f6nmarketing konfliktusai\u201d t\u00e9mak\u00f6r azok sz\u00e1m\u00e1ra lehet \u00e9rdekes, akik sz\u00e1m\u00e1ra jelenleg kih\u00edv\u00e1st jelent &hellip;<\/p>\n","protected":false},"author":101947,"featured_media":41101,"parent":4874,"menu_order":0,"comment_status":"closed","ping_status":"closed","template":"template-fullwidth.php","meta":{"_acf_changed":false,"footnotes":""},"categories":[336],"tags":[],"class_list":["post-38850","page","type-page","status-publish","has-post-thumbnail","hentry","category-aktualiskepzesek"],"acf":[],"publishpress_future_action":{"enabled":false,"date":"1970-01-01 01:00:00","action":"","terms":[],"taxonomy":"","browser_timezone_offset":0},"_links":{"self":[{"href":"https:\/\/semmelweis.hu\/alumni\/wp-json\/wp\/v2\/pages\/38850","targetHints":{"allow":["GET"]}}],"collection":[{"href":"https:\/\/semmelweis.hu\/alumni\/wp-json\/wp\/v2\/pages"}],"about":[{"href":"https:\/\/semmelweis.hu\/alumni\/wp-json\/wp\/v2\/types\/page"}],"author":[{"embeddable":true,"href":"https:\/\/semmelweis.hu\/alumni\/wp-json\/wp\/v2\/users\/101947"}],"replies":[{"embeddable":true,"href":"https:\/\/semmelweis.hu\/alumni\/wp-json\/wp\/v2\/comments?post=38850"}],"version-history":[{"count":10,"href":"https:\/\/semmelweis.hu\/alumni\/wp-json\/wp\/v2\/pages\/38850\/revisions"}],"predecessor-version":[{"id":41114,"href":"https:\/\/semmelweis.hu\/alumni\/wp-json\/wp\/v2\/pages\/38850\/revisions\/41114"}],"up":[{"embeddable":true,"href":"https:\/\/semmelweis.hu\/alumni\/wp-json\/wp\/v2\/pages\/4874"}],"wp:featuredmedia":[{"embeddable":true,"href":"https:\/\/semmelweis.hu\/alumni\/wp-json\/wp\/v2\/media\/41101"}],"wp:attachment":[{"href":"https:\/\/semmelweis.hu\/alumni\/wp-json\/wp\/v2\/media?parent=38850"}],"wp:term":[{"taxonomy":"category","embeddable":true,"href":"https:\/\/semmelweis.hu\/alumni\/wp-json\/wp\/v2\/categories?post=38850"},{"taxonomy":"post_tag","embeddable":true,"href":"https:\/\/semmelweis.hu\/alumni\/wp-json\/wp\/v2\/tags?post=38850"}],"curies":[{"name":"wp","href":"https:\/\/api.w.org\/{rel}","templated":true}]}}